{"id":3492,"date":"2024-11-29T09:10:30","date_gmt":"2024-11-29T08:10:30","guid":{"rendered":"https:\/\/bestoptika.eu\/?post_type=product&#038;p=3492"},"modified":"2025-09-29T08:18:44","modified_gmt":"2025-09-29T06:18:44","slug":"thermtec-vidar-660-lrf-2-0-hokamera-celtavcso-lezeres-tavlsagmerovel","status":"publish","type":"product","link":"https:\/\/bestoptika.eu\/sk\/product\/thermtec-vidar-660-lrf-2-0-hokamera-celtavcso-lezeres-tavlsagmerovel\/","title":{"rendered":"ThermTec VIDAR 660 LRF 2.0 termov\u00edzny \u010falekoh\u013ead s laserov\u00fdm dia\u013ekomerom"},"content":{"rendered":"<p><strong>ThermTec VIDAR 660 LRF 2.0 termov\u00edzny \u010falekoh\u013ead s laserov\u00fdm dia\u013ekomerom<\/strong><\/p>\n<p><span style=\"font-weight: 400\">\u010ealekoh\u013ead Vidar 660L 2.0 je vybaven\u00fd tepeln\u00fdm senzorom NETD \u2264 20 mK a rozl\u00ed\u0161en\u00edm 640 \u00d7 512 px. \u010c\u00edm ni\u017e\u0161ia je hodnota NETD, t\u00fdm lep\u0161ie dok\u00e1\u017ee sn\u00edma\u010d rozpozna\u0165 aj tie najmen\u0161ie teplotn\u00e9 rozdiely, \u010d\u00edm poskytuje detailn\u00fd obraz. K vynikaj\u00facej kvalite obrazu prispieva aj displej AMOLED s rozl\u00ed\u0161en\u00edm 1024 \u00d7 768 px, ktor\u00fd je pr\u00edjemn\u00fd na poh\u013ead.<\/span><\/p>\n<p><span style=\"font-weight: 400\">Funkcia optick\u00e9ho pribl\u00ed\u017eenia je zalo\u017een\u00e1 na kombin\u00e1cii dvoch objekt\u00edvov v jednom zariaden\u00ed, \u010do umo\u017e\u0148uje meni\u0165 \u0161\u00edrku zorn\u00e9ho po\u013ea pod\u013ea va\u0161ich potrieb. 20 mm objekt\u00edv s ohniskovou vzdialenos\u0165ou a pevn\u00fdm optick\u00fdm zv\u00e4\u010d\u0161en\u00edm 1,1x umo\u017e\u0148uje detekciu a\u017e do vzdialenosti 1000 metrov, zatia\u013e \u010do 60 mm objekt\u00edv s ohniskovou vzdialenos\u0165ou a zv\u00e4\u010d\u0161en\u00edm 3,2x umo\u017e\u0148uje detekciu a\u017e do vzdialenosti 3000 metrov. Zariadenie je tie\u017e vybaven\u00e9 proporcion\u00e1lnym a laserov\u00fdm dia\u013ekomerom s umelou inteligenciou s dosahom a\u017e 1000 metrov.<\/span><\/p>\n<table dir=\"ltr\" border=\"1\" cellspacing=\"0\" cellpadding=\"0\" data-sheets-root=\"1\" data-sheets-baot=\"1\">\n<colgroup>\n<col width=\"100\" \/>\n<col width=\"100\" \/><\/colgroup>\n<tbody>\n<tr>\n<td>Wi-Fi<\/td>\n<td>\u00c1no<\/td>\n<\/tr>\n<tr>\n<td>Senzor<\/td>\n<td>640 \u00d7 512 px<\/td>\n<\/tr>\n<tr>\n<td>Teplotn\u00e1 citlivos\u0165<\/td>\n<td>\u2264 20 mK<\/td>\n<\/tr>\n<tr>\n<td>Rozl\u00ed\u0161enie displeja<\/td>\n<td>1024 \u00d7 768 px<\/td>\n<\/tr>\n<tr>\n<td>\u0160o\u0161ovka<\/td>\n<td>20 mm \/ 60 mm<\/td>\n<\/tr>\n<tr>\n<td>Detek\u010dn\u00e1 vzdialenos\u0165<\/td>\n<td>\n<div>\n<div>1000 m \/ 3000 m<\/div>\n<\/div>\n<\/td>\n<\/tr>\n<tr>\n<td>Optick\u00e9 zv\u00e4\u010d\u0161enie<\/td>\n<td>1,1x \/ 3,2x<\/td>\n<\/tr>\n<tr>\n<td>Zorn\u00e9 pole<\/td>\n<td>\n<div>\n<div>21,7\u00b0 \u00d7 17,4\u00b0 \/ 7,3\u00b0 \u00d7 5,9\u00b0<\/div>\n<\/div>\n<\/td>\n<\/tr>\n<tr>\n<td>Optick\u00fd zoom<\/td>\n<td>2,9x<\/td>\n<\/tr>\n<tr>\n<td>Digit\u00e1lny zoom<\/td>\n<td>1-4x<\/td>\n<\/tr>\n<tr>\n<td>Dioptrick\u00e1 korekcia<\/td>\n<td>\u00b15D<\/td>\n<\/tr>\n<tr>\n<td>Laserov\u00fd dia\u013ekomer<\/td>\n<td>\n<div>\n<div>\u00c1no, dosah 1000 m<\/div>\n<\/div>\n<\/td>\n<\/tr>\n<tr>\n<td>Balistick\u00e1 kalkula\u010dka<\/td>\n<td>\u00c1no<\/td>\n<\/tr>\n<tr>\n<td>Odfo\u0165te sa<\/td>\n<td>\u00c1no<\/td>\n<\/tr>\n<tr>\n<td>Tvorba videa<\/td>\n<td>\u00c1no<\/td>\n<\/tr>\n<tr>\n<td>Nahr\u00e1vanie zvuku<\/td>\n<td>\u00c1no<\/td>\n<\/tr>\n<tr>\n<td>\u00darove\u0148 imunity<\/td>\n<td>IP67<\/td>\n<\/tr>\n<tr>\n<td>\u00dalo\u017eisko<\/td>\n<td>\n<div>\n<div>Vstavan\u00fd, 64 GB<\/div>\n<\/div>\n<\/td>\n<\/tr>\n<tr>\n<td>Prev\u00e1dzkov\u00e1 teplota<\/td>\n<td>\n<div>\n<div>-20 \u00b0C a\u017e 55 \u00b0C<\/div>\n<\/div>\n<\/td>\n<\/tr>\n<tr>\n<td>Bat\u00e9rie<\/td>\n<td>\n<div>\n<div>2\u00d7 vymenite\u013en\u00fd 18650<\/div>\n<\/div>\n<\/td>\n<\/tr>\n<tr>\n<td>V\u00fddr\u017e bat\u00e9rie<\/td>\n<td>18 hod\u00edn<\/td>\n<\/tr>\n<tr>\n<td>Hmotnos\u0165<\/td>\n<td>887 g<\/td>\n<\/tr>\n<tr>\n<td>Rozmery<\/td>\n<td>\n<div>\n<div>233 \u00d7 112 \u00d7 75 mm<\/div>\n<\/div>\n<\/td>\n<\/tr>\n<\/tbody>\n<\/table>\n<p><strong>Obsah balenia:<\/strong><\/p>\n<ul>\n<li>ThermTec Vidar 660 LRF 2.0<\/li>\n<li>1\u00d7 nab\u00edja\u010dka bat\u00e9ri\u00ed<\/li>\n<li>2\u00d7 bat\u00e9ria 18650<\/li>\n<li>1\u00d7 bat\u00e9rie 18650<\/li>\n<li>1\u00d7 18500 bat\u00e9ri\u00ed<\/li>\n<li>1\u00d7 d\u00e1tov\u00fd k\u00e1bel USB<\/li>\n<li>1\u00d7 magnetick\u00e1 o\u010dnica<\/li>\n<li>\u010cistiaca handri\u010dka na optiku<\/li>\n<li>Pou\u017e\u00edvate\u013esk\u00e1 pr\u00edru\u010dka v \u010de\u0161tine a sloven\u010dine<\/li>\n<\/ul>\n<p>Ofici\u00e1lna str\u00e1nka zna\u010dky: <a href=\"https:\/\/www.thermeyetec.com\/vidar-2-0-series\/\">https:\/\/www.thermeyetec.com\/vidar-2-0-series\/<\/a><\/p>","protected":false},"excerpt":{"rendered":"<ul>\n<li style=\"font-weight: 400\"><span style=\"font-weight: 400\">Vidar 660 LRF 2.0 je navrhnut\u00fd tak, aby zv\u00fd\u0161il presnos\u0165 lovu v\u010faka svojim pokro\u010dil\u00fdm funkci\u00e1m.\u00a0<\/span><\/li>\n<li style=\"font-weight: 400\"><span style=\"font-weight: 400\">M\u00e1 zabudovan\u00fd laserov\u00fd dia\u013ekomer na 1200 metrov a balistick\u00fd v\u00fdpo\u010det, ktor\u00fd v\u00fdrazne zvy\u0161uje presnos\u0165 v\u00fdstrelov.\u00a0<\/span><\/li>\n<li style=\"font-weight: 400\"><span style=\"font-weight: 400\">Kombin\u00e1cia rozl\u00ed\u0161enia 640 \u00d7 512 a sn\u00edma\u010da NETD \u226420mK a objekt\u00edvu s dvojit\u00fdm uhlom z\u00e1beru (20 mm\/60 mm) poskytuje 3-n\u00e1sobn\u00e9 optick\u00e9 a 4-n\u00e1sobn\u00e9 digit\u00e1lne pribl\u00ed\u017eenie, ktor\u00e9 umo\u017e\u0148uje efekt\u00edvnu detekciu cie\u013eov a podrobn\u00e9 pozorovanie v r\u00f4znych prostrediach.\u00a0<\/span><\/li>\n<li style=\"font-weight: 400\"><span style=\"font-weight: 400\">Pre profesion\u00e1lnych lovcov, ktor\u00ed h\u013eadaj\u00fa zv\u00fd\u0161en\u00fa presnos\u0165 a v\u00fdkon, je Vidar 660 LRF 2.0 ide\u00e1lnou vo\u013ebou.<\/span><\/li>\n<\/ul>","protected":false},"featured_media":3493,"comment_status":"open","ping_status":"closed","template":"","meta":[],"product_brand":[],"product_cat":[30,45,99],"product_tag":[32,18,97,186,196],"class_list":{"0":"post-3492","1":"product","2":"type-product","3":"status-publish","4":"has-post-thumbnail","6":"product_cat-celtavcso","7":"product_cat-hokamera","8":"product_cat-lezeres-tavmero","9":"product_tag-celtavcso","10":"product_tag-hokamera","11":"product_tag-tavolsagmero","12":"product_tag-thermtec","13":"product_tag-vidar","15":"first","16":"outofstock","17":"sale","18":"taxable","19":"shipping-taxable","20":"purchasable","21":"product-type-simple"},"jetpack_sharing_enabled":true,"_links":{"self":[{"href":"https:\/\/bestoptika.eu\/sk\/wp-json\/wp\/v2\/product\/3492","targetHints":{"allow":["GET"]}}],"collection":[{"href":"https:\/\/bestoptika.eu\/sk\/wp-json\/wp\/v2\/product"}],"about":[{"href":"https:\/\/bestoptika.eu\/sk\/wp-json\/wp\/v2\/types\/product"}],"replies":[{"embeddable":true,"href":"https:\/\/bestoptika.eu\/sk\/wp-json\/wp\/v2\/comments?post=3492"}],"wp:featuredmedia":[{"embeddable":true,"href":"https:\/\/bestoptika.eu\/sk\/wp-json\/wp\/v2\/media\/3493"}],"wp:attachment":[{"href":"https:\/\/bestoptika.eu\/sk\/wp-json\/wp\/v2\/media?parent=3492"}],"wp:term":[{"taxonomy":"product_brand","embeddable":true,"href":"https:\/\/bestoptika.eu\/sk\/wp-json\/wp\/v2\/product_brand?post=3492"},{"taxonomy":"product_cat","embeddable":true,"href":"https:\/\/bestoptika.eu\/sk\/wp-json\/wp\/v2\/product_cat?post=3492"},{"taxonomy":"product_tag","embeddable":true,"href":"https:\/\/bestoptika.eu\/sk\/wp-json\/wp\/v2\/product_tag?post=3492"}],"curies":[{"name":"wp","href":"https:\/\/api.w.org\/{rel}","templated":true}]}}