{"id":3500,"date":"2024-11-29T09:26:30","date_gmt":"2024-11-29T08:26:30","guid":{"rendered":"https:\/\/bestoptika.eu\/?post_type=product&#038;p=3500"},"modified":"2026-01-30T15:24:42","modified_gmt":"2026-01-30T14:24:42","slug":"thermtec-vidar-360-2-0-hokamera-celtavcso","status":"publish","type":"product","link":"https:\/\/bestoptika.eu\/sk\/product\/thermtec-vidar-360-2-0-hokamera-celtavcso\/","title":{"rendered":"ThermTec VIDAR 360 2.0 termov\u00edzny pu\u0161koh\u013ead"},"content":{"rendered":"<p><strong>ThermTec VIDAR 360 2.0 termov\u00edzny pu\u0161koh\u013ead<\/strong><\/p>\n<p><b>Radik\u00e1lne zv\u00fd\u0161en\u00fd \u010das prev\u00e1dzkyschopnosti<\/b><\/p>\n<p><span style=\"font-weight: 400\">Ponorte sa do r\u00ed\u0161e koncentr\u00e1cie a vytrval\u00e9ho pozorovania s Vidar 2.0! Kombin\u00e1cia vstavan\u00fdch a vymenite\u013en\u00fdch bat\u00e9ri\u00ed dok\u00e1\u017ee zabezpe\u010di\u0165 a\u017e \u00fa\u017easn\u00fdch 18 hod\u00edn nepretr\u017eitej prev\u00e1dzky, tak\u017ee v\u00e1m neunikne ani okamih. Op\u00e4\u0165 ve\u013emi v\u00e1\u017ene zlep\u0161enie oproti tomu najlep\u0161iemu z posledn\u00fdch rokov.<\/span><\/p>\n<p><b>\u0160tart blesku<\/b><\/p>\n<p><span style=\"font-weight: 400\">Ke\u010f sa cie\u013e objav\u00ed na obzore, jednoducho zapnite Vidar 2.0. Netrv\u00e1 to dlh\u0161ie ako 3 sekundy, \u010do umo\u017e\u0148uje r\u00fdchlu reakciu a presn\u00e9 mierenie. Nastavte po\u017eadovan\u00fd \u010das automatick\u00e9ho vypnutia a vyu\u017e\u00edvajte v\u00fdhody energeticky \u00faspornej prev\u00e1dzky, ktor\u00e1 z\u00e1rove\u0148 predl\u017euje \u017eivotnos\u0165 bat\u00e9rie.<\/span><\/p>\n<p><b>Pohodln\u00e9 a r\u00fdchle zaostrovanie<\/b><b><br \/>\n<\/b><span style=\"font-weight: 400\">Horn\u00fd oto\u010dn\u00fd zaostrovac\u00ed disk v tomto r\u00e1m\u010deku nahr\u00e1dza zaostrovac\u00ed kr\u00fa\u017eok okolo predn\u00e9ho objekt\u00edvu. Tento ergonomicky prepracovan\u00fd ovl\u00e1dac\u00ed prvok zlep\u0161uje pou\u017eite\u013enos\u0165 t\u00fdm, \u017ee umo\u017e\u0148uje flexibiln\u00e9 nastavenie zaostrenia a z\u00e1rove\u0148 poskytuje stabilitu pri zameriavan\u00ed.<\/span><\/p>\n<p><b>Dob\u00fdvanie vzdialenej\u0161\u00edch destin\u00e1ci\u00ed<\/b><\/p>\n<p><span style=\"font-weight: 400\">Pri sledovan\u00ed cie\u013ea je ve\u013emi d\u00f4le\u017eit\u00e1 maxim\u00e1lna presnos\u0165. S na\u0161ou najnov\u0161ou aplik\u00e1ciou ThermTec Outdoor m\u00f4\u017eete upravi\u0165 nastavenia zameriavacieho \u010falekoh\u013eadu a vyu\u017ei\u0165 zabudovan\u00e9 balistick\u00e9 odpor\u00fa\u010dania pre ciele, aby ste predi\u0161li plytvaniu mun\u00edciou a zv\u00fd\u0161ili presnos\u0165 v\u00fdstrelov na ve\u013ek\u00fa vzdialenos\u0165.<\/span><\/p>\n<table dir=\"ltr\" border=\"1\" cellspacing=\"0\" cellpadding=\"0\" data-sheets-root=\"1\" data-sheets-baot=\"1\">\n<colgroup>\n<col width=\"100\" \/>\n<col width=\"100\" \/><\/colgroup>\n<tbody>\n<tr>\n<td>Wi-Fi<\/td>\n<td>\u00c1no<\/td>\n<\/tr>\n<tr>\n<td>Senzor<\/td>\n<td>384 \u00d7 288 px<\/td>\n<\/tr>\n<tr>\n<td>Teplotn\u00e1 citlivos\u0165<\/td>\n<td>\u2264 20 mK<\/td>\n<\/tr>\n<tr>\n<td>Rozl\u00ed\u0161enie displeja<\/td>\n<td>1024 \u00d7 768 px<\/td>\n<\/tr>\n<tr>\n<td>\u0160o\u0161ovka<\/td>\n<td>20 mm \/ 60 mm<\/td>\n<\/tr>\n<tr>\n<td>Detek\u010dn\u00e1 vzdialenos\u0165<\/td>\n<td>\n<div>\n<div>1000 m \/ 3000 m<\/div>\n<\/div>\n<\/td>\n<\/tr>\n<tr>\n<td>Optick\u00e9 zv\u00e4\u010d\u0161enie<\/td>\n<td>1,8x \/ 5,5x<\/td>\n<\/tr>\n<tr>\n<td>Zorn\u00e9 pole<\/td>\n<td>\n<div>\n<div>13,1\u00b0 \u00d7 9,8\u00b0 \/ 4,4\u00b0 \u00d7 3,3\u00b0<\/div>\n<\/div>\n<\/td>\n<\/tr>\n<tr>\n<td>Optick\u00fd zoom<\/td>\n<td>3x<\/td>\n<\/tr>\n<tr>\n<td>Digit\u00e1lny zoom<\/td>\n<td>1-4x<\/td>\n<\/tr>\n<tr>\n<td>Dioptrick\u00e1 korekcia<\/td>\n<td>\u00b15D<\/td>\n<\/tr>\n<tr>\n<td>Odfo\u0165te sa<\/td>\n<td>\u00c1no<\/td>\n<\/tr>\n<tr>\n<td>Tvorba videa<\/td>\n<td>\u00c1no<\/td>\n<\/tr>\n<tr>\n<td>Nahr\u00e1vanie zvuku<\/td>\n<td>\u00c1no<\/td>\n<\/tr>\n<tr>\n<td>\u00darove\u0148 imunity<\/td>\n<td>IP67<\/td>\n<\/tr>\n<tr>\n<td>\u00dalo\u017eisko<\/td>\n<td>\n<div>\n<div>Vstavan\u00fd, 64 GB<\/div>\n<\/div>\n<\/td>\n<\/tr>\n<tr>\n<td>Prev\u00e1dzkov\u00e1 teplota<\/td>\n<td>\n<div>\n<div>-20 \u00b0C a\u017e 55 \u00b0C<\/div>\n<\/div>\n<\/td>\n<\/tr>\n<tr>\n<td>Bat\u00e9rie<\/td>\n<td>\n<div>\n<div>2\u00d7 vymenite\u013en\u00fd 18650<\/div>\n<\/div>\n<\/td>\n<\/tr>\n<tr>\n<td>V\u00fddr\u017e bat\u00e9rie<\/td>\n<td>18 hod\u00edn<\/td>\n<\/tr>\n<tr>\n<td>Hmotnos\u0165<\/td>\n<td>825 g<\/td>\n<\/tr>\n<tr>\n<td>Rozmery<\/td>\n<td>\n<div>\n<div>233 \u00d7 100 \u00d7 75 mm<\/div>\n<\/div>\n<\/td>\n<\/tr>\n<\/tbody>\n<\/table>\n<p><b>Obsah balenia:<\/b><\/p>\n<ul>\n<li style=\"font-weight: 400\"><span style=\"font-weight: 400\">ThermTec Vidar 360 2.0<\/span><\/li>\n<li style=\"font-weight: 400\"><span style=\"font-weight: 400\">1\u00d7 nab\u00edja\u010dka bat\u00e9ri\u00ed<\/span><\/li>\n<li style=\"font-weight: 400\"><span style=\"font-weight: 400\">2\u00d7 bat\u00e9ria 18650<\/span><\/li>\n<li style=\"font-weight: 400\"><span style=\"font-weight: 400\">1\u00d7 bat\u00e9rie 18650<\/span><\/li>\n<li style=\"font-weight: 400\"><span style=\"font-weight: 400\">1\u00d7 18500 bat\u00e9ri\u00ed<\/span><\/li>\n<li style=\"font-weight: 400\"><span style=\"font-weight: 400\">1\u00d7 d\u00e1tov\u00fd k\u00e1bel USB<\/span><\/li>\n<li style=\"font-weight: 400\"><span style=\"font-weight: 400\">1\u00d7 magnetick\u00e1 o\u010dnica<\/span><\/li>\n<li style=\"font-weight: 400\"><span style=\"font-weight: 400\">\u010cistiaca handri\u010dka na optiku<\/span><\/li>\n<li style=\"font-weight: 400\"><span style=\"font-weight: 400\">N\u00e1vod na pou\u017eitie<\/span><\/li>\n<\/ul>\n<p>Ofici\u00e1lna str\u00e1nka zna\u010dky: <a href=\"https:\/\/www.thermeyetec.com\/vidar-2-0-series\/\">https:\/\/www.thermeyetec.com\/vidar-2-0-series\/<\/a><\/p>","protected":false},"excerpt":{"rendered":"<ul>\n<li style=\"font-weight: 400\"><span style=\"font-weight: 400\">Vidar 360 2.0 je vybaven\u00fd sn\u00edma\u010dom s rozl\u00ed\u0161en\u00edm 384 \u00d7 288 a tepelnou citlivos\u0165ou NETD \u226420 mK.\u00a0<\/span><\/li>\n<li style=\"font-weight: 400\"><span style=\"font-weight: 400\">V\u010faka dvoj\u00fahlov\u00e9mu objekt\u00edvu (20 mm\/60 mm) pon\u00faka 3\u00d7 optick\u00fd a 4\u00d7 digit\u00e1lny zoom, ktor\u00fd v\u00e1m umo\u017en\u00ed efekt\u00edvne zis\u0165ova\u0165 ciele a sledova\u0165 podrobn\u00e9 inform\u00e1cie v r\u00f4znych prostrediach.\u00a0<\/span><\/li>\n<li style=\"font-weight: 400\"><span style=\"font-weight: 400\">A\u017e 18-hodinov\u00e1 v\u00fddr\u017e bat\u00e9rie zaru\u010duje dlh\u0161ie a nepreru\u0161ovan\u00e9 lovenie.\u00a0<\/span><\/li>\n<li style=\"font-weight: 400\"><span style=\"font-weight: 400\">Vidar 360 2.0 poskytuje spo\u013eahliv\u00fd v\u00fdkon za skvel\u00fa cenu.<\/span><\/li>\n<\/ul>","protected":false},"featured_media":3501,"comment_status":"open","ping_status":"closed","template":"","meta":[],"product_brand":[],"product_cat":[30,45],"product_tag":[32,18,186,196],"class_list":{"0":"post-3500","1":"product","2":"type-product","3":"status-publish","4":"has-post-thumbnail","6":"product_cat-celtavcso","7":"product_cat-hokamera","8":"product_tag-celtavcso","9":"product_tag-hokamera","10":"product_tag-thermtec","11":"product_tag-vidar","13":"first","14":"instock","15":"sale","16":"taxable","17":"shipping-taxable","18":"purchasable","19":"product-type-simple"},"jetpack_sharing_enabled":true,"_links":{"self":[{"href":"https:\/\/bestoptika.eu\/sk\/wp-json\/wp\/v2\/product\/3500","targetHints":{"allow":["GET"]}}],"collection":[{"href":"https:\/\/bestoptika.eu\/sk\/wp-json\/wp\/v2\/product"}],"about":[{"href":"https:\/\/bestoptika.eu\/sk\/wp-json\/wp\/v2\/types\/product"}],"replies":[{"embeddable":true,"href":"https:\/\/bestoptika.eu\/sk\/wp-json\/wp\/v2\/comments?post=3500"}],"wp:featuredmedia":[{"embeddable":true,"href":"https:\/\/bestoptika.eu\/sk\/wp-json\/wp\/v2\/media\/3501"}],"wp:attachment":[{"href":"https:\/\/bestoptika.eu\/sk\/wp-json\/wp\/v2\/media?parent=3500"}],"wp:term":[{"taxonomy":"product_brand","embeddable":true,"href":"https:\/\/bestoptika.eu\/sk\/wp-json\/wp\/v2\/product_brand?post=3500"},{"taxonomy":"product_cat","embeddable":true,"href":"https:\/\/bestoptika.eu\/sk\/wp-json\/wp\/v2\/product_cat?post=3500"},{"taxonomy":"product_tag","embeddable":true,"href":"https:\/\/bestoptika.eu\/sk\/wp-json\/wp\/v2\/product_tag?post=3500"}],"curies":[{"name":"wp","href":"https:\/\/api.w.org\/{rel}","templated":true}]}}