{"id":3519,"date":"2024-11-30T13:25:53","date_gmt":"2024-11-30T12:25:53","guid":{"rendered":"https:\/\/bestoptika.eu\/?post_type=product&#038;p=3519"},"modified":"2026-01-26T17:45:12","modified_gmt":"2026-01-26T16:45:12","slug":"nocpix-lumi-p13-hokamera-kereso","status":"publish","type":"product","link":"https:\/\/bestoptika.eu\/sk\/product\/nocpix-lumi-p13-hokamera-kereso\/","title":{"rendered":"Nocpix LUMI P13 termov\u00edzny monokul\u00e1r"},"content":{"rendered":"<p><strong>Nocpix LUMI P13 termov\u00edzny monokul\u00e1r<\/strong><\/p>\n<p><b>Vynikaj\u00faca kvalita obrazu<\/b><\/p>\n<p><span style=\"font-weight: 400\">Sortiment Lumi je zameran\u00fd na \u0161irok\u00fa \u0161k\u00e1lu pou\u017e\u00edvate\u013eov s r\u00f4znymi potrebami na trhu. K dispoz\u00edcii s\u00fa modely s rozl\u00ed\u0161en\u00edm od 256 \u00d7 192 a\u017e po vynikaj\u00face rozl\u00ed\u0161enie 640 \u00d7 512. Z\u00e1kladn\u00fd \u010dlen radu, model P13, je tie\u017e vybaven\u00fd vynikaj\u00facim termov\u00edznym sn\u00edma\u010dom NETD&lt;=20 mK, \u010do m\u00e1 za n\u00e1sledok ve\u013emi p\u00f4sobiv\u00fa kvalitu obrazu a je ide\u00e1lny na pozorovanie ve\u013ekej zveri, najm\u00e4 na kr\u00e1tke vzdialenosti.<\/span><span style=\"font-weight: 400\"><br \/>\n<\/span><span style=\"font-weight: 400\">Sn\u00edmky s\u00fa tie\u017e ostrej\u0161ie a jasnej\u0161ie v\u010faka objekt\u00edvu so svetelnos\u0165ou F0,9, ktor\u00fd prep\u00fa\u0161\u0165a 20% viac svetla ako objekt\u00edv so svetelnos\u0165ou F1,0.<\/span><\/p>\n<p><span style=\"font-weight: 400\">Zariadenia obsahuj\u00fa technol\u00f3giu Reality+, algoritmus na spracovanie obrazu, ktor\u00fd pom\u00e1ha vytv\u00e1ra\u0165 obrazy, ktor\u00e9 prin\u00e1\u0161aj\u00fa presnej\u0161ie inform\u00e1cie t\u00fdm, \u017ee zni\u017euje obrazov\u00fd \u0161um sp\u00f4soben\u00fd okolitou teplotou a zlep\u0161uje kontrast a detaily.<\/span><\/p>\n<p><b>Sedem farebn\u00fdch paliet<\/b><\/p>\n<p><span style=\"font-weight: 400\">Pou\u017e\u00edvate\u013e si m\u00f4\u017ee vybra\u0165 zo siedmich farebn\u00fdch paliet, ktor\u00e9 najlep\u0161ie vyhovuj\u00fa okolnostiam a predmetu pozorovania. \u010cerven\u00e1 a zelen\u00e1 paleta s\u00fa navrhnut\u00e9 tak, aby zabr\u00e1nili \u00fanave o\u010d\u00ed a umo\u017enili dlhodob\u00e9 panor\u00e1movanie.<\/span><\/p>\n<p><b>Vymenite\u013en\u00e1 bat\u00e9ria 18650<\/b><\/p>\n<p><span style=\"font-weight: 400\">Zariadenie sa dod\u00e1va s 1 vymenite\u013enou bat\u00e9riou 18650, ktor\u00e1 poskytuje v\u00fddr\u017e a\u017e 6 hod\u00edn. Puzdro je tie\u017e navrhnut\u00e9 tak, aby t\u00e1to bat\u00e9ria fungovala v akejko\u013evek orient\u00e1cii, tak\u017ee v tme nemus\u00edte vynaklada\u0165 \u010fal\u0161iu energiu na jej spr\u00e1vne vlo\u017eenie.<\/span><\/p>\n<p><b>Priemer v\u00fdstupnej zrenice 10 mm<\/b><\/p>\n<p><span style=\"font-weight: 400\">Zabezpe\u010duje najlep\u0161\u00ed pozorovac\u00ed uhol a vidite\u013enos\u0165 vo v\u0161etk\u00fdch uhloch a situ\u00e1ci\u00e1ch.<\/span><\/p>\n<p><b>Tich\u00fd riadok tla\u010didiel<\/b><\/p>\n<p><span style=\"font-weight: 400\">Manipul\u00e1cia so zariaden\u00edm v\u00e1s neprekvap\u00ed: funkcie tla\u010didiel s\u00fa dokonale tich\u00e9.<\/span><\/p>\n<table dir=\"ltr\" border=\"1\" cellspacing=\"0\" cellpadding=\"0\" data-sheets-root=\"1\" data-sheets-baot=\"1\">\n<colgroup>\n<col width=\"100\" \/>\n<col width=\"100\" \/><\/colgroup>\n<tbody>\n<tr>\n<td>Rozl\u00ed\u0161enie sn\u00edma\u010da<\/td>\n<td>\n<div>\n<div>256\u00d7192 px - 2. gener\u00e1cia<\/div>\n<\/div>\n<\/td>\n<\/tr>\n<tr>\n<td>Ve\u013ekos\u0165 pixelov<\/td>\n<td>12 \u00b5m<\/td>\n<\/tr>\n<tr>\n<td>NETD - citlivos\u0165 na teplotn\u00fd rozdiel<\/td>\n<td>&lt;20 mK<\/td>\n<\/tr>\n<tr>\n<td>Obnovovacia frekvencia obrazu (Hz)<\/td>\n<td>50 Hz<\/td>\n<\/tr>\n<tr>\n<td>Objekt\u00edv (mm)<\/td>\n<td>13 mm \/ F0,9<\/td>\n<\/tr>\n<tr>\n<td>Zorn\u00e9 pole<\/td>\n<td>13,5\u00b0 x 10,1\u00b0<\/td>\n<\/tr>\n<tr>\n<td>Digit\u00e1lny zoom<\/td>\n<td>2x-8x<\/td>\n<\/tr>\n<tr>\n<td>O\u010dn\u00e1 vzdialenos\u0165<\/td>\n<td>25 mm<\/td>\n<\/tr>\n<tr>\n<td>Priemer o\u010dn\u00e9ho reli\u00e9fu<\/td>\n<td>10 mm<\/td>\n<\/tr>\n<tr>\n<td>Dioptrick\u00e1 korekcia<\/td>\n<td>-5 - +5<\/td>\n<\/tr>\n<tr>\n<td>Detekcia<\/td>\n<td>670 m<\/td>\n<\/tr>\n<tr>\n<td>Typ displeja<\/td>\n<td>AMOLED<\/td>\n<\/tr>\n<tr>\n<td>Rozl\u00ed\u0161enie displeja<\/td>\n<td>1024\u00d7768 px<\/td>\n<\/tr>\n<tr>\n<td>Typ bat\u00e9rie<\/td>\n<td>\n<div>\n<div>Vymenite\u013en\u00e1 l\u00edtium-i\u00f3nov\u00e1 bat\u00e9ria 18650<\/div>\n<\/div>\n<\/td>\n<\/tr>\n<tr>\n<td>Prev\u00e1dzkov\u00fd \u010das bat\u00e9rie<\/td>\n<td>6 hod\u00edn<\/td>\n<\/tr>\n<tr>\n<td>Wi-Fi \/ Aplik\u00e1cie<\/td>\n<td>\u00c1no<\/td>\n<\/tr>\n<tr>\n<td>Foto\/video<\/td>\n<td>\u00c1no<\/td>\n<\/tr>\n<tr>\n<td>Zvukov\u00fd z\u00e1znam<\/td>\n<td>\u00c1no<\/td>\n<\/tr>\n<tr>\n<td>Laserov\u00fd dia\u013ekomer<\/td>\n<td>Nie<\/td>\n<\/tr>\n<tr>\n<td>Sledovanie vide\u00ed v zariaden\u00ed<\/td>\n<td>\u00c1no<\/td>\n<\/tr>\n<tr>\n<td>Typ pripojenia<\/td>\n<td>USB-C<\/td>\n<\/tr>\n<tr>\n<td>Ukladanie<\/td>\n<td>32 GB<\/td>\n<\/tr>\n<tr>\n<td>Odolnos\u0165 vo\u010di vode<\/td>\n<td>IP67<\/td>\n<\/tr>\n<tr>\n<td>Hmotnos\u0165<\/td>\n<td>310 g<\/td>\n<\/tr>\n<tr>\n<td>Rozmery<\/td>\n<td>134x47x74 mm<\/td>\n<\/tr>\n<\/tbody>\n<\/table>\n<p>Ofici\u00e1lna str\u00e1nka zna\u010dky: <a href=\"https:\/\/www.nocpix.com\/product-lumi\/\">https:\/\/www.nocpix.com\/product-lumi\/<\/a><\/p>","protected":false},"excerpt":{"rendered":"<ul>\n<li><span style=\"font-weight: 400\">Nov\u00fd rad termov\u00edznych monokul\u00e1rov vynik\u00e1 kompaktn\u00fdm dizajnom, ktor\u00fd neskr\u00fdva jeho v\u00fdkonn\u00e9 schopnosti.<\/span><\/li>\n<li><span style=\"font-weight: 400\">V\u010faka novo vyvinutej technol\u00f3gii Reality+ AI s pokro\u010dil\u00fdmi algoritmami a digit\u00e1lnej stabiliz\u00e1cii obrazu pon\u00faka v\u00fdnimo\u010dn\u00fa kvalitu obrazu, ktor\u00e1 je v\u00fdnimo\u010dn\u00e1 vo svojej triede. <\/span><\/li>\n<li><span style=\"font-weight: 400\">So zariaden\u00edm LUMI m\u00e1te k dispoz\u00edcii n\u00e1stroj, ktor\u00fd je nielen v\u00fdkonn\u00fd, ale aj neuverite\u013ene praktick\u00fd z h\u013eadiska prenosnosti. Jeho rozmery s\u00fa men\u0161ie ako priemern\u00fd mobiln\u00fd telef\u00f3n, tak\u017ee je ide\u00e1lnym spolo\u010dn\u00edkom na ka\u017ed\u00fa pr\u00edle\u017eitos\u0165.<\/span><\/li>\n<\/ul>","protected":false},"featured_media":3520,"comment_status":"open","ping_status":"closed","template":"","meta":[],"product_brand":[],"product_cat":[17],"product_tag":[189,197,183],"class_list":{"0":"post-3519","1":"product","2":"type-product","3":"status-publish","4":"has-post-thumbnail","6":"product_cat-hokamera-kereso","7":"product_tag-hokamera-kereso","8":"product_tag-lumi","9":"product_tag-nocpix","11":"first","12":"instock","13":"featured","14":"taxable","15":"shipping-taxable","16":"purchasable","17":"product-type-simple"},"jetpack_sharing_enabled":true,"_links":{"self":[{"href":"https:\/\/bestoptika.eu\/sk\/wp-json\/wp\/v2\/product\/3519","targetHints":{"allow":["GET"]}}],"collection":[{"href":"https:\/\/bestoptika.eu\/sk\/wp-json\/wp\/v2\/product"}],"about":[{"href":"https:\/\/bestoptika.eu\/sk\/wp-json\/wp\/v2\/types\/product"}],"replies":[{"embeddable":true,"href":"https:\/\/bestoptika.eu\/sk\/wp-json\/wp\/v2\/comments?post=3519"}],"wp:featuredmedia":[{"embeddable":true,"href":"https:\/\/bestoptika.eu\/sk\/wp-json\/wp\/v2\/media\/3520"}],"wp:attachment":[{"href":"https:\/\/bestoptika.eu\/sk\/wp-json\/wp\/v2\/media?parent=3519"}],"wp:term":[{"taxonomy":"product_brand","embeddable":true,"href":"https:\/\/bestoptika.eu\/sk\/wp-json\/wp\/v2\/product_brand?post=3519"},{"taxonomy":"product_cat","embeddable":true,"href":"https:\/\/bestoptika.eu\/sk\/wp-json\/wp\/v2\/product_cat?post=3519"},{"taxonomy":"product_tag","embeddable":true,"href":"https:\/\/bestoptika.eu\/sk\/wp-json\/wp\/v2\/product_tag?post=3519"}],"curies":[{"name":"wp","href":"https:\/\/api.w.org\/{rel}","templated":true}]}}