{"id":3560,"date":"2024-11-30T14:18:24","date_gmt":"2024-11-30T13:18:24","guid":{"rendered":"https:\/\/bestoptika.eu\/?post_type=product&#038;p=3560"},"modified":"2025-12-01T19:21:22","modified_gmt":"2025-12-01T18:21:22","slug":"nocpix-vista-h35r-hokamera-kereso-tavolsagmerovel","status":"publish","type":"product","link":"https:\/\/bestoptika.eu\/sk\/product\/nocpix-vista-h35r-hokamera-kereso-tavolsagmerovel\/","title":{"rendered":"Nocpix VISTA H35R termov\u00edzny monokul\u00e1r s dia\u013ekomerom"},"content":{"rendered":"<p><strong>Nocpix VISTA H35R termov\u00edzny monokul\u00e1r s dia\u013ekomerom<\/strong><\/p>\n<p><span style=\"font-weight: 400\">\u00daplne nov\u00fd rad termov\u00edznych h\u013ead\u00e1\u010dikov Vista pon\u00faka bezkonkuren\u010dn\u00fd 1,03-palcov\u00fd displej AMOLED s rozl\u00ed\u0161en\u00edm 2560 \u00d7 2560 pixelov, ktor\u00fd poskytuje \u00faplne nov\u00fd z\u00e1\u017eitok z vizualiz\u00e1cie.\u00a0<\/span><\/p>\n<p><b>Vynikaj\u00faca kvalita obrazu<\/b><\/p>\n<p><span style=\"font-weight: 400\">V\u0161etky modely radu Vista s\u00fa vybaven\u00e9 tepeln\u00fdm sn\u00edma\u010dom s vynikaj\u00facim rozl\u00ed\u0161en\u00edm 640 \u00d7 512, NETD&lt;=15 mK, \u010do vedie k ve\u013emi p\u00f4sobivej kvalite obrazu. <\/span><span style=\"font-weight: 400\"><br \/>\n<\/span><span style=\"font-weight: 400\">Sn\u00edmky s\u00fa tie\u017e ostrej\u0161ie a jasnej\u0161ie v\u010faka objekt\u00edvu so svetelnos\u0165ou F0,9, ktor\u00fd prep\u00fa\u0161\u0165a 20% viac svetla ako objekt\u00edv so svetelnos\u0165ou F1,0.<\/span><span style=\"font-weight: 400\"><br \/>\n<\/span><span style=\"font-weight: 400\">Zariadenia Vista sa navy\u0161e m\u00f4\u017eu pochv\u00e1li\u0165 60 Hz obnovovacou frekvenciou, ktor\u00e1 umo\u017e\u0148uje presn\u00e9, plynul\u00e9 a plynul\u00e9 zobrazenie aj r\u00fdchlych pohybliv\u00fdch sc\u00e9n bez trhania.<\/span><\/p>\n<p><span style=\"font-weight: 400\">V\u010faka ve\u013ek\u00e9mu detek\u010dn\u00e9mu dosahu a\u017e 1800 m je \u00fa\u010dinn\u00fdm pozorovate\u013eom na ve\u013ek\u00e9 vzdialenosti.<\/span><\/p>\n<p><b>Sedem farebn\u00fdch paliet<\/b><\/p>\n<p><span style=\"font-weight: 400\">Pou\u017e\u00edvate\u013e si m\u00f4\u017ee vybra\u0165 zo siedmich farebn\u00fdch paliet, ktor\u00e9 najlep\u0161ie vyhovuj\u00fa okolnostiam a predmetu pozorovania. \u010cerven\u00e1 a zelen\u00e1 paleta s\u00fa navrhnut\u00e9 tak, aby zabr\u00e1nili \u00fanave o\u010d\u00ed a umo\u017enili dlhodob\u00e9 panor\u00e1movanie.<\/span><\/p>\n<p><b>Vstavan\u00fd laserov\u00fd dia\u013ekomer<\/b><\/p>\n<p><span style=\"font-weight: 400\">Model H35R sa dod\u00e1va s modulom LRF s dosahom 1200 m zabudovan\u00fdm v puzdre, so skuto\u010dn\u00fdm nastaven\u00edm optickej osi na presn\u00e9 meranie vzdialenosti.<\/span><\/p>\n<p><b>Zv\u00fd\u0161en\u00e1 \u017eivotnos\u0165 bat\u00e9rie<\/b><\/p>\n<p><span style=\"font-weight: 400\">Zariadenie sa dod\u00e1va s 2 vymenite\u013en\u00fdmi 4400mAh bat\u00e9riami - dob\u00edjate\u013en\u00fdmi v zariaden\u00ed - ktor\u00e9 poskytuj\u00fa a\u017e 11 hod\u00edn v\u00fddr\u017ee.<\/span><\/p>\n<p><b>Tich\u00fd riadok tla\u010didiel<\/b><\/p>\n<p><span style=\"font-weight: 400\">Manipul\u00e1cia so zariaden\u00edm v\u00e1s neprekvap\u00ed: funkcie tla\u010didiel s\u00fa dokonale tich\u00e9.<\/span><\/p>\n<table dir=\"ltr\" border=\"1\" cellspacing=\"0\" cellpadding=\"0\" data-sheets-root=\"1\" data-sheets-baot=\"1\">\n<colgroup>\n<col width=\"100\" \/>\n<col width=\"100\" \/><\/colgroup>\n<tbody>\n<tr>\n<td>Rozl\u00ed\u0161enie sn\u00edma\u010da<\/td>\n<td>\n<div>\n<div>640\u00d7512 px - 2. gener\u00e1cia<\/div>\n<\/div>\n<\/td>\n<\/tr>\n<tr>\n<td>Ve\u013ekos\u0165 pixelov<\/td>\n<td>12 \u00b5m<\/td>\n<\/tr>\n<tr>\n<td>NETD - citlivos\u0165 na teplotn\u00fd rozdiel<\/td>\n<td>&lt;15 mK<\/td>\n<\/tr>\n<tr>\n<td>Obnovovacia frekvencia obrazu (Hz)<\/td>\n<td>60 Hz<\/td>\n<\/tr>\n<tr>\n<td>Objekt\u00edv (mm)<\/td>\n<td>35 mm \/ F0,9<\/td>\n<\/tr>\n<tr>\n<td>Zorn\u00e9 pole<\/td>\n<td>12,5\u00b0 x 10,0\u00b0<\/td>\n<\/tr>\n<tr>\n<td>Digit\u00e1lny zoom<\/td>\n<td>3x-28x<\/td>\n<\/tr>\n<tr>\n<td>O\u010dn\u00e1 vzdialenos\u0165<\/td>\n<td>25 mm<\/td>\n<\/tr>\n<tr>\n<td>Priemer o\u010dn\u00e9ho reli\u00e9fu<\/td>\n<td>8 mm<\/td>\n<\/tr>\n<tr>\n<td>Dioptrick\u00e1 korekcia<\/td>\n<td>-4 - +6<\/td>\n<\/tr>\n<tr>\n<td>Detekcia<\/td>\n<td>1800 m<\/td>\n<\/tr>\n<tr>\n<td>Typ displeja<\/td>\n<td>AMOLED 1,03\"<\/td>\n<\/tr>\n<tr>\n<td>Rozl\u00ed\u0161enie displeja<\/td>\n<td>2560 \u00d7 2560 px<\/td>\n<\/tr>\n<tr>\n<td>Typ bat\u00e9rie<\/td>\n<td>\n<div>\n<div>2x vymenite\u013en\u00e1 l\u00edtium-i\u00f3nov\u00e1 bat\u00e9ria IBP-7\/4400mAh<\/div>\n<\/div>\n<\/td>\n<\/tr>\n<tr>\n<td>Prev\u00e1dzkov\u00fd \u010das bat\u00e9rie<\/td>\n<td>5,5 hodiny<\/td>\n<\/tr>\n<tr>\n<td>Wi-Fi \/ Aplik\u00e1cie<\/td>\n<td>\u00c1no<\/td>\n<\/tr>\n<tr>\n<td>Foto\/video<\/td>\n<td>\u00c1no<\/td>\n<\/tr>\n<tr>\n<td>Zvukov\u00fd z\u00e1znam<\/td>\n<td>\u00c1no<\/td>\n<\/tr>\n<tr>\n<td>Laserov\u00fd dia\u013ekomer<\/td>\n<td>\n<div>\n<div>\u00c1no, integrovan\u00fd v objekt\u00edve, do 1200 m<\/div>\n<\/div>\n<\/td>\n<\/tr>\n<tr>\n<td>Sledovanie vide\u00ed v zariaden\u00ed<\/td>\n<td>\u00c1no<\/td>\n<\/tr>\n<tr>\n<td>Typ pripojenia<\/td>\n<td>USB-C<\/td>\n<\/tr>\n<tr>\n<td>Ukladanie<\/td>\n<td>64 GB<\/td>\n<\/tr>\n<tr>\n<td>Odolnos\u0165 vo\u010di vode<\/td>\n<td>IP67<\/td>\n<\/tr>\n<tr>\n<td>Hmotnos\u0165<\/td>\n<td>640 g<\/td>\n<\/tr>\n<tr>\n<td>Rozmery<\/td>\n<td>190x67x79 mm<\/td>\n<\/tr>\n<\/tbody>\n<\/table>\n<p>Ofici\u00e1lna str\u00e1nka zna\u010dky: <a href=\"https:\/\/www.nocpix.com\/product-vista\/\">https:\/\/www.nocpix.com\/product-vista\/<\/a><\/p>","protected":false},"excerpt":{"rendered":"<ul>\n<li style=\"font-weight: 400\"><span style=\"font-weight: 400\">Predstavujeme modelov\u00fd rad VISTA vybaven\u00fd technol\u00f3giou Vision+, zobrazovac\u00edm algoritmom zalo\u017een\u00fdm na umelej inteligencii Reality+ AI.<\/span><\/li>\n<li style=\"font-weight: 400\"><span style=\"font-weight: 400\">Je vybaven\u00fd displejom AMOLED s rozl\u00ed\u0161en\u00edm 2560 \u00d7 2560, sn\u00edma\u010dom 2. gener\u00e1cie, digit\u00e1lnou stabiliz\u00e1ciou obrazu a priemerom v\u00fdstupnej pupily 8 mm.\u00a0<\/span><\/li>\n<li style=\"font-weight: 400\"><span style=\"font-weight: 400\">T\u00e1to nekompromisn\u00e1 kombin\u00e1cia pon\u00faka bezkonkuren\u010dn\u00fd z\u00e1\u017eitok zo sledovania.<\/span><\/li>\n<\/ul>","protected":false},"featured_media":3561,"comment_status":"open","ping_status":"closed","template":"","meta":[],"product_brand":[],"product_cat":[17,96],"product_tag":[189,183,97,199],"class_list":{"0":"post-3560","1":"product","2":"type-product","3":"status-publish","4":"has-post-thumbnail","6":"product_cat-hokamera-kereso","7":"product_cat-tavolsagmero","8":"product_tag-hokamera-kereso","9":"product_tag-nocpix","10":"product_tag-tavolsagmero","11":"product_tag-vista","13":"first","14":"instock","15":"taxable","16":"shipping-taxable","17":"purchasable","18":"product-type-simple"},"jetpack_sharing_enabled":true,"_links":{"self":[{"href":"https:\/\/bestoptika.eu\/sk\/wp-json\/wp\/v2\/product\/3560","targetHints":{"allow":["GET"]}}],"collection":[{"href":"https:\/\/bestoptika.eu\/sk\/wp-json\/wp\/v2\/product"}],"about":[{"href":"https:\/\/bestoptika.eu\/sk\/wp-json\/wp\/v2\/types\/product"}],"replies":[{"embeddable":true,"href":"https:\/\/bestoptika.eu\/sk\/wp-json\/wp\/v2\/comments?post=3560"}],"wp:featuredmedia":[{"embeddable":true,"href":"https:\/\/bestoptika.eu\/sk\/wp-json\/wp\/v2\/media\/3561"}],"wp:attachment":[{"href":"https:\/\/bestoptika.eu\/sk\/wp-json\/wp\/v2\/media?parent=3560"}],"wp:term":[{"taxonomy":"product_brand","embeddable":true,"href":"https:\/\/bestoptika.eu\/sk\/wp-json\/wp\/v2\/product_brand?post=3560"},{"taxonomy":"product_cat","embeddable":true,"href":"https:\/\/bestoptika.eu\/sk\/wp-json\/wp\/v2\/product_cat?post=3560"},{"taxonomy":"product_tag","embeddable":true,"href":"https:\/\/bestoptika.eu\/sk\/wp-json\/wp\/v2\/product_tag?post=3560"}],"curies":[{"name":"wp","href":"https:\/\/api.w.org\/{rel}","templated":true}]}}