{"id":3591,"date":"2024-11-30T15:15:21","date_gmt":"2024-11-30T14:15:21","guid":{"rendered":"https:\/\/bestoptika.eu\/?post_type=product&#038;p=3591"},"modified":"2025-12-01T19:22:56","modified_gmt":"2025-12-01T18:22:56","slug":"nocpix-slim-l35-hokamera-celtavcso","status":"publish","type":"product","link":"https:\/\/bestoptika.eu\/sk\/product\/nocpix-slim-l35-hokamera-celtavcso\/","title":{"rendered":"Nocpix SLIM L35 termov\u00edzny pu\u0161koh\u013ead"},"content":{"rendered":"<p><strong>Nocpix SLIM L35 termov\u00edzny pu\u0161koh\u013ead<\/strong><\/p>\n<p><b>Vynikaj\u00faca kvalita obrazu<\/b><\/p>\n<p><span style=\"font-weight: 400\">35 mm objekt\u00edv Slim L35 s rozl\u00ed\u0161en\u00edm 384 \u00d7 288 a tepelnou citlivos\u0165ou 18 mK poskytuje vynikaj\u00facu kvalitu obrazu.\u00a0<\/span><\/p>\n<p><span style=\"font-weight: 400\">K vytvoreniu \u010do najvernej\u0161ieho obrazu prispieva aj algoritmus spracovania obrazu Reality+, ktor\u00fd zni\u017euje \u0161um sp\u00f4soben\u00fd teplotami okolia a zlep\u0161uje kontrast a detaily.\u00a0<\/span><\/p>\n<p><span style=\"font-weight: 400\">V\u010faka ve\u013ek\u00e9mu detek\u010dn\u00e9mu dosahu a\u017e 1800 m je \u00fa\u010dinn\u00fdm pozorovate\u013eom na ve\u013ek\u00e9 vzdialenosti.<\/span><\/p>\n<p><b>Zv\u00fd\u0161en\u00e1 \u017eivotnos\u0165 bat\u00e9rie<\/b><\/p>\n<p><span style=\"font-weight: 400\">Zariadenie sa dod\u00e1va s 2 vymenite\u013en\u00fdmi bat\u00e9riami 18650, z ktor\u00fdch ka\u017ed\u00e1 poskytuje v\u00fddr\u017e 4 hodiny, a magnetick\u00fdm nab\u00edjac\u00edm portom na jednoduch\u00e9 dob\u00edjanie aj v ter\u00e9ne.<\/span><\/p>\n<p><b>\u010eal\u0161\u00ed prispievatelia k pou\u017e\u00edvate\u013esk\u00e9mu z\u00e1\u017eitku<\/b><\/p>\n<ul>\n<li style=\"font-weight: 400\"><span style=\"font-weight: 400\">Displej AMOLED s rozl\u00ed\u0161en\u00edm 1024 \u00d7 768 pixelov na sledovanie bez \u00fanavy<\/span><\/li>\n<li style=\"font-weight: 400\"><span style=\"font-weight: 400\">Priemer v\u00fdstupnej pupily 10 mm: zaru\u010duje najlep\u0161\u00ed pozorovac\u00ed uhol a vidite\u013enos\u0165 vo v\u0161etk\u00fdch uhloch a poloh\u00e1ch<\/span><\/li>\n<li style=\"font-weight: 400\"><span style=\"font-weight: 400\">Funkcia RAV: z\u00e1znam videa aktivovan\u00fd z\u00e1berom<\/span><\/li>\n<\/ul>\n<table dir=\"ltr\" border=\"1\" cellspacing=\"0\" cellpadding=\"0\" data-sheets-root=\"1\" data-sheets-baot=\"1\">\n<colgroup>\n<col width=\"100\" \/>\n<col width=\"100\" \/><\/colgroup>\n<tbody>\n<tr>\n<td>Rozl\u00ed\u0161enie sn\u00edma\u010da<\/td>\n<td>\n<div>\n<div>384\u00d7288 px - 2. gener\u00e1cia<\/div>\n<\/div>\n<\/td>\n<\/tr>\n<tr>\n<td>Ve\u013ekos\u0165 pixelov<\/td>\n<td>12 \u00b5m<\/td>\n<\/tr>\n<tr>\n<td>NETD - citlivos\u0165 na teplotn\u00fd rozdiel<\/td>\n<td>&lt;18 mK<\/td>\n<\/tr>\n<tr>\n<td>Obnovovacia frekvencia obrazu (Hz)<\/td>\n<td>50 Hz<\/td>\n<\/tr>\n<tr>\n<td>Objekt\u00edv (mm)<\/td>\n<td>35 mm \/ F1,0<\/td>\n<\/tr>\n<tr>\n<td>Zorn\u00e9 pole<\/td>\n<td>7,5\u00b0 x 5,7\u00b0<\/td>\n<\/tr>\n<tr>\n<td>Digit\u00e1lny zoom<\/td>\n<td>3,5x-14x<\/td>\n<\/tr>\n<tr>\n<td>O\u010dn\u00e1 vzdialenos\u0165<\/td>\n<td>48 mm<\/td>\n<\/tr>\n<tr>\n<td>Priemer o\u010dn\u00e9ho reli\u00e9fu<\/td>\n<td>10 mm<\/td>\n<\/tr>\n<tr>\n<td>Dioptrick\u00e1 korekcia<\/td>\n<td>-5 - +5<\/td>\n<\/tr>\n<tr>\n<td>Detekcia<\/td>\n<td>1800 m<\/td>\n<\/tr>\n<tr>\n<td>Typ displeja<\/td>\n<td>AMOLED<\/td>\n<\/tr>\n<tr>\n<td>Rozl\u00ed\u0161enie displeja<\/td>\n<td>1024\u00d7768 px<\/td>\n<\/tr>\n<tr>\n<td>Typ bat\u00e9rie<\/td>\n<td>\n<div>\n<div>Vymenite\u013en\u00e1 l\u00edtium-i\u00f3nov\u00e1 bat\u00e9ria 18650<\/div>\n<\/div>\n<\/td>\n<\/tr>\n<tr>\n<td>Prev\u00e1dzkov\u00fd \u010das bat\u00e9rie<\/td>\n<td>5 hod\u00edn<\/td>\n<\/tr>\n<tr>\n<td>Wi-Fi \/ Aplik\u00e1cie<\/td>\n<td>\u00c1no<\/td>\n<\/tr>\n<tr>\n<td>Foto\/video<\/td>\n<td>\u00c1no<\/td>\n<\/tr>\n<tr>\n<td>Zvukov\u00fd z\u00e1znam<\/td>\n<td>\u00c1no<\/td>\n<\/tr>\n<tr>\n<td>Laserov\u00fd dia\u013ekomer<\/td>\n<td>Nie<\/td>\n<\/tr>\n<tr>\n<td>Sledovanie vide\u00ed v zariaden\u00ed<\/td>\n<td>\u00c1no<\/td>\n<\/tr>\n<tr>\n<td>Video aktivovan\u00e9 sp\u00e4tn\u00fdm n\u00e1razom<\/td>\n<td>\u00c1no<\/td>\n<\/tr>\n<tr>\n<td>Typ pripojenia<\/td>\n<td>USB-C<\/td>\n<\/tr>\n<tr>\n<td>Ukladanie<\/td>\n<td>32 GB<\/td>\n<\/tr>\n<tr>\n<td>Odolnos\u0165 vo\u010di vode<\/td>\n<td>IP67<\/td>\n<\/tr>\n<tr>\n<td>Hmotnos\u0165<\/td>\n<td>530 g<\/td>\n<\/tr>\n<tr>\n<td>Rozmery<\/td>\n<td>216x76x46 mm<\/td>\n<\/tr>\n<\/tbody>\n<\/table>\n<p>Ofici\u00e1lna str\u00e1nka zna\u010dky: <a href=\"https:\/\/www.nocpix.com\/product-slim\/\">https:\/\/www.nocpix.com\/product-slim\/<\/a><\/p>","protected":false},"excerpt":{"rendered":"<ul>\n<li><span style=\"font-weight: 400\">Kon\u0161trukcia 2 v 1 s r\u00fdchloup\u00ednac\u00edm syst\u00e9mom QD umo\u017e\u0148uje r\u00fdchle a presn\u00e9 pripojenie. <\/span><\/li>\n<li><span style=\"font-weight: 400\">Medzi manu\u00e1lnym h\u013ead\u00e1\u010dikom a re\u017eimom optiky m\u00f4\u017eete \u013eahko prep\u00edna\u0165 bez nutnosti resetovania. <\/span><\/li>\n<li><span style=\"font-weight: 400\">V\u010faka svojmu ultra\u013eahk\u00e9mu a ergonomick\u00e9mu dizajnu si ho mnoh\u00ed ob\u013e\u00fabili.<\/span><\/li>\n<\/ul>","protected":false},"featured_media":3592,"comment_status":"open","ping_status":"closed","template":"","meta":[],"product_brand":[],"product_cat":[30,45],"product_tag":[32,18,183,201],"class_list":{"0":"post-3591","1":"product","2":"type-product","3":"status-publish","4":"has-post-thumbnail","6":"product_cat-celtavcso","7":"product_cat-hokamera","8":"product_tag-celtavcso","9":"product_tag-hokamera","10":"product_tag-nocpix","11":"product_tag-slim","13":"first","14":"instock","15":"taxable","16":"shipping-taxable","17":"purchasable","18":"product-type-simple"},"jetpack_sharing_enabled":true,"_links":{"self":[{"href":"https:\/\/bestoptika.eu\/sk\/wp-json\/wp\/v2\/product\/3591","targetHints":{"allow":["GET"]}}],"collection":[{"href":"https:\/\/bestoptika.eu\/sk\/wp-json\/wp\/v2\/product"}],"about":[{"href":"https:\/\/bestoptika.eu\/sk\/wp-json\/wp\/v2\/types\/product"}],"replies":[{"embeddable":true,"href":"https:\/\/bestoptika.eu\/sk\/wp-json\/wp\/v2\/comments?post=3591"}],"wp:featuredmedia":[{"embeddable":true,"href":"https:\/\/bestoptika.eu\/sk\/wp-json\/wp\/v2\/media\/3592"}],"wp:attachment":[{"href":"https:\/\/bestoptika.eu\/sk\/wp-json\/wp\/v2\/media?parent=3591"}],"wp:term":[{"taxonomy":"product_brand","embeddable":true,"href":"https:\/\/bestoptika.eu\/sk\/wp-json\/wp\/v2\/product_brand?post=3591"},{"taxonomy":"product_cat","embeddable":true,"href":"https:\/\/bestoptika.eu\/sk\/wp-json\/wp\/v2\/product_cat?post=3591"},{"taxonomy":"product_tag","embeddable":true,"href":"https:\/\/bestoptika.eu\/sk\/wp-json\/wp\/v2\/product_tag?post=3591"}],"curies":[{"name":"wp","href":"https:\/\/api.w.org\/{rel}","templated":true}]}}