{"id":3600,"date":"2024-11-30T15:31:06","date_gmt":"2024-11-30T14:31:06","guid":{"rendered":"https:\/\/bestoptika.eu\/?post_type=product&#038;p=3600"},"modified":"2025-12-01T19:23:10","modified_gmt":"2025-12-01T18:23:10","slug":"nocpix-slim-h35-hokamera-celtavcso","status":"publish","type":"product","link":"https:\/\/bestoptika.eu\/sk\/product\/nocpix-slim-h35-hokamera-celtavcso\/","title":{"rendered":"Nocpix SLIM H35 termov\u00edzny pu\u0161koh\u013ead"},"content":{"rendered":"<p><strong>Nocpix SLIM H35 termov\u00edzny pu\u0161koh\u013ead<\/strong><\/p>\n<p><span style=\"font-weight: 400\">Za\u017eite sledovanie bez \u00fanavy v\u010faka displeju AMOLED s rozl\u00ed\u0161en\u00edm 1024 \u00d7 768, prepracovan\u00e9mu okul\u00e1ru a pohodln\u00e9mu priemeru v\u00fdstupnej pupily 10 mm.<\/span><\/p>\n<p><b>N\u00edzka hmotnos\u0165<\/b><\/p>\n<p><span style=\"font-weight: 400\">V\u010faka ultra\u013eahkej kon\u0161trukcii s hmotnos\u0165ou len 500 g sa \u013eahko pou\u017e\u00edva a m\u00e1 dlh\u0161iu \u017eivotnos\u0165, tak\u017ee zostanete mobiln\u00ed aj v ter\u00e9ne.<\/span><\/p>\n<p><b>Kri\u0161t\u00e1\u013eovo \u010dist\u00fd obraz<\/b><\/p>\n<p><span style=\"font-weight: 400\">Vysoko v\u00fdkonn\u00fd 12\u03bcm sn\u00edma\u010d NETD\u226418 mK s rozl\u00ed\u0161en\u00edm 640 \u00d7 512 pixelov poskytuje bezkonkuren\u010dn\u00fa kvalitu obrazu, tak\u017ee ka\u017ed\u00fd detail sa zobraz\u00ed s \u00fa\u017easnou \u010distotou bez oh\u013eadu na podmienky lovu.<\/span><\/p>\n<p><span style=\"font-weight: 400\">N\u00e1\u0161 patentovan\u00fd algoritmus spracovania obrazu Reality+ \u00fa\u010dinne eliminuje \u0161um sp\u00f4soben\u00fd okolitou teplotou, zlep\u0161uje kontrast a \u010distotu detailov. Umel\u00e1 inteligencia m\u00f4\u017ee by\u0165 \u00fa\u017easn\u00fdm pr\u00ednosom, ak sa pou\u017eije za spr\u00e1vnych okolnost\u00ed.<\/span><\/p>\n<p><b>Zachy\u0165te ka\u017ed\u00fd okamih<\/b><\/p>\n<p><span style=\"font-weight: 400\">V\u010faka funkcii RAV (Video Activated on Shot) u\u017e nikdy nezme\u0161k\u00e1te z\u00e1ber, aby ste mohli pre\u017ei\u0165 a zdie\u013ea\u0165 svoje najzauj\u00edmavej\u0161ie momenty z lovu.<\/span><\/p>\n<p><b>Dlh\u00fd prev\u00e1dzkov\u00fd \u010das<\/b><\/p>\n<p><span style=\"font-weight: 400\">Lov nikdy nekon\u010d\u00ed v\u010faka vymenite\u013enej bat\u00e9rii 18650 odolnej vo\u010di n\u00edzkym teplot\u00e1m, ktor\u00e1 poskytuje a\u017e 8 hod\u00edn pohotovostn\u00e9ho re\u017eimu aj v extr\u00e9mnych podmienkach. Je tie\u017e vybaven\u00fd magnetick\u00fdm nab\u00edjac\u00edm portom na jednoduch\u00e9 dob\u00edjanie, a to aj v \u00faplnej tme.<\/span><\/p>\n<table dir=\"ltr\" border=\"1\" cellspacing=\"0\" cellpadding=\"0\" data-sheets-root=\"1\" data-sheets-baot=\"1\">\n<colgroup>\n<col width=\"100\" \/>\n<col width=\"100\" \/><\/colgroup>\n<tbody>\n<tr>\n<td>Rozl\u00ed\u0161enie sn\u00edma\u010da<\/td>\n<td>\n<div>\n<div>640\u00d7512 px - 2. gener\u00e1cia<\/div>\n<\/div>\n<\/td>\n<\/tr>\n<tr>\n<td>Ve\u013ekos\u0165 pixelov<\/td>\n<td>12 \u00b5m<\/td>\n<\/tr>\n<tr>\n<td>NETD - citlivos\u0165 na teplotn\u00fd rozdiel<\/td>\n<td>&lt;18 mK<\/td>\n<\/tr>\n<tr>\n<td>Obnovovacia frekvencia obrazu (Hz)<\/td>\n<td>50 Hz<\/td>\n<\/tr>\n<tr>\n<td>Objekt\u00edv (mm)<\/td>\n<td>35 mm \/ F1,0<\/td>\n<\/tr>\n<tr>\n<td>Zorn\u00e9 pole<\/td>\n<td>12,5\u00b0 x 9,4\u00b0<\/td>\n<\/tr>\n<tr>\n<td>Digit\u00e1lny zoom<\/td>\n<td>2x-8x<\/td>\n<\/tr>\n<tr>\n<td>O\u010dn\u00e1 vzdialenos\u0165<\/td>\n<td>48 mm<\/td>\n<\/tr>\n<tr>\n<td>Priemer o\u010dn\u00e9ho reli\u00e9fu<\/td>\n<td>10 mm<\/td>\n<\/tr>\n<tr>\n<td>Dioptrick\u00e1 korekcia<\/td>\n<td>-5 - +5<\/td>\n<\/tr>\n<tr>\n<td>Detekcia<\/td>\n<td>1800 m<\/td>\n<\/tr>\n<tr>\n<td>Typ displeja<\/td>\n<td>AMOLED<\/td>\n<\/tr>\n<tr>\n<td>Rozl\u00ed\u0161enie displeja<\/td>\n<td>1024\u00d7768 px<\/td>\n<\/tr>\n<tr>\n<td>Typ bat\u00e9rie<\/td>\n<td>\n<div>\n<div>Vymenite\u013en\u00e1 l\u00edtium-i\u00f3nov\u00e1 bat\u00e9ria 18650<\/div>\n<\/div>\n<\/td>\n<\/tr>\n<tr>\n<td>Prev\u00e1dzkov\u00fd \u010das bat\u00e9rie<\/td>\n<td>4 hodiny<\/td>\n<\/tr>\n<tr>\n<td>Wi-Fi \/ Aplik\u00e1cie<\/td>\n<td>\u00c1no<\/td>\n<\/tr>\n<tr>\n<td>Foto\/video<\/td>\n<td>\u00c1no<\/td>\n<\/tr>\n<tr>\n<td>Zvukov\u00fd z\u00e1znam<\/td>\n<td>\u00c1no<\/td>\n<\/tr>\n<tr>\n<td>Laserov\u00fd dia\u013ekomer<\/td>\n<td>Nie<\/td>\n<\/tr>\n<tr>\n<td>Sledovanie vide\u00ed v zariaden\u00ed<\/td>\n<td>\u00c1no<\/td>\n<\/tr>\n<tr>\n<td>Video aktivovan\u00e9 sp\u00e4tn\u00fdm n\u00e1razom<\/td>\n<td>\u00c1no<\/td>\n<\/tr>\n<tr>\n<td>Typ pripojenia<\/td>\n<td>USB-C<\/td>\n<\/tr>\n<tr>\n<td>Ukladanie<\/td>\n<td>32 GB<\/td>\n<\/tr>\n<tr>\n<td>Odolnos\u0165 vo\u010di vode<\/td>\n<td>IP67<\/td>\n<\/tr>\n<tr>\n<td>Hmotnos\u0165<\/td>\n<td>530 g<\/td>\n<\/tr>\n<tr>\n<td>Rozmery<\/td>\n<td>216x76x46 mm<\/td>\n<\/tr>\n<\/tbody>\n<\/table>\n<p>Ofici\u00e1lna str\u00e1nka zna\u010dky: <a href=\"https:\/\/www.nocpix.com\/product-slim\/\">https:\/\/www.nocpix.com\/product-slim\/<\/a><\/p>","protected":false},"excerpt":{"rendered":"<ul>\n<li><span style=\"font-weight: 400\">Kon\u0161trukcia 2 v 1 s r\u00fdchloup\u00ednac\u00edm syst\u00e9mom QD umo\u017e\u0148uje r\u00fdchle a presn\u00e9 pripojenie. <\/span><\/li>\n<li><span style=\"font-weight: 400\">Medzi manu\u00e1lnym h\u013ead\u00e1\u010dikom a re\u017eimom optiky m\u00f4\u017eete \u013eahko prep\u00edna\u0165 bez nutnosti resetovania. <\/span><\/li>\n<li><span style=\"font-weight: 400\">Jeho ultra\u013eahk\u00fd a ergonomick\u00fd dizajn si ob\u013e\u00fabia mnoh\u00ed.<\/span><\/li>\n<li><span style=\"font-weight: 400\">35 mm objekt\u00edv Slim H35 s rozl\u00ed\u0161en\u00edm 640 \u00d7 512 pixelov a 18mK term\u00e1lnym sn\u00edma\u010dom poskytuje bezkonkuren\u010dn\u00fa kvalitu obrazu.\u00a0<\/span><\/li>\n<\/ul>","protected":false},"featured_media":3601,"comment_status":"open","ping_status":"closed","template":"","meta":[],"product_brand":[],"product_cat":[30,45],"product_tag":[32,18,183,201],"class_list":{"0":"post-3600","1":"product","2":"type-product","3":"status-publish","4":"has-post-thumbnail","6":"product_cat-celtavcso","7":"product_cat-hokamera","8":"product_tag-celtavcso","9":"product_tag-hokamera","10":"product_tag-nocpix","11":"product_tag-slim","13":"first","14":"instock","15":"taxable","16":"shipping-taxable","17":"purchasable","18":"product-type-simple"},"jetpack_sharing_enabled":true,"_links":{"self":[{"href":"https:\/\/bestoptika.eu\/sk\/wp-json\/wp\/v2\/product\/3600","targetHints":{"allow":["GET"]}}],"collection":[{"href":"https:\/\/bestoptika.eu\/sk\/wp-json\/wp\/v2\/product"}],"about":[{"href":"https:\/\/bestoptika.eu\/sk\/wp-json\/wp\/v2\/types\/product"}],"replies":[{"embeddable":true,"href":"https:\/\/bestoptika.eu\/sk\/wp-json\/wp\/v2\/comments?post=3600"}],"wp:featuredmedia":[{"embeddable":true,"href":"https:\/\/bestoptika.eu\/sk\/wp-json\/wp\/v2\/media\/3601"}],"wp:attachment":[{"href":"https:\/\/bestoptika.eu\/sk\/wp-json\/wp\/v2\/media?parent=3600"}],"wp:term":[{"taxonomy":"product_brand","embeddable":true,"href":"https:\/\/bestoptika.eu\/sk\/wp-json\/wp\/v2\/product_brand?post=3600"},{"taxonomy":"product_cat","embeddable":true,"href":"https:\/\/bestoptika.eu\/sk\/wp-json\/wp\/v2\/product_cat?post=3600"},{"taxonomy":"product_tag","embeddable":true,"href":"https:\/\/bestoptika.eu\/sk\/wp-json\/wp\/v2\/product_tag?post=3600"}],"curies":[{"name":"wp","href":"https:\/\/api.w.org\/{rel}","templated":true}]}}