{"id":3728,"date":"2025-01-06T08:29:58","date_gmt":"2025-01-06T07:29:58","guid":{"rendered":"https:\/\/bestoptika.eu\/?post_type=product&#038;p=3728"},"modified":"2026-03-06T17:30:40","modified_gmt":"2026-03-06T16:30:40","slug":"pard-fd1-850-lrf-ejjellato-kereso-celtavcso-elotet","status":"publish","type":"product","link":"https:\/\/bestoptika.eu\/sk\/product\/pard-fd1-850-lrf-ejjellato-kereso-celtavcso-elotet\/","title":{"rendered":"Pard FD1 850 LRF 3 v 1 preds\u00e1dka, zameriava\u010d a pozorovac\u00ed no\u010dn\u00fd monokul\u00e1r"},"content":{"rendered":"<p><strong>Pard FD1 850 LRF h\u013ead\u00e1\u010dik no\u010dn\u00e9ho videnia \/ z\u00e1\u0165a\u017eov\u00fd \u010falekoh\u013ead<\/strong><\/p>\n<p><b>R\u00fdchle pripojenie a odpojenie<\/b><\/p>\n<p><span style=\"font-weight: 400\">A <\/span><b>r\u00fdchloup\u00ednac\u00ed adapt\u00e9r<\/b><span style=\"font-weight: 400\"> (42-62 mm) je s\u00fa\u010das\u0165ou modelu FD1, ktor\u00fd umo\u017e\u0148uje r\u00fdchle prep\u00ednanie medzi be\u017en\u00fdm \u010falekoh\u013eadom a \u010falekoh\u013eadom na no\u010dn\u00e9 videnie pri zmene sveteln\u00fdch podmienok.<\/span><span style=\"font-weight: 400\"><br \/>\n<\/span><b>Tri v jednom<\/b><span style=\"font-weight: 400\">, r\u00f4zne re\u017eimy pou\u017eitia a funkcie: FD1 funguje nielen ako z\u00e1\u0165a\u017eov\u00fd pr\u00edstroj, ale aj ako digit\u00e1lny monokul\u00e1r na efekt\u00edvne no\u010dn\u00e9 videnie a ako digit\u00e1lny \u010falekoh\u013ead na presn\u00fa stre\u013ebu.<\/span><\/p>\n<table dir=\"ltr\" border=\"1\" cellspacing=\"0\" cellpadding=\"0\" data-sheets-root=\"1\" data-sheets-baot=\"1\">\n<colgroup>\n<col width=\"100\" \/>\n<col width=\"100\" \/><\/colgroup>\n<tbody>\n<tr>\n<td>Senzor<\/td>\n<td><\/td>\n<\/tr>\n<tr>\n<td>Typ<\/td>\n<td>CMOS<\/td>\n<\/tr>\n<tr>\n<td>Rozl\u00ed\u0161enie (pixely)<\/td>\n<td>1920 \u00d7 1080<\/td>\n<\/tr>\n<tr>\n<td>Ve\u013ekos\u0165 pixla (\u00b5m)<\/td>\n<td>2.9<\/td>\n<\/tr>\n<tr>\n<td>Sn\u00edmkov\u00e1 frekvencia (Hz)<\/td>\n<td>\n<div>\n<div>Farebn\u00e9: 60 \/ \u010ciernobiele: 30<\/div>\n<\/div>\n<\/td>\n<\/tr>\n<tr>\n<td>Zobrazovac\u00ed motor<\/td>\n<td>PARD VLEA<\/td>\n<\/tr>\n<tr>\n<td>Optika<\/td>\n<td><\/td>\n<\/tr>\n<tr>\n<td>Pou\u017eite<\/td>\n<td>Predn\u00e1 strana<\/td>\n<\/tr>\n<tr>\n<td>Objekt\u00edv (mm)<\/td>\n<td>30<\/td>\n<\/tr>\n<tr>\n<td>Optick\u00e9 zv\u00e4\u010d\u0161enie (x)<\/td>\n<td>1<\/td>\n<\/tr>\n<tr>\n<td>Digit\u00e1lny zoom (x)<\/td>\n<td>NEUPLAT\u0147UJE SA<\/td>\n<\/tr>\n<tr>\n<td>Zorn\u00e9 pole (horizont\u00e1lne)<\/td>\n<td>7.9\u00b0<\/td>\n<\/tr>\n<tr>\n<td>Zorn\u00e9 pole (vertik\u00e1lne)<\/td>\n<td>5.9\u00b0<\/td>\n<\/tr>\n<tr>\n<td>Zorn\u00e9 pole (uhloprie\u010dka)<\/td>\n<td>9.9\u00b0<\/td>\n<\/tr>\n<tr>\n<td>O\u010dn\u00fd reli\u00e9f (mm)<\/td>\n<td>NEUPLAT\u0147UJE SA<\/td>\n<\/tr>\n<tr>\n<td>Nastavenie dioptri\u00ed (D)<\/td>\n<td>NEUPLAT\u0147UJE SA<\/td>\n<\/tr>\n<tr>\n<td>Zobrazenie<\/td>\n<td><\/td>\n<\/tr>\n<tr>\n<td>Pou\u017eite<\/td>\n<td>Predn\u00e1 strana<\/td>\n<\/tr>\n<tr>\n<td>Typ<\/td>\n<td>OLED<\/td>\n<\/tr>\n<tr>\n<td>Rozl\u00ed\u0161enie (pixely)<\/td>\n<td>1440 \u00d7 1080<\/td>\n<\/tr>\n<tr>\n<td>\u0160t\u00fdl cie\u013eov<\/td>\n<td>6<\/td>\n<\/tr>\n<tr>\n<td>Cie\u013eov\u00e1 farba<\/td>\n<td>NEUPLAT\u0147UJE SA<\/td>\n<\/tr>\n<tr>\n<td>Re\u017eim obrazu<\/td>\n<td>\n<div>\n<div>Farebn\u00e9 \/ monochromatick\u00e9<\/div>\n<\/div>\n<\/td>\n<\/tr>\n<tr>\n<td>Foto \/ Video<\/td>\n<td><\/td>\n<\/tr>\n<tr>\n<td>Rozl\u00ed\u0161enie fotografie (pixely)<\/td>\n<td>2592 \u00d7 1944<\/td>\n<\/tr>\n<tr>\n<td>Form\u00e1t fotografie<\/td>\n<td>.JPG<\/td>\n<\/tr>\n<tr>\n<td>Form\u00e1t videa<\/td>\n<td>.mp4<\/td>\n<\/tr>\n<tr>\n<td>Depozit\u00e1r (GB)<\/td>\n<td>\n<div>\n<div>Karta TF (max. 128 GB)<\/div>\n<\/div>\n<\/td>\n<\/tr>\n<tr>\n<td>Hlavn\u00e9 funkcie<\/td>\n<td><\/td>\n<\/tr>\n<tr>\n<td>Detek\u010dn\u00e1 vzdialenos\u0165 LRF<\/td>\n<td>\n<div>\n<div>1000 m \/ 1200 yard<\/div>\n<\/div>\n<\/td>\n<\/tr>\n<tr>\n<td>Balistick\u00e1 kalkula\u010dka<\/td>\n<td>NEUPLAT\u0147UJE SA<\/td>\n<\/tr>\n<tr>\n<td>PIP (obraz v obraze)<\/td>\n<td>NEUPLAT\u0147UJE SA<\/td>\n<\/tr>\n<tr>\n<td>Automatick\u00e9 nahr\u00e1vanie<\/td>\n<td>\u00c1no<\/td>\n<\/tr>\n<tr>\n<td>Upevnenie v slu\u010dke<\/td>\n<td>\u00c1no<\/td>\n<\/tr>\n<tr>\n<td>Mikrof\u00f3n<\/td>\n<td>\u00c1no<\/td>\n<\/tr>\n<tr>\n<td>IR vlnov\u00e1 d\u013a\u017eka (nm)<\/td>\n<td>850 \/ 940<\/td>\n<\/tr>\n<tr>\n<td>\u00darove\u0148 IR osvetlenia<\/td>\n<td>3 \u00farovne<\/td>\n<\/tr>\n<tr>\n<td>Pripojenia<\/td>\n<td><\/td>\n<\/tr>\n<tr>\n<td>USB typu C<\/td>\n<td>\u00c1no<\/td>\n<\/tr>\n<tr>\n<td>WiFi<\/td>\n<td>\u00c1no<\/td>\n<\/tr>\n<tr>\n<td>Podporovan\u00e9 aplik\u00e1cie<\/td>\n<td>PardVision<\/td>\n<\/tr>\n<tr>\n<td>Dod\u00e1vka elektrickej energie<\/td>\n<td><\/td>\n<\/tr>\n<tr>\n<td>Typ bat\u00e9rie<\/td>\n<td>\n<div>\n<div>L\u00edtium-i\u00f3nov\u00e9 18650<\/div>\n<\/div>\n<\/td>\n<\/tr>\n<tr>\n<td>V\u00fdstupn\u00e9 nap\u00e4tie (V)<\/td>\n<td>3.7<\/td>\n<\/tr>\n<tr>\n<td>Prev\u00e1dzkov\u00fd \u010das (hodiny, max.)<\/td>\n<td>\u22648<\/td>\n<\/tr>\n<tr>\n<td>Extern\u00e9 nap\u00e1janie (V)<\/td>\n<td>Typ C<\/td>\n<\/tr>\n<tr>\n<td>\n<div>\n<div>Charakteristika prostredia<\/div>\n<\/div>\n<\/td>\n<td><\/td>\n<\/tr>\n<tr>\n<td>Ministerstvo obrany<\/td>\n<td>IP67<\/td>\n<\/tr>\n<tr>\n<td>Prev\u00e1dzkov\u00e1 teplota (\u00b0C\/\u00b0F)<\/td>\n<td>\n<div>\n<div>-20\u00b0C ~ 50\u00b0C \/ -4\u00b0F ~ 122\u00b0F<\/div>\n<\/div>\n<\/td>\n<\/tr>\n<tr>\n<td>Odolnos\u0165 proti vibr\u00e1ci\u00e1m (J)<\/td>\n<td>6000<\/td>\n<\/tr>\n<tr>\n<td>Materi\u00e1l (kryt)<\/td>\n<td>\n<div>\n<div>Zliatina hlin\u00edka<\/div>\n<\/div>\n<\/td>\n<\/tr>\n<\/tbody>\n<\/table>\n<p>Ofici\u00e1lna str\u00e1nka zna\u010dky: <a href=\"https:\/\/eu.pard.com\/product\/night-vision-clip-on-fd1-lrf\">https:\/\/eu.pard.com\/product\/night-vision-clip-on-fd1-lrf<\/a><\/p>","protected":false},"excerpt":{"rendered":"<p>Z adresy <strong>Predradn\u00edk no\u010dn\u00e9ho videnia PARD FD1<\/strong> je navrhnut\u00fd tak, aby premenil ak\u00fdko\u013evek \u010falekoh\u013ead na \u0161pi\u010dkov\u00fd pr\u00edstroj na no\u010dn\u00e9 videnie.<br \/>\n<strong>3 v 1:<\/strong> predn\u00fd, zameriavac\u00ed, pozorovac\u00ed monokul\u00e1r no\u010dn\u00e9ho videnia.<br \/>\nTelemetrick\u00e1 verzia do <strong>s dosahom 1000 m<\/strong>.<\/p>","protected":false},"featured_media":3729,"comment_status":"open","ping_status":"closed","template":"","meta":[],"product_brand":[],"product_cat":[30,39,36],"product_tag":[210,211,209,133],"class_list":{"0":"post-3728","1":"product","2":"type-product","3":"status-publish","4":"has-post-thumbnail","6":"product_cat-celtavcso","7":"product_cat-digitalis-ejjellato","8":"product_cat-hokamera-elotet","9":"product_tag-celtavcso-elotet","10":"product_tag-ejjellato-kereso","11":"product_tag-fd1","12":"product_tag-pard","14":"first","15":"instock","16":"taxable","17":"shipping-taxable","18":"purchasable","19":"product-type-simple"},"jetpack_sharing_enabled":true,"_links":{"self":[{"href":"https:\/\/bestoptika.eu\/sk\/wp-json\/wp\/v2\/product\/3728","targetHints":{"allow":["GET"]}}],"collection":[{"href":"https:\/\/bestoptika.eu\/sk\/wp-json\/wp\/v2\/product"}],"about":[{"href":"https:\/\/bestoptika.eu\/sk\/wp-json\/wp\/v2\/types\/product"}],"replies":[{"embeddable":true,"href":"https:\/\/bestoptika.eu\/sk\/wp-json\/wp\/v2\/comments?post=3728"}],"wp:featuredmedia":[{"embeddable":true,"href":"https:\/\/bestoptika.eu\/sk\/wp-json\/wp\/v2\/media\/3729"}],"wp:attachment":[{"href":"https:\/\/bestoptika.eu\/sk\/wp-json\/wp\/v2\/media?parent=3728"}],"wp:term":[{"taxonomy":"product_brand","embeddable":true,"href":"https:\/\/bestoptika.eu\/sk\/wp-json\/wp\/v2\/product_brand?post=3728"},{"taxonomy":"product_cat","embeddable":true,"href":"https:\/\/bestoptika.eu\/sk\/wp-json\/wp\/v2\/product_cat?post=3728"},{"taxonomy":"product_tag","embeddable":true,"href":"https:\/\/bestoptika.eu\/sk\/wp-json\/wp\/v2\/product_tag?post=3728"}],"curies":[{"name":"wp","href":"https:\/\/api.w.org\/{rel}","templated":true}]}}