{"id":3775,"date":"2025-01-24T14:12:32","date_gmt":"2025-01-24T13:12:32","guid":{"rendered":"https:\/\/bestoptika.eu\/?post_type=product&#038;p=3775"},"modified":"2026-01-17T09:04:04","modified_gmt":"2026-01-17T08:04:04","slug":"nocpix-ace-s60r-hokamera-celtavcso-tavolsagmerovel","status":"publish","type":"product","link":"https:\/\/bestoptika.eu\/sk\/product\/nocpix-ace-s60r-hokamera-celtavcso-tavolsagmerovel\/","title":{"rendered":"Nocpix ACE S60R s dia\u013ekomerom termov\u00edzny pu\u0161koh\u013ead"},"content":{"rendered":"<p><strong>Nocpix ACE S60R s dia\u013ekomerom termov\u00edzny pu\u0161koh\u013ead<\/strong><\/p>\n<p><strong>Vynikaj\u00faca kvalita obrazu<\/strong><\/p>\n<p><span style=\"font-weight: 400\">Model ACE S60R je \u0161pi\u010dkou v ponuke a pon\u00faka \u00fa\u017easne detailn\u00fd obraz. V\u010faka 60 mm objekt\u00edvu sa k sn\u00edma\u010du dostane podstatne viac infra\u010derven\u00e9ho svetla. Vynikaj\u00face rozl\u00ed\u0161enie 1280 \u00d7 1024 a tepeln\u00e1 citlivos\u0165 15 mK tepeln\u00e9ho sn\u00edma\u010da spolu s vysoko priepustn\u00fdmi prvkami objekt\u00edvu vytv\u00e1raj\u00fa jasnej\u0161\u00ed a \u010distej\u0161\u00ed obraz ako kedyko\u013evek predt\u00fdm.\u00a0<\/span><\/p>\n<p><span style=\"font-weight: 400\">S detek\u010dn\u00fdm dosahom 3100 m je tie\u017e \u00fa\u010dinn\u00fdm pozorovate\u013eom na ve\u013ek\u00e9 vzdialenosti.<\/span><\/p>\n<p><strong>Vstavan\u00fd laserov\u00fd dia\u013ekomer<\/strong><\/p>\n<p><span style=\"font-weight: 400\">Model S60R sa dod\u00e1va s modulom LRF s dosahom 1200 m zabudovan\u00fdm do krytu pr\u00edstroja, ktor\u00fd sa vyzna\u010duje skuto\u010dn\u00fdm nastaven\u00edm optickej osi na presn\u00e9 meranie vzdialenosti.<\/span><\/p>\n<p><strong>\u010eal\u0161\u00ed prispievatelia k vizu\u00e1lnemu z\u00e1\u017eitku<\/strong><\/p>\n<p><span style=\"font-weight: 400\">Reality+ je algoritmus spracovania obrazu, ktor\u00fd pom\u00e1ha vytv\u00e1ra\u0165 sn\u00edmky, ktor\u00e9 prin\u00e1\u0161aj\u00fa presnej\u0161ie inform\u00e1cie t\u00fdm, \u017ee zni\u017euje \u0161um sp\u00f4soben\u00fd okolitou teplotou a zlep\u0161uje kontrast a detaily.<\/span><\/p>\n<p><span style=\"font-weight: 400\">A Vision+ je bezprecedentn\u00fd syst\u00e9m, ktor\u00fd umo\u017e\u0148uje pou\u017ei\u0165 okul\u00e1rne zv\u00e4\u010d\u0161enie na priame optick\u00e9 zv\u00e4\u010d\u0161enie, tak\u017ee nedoch\u00e1dza k pixel\u00e1cii\/skresleniu term\u00e1lneho obrazu v porovnan\u00ed so z\u00e1kladn\u00fdm zv\u00e4\u010d\u0161en\u00edm. V pr\u00edpade modelu ACE S60R optika zv\u00e4\u010d\u0161uje a\u017e 6x a tepeln\u00fd obraz je ostr\u00fd a kont\u00farovan\u00fd, len nad t\u00fato hodnotu je potrebn\u00e9 pou\u017ei\u0165 digit\u00e1lne zv\u00e4\u010d\u0161enie (a\u017e 24x).<\/span><\/p>\n<p><strong>Zv\u00fd\u0161en\u00e1 \u017eivotnos\u0165 bat\u00e9rie<\/strong><\/p>\n<p><span style=\"font-weight: 400\">Okrem vstavanej bat\u00e9rie s kapacitou 4000 mAh je s\u00fa\u010das\u0165ou balenia aj vymenite\u013en\u00e1 bat\u00e9ria 18650, ktor\u00e1 poskytuje maxim\u00e1lnu mo\u017en\u00fa v\u00fddr\u017e.<\/span><\/p>\n<p><strong>Ur\u010den\u00e9 na lov<\/strong><\/p>\n<p><span style=\"font-weight: 400\">Balistick\u00e9 v\u00fdpo\u010dty v menu, automatick\u00e9 nastavenie obrazovky, nahr\u00e1vanie videa aktivovan\u00e9 sp\u00e4tn\u00fdm r\u00e1zom a kalibr\u00e1cia bez uz\u00e1vierky (bez zasek\u00e1vania) robia zariadenie e\u0161te efekt\u00edvnej\u0161\u00edm a pohodlnej\u0161\u00edm pri love.<\/span><\/p>\n<p><strong>Odoln\u00fd dizajn<\/strong><\/p>\n<p><span style=\"font-weight: 400\">Vysokopevnostn\u00e9 puzdro z hlin\u00edkovej zliatiny, ktor\u00e9 bolo podroben\u00e9 pr\u00edsnym testom odolnosti proti n\u00e1razu, rob\u00ed zo s\u00e9rie ACE nad\u010dasov\u00e9 zariadenie.<\/span><\/p>\n<p><strong>Ergon\u00f3mia prisp\u00f4soben\u00e1 vonkaj\u0161\u00edm podmienkam<\/strong><\/p>\n<p><span style=\"font-weight: 400\">P\u00e1\u010dka na nastavenie zaostrenia na hornej strane objekt\u00edvu, krytka na nab\u00edjanie a funkcia Gal\u00e9ria na priame prehr\u00e1vanie videa zvy\u0161uj\u00fa pohodlie pri pou\u017e\u00edvan\u00ed zariadenia.<\/span><\/p>\n<table dir=\"ltr\" border=\"1\" cellspacing=\"0\" cellpadding=\"0\" data-sheets-root=\"1\" data-sheets-baot=\"1\">\n<colgroup>\n<col width=\"100\" \/>\n<col width=\"100\" \/><\/colgroup>\n<tbody>\n<tr>\n<td>Rozl\u00ed\u0161enie sn\u00edma\u010da<\/td>\n<td>\n<div>\n<div>1280x1024px - 2. gener\u00e1cia<\/div>\n<\/div>\n<\/td>\n<\/tr>\n<tr>\n<td>Ve\u013ekos\u0165 pixelov<\/td>\n<td>12\u00b5m<\/td>\n<\/tr>\n<tr>\n<td>Citlivos\u0165 na teplotn\u00fd rozdiel (NETD)<\/td>\n<td>&lt;15mK<\/td>\n<\/tr>\n<tr>\n<td>Obnovovacia frekvencia obrazu<\/td>\n<td>50 Hz<\/td>\n<\/tr>\n<tr>\n<td>Objekt\u00edv objekt\u00edvu<\/td>\n<td>50 mm \/ F1,0<\/td>\n<\/tr>\n<tr>\n<td>Zorn\u00e9 pole<\/td>\n<td>14,7\u00b0 x 11,7\u00b0<\/td>\n<\/tr>\n<tr>\n<td>Digit\u00e1lny zoom<\/td>\n<td>2x-24x<\/td>\n<\/tr>\n<tr>\n<td>Optick\u00fd zoom<\/td>\n<td>3x-9x<\/td>\n<\/tr>\n<tr>\n<td>Dioptrick\u00e1 korekcia<\/td>\n<td>-5 - +5<\/td>\n<\/tr>\n<tr>\n<td>Detek\u010dn\u00e1 vzdialenos\u0165<\/td>\n<td>3100m<\/td>\n<\/tr>\n<tr>\n<td>Typ displeja<\/td>\n<td>AMOLED 1,03\"<\/td>\n<\/tr>\n<tr>\n<td>Rozl\u00ed\u0161enie displeja<\/td>\n<td>2560x2560px<\/td>\n<\/tr>\n<tr>\n<td>Typ bat\u00e9rie<\/td>\n<td>\n<div>\n<div>1. vstavan\u00fd (4000 mAh) + 2. vymenite\u013en\u00fd 18500<\/div>\n<\/div>\n<\/td>\n<\/tr>\n<tr>\n<td>Prev\u00e1dzkov\u00fd \u010das bat\u00e9rie<\/td>\n<td>\n<div>\n<div>7 hod\u00edn (so zabudovanou + externou bat\u00e9riou)<\/div>\n<\/div>\n<\/td>\n<\/tr>\n<tr>\n<td>Wi-Fi \/ Aplik\u00e1cie<\/td>\n<td>\u00c1no<\/td>\n<\/tr>\n<tr>\n<td>Foto\/video<\/td>\n<td>\u00c1no<\/td>\n<\/tr>\n<tr>\n<td>Zvukov\u00fd z\u00e1znam<\/td>\n<td>\u00c1no<\/td>\n<\/tr>\n<tr>\n<td>Video aktivovan\u00e9 sp\u00e4tn\u00fdm n\u00e1razom<\/td>\n<td>\u00c1no<\/td>\n<\/tr>\n<tr>\n<td>Balistick\u00e1 kalkula\u010dka<\/td>\n<td>\u00c1no<\/td>\n<\/tr>\n<tr>\n<td>Laserov\u00fd dia\u013ekomer<\/td>\n<td>\n<div>\n<div>\u00c1no, integrovan\u00fd v objekt\u00edve, do 1200 m<\/div>\n<\/div>\n<\/td>\n<\/tr>\n<tr>\n<td>Sledovanie vide\u00ed v zariaden\u00ed<\/td>\n<td>\u00c1no<\/td>\n<\/tr>\n<tr>\n<td>Typ pripojenia<\/td>\n<td>USB-C<\/td>\n<\/tr>\n<tr>\n<td>\u00dalo\u017eisko<\/td>\n<td>64 GB<\/td>\n<\/tr>\n<tr>\n<td>Hmotnos\u0165<\/td>\n<td>1300g<\/td>\n<\/tr>\n<tr>\n<td>Ve\u013ekos\u0165<\/td>\n<td>365x90x68 mm<\/td>\n<\/tr>\n<tr>\n<td>Priemer potrubia<\/td>\n<td>30 mm<\/td>\n<\/tr>\n<\/tbody>\n<\/table>\n<p>Ofici\u00e1lna str\u00e1nka spolo\u010dnosti Amarka: <a href=\"https:\/\/www.nocpix.com\/product-ace\/\">https:\/\/www.nocpix.com\/product-ace\/\u00a0<\/a><\/p>","protected":false},"excerpt":{"rendered":"<p>Predstavujeme s\u00e9riu Nocpix ACE vybaven\u00fa sn\u00edma\u010dom 2. gener\u00e1cie, integrovan\u00fdm laserov\u00fdm dia\u013ekomerom a pokro\u010dil\u00fdmi syst\u00e9mami Reality+ a Vision+.<br \/>\nPon\u00faka bezkonkuren\u010dn\u00fa kvalitu obrazu a bezkonkuren\u010dn\u00fd v\u00fdkon.<\/p>","protected":false},"featured_media":3776,"comment_status":"open","ping_status":"closed","template":"","meta":[],"product_brand":[],"product_cat":[30,45,96],"product_tag":[203,32,18,183,97],"class_list":{"0":"post-3775","1":"product","2":"type-product","3":"status-publish","4":"has-post-thumbnail","6":"product_cat-celtavcso","7":"product_cat-hokamera","8":"product_cat-tavolsagmero","9":"product_tag-ace","10":"product_tag-celtavcso","11":"product_tag-hokamera","12":"product_tag-nocpix","13":"product_tag-tavolsagmero","15":"first","16":"instock","17":"taxable","18":"shipping-taxable","19":"purchasable","20":"product-type-simple"},"jetpack_sharing_enabled":true,"_links":{"self":[{"href":"https:\/\/bestoptika.eu\/sk\/wp-json\/wp\/v2\/product\/3775","targetHints":{"allow":["GET"]}}],"collection":[{"href":"https:\/\/bestoptika.eu\/sk\/wp-json\/wp\/v2\/product"}],"about":[{"href":"https:\/\/bestoptika.eu\/sk\/wp-json\/wp\/v2\/types\/product"}],"replies":[{"embeddable":true,"href":"https:\/\/bestoptika.eu\/sk\/wp-json\/wp\/v2\/comments?post=3775"}],"wp:featuredmedia":[{"embeddable":true,"href":"https:\/\/bestoptika.eu\/sk\/wp-json\/wp\/v2\/media\/3776"}],"wp:attachment":[{"href":"https:\/\/bestoptika.eu\/sk\/wp-json\/wp\/v2\/media?parent=3775"}],"wp:term":[{"taxonomy":"product_brand","embeddable":true,"href":"https:\/\/bestoptika.eu\/sk\/wp-json\/wp\/v2\/product_brand?post=3775"},{"taxonomy":"product_cat","embeddable":true,"href":"https:\/\/bestoptika.eu\/sk\/wp-json\/wp\/v2\/product_cat?post=3775"},{"taxonomy":"product_tag","embeddable":true,"href":"https:\/\/bestoptika.eu\/sk\/wp-json\/wp\/v2\/product_tag?post=3775"}],"curies":[{"name":"wp","href":"https:\/\/api.w.org\/{rel}","templated":true}]}}