{"id":3795,"date":"2025-01-25T09:15:48","date_gmt":"2025-01-25T08:15:48","guid":{"rendered":"https:\/\/bestoptika.eu\/?post_type=product&#038;p=3795"},"modified":"2026-03-07T17:06:20","modified_gmt":"2026-03-07T16:06:20","slug":"pard-leopard-480-lrf-hokamera-25mm","status":"publish","type":"product","link":"https:\/\/bestoptika.eu\/sk\/product\/pard-leopard-480-lrf-hokamera-25mm\/","title":{"rendered":"Pard LEOPARD 480 LRF 25 mm termov\u00edzny monokul\u00e1r s laserov\u00fdm dia\u013ekomerom"},"content":{"rendered":"<p><strong>Termokamera Pard LEOPARD 480 LRF 25 mm<\/strong><b><\/b><\/p>\n<p><span style=\"font-weight: 400\">A <\/span><b>Leopard<\/b><span style=\"font-weight: 400\"> mimoriadne vysok\u00e9 rozl\u00ed\u0161enie, <\/span><b>1920*1080<\/b><span style=\"font-weight: 400\"> pixelov, ktor\u00fd poskytuje bohat\u0161\u00ed, detailnej\u0161\u00ed a mimoriadne jasn\u00fd pozorovac\u00ed obraz.<\/span><\/p>\n<p><span style=\"font-weight: 400\">Zariadenie m\u00e1 pozoruhodn\u00fd detek\u010dn\u00fd dosah a\u017e 1 800 metrov, \u010do u\u013eah\u010duje vyh\u013ead\u00e1vanie a sledovanie cie\u013eov a maximalizuje efektivitu lovu.<\/span><\/p>\n<p><span style=\"font-weight: 400\">Obsahuje <\/span><b>6 re\u017eim obrazu.<\/b><\/p>\n<p><span style=\"font-weight: 400\">Pou\u017e\u00edvatelia si m\u00f4\u017eu prisp\u00f4sobi\u0165 sp\u00f4sob zobrazenia obrazu pod\u013ea svojich individu\u00e1lnych preferenci\u00ed, \u010do pon\u00faka \u0161irok\u00fa \u0161k\u00e1lu mo\u017enost\u00ed. Pon\u00faka vynikaj\u00facu prisp\u00f4sobivos\u0165 v r\u00f4znych prostrediach.<\/span><\/p>\n<p><span style=\"font-weight: 400\">Plne nabit\u00e1 <\/span><b>Bat\u00e9ria 18650<\/b><span style=\"font-weight: 400\"> m\u00f4\u017ee r\u00fdchlo sl\u00fa\u017ei\u0165 ako z\u00e1lo\u017en\u00fd zdroj energie v pr\u00edpade v\u00fdpadku pr\u00fadu.<\/span><\/p>\n<p><span style=\"font-weight: 400\">A <\/span><b>Hor\u00faca stopa<\/b><span style=\"font-weight: 400\"> Funkcia umo\u017e\u0148uje r\u00fdchlo a presne odhali\u0165 a sledova\u0165 koris\u0165, aby sa v\u00e1m nikdy nestratila z doh\u013eadu.<\/span><\/p>\n<p><span style=\"font-weight: 400\">Stla\u010den\u00edm tla\u010didla mo\u017eno zariadenie r\u00fdchlo o\u017eivi\u0165, \u010d\u00edm sa zn\u00ed\u017ei spotreba energie a zv\u00fd\u0161i \u00fa\u010dinnos\u0165 lovu.<\/span><\/p>\n<p><span style=\"font-weight: 400\">Spo\u013eahliv\u00fd v\u00fdkon aj v extr\u00e9mnych poveternostn\u00fdch podmienkach.<\/span><\/p>\n<p><span style=\"font-weight: 400\">Kompaktn\u00fd dizajn a len <\/span><b>s hmotnos\u0165ou 360 g<\/b><span style=\"font-weight: 400\"> v\u00fdrazne zvy\u0161uje komfort pozorovania a umo\u017e\u0148uje dlh\u0161ie pou\u017e\u00edvanie bez \u00fanavy r\u00fak.<\/span><\/p>\n<table dir=\"ltr\" border=\"1\" cellspacing=\"0\" cellpadding=\"0\" data-sheets-root=\"1\" data-sheets-baot=\"1\">\n<colgroup>\n<col width=\"100\" \/>\n<col width=\"100\" \/>\n<col width=\"100\" \/><\/colgroup>\n<tbody>\n<tr>\n<td>Senzor<\/td>\n<td>Typ<\/td>\n<td>\n<div>\n<div>Nechladen\u00fd VOx (oxid vanadi\u010dit\u00fd)<\/div>\n<\/div>\n<\/td>\n<\/tr>\n<tr>\n<td><\/td>\n<td>Rozl\u00ed\u0161enie (pixely)<\/td>\n<td>480\u00d7360<\/td>\n<\/tr>\n<tr>\n<td><\/td>\n<td>Ve\u013ekos\u0165 pixla (\u00b5m)<\/td>\n<td>12\u00d712<\/td>\n<\/tr>\n<tr>\n<td><\/td>\n<td>NETD<\/td>\n<td>\u226420mK (0,02\u00b0C)<\/td>\n<\/tr>\n<tr>\n<td><\/td>\n<td>Sn\u00edmkov\u00e1 frekvencia (Hz)<\/td>\n<td>50<\/td>\n<\/tr>\n<tr>\n<td><\/td>\n<td>Detek\u010dn\u00e1 vzdialenos\u0165 (m)<\/td>\n<td>1200\/1800<\/td>\n<\/tr>\n<tr>\n<td>Optika<\/td>\n<td>Objekt\u00edv (mm)<\/td>\n<td>25\/35<\/td>\n<\/tr>\n<tr>\n<td><\/td>\n<td>Optick\u00e9 zv\u00e4\u010d\u0161enie (x)<\/td>\n<td>2,5\/3,5<\/td>\n<\/tr>\n<tr>\n<td><\/td>\n<td>Digit\u00e1lny zoom (x)<\/td>\n<td>2\/4\/6\/8<\/td>\n<\/tr>\n<tr>\n<td><\/td>\n<td>Zorn\u00e9 pole (horizont\u00e1lne)<\/td>\n<td>13,1\u00b0\/9,4\u00b0<\/td>\n<\/tr>\n<tr>\n<td><\/td>\n<td>Zorn\u00e9 pole (vertik\u00e1lne)<\/td>\n<td>9,9\u00b0\/7,1\u00b0<\/td>\n<\/tr>\n<tr>\n<td><\/td>\n<td>Zorn\u00e9 pole (uhloprie\u010dka)<\/td>\n<td>16,4\u00b0\/11,7\u00b0<\/td>\n<\/tr>\n<tr>\n<td><\/td>\n<td>O\u010dn\u00fd reli\u00e9f (mm)<\/td>\n<td>20<\/td>\n<\/tr>\n<tr>\n<td><\/td>\n<td>Nastavenie dioptri\u00ed (D)<\/td>\n<td>-5~5<\/td>\n<\/tr>\n<tr>\n<td>Zobrazenie<\/td>\n<td>Typ<\/td>\n<td>AMOLED<\/td>\n<\/tr>\n<tr>\n<td><\/td>\n<td>Rozl\u00ed\u0161enie (pixely)<\/td>\n<td>1920\u00d71080<\/td>\n<\/tr>\n<tr>\n<td><\/td>\n<td>Re\u017eim sc\u00e9ny<\/td>\n<td>Mesto\/Trubka\/Les<\/td>\n<\/tr>\n<tr>\n<td><\/td>\n<td>Re\u017eim obrazu<\/td>\n<td>\n<div>\n<div>WT-HOT\/BK-HOT\/EDGE\/RD-HOT\/IN-HOT\/SKY<\/div>\n<\/div>\n<\/td>\n<\/tr>\n<tr>\n<td>Foto \/ Video<\/td>\n<td>Rozl\u00ed\u0161enie fotografie (pixely)<\/td>\n<td>1440\u00d71080<\/td>\n<\/tr>\n<tr>\n<td><\/td>\n<td>Form\u00e1t fotografie<\/td>\n<td>.JPG<\/td>\n<\/tr>\n<tr>\n<td><\/td>\n<td>Rozl\u00ed\u0161enie videa (pixely)<\/td>\n<td>1440\u00d71080<\/td>\n<\/tr>\n<tr>\n<td><\/td>\n<td>Form\u00e1t videa<\/td>\n<td>.mp4<\/td>\n<\/tr>\n<tr>\n<td><\/td>\n<td>Depozit\u00e1r (GB)<\/td>\n<td>\n<div>\n<div>Karta Micro SD (max. 128 GB)<\/div>\n<\/div>\n<\/td>\n<\/tr>\n<tr>\n<td><\/td>\n<td>Obr\u00e1zkov\u00fd motor<\/td>\n<td>Pard IREA<\/td>\n<\/tr>\n<tr>\n<td>Hlavn\u00e9 funkcie<\/td>\n<td>Rozsah detekcie LRF (m\/yd)<\/td>\n<td>1000\/1200<\/td>\n<\/tr>\n<tr>\n<td><\/td>\n<td>PIP (obraz v obraze)<\/td>\n<td>\u00c1no<\/td>\n<\/tr>\n<tr>\n<td><\/td>\n<td>Giroscope<\/td>\n<td>\u00c1no<\/td>\n<\/tr>\n<tr>\n<td><\/td>\n<td>Zachytenie cyklu<\/td>\n<td>\u00c1no<\/td>\n<\/tr>\n<tr>\n<td><\/td>\n<td>Hor\u00faca stopa<\/td>\n<td>\u00c1no<\/td>\n<\/tr>\n<tr>\n<td><\/td>\n<td>E-kompas<\/td>\n<td>\u00c1no<\/td>\n<\/tr>\n<tr>\n<td><\/td>\n<td>Z\u00e1mok<\/td>\n<td>Mechanick\u00fd z\u00e1mok<\/td>\n<\/tr>\n<tr>\n<td><\/td>\n<td>Mikrof\u00f3n<\/td>\n<td>\u00c1no<\/td>\n<\/tr>\n<tr>\n<td><\/td>\n<td>Aktualiz\u00e1cia firmv\u00e9ru<\/td>\n<td>\u00c1no<\/td>\n<\/tr>\n<tr>\n<td>Kontakty<\/td>\n<td>USB typu C<\/td>\n<td>\u00c1no<\/td>\n<\/tr>\n<tr>\n<td><\/td>\n<td>V\u00fdstup HDMI<\/td>\n<td>\u00c1no<\/td>\n<\/tr>\n<tr>\n<td><\/td>\n<td>WiFi<\/td>\n<td>\u00c1no<\/td>\n<\/tr>\n<tr>\n<td><\/td>\n<td>Podporovan\u00e9 aplik\u00e1cie<\/td>\n<td>PardVision2<\/td>\n<\/tr>\n<tr>\n<td>Dod\u00e1vka elektrickej energie<\/td>\n<td>Typ bat\u00e9rie<\/td>\n<td>\n<div>\n<div>L\u00edtium-i\u00f3nov\u00e9 18650*1<\/div>\n<\/div>\n<\/td>\n<\/tr>\n<tr>\n<td><\/td>\n<td>V\u00fdstupn\u00e9 nap\u00e4tie (V)<\/td>\n<td>3,7<\/td>\n<\/tr>\n<tr>\n<td><\/td>\n<td>Prev\u00e1dzkov\u00fd \u010das (hodiny)<\/td>\n<td>\u22646<\/td>\n<\/tr>\n<tr>\n<td><\/td>\n<td>Extern\u00e9 nap\u00e1janie<\/td>\n<td>Typ C<\/td>\n<\/tr>\n<tr>\n<td>Charakteristika prostredia<\/td>\n<td>Stupe\u0148 krytia<\/td>\n<td>IP67<\/td>\n<\/tr>\n<tr>\n<td><\/td>\n<td>Prev\u00e1dzkov\u00e1 teplota (\u00b0C\/\u00b0F)<\/td>\n<td>\n<div>\n<div>-30 ~ +55 \/ -22 ~ +131<\/div>\n<\/div>\n<\/td>\n<\/tr>\n<tr>\n<td>Materi\u00e1l z<\/td>\n<td>Dom<\/td>\n<td>\n<div>\n<div>Hlin\u00edkov\u00e1 zliatina + kompozit<\/div>\n<\/div>\n<\/td>\n<\/tr>\n<tr>\n<td><\/td>\n<td>Objekt\u00edvy<\/td>\n<td>\n<div>\n<div>Celosklenen\u00e9, s viacvrstvovou povrchovou \u00fapravou<\/div>\n<\/div>\n<\/td>\n<\/tr>\n<tr>\n<td>Ve\u013ekos\u0165<\/td>\n<td>Rozmery v\u00fdrobku (V \u00d7 \u0160 \u00d7 H, mm)<\/td>\n<td>169\u00d758\u00d748<\/td>\n<\/tr>\n<tr>\n<td><\/td>\n<td>\u010cist\u00e1 hmotnos\u0165 (LRF a bat\u00e9ria, g)<\/td>\n<td>360<\/td>\n<\/tr>\n<\/tbody>\n<\/table>\n<p>Ofici\u00e1lna str\u00e1nka zna\u010dky: <a href=\"https:\/\/eu.pard.com\/product\/thermal-imaging-monocular-leopard\">https:\/\/eu.pard.com\/product\/thermal-imaging-monocular-leopard<\/a><\/p>","protected":false},"excerpt":{"rendered":"<ul>\n<li class=\"relative p-1 rounded-sm flex items-center justify-center bg-token-main-surface-primary text-token-text-primary h-8 w-8\">Mal\u00fd, ale v\u00fdkonn\u00fd termov\u00edzny monokul\u00e1r.<\/li>\n<li class=\"relative p-1 rounded-sm flex items-center justify-center bg-token-main-surface-primary text-token-text-primary h-8 w-8\">Obsahuje sn\u00edma\u010d s vysok\u00fdm rozl\u00ed\u0161en\u00edm <strong>480*360<\/strong>rozl\u00ed\u0161enie v kombin\u00e1cii so \u0161pi\u010dkovou nechladenou technol\u00f3giou Vox. To zaru\u010duje jasn\u00e9 zobrazenie detailn\u00fdch vlastnost\u00ed a bohat\u00fdch detailov cie\u013ea.<\/li>\n<li class=\"relative p-1 rounded-sm flex items-center justify-center bg-token-main-surface-primary text-token-text-primary h-8 w-8\">Dok\u00e1\u017ee rozpozna\u0165 teplotn\u00e9 rozdiely men\u0161ie ako 0,02 \u00b0C, \u010d\u00edm poskytuje jasnej\u0161ie a detailnej\u0161ie sn\u00edmky a u\u013eah\u010duje identifik\u00e1ciu objektov v r\u00f4znych poveternostn\u00fdch podmienkach.<\/li>\n<\/ul>","protected":false},"featured_media":3796,"comment_status":"open","ping_status":"closed","template":"","meta":[],"product_brand":[],"product_cat":[45,99],"product_tag":[18,215,133],"class_list":{"0":"post-3795","1":"product","2":"type-product","3":"status-publish","4":"has-post-thumbnail","6":"product_cat-hokamera","7":"product_cat-lezeres-tavmero","8":"product_tag-hokamera","9":"product_tag-leopard","10":"product_tag-pard","12":"first","13":"onbackorder","14":"sale","15":"taxable","16":"shipping-taxable","17":"purchasable","18":"product-type-simple"},"jetpack_sharing_enabled":true,"_links":{"self":[{"href":"https:\/\/bestoptika.eu\/sk\/wp-json\/wp\/v2\/product\/3795","targetHints":{"allow":["GET"]}}],"collection":[{"href":"https:\/\/bestoptika.eu\/sk\/wp-json\/wp\/v2\/product"}],"about":[{"href":"https:\/\/bestoptika.eu\/sk\/wp-json\/wp\/v2\/types\/product"}],"replies":[{"embeddable":true,"href":"https:\/\/bestoptika.eu\/sk\/wp-json\/wp\/v2\/comments?post=3795"}],"wp:featuredmedia":[{"embeddable":true,"href":"https:\/\/bestoptika.eu\/sk\/wp-json\/wp\/v2\/media\/3796"}],"wp:attachment":[{"href":"https:\/\/bestoptika.eu\/sk\/wp-json\/wp\/v2\/media?parent=3795"}],"wp:term":[{"taxonomy":"product_brand","embeddable":true,"href":"https:\/\/bestoptika.eu\/sk\/wp-json\/wp\/v2\/product_brand?post=3795"},{"taxonomy":"product_cat","embeddable":true,"href":"https:\/\/bestoptika.eu\/sk\/wp-json\/wp\/v2\/product_cat?post=3795"},{"taxonomy":"product_tag","embeddable":true,"href":"https:\/\/bestoptika.eu\/sk\/wp-json\/wp\/v2\/product_tag?post=3795"}],"curies":[{"name":"wp","href":"https:\/\/api.w.org\/{rel}","templated":true}]}}