{"id":3835,"date":"2025-01-25T18:55:37","date_gmt":"2025-01-25T17:55:37","guid":{"rendered":"https:\/\/bestoptika.eu\/?post_type=product&#038;p=3835"},"modified":"2025-12-30T15:41:41","modified_gmt":"2025-12-30T14:41:41","slug":"pard-pantera-640-hokamera-celtavcso-50mm","status":"publish","type":"product","link":"https:\/\/bestoptika.eu\/sk\/product\/pard-pantera-640-hokamera-celtavcso-50mm\/","title":{"rendered":"Pard PANTERA 640 50mm termov\u00edzny pu\u0161koh\u013ead"},"content":{"rendered":"<p><strong>Pard PANTERA 640 h\u0151kamera c\u00e9lt\u00e1vcs\u0151 50mm<\/strong><\/p>\n<p><span style=\"font-weight: 400\">A <\/span><b>PARD<\/b><span style=\"font-weight: 400\"> gy\u00e1rt\u00f3 \u00faj, forradalmi c\u00e9lt\u00e1vcs\u00f6vet mutat be. Az <\/span><b>\u00faj PARD PANTERA 640<\/b><span style=\"font-weight: 400\"> k\u00e9nyelmes, <\/span><b>kerek kijelz\u0151vel<\/b><span style=\"font-weight: 400\"> \u00e9s k\u00f6nny\u00edtett, <\/span><b>duralum\u00ednium<\/b><span style=\"font-weight: 400\"> v\u00e1zzal rendelkezik. Ez az eleg\u00e1ns eszk\u00f6z kiv\u00e1l\u00f3 k\u00e9pmin\u0151s\u00e9get ny\u00fajt, \u00e9s egyszer\u0171en kezelhet\u0151 magyar nyelv\u0171 men\u00fcvel.<\/span><\/p>\n<p><span style=\"font-weight: 400\">A <\/span><b>Pard PANTERA 640<\/b><span style=\"font-weight: 400\"> \u00e9rz\u00e9kel\u0151je <\/span><b>640 \u00d7 512 px<\/b><span style=\"font-weight: 400\"> felbont\u00e1ssal \u00e9s <\/span><b>NETD \u2264 20 mK<\/b><span style=\"font-weight: 400\"> h\u0151\u00e9rz\u00e9kenys\u00e9ggel leny\u0171g\u00f6z\u0151en tiszta, r\u00e9szletgazdag k\u00e9pet biztos\u00edt.<\/span><\/p>\n<p><span style=\"font-weight: 400\">K\u00e9tf\u00e9le lencse k\u00f6z\u00fcl v\u00e1laszthat: <\/span><b>50 mm<\/b><span style=\"font-weight: 400\"> vagy <\/span><b>75 mm<\/b><span style=\"font-weight: 400\">, amelyekhez az \u00e9rz\u00e9kel\u00e9si t\u00e1vols\u00e1gok <\/span><b>2600 m<\/b><span style=\"font-weight: 400\"> \u00e9s <\/span><b>3900 m<\/b><span style=\"font-weight: 400\">.<\/span><\/p>\n<p><span style=\"font-weight: 400\">A p\u00e1ratlan k\u00e9pmin\u0151s\u00e9gr\u0151l egy <\/span><b>kerek IPS LCD kijelz\u0151<\/b><span style=\"font-weight: 400\"> gondoskodik, <\/span><b>800 \u00d7 800 px<\/b><span style=\"font-weight: 400\"> felbont\u00e1ssal. Ez a kijelz\u0151 hagyom\u00e1nyos c\u00e9lt\u00e1vcs\u0151 \u00e9lm\u00e9ny\u00e9t ny\u00fajtja maxim\u00e1lis l\u00e1t\u00f3mez\u0151vel, tiszta \u00e9s kontrasztos k\u00e9ppel. Az extra sz\u00e9les l\u00e1t\u00f3sz\u00f6g jobb \u00e1tl\u00e1that\u00f3s\u00e1got biztos\u00edt, m\u00edg a gyors v\u00e1laszid\u0151 term\u00e9szetes megfigyel\u00e9si \u00e9lm\u00e9nyt ny\u00fajt, mintha nappali optik\u00e1t haszn\u00e1ln\u00e1nk.<\/span><\/p>\n<p><span style=\"font-weight: 400\">A megfigyel\u00e9s k\u00e9nyelm\u00e9t n\u00f6veli a <\/span><b>6 megjelen\u00edt\u00e9si m\u00f3d<\/b><span style=\"font-weight: 400\"> (<\/span><b>White Hot, Black Hot, Red Hot, EDGE, IN HOT, SKY<\/b><span style=\"font-weight: 400\">) \u00e9s a <\/span><b>h\u00e1rom v\u00e1laszthat\u00f3 megfigyel\u00e9si jelenet<\/b><span style=\"font-weight: 400\"> (<\/span><b>V\u00e1ros, Es\u0151, Erd\u0151<\/b><span style=\"font-weight: 400\">).<\/span><\/p>\n<p><b>Felv\u00e9tel \u00e9s t\u00e1rol\u00e1s:<\/b><\/p>\n<ul>\n<li style=\"font-weight: 400\"><span style=\"font-weight: 400\">MicroSD-k\u00e1rty\u00e1val (max. <\/span><b>128 GB<\/b><span style=\"font-weight: 400\">, nem tartoz\u00e9k) fot\u00f3k \u00e9s vide\u00f3k r\u00f6gz\u00edthet\u0151k.<\/span><\/li>\n<li style=\"font-weight: 400\"><b>Automatikus r\u00f6gz\u00edt\u00e9s l\u00f6v\u00e9s ut\u00e1n<\/b><span style=\"font-weight: 400\">.<\/span><\/li>\n<li style=\"font-weight: 400\"><span style=\"font-weight: 400\">Azonnali megtekint\u00e9si \u00e9s t\u00f6rl\u00e9si lehet\u0151s\u00e9g.<\/span><\/li>\n<\/ul>\n<p><b>Csatlakoz\u00e1s \u00e9s megoszt\u00e1s:<\/b><b><br \/>\n<\/b><span style=\"font-weight: 400\">Az <\/span><b>USB-C<\/b><span style=\"font-weight: 400\"> kimenet lehet\u0151v\u00e9 teszi a sz\u00e1m\u00edt\u00f3g\u00e9phez val\u00f3 csatlakoz\u00e1st. A <\/span><b>WIFI<\/b><span style=\"font-weight: 400\"> \u00e9s a <\/span><b>PARD Vision2 alkalmaz\u00e1s<\/b><span style=\"font-weight: 400\"> seg\u00edts\u00e9g\u00e9vel \u00e9l\u0151 k\u00f6zvet\u00edt\u00e9s n\u00e9zhet\u0151, valamint egyszer\u0171en b\u00f6ng\u00e9szhet\u0151k \u00e9s megoszthat\u00f3k a felv\u00e9telek.<\/span><\/p>\n<p><b>Tart\u00f3ss\u00e1g \u00e9s energiaell\u00e1t\u00e1s:<\/b><b><br \/>\n<\/b><span style=\"font-weight: 400\">A c\u00e9lt\u00e1vcs\u0151 <\/span><b>IP67-es v\u00e9delemmel<\/b><span style=\"font-weight: 400\"> rendelkezik, \u00edgy 30 percig 1 m\u00e9ter m\u00e9ly v\u00edzben is haszn\u00e1lhat\u00f3. Egy <\/span><b>\u00fajrat\u00f6lthet\u0151 18650-es akkumul\u00e1tor<\/b><span style=\"font-weight: 400\"> m\u0171k\u00f6dteti, amely ak\u00e1r <\/span><b>6 \u00f3r\u00e1s \u00fczemid\u0151t<\/b><span style=\"font-weight: 400\"> biztos\u00edt. Az energiatakar\u00e9kos <\/span><b>alv\u00f3 \u00fczemm\u00f3d<\/b><span style=\"font-weight: 400\"> n\u00f6veli az akkumul\u00e1tor \u00e9lettartam\u00e1t, \u00e9s lehet\u0151s\u00e9g van <\/span><b>powerbank<\/b><span style=\"font-weight: 400\"> csatlakoztat\u00e1s\u00e1ra is.<\/span><\/p>\n<table dir=\"ltr\" border=\"1\" cellspacing=\"0\" cellpadding=\"0\" data-sheets-root=\"1\" data-sheets-baot=\"1\">\n<colgroup>\n<col width=\"100\" \/>\n<col width=\"100\" \/><\/colgroup>\n<tbody>\n<tr>\n<td>\u00c9rz\u00e9kel\u0151<\/td>\n<td>640 \u00d7 512 px<\/td>\n<\/tr>\n<tr>\n<td>H\u0151\u00e9rz\u00e9kenys\u00e9g<\/td>\n<td>\u2264 20 mK<\/td>\n<\/tr>\n<tr>\n<td>Kijelz\u0151 felbont\u00e1sa<\/td>\n<td>800 \u00d7 800 px<\/td>\n<\/tr>\n<tr>\n<td>Wi-Fi<\/td>\n<td>Igen<\/td>\n<\/tr>\n<tr>\n<td>Lencse<\/td>\n<td>50 mm<\/td>\n<\/tr>\n<tr>\n<td>\u00c9rz\u00e9kel\u00e9si t\u00e1vols\u00e1g<\/td>\n<td>\n<div>\n<div>2600 m (50 mm)<\/div>\n<\/div>\n<\/td>\n<\/tr>\n<tr>\n<td>Optikai nagy\u00edt\u00e1s<\/td>\n<td>\n<div>\n<div>2,2x (50 mm)<\/div>\n<\/div>\n<\/td>\n<\/tr>\n<tr>\n<td>L\u00e1t\u00f3mez\u0151<\/td>\n<td>\n<div>\n<div>7,0\u00b0 \u00d7 7,0\u00b0 (50 mm)<\/div>\n<\/div>\n<\/td>\n<\/tr>\n<tr>\n<td>Digit\u00e1lis zoom<\/td>\n<td>8x<\/td>\n<\/tr>\n<tr>\n<td>Dioptri\u00e1s korrekci\u00f3<\/td>\n<td>-5D ~ +3D<\/td>\n<\/tr>\n<tr>\n<td>Fot\u00f3 k\u00e9sz\u00edt\u00e9s lehet\u0151s\u00e9ge<\/td>\n<td>Igen<\/td>\n<\/tr>\n<tr>\n<td>Vide\u00f3 k\u00e9sz\u00edt\u00e9s lehet\u0151s\u00e9ge<\/td>\n<td>Igen<\/td>\n<\/tr>\n<tr>\n<td>V\u00e9detts\u00e9gi fokozat<\/td>\n<td>IP67<\/td>\n<\/tr>\n<tr>\n<td>Mem\u00f3ria<\/td>\n<td>\n<div>\n<div>microSD, 128 GB<\/div>\n<\/div>\n<\/td>\n<\/tr>\n<tr>\n<td>M\u0171k\u00f6d\u00e9si h\u0151m\u00e9rs\u00e9klet<\/td>\n<td>-30\u00b0C ~ 55\u00b0C<\/td>\n<\/tr>\n<tr>\n<td>Akkumul\u00e1tor<\/td>\n<td>\n<div>\n<div>1x \u00fajrat\u00f6lthet\u0151 18650<\/div>\n<\/div>\n<\/td>\n<\/tr>\n<tr>\n<td>Akkumul\u00e1tor \u00fczemideje<\/td>\n<td>6 \u00f3ra<\/td>\n<\/tr>\n<tr>\n<td>S\u00faly<\/td>\n<td>681,5 g<\/td>\n<\/tr>\n<tr>\n<td>M\u00e9ret<\/td>\n<td>\n<div>\n<div>364 \u00d7 93 \u00d7 82 mm<\/div>\n<\/div>\n<\/td>\n<\/tr>\n<\/tbody>\n<\/table>\n<div class=\"group\/conversation-turn relative flex w-full min-w-0 flex-col agent-turn\">\n<div class=\"flex-col gap-1 md:gap-3\">\n<div class=\"flex max-w-full flex-col flex-grow\">\n<div class=\"min-h-8 text-message flex w-full flex-col items-end gap-2 whitespace-normal break-words text-start [.text-message+&amp;]:mt-5\" dir=\"auto\" data-message-author-role=\"assistant\" data-message-id=\"59ce12ca-ef77-430f-8df7-c8ad593a5dd6\" data-message-model-slug=\"gpt-4o-mini\">\n<div class=\"flex w-full flex-col gap-1 empty:hidden first:pt-[3px]\">\n<div class=\"markdown prose w-full break-words dark:prose-invert light\">\n<p><strong>A csomag tartalma:<\/strong><\/p>\n<ul>\n<li>H\u0151kamera c\u00e9lt\u00e1vcs\u0151 PARD PANTERA 640<\/li>\n<li>1 db \u00fajrat\u00f6lthet\u0151 18650-es akkumul\u00e1tor<\/li>\n<li>1 db v\u00e9d\u0151 neopr\u00e9n tok<\/li>\n<li>1 db szerel\u00e9si gy\u0171r\u0171k<\/li>\n<li>1 db USB-C k\u00e1bel<\/li>\n<li>1 db szemkagyl\u00f3<\/li>\n<li>Haszn\u00e1lati \u00fatmutat\u00f3<\/li>\n<\/ul>\n<p>A m\u00e1rka hivatalos oldala: <a href=\"https:\/\/eu.pard.com\/product\/thermal-imaging-scope-pantera-series\">https:\/\/eu.pard.com\/product\/thermal-imaging-scope-pantera-series<\/a><\/p>\n<\/div>\n<\/div>\n<\/div>\n<\/div>\n<\/div>\n<\/div>\n","protected":false},"excerpt":{"rendered":"<ul>\n<li><strong>Senzor<\/strong>: 640 \u00d7 512 px, 12 \u03bcm<\/li>\n<li><strong>Mo\u017enosti objekt\u00edvu<\/strong>: 50 mm<\/li>\n<li><strong>Teplotn\u00e1 citlivos\u0165<\/strong>\u2264 20 mK<\/li>\n<li><strong>Detek\u010dn\u00e1 vzdialenos\u0165<\/strong>: 2600 m (50 mm)<\/li>\n<li><strong>Optick\u00e9 zv\u00e4\u010d\u0161enie<\/strong>: 2,2x (50 mm)<\/li>\n<li><strong>Digit\u00e1lny zoom<\/strong>: a\u017e 8x<\/li>\n<li><strong>Zobrazenie<\/strong>: okr\u00fahly dizajn, rozl\u00ed\u0161enie 800 \u00d7 800 px<\/li>\n<li><strong>Re\u017eim \u00faspory energie<\/strong>: sp\u00e1nok<\/li>\n<li><strong>Prev\u00e1dzkov\u00fd \u010das bat\u00e9rie<\/strong>: 6 hod\u00edn<\/li>\n<li><strong>Nap\u00e1janie<\/strong>: 1 dob\u00edjacia bat\u00e9ria 18650<\/li>\n<li><strong>Po\u010det farebn\u00fdch paliet<\/strong>: 6<\/li>\n<\/ul>","protected":false},"featured_media":3836,"comment_status":"open","ping_status":"closed","template":"","meta":[],"product_brand":[],"product_cat":[30,45],"product_tag":[32,18,217,133],"class_list":{"0":"post-3835","1":"product","2":"type-product","3":"status-publish","4":"has-post-thumbnail","6":"product_cat-celtavcso","7":"product_cat-hokamera","8":"product_tag-celtavcso","9":"product_tag-hokamera","10":"product_tag-pantera","11":"product_tag-pard","13":"first","14":"outofstock","15":"taxable","16":"shipping-taxable","17":"purchasable","18":"product-type-simple"},"jetpack_sharing_enabled":true,"_links":{"self":[{"href":"https:\/\/bestoptika.eu\/sk\/wp-json\/wp\/v2\/product\/3835","targetHints":{"allow":["GET"]}}],"collection":[{"href":"https:\/\/bestoptika.eu\/sk\/wp-json\/wp\/v2\/product"}],"about":[{"href":"https:\/\/bestoptika.eu\/sk\/wp-json\/wp\/v2\/types\/product"}],"replies":[{"embeddable":true,"href":"https:\/\/bestoptika.eu\/sk\/wp-json\/wp\/v2\/comments?post=3835"}],"wp:featuredmedia":[{"embeddable":true,"href":"https:\/\/bestoptika.eu\/sk\/wp-json\/wp\/v2\/media\/3836"}],"wp:attachment":[{"href":"https:\/\/bestoptika.eu\/sk\/wp-json\/wp\/v2\/media?parent=3835"}],"wp:term":[{"taxonomy":"product_brand","embeddable":true,"href":"https:\/\/bestoptika.eu\/sk\/wp-json\/wp\/v2\/product_brand?post=3835"},{"taxonomy":"product_cat","embeddable":true,"href":"https:\/\/bestoptika.eu\/sk\/wp-json\/wp\/v2\/product_cat?post=3835"},{"taxonomy":"product_tag","embeddable":true,"href":"https:\/\/bestoptika.eu\/sk\/wp-json\/wp\/v2\/product_tag?post=3835"}],"curies":[{"name":"wp","href":"https:\/\/api.w.org\/{rel}","templated":true}]}}