{"id":3840,"date":"2025-01-25T19:06:09","date_gmt":"2025-01-25T18:06:09","guid":{"rendered":"https:\/\/bestoptika.eu\/?post_type=product&#038;p=3840"},"modified":"2025-12-30T15:41:35","modified_gmt":"2025-12-30T14:41:35","slug":"pard-pantera-640-hokamera-celtavcso-75mm","status":"publish","type":"product","link":"https:\/\/bestoptika.eu\/sk\/product\/pard-pantera-640-hokamera-celtavcso-75mm\/","title":{"rendered":"Pard PANTERA 640 75mm termov\u00edzny pu\u0161koh\u013ead"},"content":{"rendered":"<p><strong>Pard PANTERA 640 75mm termov\u00edzny pu\u0161koh\u013ead<\/strong><\/p>\n<p><span style=\"font-weight: 400\">A <\/span><b>PARD<\/b><span style=\"font-weight: 400\"> v\u00fdrobca predstavuje nov\u00fd revolu\u010dn\u00fd pu\u0161koh\u013ead. Z <\/span><b>nov\u00fd PARD PANTERA 640<\/b><span style=\"font-weight: 400\"> vhodn\u00e9, <\/span><b>s okr\u00fahlym displejom<\/b><span style=\"font-weight: 400\"> a od\u013eah\u010den\u00e9, <\/span><b>dural<\/b><span style=\"font-weight: 400\"> m\u00e1 r\u00e1m. Toto \u0161t\u00fdlov\u00e9 zariadenie pon\u00faka vynikaj\u00facu kvalitu obrazu a \u013eahko sa pou\u017e\u00edva v\u010faka menu v sloven\u010dine.<\/span><\/p>\n<p><span style=\"font-weight: 400\">A <\/span><b>Pard PANTERA 640<\/b><span style=\"font-weight: 400\"> senzor <\/span><b>640 \u00d7 512 px<\/b><span style=\"font-weight: 400\"> rozl\u00ed\u0161enie a <\/span><b>NETD \u2264 20 mK<\/b><span style=\"font-weight: 400\"> tepeln\u00e1 citlivos\u0165 pre \u00fa\u017easne jasn\u00e9 a detailn\u00e9 sn\u00edmky.<\/span><\/p>\n<p><span style=\"font-weight: 400\">M\u00f4\u017eete si vybra\u0165 z dvoch typov objekt\u00edvov: <\/span><b>50 mm<\/b><span style=\"font-weight: 400\"> alebo <\/span><b>75 mm<\/b><span style=\"font-weight: 400\">, pre ktor\u00e9 s\u00fa detek\u010dn\u00e9 vzdialenosti <\/span><b>2600 m<\/b><span style=\"font-weight: 400\"> a <\/span><b>3900 m<\/b><span style=\"font-weight: 400\">.<\/span><\/p>\n<p><span style=\"font-weight: 400\">O bezkonkuren\u010dn\u00fa kvalitu obrazu sa star\u00e1 <\/span><b>okr\u00fahly displej IPS LCD<\/b><span style=\"font-weight: 400\"> sa star\u00e1 o, <\/span><b>800 \u00d7 800 px<\/b><span style=\"font-weight: 400\"> s rozl\u00ed\u0161en\u00edm. Tento displej pon\u00faka z\u00e1\u017eitok ako tradi\u010dn\u00fd pu\u0161koh\u013ead s maxim\u00e1lnym zorn\u00fdm po\u013eom a jasn\u00fdm a kontrastn\u00fdm obrazom. Mimoriadne \u0161irok\u00e9 zorn\u00e9 pole poskytuje lep\u0161iu jasnos\u0165, zatia\u013e \u010do r\u00fdchla odozva poskytuje prirodzen\u00fd z\u00e1\u017eitok z pozorovania, rovnako ako pri pou\u017eit\u00ed optiky s denn\u00fdm svetlom.<\/span><\/p>\n<p><span style=\"font-weight: 400\">Pohodlie pozorovania sa zvy\u0161uje v\u010faka <\/span><b>6 re\u017eimov zobrazenia<\/b><span style=\"font-weight: 400\"> (<\/span><b>Biela hor\u00faca, \u010dierna hor\u00faca, \u010derven\u00e1 hor\u00faca, EDGE, IN HOT, SKY<\/b><span style=\"font-weight: 400\">) a <\/span><b>tri volite\u013en\u00e9 pozorovacie sc\u00e9ny<\/b><span style=\"font-weight: 400\"> (<\/span><b>Mesto, d\u00e1\u017e\u010f, les<\/b><span style=\"font-weight: 400\">).<\/span><\/p>\n<p><b>Nahr\u00e1vanie a ukladanie:<\/b><\/p>\n<ul>\n<li style=\"font-weight: 400\"><span style=\"font-weight: 400\">S kartou MicroSD (max. <\/span><b>128 GB<\/b><span style=\"font-weight: 400\">(nie je s\u00fa\u010das\u0165ou dod\u00e1vky) na sn\u00edmanie fotografi\u00ed a vide\u00ed.<\/span><\/li>\n<li style=\"font-weight: 400\"><b>Automatick\u00e9 uzamknutie po sn\u00edman\u00ed<\/b><span style=\"font-weight: 400\">.<\/span><\/li>\n<li style=\"font-weight: 400\"><span style=\"font-weight: 400\">Okam\u017eit\u00e9 zobrazenie a vymazanie.<\/span><\/li>\n<\/ul>\n<p><b>Pripojte sa a zdie\u013eajte:<\/b><b><br \/>\n<\/b><span style=\"font-weight: 400\">Z adresy <\/span><b>USB-C<\/b><span style=\"font-weight: 400\"> v\u00fdstup umo\u017e\u0148uje pripojenie k po\u010d\u00edta\u010du. A <\/span><b>WIFI<\/b><span style=\"font-weight: 400\"> a <\/span><b>Aplik\u00e1cia PARD Vision2<\/b><span style=\"font-weight: 400\"> na sledovanie \u017eiv\u00e9ho vysielania a jednoduch\u00e9 prezeranie a zdie\u013eanie nahr\u00e1vok.<\/span><\/p>\n<p><b>Odolnos\u0165 a dod\u00e1vka energie:<\/b><b><br \/>\n<\/b><span style=\"font-weight: 400\">Teleskopick\u00fd zameriava\u010d <\/span><b>Ochrana IP67<\/b><span style=\"font-weight: 400\"> tak\u017ee ho mo\u017eno pou\u017e\u00edva\u0165 v 1 m hlbokej vode po\u010das 30 min\u00fat. A <\/span><b>dob\u00edjacia bat\u00e9ria 18650<\/b><span style=\"font-weight: 400\"> ktor\u00fd funguje bu\u010f <\/span><b>6 hod\u00edn prev\u00e1dzky<\/b><span style=\"font-weight: 400\"> poskytuje. \u00daspora energie <\/span><b>re\u017eim sp\u00e1nku<\/b><span style=\"font-weight: 400\"> zvy\u0161uje v\u00fddr\u017e bat\u00e9rie a m\u00e1 mo\u017enos\u0165 <\/span><b>powerbank<\/b><span style=\"font-weight: 400\"> na pripojenie.<\/span><\/p>\n<table dir=\"ltr\" border=\"1\" cellspacing=\"0\" cellpadding=\"0\" data-sheets-root=\"1\" data-sheets-baot=\"1\">\n<colgroup>\n<col width=\"100\" \/>\n<col width=\"100\" \/><\/colgroup>\n<tbody>\n<tr>\n<td>Senzor<\/td>\n<td>640 \u00d7 512 px<\/td>\n<\/tr>\n<tr>\n<td>Teplotn\u00e1 citlivos\u0165<\/td>\n<td>\u2264 20 mK<\/td>\n<\/tr>\n<tr>\n<td>Rozl\u00ed\u0161enie displeja<\/td>\n<td>800 \u00d7 800 px<\/td>\n<\/tr>\n<tr>\n<td>Wi-Fi<\/td>\n<td>\u00c1no<\/td>\n<\/tr>\n<tr>\n<td>Lencse<\/td>\n<td>75 mm<\/td>\n<\/tr>\n<tr>\n<td>Detek\u010dn\u00e1 vzdialenos\u0165<\/td>\n<td>\n<div>\n<div>3900 m (75 mm)<\/div>\n<\/div>\n<\/td>\n<\/tr>\n<tr>\n<td>Optick\u00e9 zv\u00e4\u010d\u0161enie<\/td>\n<td>\n<div>\n<div>3,3x (75 mm)<\/div>\n<\/div>\n<\/td>\n<\/tr>\n<tr>\n<td>Zorn\u00e9 pole<\/td>\n<td>\n<div>\n<div>4,7\u00b0 \u00d7 4,7\u00b0 (75 mm)<\/div>\n<\/div>\n<\/td>\n<\/tr>\n<tr>\n<td>Digit\u00e1lny zoom<\/td>\n<td>8x<\/td>\n<\/tr>\n<tr>\n<td>Dioptrick\u00e1 korekcia<\/td>\n<td>-5D ~ +3D<\/td>\n<\/tr>\n<tr>\n<td>Mo\u017enos\u0165 fotografovania<\/td>\n<td>\u00c1no<\/td>\n<\/tr>\n<tr>\n<td>Mo\u017enos\u0165 vytvori\u0165 video<\/td>\n<td>\u00c1no<\/td>\n<\/tr>\n<tr>\n<td>Stupe\u0148 imunity<\/td>\n<td>IP67<\/td>\n<\/tr>\n<tr>\n<td>Pam\u00e4\u0165<\/td>\n<td>\n<div>\n<div>microSD, 128 GB<\/div>\n<\/div>\n<\/td>\n<\/tr>\n<tr>\n<td>Prev\u00e1dzkov\u00e1 teplota<\/td>\n<td>-30\u00b0C ~ 55\u00b0C<\/td>\n<\/tr>\n<tr>\n<td>Bat\u00e9ria<\/td>\n<td>\n<div>\n<div>1x dob\u00edjac\u00ed 18650<\/div>\n<\/div>\n<\/td>\n<\/tr>\n<tr>\n<td>Prev\u00e1dzkov\u00fd \u010das bat\u00e9rie<\/td>\n<td>6 hod\u00edn<\/td>\n<\/tr>\n<tr>\n<td>Hmotnos\u0165<\/td>\n<td>681,5 g<\/td>\n<\/tr>\n<tr>\n<td>Ve\u013ekos\u0165<\/td>\n<td>\n<div>\n<div>364 \u00d7 93 \u00d7 82 mm<\/div>\n<\/div>\n<\/td>\n<\/tr>\n<\/tbody>\n<\/table>\n<p><strong>Obsah balenia:<\/strong><\/p>\n<ul>\n<li>Termokamera pu\u0161koh\u013ead PARD PANTERA 640<\/li>\n<li>1 dob\u00edjacia bat\u00e9ria 18650<\/li>\n<li>1 ochrann\u00e9 neopr\u00e9nov\u00e9 puzdro<\/li>\n<li>1 sada mont\u00e1\u017enych kr\u00fa\u017ekov<\/li>\n<li>1 k\u00e1bel USB-C<\/li>\n<li>1 \u0161\u00e1lka na o\u010di<\/li>\n<li>N\u00e1vod na pou\u017eitie<\/li>\n<\/ul>\n<p>Ofici\u00e1lna str\u00e1nka zna\u010dky: <a href=\"https:\/\/eu.pard.com\/product\/thermal-imaging-scope-pantera-series\">https:\/\/eu.pard.com\/product\/thermal-imaging-scope-pantera-series<\/a><\/p>","protected":false},"excerpt":{"rendered":"<ul>\n<li style=\"font-weight: 400\"><b>Senzor<\/b><span style=\"font-weight: 400\">: 640 \u00d7 512 px, 12 \u03bcm<\/span><\/li>\n<li style=\"font-weight: 400\"><b>Mo\u017enosti objekt\u00edvu<\/b><span style=\"font-weight: 400\">: 75 mm<\/span><\/li>\n<li style=\"font-weight: 400\"><b>Teplotn\u00e1 citlivos\u0165<\/b><span style=\"font-weight: 400\">\u2264 20 mK<\/span><\/li>\n<li style=\"font-weight: 400\"><b>Detek\u010dn\u00e1 vzdialenos\u0165<\/b><span style=\"font-weight: 400\">: 3900 m (75 mm)<\/span><\/li>\n<li style=\"font-weight: 400\"><b>Optick\u00e9 zv\u00e4\u010d\u0161enie<\/b><span style=\"font-weight: 400\">: 3,3x (75 mm)<\/span><\/li>\n<li style=\"font-weight: 400\"><b>Digit\u00e1lny zoom<\/b><span style=\"font-weight: 400\">: a\u017e 8x<\/span><\/li>\n<li style=\"font-weight: 400\"><b>Zobrazenie<\/b><span style=\"font-weight: 400\">: okr\u00fahly dizajn, rozl\u00ed\u0161enie 800 \u00d7 800 px<\/span><\/li>\n<li style=\"font-weight: 400\"><b>Re\u017eim \u00faspory energie<\/b><span style=\"font-weight: 400\">: sp\u00e1nok<\/span><\/li>\n<li style=\"font-weight: 400\"><b>Prev\u00e1dzkov\u00fd \u010das bat\u00e9rie<\/b><span style=\"font-weight: 400\">: 6 hod\u00edn<\/span><\/li>\n<li style=\"font-weight: 400\"><b>Nap\u00e1janie<\/b><span style=\"font-weight: 400\">: 1 dob\u00edjacia bat\u00e9ria 18650<\/span><\/li>\n<li style=\"font-weight: 400\"><b>Po\u010det farebn\u00fdch paliet<\/b><span style=\"font-weight: 400\">: 6<\/span><\/li>\n<\/ul>","protected":false},"featured_media":3839,"comment_status":"open","ping_status":"closed","template":"","meta":[],"product_brand":[],"product_cat":[30,45],"product_tag":[32,18,217,133],"class_list":{"0":"post-3840","1":"product","2":"type-product","3":"status-publish","4":"has-post-thumbnail","6":"product_cat-celtavcso","7":"product_cat-hokamera","8":"product_tag-celtavcso","9":"product_tag-hokamera","10":"product_tag-pantera","11":"product_tag-pard","13":"first","14":"outofstock","15":"taxable","16":"shipping-taxable","17":"purchasable","18":"product-type-simple"},"jetpack_sharing_enabled":true,"_links":{"self":[{"href":"https:\/\/bestoptika.eu\/sk\/wp-json\/wp\/v2\/product\/3840","targetHints":{"allow":["GET"]}}],"collection":[{"href":"https:\/\/bestoptika.eu\/sk\/wp-json\/wp\/v2\/product"}],"about":[{"href":"https:\/\/bestoptika.eu\/sk\/wp-json\/wp\/v2\/types\/product"}],"replies":[{"embeddable":true,"href":"https:\/\/bestoptika.eu\/sk\/wp-json\/wp\/v2\/comments?post=3840"}],"wp:featuredmedia":[{"embeddable":true,"href":"https:\/\/bestoptika.eu\/sk\/wp-json\/wp\/v2\/media\/3839"}],"wp:attachment":[{"href":"https:\/\/bestoptika.eu\/sk\/wp-json\/wp\/v2\/media?parent=3840"}],"wp:term":[{"taxonomy":"product_brand","embeddable":true,"href":"https:\/\/bestoptika.eu\/sk\/wp-json\/wp\/v2\/product_brand?post=3840"},{"taxonomy":"product_cat","embeddable":true,"href":"https:\/\/bestoptika.eu\/sk\/wp-json\/wp\/v2\/product_cat?post=3840"},{"taxonomy":"product_tag","embeddable":true,"href":"https:\/\/bestoptika.eu\/sk\/wp-json\/wp\/v2\/product_tag?post=3840"}],"curies":[{"name":"wp","href":"https:\/\/api.w.org\/{rel}","templated":true}]}}