{"id":3849,"date":"2025-01-25T19:49:42","date_gmt":"2025-01-25T18:49:42","guid":{"rendered":"https:\/\/bestoptika.eu\/?post_type=product&#038;p=3849"},"modified":"2025-12-30T15:41:23","modified_gmt":"2025-12-30T14:41:23","slug":"pard-pantera-640-lrf-2-0-hokamera-celtavcso-75mm","status":"publish","type":"product","link":"https:\/\/bestoptika.eu\/sk\/product\/pard-pantera-640-lrf-2-0-hokamera-celtavcso-75mm\/","title":{"rendered":"Pard PANTERA 640 LRF 2.0 75mm  termov\u00edzny pu\u0161koh\u013ead"},"content":{"rendered":"<p><strong>Pard PANTERA 640 LRF 2.0 75mm  termov\u00edzny pu\u0161koh\u013ead<\/strong><\/p>\n<p><b>Hlavn\u00e9 vlastnosti:<\/b><\/p>\n<ul>\n<li style=\"font-weight: 400\"><b>Okr\u00fahly displej IPS LCD (800 \u00d7 800 px):<\/b><span style=\"font-weight: 400\"> Poskytuje maxim\u00e1lne zorn\u00e9 pole, bohat\u00fd kontrast a prirodzen\u00e9 pozorovanie, rovnako ako tradi\u010dn\u00e1 denn\u00e1 optika.<\/span><\/li>\n<li style=\"font-weight: 400\"><b>Ultra\u013eahk\u00e9 duralov\u00e9 puzdro:<\/b><span style=\"font-weight: 400\"> \u013dahk\u00e1 kon\u0161trukcia na jednoduch\u00fa manipul\u00e1ciu a pohodln\u00e9 pou\u017e\u00edvanie.<\/span><\/li>\n<li style=\"font-weight: 400\"><b>Vysokocitliv\u00fd sn\u00edma\u010d (640 \u00d7 512 px, NETD \u2264 20 mK):<\/b><span style=\"font-weight: 400\"> Poskytuje v\u00fdnimo\u010dne jasn\u00fd a detailn\u00fd obraz aj v n\u00e1ro\u010dn\u00fdch podmienkach.<\/span><\/li>\n<li style=\"font-weight: 400\"><b>Detek\u010dn\u00e1 vzdialenos\u0165 do 3900 m (75 mm objekt\u00edv):<\/b><span style=\"font-weight: 400\"> Vyberte si z dvoch mo\u017enost\u00ed objekt\u00edvov pod\u013ea svojich potrieb.<\/span><\/li>\n<li style=\"font-weight: 400\"><b>Laserov\u00fd dia\u013ekomer do 1000 m:<\/b><span style=\"font-weight: 400\"> Presn\u00e9 meranie vzdialenosti v kompaktnom telese \u010falekoh\u013eadu.<\/span><\/li>\n<li style=\"font-weight: 400\"><b>6 re\u017eimov zobrazenia (White Hot, Black Hot, Red Hot, EDGE, IN HOT, SKY) a 3 pozorovacie sc\u00e9ny (City, Rain, Forest):<\/b><span style=\"font-weight: 400\"> Optim\u00e1lne prisp\u00f4sobenie displeja pre r\u00f4zne podmienky.<\/span><\/li>\n<\/ul>\n<p><b>Nahr\u00e1vanie a pripojenie:<\/b><\/p>\n<ul>\n<li style=\"font-weight: 400\"><b>Sn\u00edmajte fotografie a vide\u00e1:<\/b><span style=\"font-weight: 400\"> karta microSD (max. 128 GB, nie je s\u00fa\u010das\u0165ou balenia).<\/span><\/li>\n<li style=\"font-weight: 400\"><b>Automatick\u00e9 uzamknutie po sn\u00edman\u00ed:<\/b><span style=\"font-weight: 400\"> R\u00fdchla spr\u00e1va s\u00faborov s mo\u017enos\u0165ou okam\u017eit\u00e9ho prehr\u00e1vania alebo vymazania.<\/span><\/li>\n<li style=\"font-weight: 400\"><b>Pripojte sa cez USB-C alebo Wi-Fi:<\/b><span style=\"font-weight: 400\"> Priamy prenos a zdie\u013eanie z\u00e1znamov pomocou slu\u017eby PARD Vision2.<\/span><\/li>\n<\/ul>\n<p><b>Odolnos\u0165 a dod\u00e1vky energie:<\/b><\/p>\n<ul>\n<li style=\"font-weight: 400\"><b>Stupe\u0148 ochrany IP67:<\/b><span style=\"font-weight: 400\"> Odoln\u00e9 vo\u010di vode a prachu, vodotesn\u00e9 do h\u013abky 1 metra po dobu 30 min\u00fat.<\/span><\/li>\n<li style=\"font-weight: 400\"><b>Dob\u00edjacia bat\u00e9ria 18650:<\/b> S v\u00fddr\u017eou bat\u00e9rie a\u017e 6 hod\u00edn, \u00fasporn\u00fdm re\u017eimom sp\u00e1nku a mo\u017enos\u0165ou pripojenia powerbanky na dlh\u0161ie pou\u017e\u00edvanie.<\/li>\n<\/ul>\n<table dir=\"ltr\" border=\"1\" cellspacing=\"0\" cellpadding=\"0\" data-sheets-root=\"1\" data-sheets-baot=\"1\">\n<colgroup>\n<col width=\"100\" \/>\n<col width=\"100\" \/><\/colgroup>\n<tbody>\n<tr>\n<td>Senzor<\/td>\n<td>640 \u00d7 512 px<\/td>\n<\/tr>\n<tr>\n<td>Teplotn\u00e1 citlivos\u0165<\/td>\n<td>\u2266 20 mK<\/td>\n<\/tr>\n<tr>\n<td>Rozl\u00ed\u0161enie displeja<\/td>\n<td>800 \u00d7 800 px<\/td>\n<\/tr>\n<tr>\n<td>Wi-Fi<\/td>\n<td>\u00c1no<\/td>\n<\/tr>\n<tr>\n<td>\u0160o\u0161ovka<\/td>\n<td>75 mm<\/td>\n<\/tr>\n<tr>\n<td>Detek\u010dn\u00e1 vzdialenos\u0165<\/td>\n<td>3900 m<\/td>\n<\/tr>\n<tr>\n<td>Optick\u00e9 zv\u00e4\u010d\u0161enie<\/td>\n<td>3,3x<\/td>\n<\/tr>\n<tr>\n<td>Zorn\u00e9 pole<\/td>\n<td>4,7\u00b0 \u00d7 4,7\u00b0<\/td>\n<\/tr>\n<tr>\n<td>Digit\u00e1lny zoom<\/td>\n<td>8x<\/td>\n<\/tr>\n<tr>\n<td>Dioptrick\u00e1 korekcia<\/td>\n<td>-5D ~ +3D<\/td>\n<\/tr>\n<tr>\n<td>Mo\u017enos\u0165 fotografovania<\/td>\n<td>\u00c1no<\/td>\n<\/tr>\n<tr>\n<td>Mo\u017enos\u0165 vytvori\u0165 video<\/td>\n<td>\u00c1no<\/td>\n<\/tr>\n<tr>\n<td>\u00darove\u0148 imunity<\/td>\n<td>IP67<\/td>\n<\/tr>\n<tr>\n<td>Pam\u00e4\u0165<\/td>\n<td>\n<div>\n<div>microSD, 128 GB<\/div>\n<\/div>\n<\/td>\n<\/tr>\n<tr>\n<td>Prev\u00e1dzkov\u00e1 teplota<\/td>\n<td>\n<div>\n<div>-30\u00b0C a\u017e +55\u00b0C<\/div>\n<\/div>\n<\/td>\n<\/tr>\n<tr>\n<td>Bat\u00e9ria<\/td>\n<td>\n<div>\n<div>1x dob\u00edjac\u00ed 18650<\/div>\n<\/div>\n<\/td>\n<\/tr>\n<tr>\n<td>Prev\u00e1dzkov\u00fd \u010das bat\u00e9rie<\/td>\n<td>6 hod\u00edn<\/td>\n<\/tr>\n<tr>\n<td>Hmotnos\u0165<\/td>\n<td>681,5 g<\/td>\n<\/tr>\n<tr>\n<td>Rozmery<\/td>\n<td>\n<div>\n<div>364 \u00d7 93 \u00d7 82 mm<\/div>\n<\/div>\n<\/td>\n<\/tr>\n<\/tbody>\n<\/table>\n<p>Ofici\u00e1lna str\u00e1nka zna\u010dky: <a href=\"https:\/\/eu.pard.com\/product\/thermal-imaging-scope-pantera-640-2.0\">https:\/\/eu.pard.com\/product\/thermal-imaging-scope-pantera-640-2.0<\/a><\/p>\n<p><strong>Obsah balenia:<\/strong><\/p>\n<ul>\n<li style=\"font-weight: 400\"><span style=\"font-weight: 400\">Pu\u0161koh\u013ead PARD PANTERA 640 LRF s termov\u00edznou kamerou<\/span><\/li>\n<li style=\"font-weight: 400\"><span style=\"font-weight: 400\">1x dob\u00edjacia bat\u00e9ria 18650<\/span><\/li>\n<li style=\"font-weight: 400\"><span style=\"font-weight: 400\">1x ochrann\u00e9 neopr\u00e9nov\u00e9 puzdro<\/span><\/li>\n<li style=\"font-weight: 400\"><span style=\"font-weight: 400\">1x mont\u00e1\u017ene kr\u00fa\u017eky (30 mm)<\/span><\/li>\n<li style=\"font-weight: 400\"><span style=\"font-weight: 400\">1x k\u00e1bel USB-C<\/span><\/li>\n<li style=\"font-weight: 400\"><span style=\"font-weight: 400\">1x o\u010dn\u00fd poh\u00e1r<\/span><\/li>\n<li style=\"font-weight: 400\"><span style=\"font-weight: 400\">N\u00e1vod na pou\u017eitie<\/span><\/li>\n<\/ul>","protected":false},"excerpt":{"rendered":"<ul>\n<li>A <strong>75 mm objekt\u00edv<\/strong> poskytuje v\u00fdnimo\u010dn\u00fa jasnos\u0165 a jemn\u00e9 detaily v kombin\u00e1cii s 3,8-n\u00e1sobn\u00fdm zv\u00e4\u010d\u0161en\u00edm, tak\u017ee je ide\u00e1lny na pozorovanie na ve\u013ek\u00fa vzdialenos\u0165 a presn\u00e9 fotografovanie.<\/li>\n<li>Je vybaven\u00fd laserov\u00fdm dia\u013ekomerom s dosahom a\u017e 1000 m.<\/li>\n<li><strong>A PARD PANTERA 640 LRF<\/strong> spo\u013eahliv\u00fd termov\u00edzny pu\u0161koh\u013ead pre t\u00fdch, ktor\u00ed po\u017eaduj\u00fa vysok\u00fa kvalitu obrazu, jednoduch\u00e9 pou\u017e\u00edvanie a odolnos\u0165 v najn\u00e1ro\u010dnej\u0161\u00edch podmienkach.<\/li>\n<\/ul>","protected":false},"featured_media":3852,"comment_status":"open","ping_status":"closed","template":"","meta":[],"product_brand":[],"product_cat":[30,45],"product_tag":[32,18,217,133],"class_list":{"0":"post-3849","1":"product","2":"type-product","3":"status-publish","4":"has-post-thumbnail","6":"product_cat-celtavcso","7":"product_cat-hokamera","8":"product_tag-celtavcso","9":"product_tag-hokamera","10":"product_tag-pantera","11":"product_tag-pard","13":"first","14":"outofstock","15":"sale","16":"taxable","17":"shipping-taxable","18":"purchasable","19":"product-type-simple"},"jetpack_sharing_enabled":true,"_links":{"self":[{"href":"https:\/\/bestoptika.eu\/sk\/wp-json\/wp\/v2\/product\/3849","targetHints":{"allow":["GET"]}}],"collection":[{"href":"https:\/\/bestoptika.eu\/sk\/wp-json\/wp\/v2\/product"}],"about":[{"href":"https:\/\/bestoptika.eu\/sk\/wp-json\/wp\/v2\/types\/product"}],"replies":[{"embeddable":true,"href":"https:\/\/bestoptika.eu\/sk\/wp-json\/wp\/v2\/comments?post=3849"}],"wp:featuredmedia":[{"embeddable":true,"href":"https:\/\/bestoptika.eu\/sk\/wp-json\/wp\/v2\/media\/3852"}],"wp:attachment":[{"href":"https:\/\/bestoptika.eu\/sk\/wp-json\/wp\/v2\/media?parent=3849"}],"wp:term":[{"taxonomy":"product_brand","embeddable":true,"href":"https:\/\/bestoptika.eu\/sk\/wp-json\/wp\/v2\/product_brand?post=3849"},{"taxonomy":"product_cat","embeddable":true,"href":"https:\/\/bestoptika.eu\/sk\/wp-json\/wp\/v2\/product_cat?post=3849"},{"taxonomy":"product_tag","embeddable":true,"href":"https:\/\/bestoptika.eu\/sk\/wp-json\/wp\/v2\/product_tag?post=3849"}],"curies":[{"name":"wp","href":"https:\/\/api.w.org\/{rel}","templated":true}]}}