{"id":3866,"date":"2025-01-27T20:27:49","date_gmt":"2025-01-27T19:27:49","guid":{"rendered":"https:\/\/bestoptika.eu\/?post_type=product&#038;p=3866"},"modified":"2025-12-30T15:41:02","modified_gmt":"2025-12-30T14:41:02","slug":"pard-pantera-640-zoom-lrf-hokamera-celtavcso-75mm","status":"publish","type":"product","link":"https:\/\/bestoptika.eu\/sk\/product\/pard-pantera-640-zoom-lrf-hokamera-celtavcso-75mm\/","title":{"rendered":"Pard PANTERA 640 ZOOM LRF 75mm termov\u00edzny pu\u0161koh\u013ead s laserov\u00fdm dia\u013ekomerom"},"content":{"rendered":"<p><strong>Pard PANTERA 640 ZOOM LRF 75mm termov\u00edzny pu\u0161koh\u013ead s laserov\u00fdm dia\u013ekomerom<\/strong><\/p>\n<p><span style=\"font-weight: 400\">V\u00fdrobca PARD predstavuje revolu\u010dn\u00fa novinku vo svete pu\u0161koh\u013eadov. Nov\u00fd PARD PANTERA 640 ZOOM LRF s laserov\u00fdm dia\u013ekomerom do 1000 m. Pr\u00edstroj m\u00e1 pohodln\u00fd okr\u00fahly displej a ultra\u013eahk\u00e9 duralov\u00e9 puzdro. Elegantn\u00fd pr\u00edstroj s vynikaj\u00facou kvalitou obrazu a jednoduchou obsluhou v \u010deskom jazyku.<\/span><\/p>\n<ul>\n<li style=\"font-weight: 400\"><b>Okr\u00fahly displej<\/b><\/li>\n<li style=\"font-weight: 400\"><b>Ultra\u013eahk\u00e9 duralov\u00e9 puzdro<\/b><\/li>\n<li style=\"font-weight: 400\"><b>Senzor<\/b><span style=\"font-weight: 400\">: 640 \u00d7 512 px<\/span><\/li>\n<li style=\"font-weight: 400\"><b>Teplotn\u00e1 citlivos\u0165<\/b><span style=\"font-weight: 400\">\u2264 20 mK<\/span><\/li>\n<li style=\"font-weight: 400\"><b>Detek\u010dn\u00e1 vzdialenos\u0165<\/b><span style=\"font-weight: 400\">: do 2600\/3900 metrov<\/span><\/li>\n<li style=\"font-weight: 400\"><b>Laserov\u00fd dia\u013ekomer<\/b>: do 1000 m<\/li>\n<\/ul>\n<p><span style=\"font-weight: 400\">Termokamera PARD PANTERA 640 ZOOM LRF pon\u00faka sn\u00edma\u010d s rozl\u00ed\u0161en\u00edm 640 \u00d7 512 px a tepelnou citlivos\u0165ou NETD \u2264 20 mK, ktor\u00fd poskytuje mimoriadne jasn\u00e9 sn\u00edmky s p\u00f4sobiv\u00fdmi detailmi.<\/span><\/p>\n<p><b>Vyberte si z ponuky objekt\u00edvov:<\/b><span style=\"font-weight: 400\"> 50 mm a\u017e 75 mm. Detek\u010dn\u00e1 vzdialenos\u0165 z\u00e1vis\u00ed od zvolen\u00e9ho objekt\u00edvu a pohybuje sa od 2600 do 3900 metrov.<\/span><\/p>\n<p><span style=\"font-weight: 400\">Okr\u00fahly <\/span><b>Displej IPS LCD<\/b><span style=\"font-weight: 400\"> S rozl\u00ed\u0161en\u00edm 800 \u00d7 800 px poskytuje klasick\u00fd z\u00e1\u017eitok z pu\u0161koh\u013eadu s maxim\u00e1lnym zorn\u00fdm po\u013eom. Poskytuje jasn\u00fd obraz s bohat\u00fdm kontrastom a mimoriadne \u0161irok\u00fdm zorn\u00fdm po\u013eom pre lep\u0161iu preh\u013eadnos\u0165. R\u00fdchly reak\u010dn\u00fd \u010das umo\u017e\u0148uje prirodzenej\u0161ie pozorovanie ako pri pou\u017eit\u00ed be\u017enej dennej optiky.<\/span><\/p>\n<p><span style=\"font-weight: 400\">V\u010faka 6 obrazov\u00fdm re\u017eimom (White Hot, Black Hot, Red Hot, EDGE, IN HOT, SKY) a trom sc\u00e9nam pozorovania (City, Rain, Forest) je pozorovanie e\u0161te pr\u00edjemnej\u0161ie.<\/span><\/p>\n<p><span style=\"font-weight: 400\">Fotografie a vide\u00e1 m\u00f4\u017eete sn\u00edma\u0165 po in\u0161tal\u00e1cii karty MicroSD (do 128 GB, nie je s\u00fa\u010das\u0165ou balenia). Ve\u013emi u\u017eito\u010dnou funkciou pu\u0161koh\u013eadu je mo\u017enos\u0165 spusti\u0165 automatick\u00e9 nahr\u00e1vanie po nasn\u00edman\u00ed, ako aj mo\u017enos\u0165 okam\u017eit\u00e9ho zobrazenia alebo vymazania zaznamenan\u00fdch sn\u00edmok.<\/span><\/p>\n<p><span style=\"font-weight: 400\">M\u00f4\u017eete ho pripoji\u0165 k po\u010d\u00edta\u010du cez v\u00fdstup USB-C alebo k <\/span><b>WIFI a APP PARD Vision2<\/b><span style=\"font-weight: 400\"> aplik\u00e1ciu na sledovanie \u017eiv\u00e9ho vysielania, pohodln\u00e9 prezeranie nasn\u00edman\u00fdch fotografi\u00ed a vide\u00ed a ich zdie\u013eanie so svojimi bl\u00edzkymi.<\/span><\/p>\n<p><span style=\"font-weight: 400\">Teleskopick\u00fd zameriava\u010d <\/span><b>S kryt\u00edm IP67<\/b><span style=\"font-weight: 400\"> (odoln\u00fd vo\u010di prachu a vode, ponorite\u013en\u00fd do 30 min\u00fat vo vode s h\u013abkou do 1 metra). <\/span><b>Bat\u00e9ria 18650<\/b><span style=\"font-weight: 400\"> ktor\u00fd poskytuje a\u017e 6 hod\u00edn v\u00fddr\u017ee bat\u00e9rie. Re\u017eim sp\u00e1nku pom\u00e1ha \u0161etri\u0165 energiu bat\u00e9rie a je mo\u017en\u00e9 pripoji\u0165 extern\u00fa powerbanku.<\/span><\/p>\n<table dir=\"ltr\" border=\"1\" cellspacing=\"0\" cellpadding=\"0\" data-sheets-root=\"1\" data-sheets-baot=\"1\">\n<colgroup>\n<col width=\"100\" \/>\n<col width=\"100\" \/><\/colgroup>\n<tbody>\n<tr>\n<td>Senzor<\/td>\n<td>640 \u00d7 512 px<\/td>\n<\/tr>\n<tr>\n<td>Teplotn\u00e1 citlivos\u0165<\/td>\n<td>\u2266 20 mK<\/td>\n<\/tr>\n<tr>\n<td>Rozl\u00ed\u0161enie displeja<\/td>\n<td>800 \u00d7 800 px<\/td>\n<\/tr>\n<tr>\n<td>Wi-Fi<\/td>\n<td>\u00c1no<\/td>\n<\/tr>\n<tr>\n<td>Lencse<\/td>\n<td>75 mm<\/td>\n<\/tr>\n<tr>\n<td>Detek\u010dn\u00e1 vzdialenos\u0165<\/td>\n<td>\n<div>\n<div>3900 m<\/div>\n<\/div>\n<\/td>\n<\/tr>\n<tr>\n<td>Optick\u00e9 zv\u00e4\u010d\u0161enie<\/td>\n<td>3,3x<\/td>\n<\/tr>\n<tr>\n<td>Zorn\u00e9 pole<\/td>\n<td>\n<div>\n<div>4,7\u00b0 \u00d7 4,7\u00b0<\/div>\n<\/div>\n<\/td>\n<\/tr>\n<tr>\n<td>Digit\u00e1lny zoom<\/td>\n<td>8x<\/td>\n<\/tr>\n<tr>\n<td>Dioptrick\u00e1 korekcia<\/td>\n<td>-5D ~ +3D<\/td>\n<\/tr>\n<tr>\n<td>Mo\u017enos\u0165 fotografovania<\/td>\n<td>\u00c1no<\/td>\n<\/tr>\n<tr>\n<td>Zariadenia na tvorbu vide\u00ed<\/td>\n<td>\u00c1no<\/td>\n<\/tr>\n<tr>\n<td>Stupe\u0148 krytia<\/td>\n<td>IP67<\/td>\n<\/tr>\n<tr>\n<td>Pam\u00e4\u0165<\/td>\n<td>\n<div>\n<div>microSD, 128 GB<\/div>\n<\/div>\n<\/td>\n<\/tr>\n<tr>\n<td>Prev\u00e1dzkov\u00e1 teplota<\/td>\n<td>-30\u00b0C ~ +55\u00b0C<\/td>\n<\/tr>\n<tr>\n<td>Bat\u00e9ria<\/td>\n<td>\n<div>\n<div>1x dob\u00edjac\u00ed 18650<\/div>\n<\/div>\n<\/td>\n<\/tr>\n<tr>\n<td>V\u00fddr\u017e bat\u00e9rie<\/td>\n<td>6 hod\u00edn<\/td>\n<\/tr>\n<tr>\n<td>Hmotnos\u0165<\/td>\n<td>681,5 g<\/td>\n<\/tr>\n<tr>\n<td>Rozmery<\/td>\n<td>\n<div>\n<div>364 \u00d7 93 \u00d7 82 mm<\/div>\n<\/div>\n<\/td>\n<\/tr>\n<\/tbody>\n<\/table>\n<p><strong>Obsah balenia:<\/strong><\/p>\n<ul>\n<li>Pu\u0161koh\u013ead PARD PANTERA 640 ZOOM LRF s termov\u00edziou<\/li>\n<li>1x dob\u00edjacia bat\u00e9ria 18650<\/li>\n<li>1x ochrann\u00e9 neopr\u00e9nov\u00e9 puzdro<\/li>\n<li>1x mont\u00e1\u017ene kr\u00fa\u017eky<\/li>\n<li>1x k\u00e1bel USB-C<\/li>\n<li>1x o\u010dn\u00fd poh\u00e1r<\/li>\n<li>N\u00e1vod na pou\u017eitie<\/li>\n<\/ul>\n<p>Ofici\u00e1lna str\u00e1nka zna\u010dky: <a href=\"https:\/\/eu.pard.com\/product\/thermal-imaging-scope-pantera-zoom\">https:\/\/eu.pard.com\/product\/thermal-imaging-scope-pantera-zoom<\/a><\/p>","protected":false},"excerpt":{"rendered":"<p>Nov\u00fd termov\u00edzny pu\u0161koh\u013ead PARD PANTERA 640 ZOOM LRF s laserov\u00fdm dia\u013ekomerom do 1000 m.<\/p>\n<ul>\n<li>Senzor: 640 \u00d7 512 px, 12 \u03bcm<\/li>\n<li>Objekt\u00edv: 50 mm<\/li>\n<li>Tepeln\u00e1 citlivos\u0165: \u2264 20 mK<\/li>\n<li>Detek\u010dn\u00e1 vzdialenos\u0165: 2600 m<\/li>\n<li>Optick\u00e9 zv\u00e4\u010d\u0161enie: 2,2x<\/li>\n<li>Digit\u00e1lny zoom: a\u017e 8x<\/li>\n<li>Okr\u00fahly displej: 800 \u00d7 800 px<\/li>\n<li>Re\u017eim \u00faspory energie (sp\u00e1nok)<\/li>\n<li>V\u00fddr\u017e bat\u00e9rie: 6 hod\u00edn<\/li>\n<li>Nap\u00e1janie: 1x dob\u00edjacia bat\u00e9ria 18650<\/li>\n<li>6 farebn\u00fdch paliet<\/li>\n<\/ul>","protected":false},"featured_media":3865,"comment_status":"open","ping_status":"closed","template":"","meta":[],"product_brand":[],"product_cat":[30,45],"product_tag":[32,18,217,133],"class_list":{"0":"post-3866","1":"product","2":"type-product","3":"status-publish","4":"has-post-thumbnail","6":"product_cat-celtavcso","7":"product_cat-hokamera","8":"product_tag-celtavcso","9":"product_tag-hokamera","10":"product_tag-pantera","11":"product_tag-pard","13":"first","14":"outofstock","15":"taxable","16":"shipping-taxable","17":"purchasable","18":"product-type-simple"},"jetpack_sharing_enabled":true,"_links":{"self":[{"href":"https:\/\/bestoptika.eu\/sk\/wp-json\/wp\/v2\/product\/3866","targetHints":{"allow":["GET"]}}],"collection":[{"href":"https:\/\/bestoptika.eu\/sk\/wp-json\/wp\/v2\/product"}],"about":[{"href":"https:\/\/bestoptika.eu\/sk\/wp-json\/wp\/v2\/types\/product"}],"replies":[{"embeddable":true,"href":"https:\/\/bestoptika.eu\/sk\/wp-json\/wp\/v2\/comments?post=3866"}],"wp:featuredmedia":[{"embeddable":true,"href":"https:\/\/bestoptika.eu\/sk\/wp-json\/wp\/v2\/media\/3865"}],"wp:attachment":[{"href":"https:\/\/bestoptika.eu\/sk\/wp-json\/wp\/v2\/media?parent=3866"}],"wp:term":[{"taxonomy":"product_brand","embeddable":true,"href":"https:\/\/bestoptika.eu\/sk\/wp-json\/wp\/v2\/product_brand?post=3866"},{"taxonomy":"product_cat","embeddable":true,"href":"https:\/\/bestoptika.eu\/sk\/wp-json\/wp\/v2\/product_cat?post=3866"},{"taxonomy":"product_tag","embeddable":true,"href":"https:\/\/bestoptika.eu\/sk\/wp-json\/wp\/v2\/product_tag?post=3866"}],"curies":[{"name":"wp","href":"https:\/\/api.w.org\/{rel}","templated":true}]}}