{"id":3909,"date":"2025-01-31T16:04:19","date_gmt":"2025-01-31T15:04:19","guid":{"rendered":"https:\/\/bestoptika.eu\/?post_type=product&#038;p=3909"},"modified":"2026-03-30T19:18:30","modified_gmt":"2026-03-30T17:18:30","slug":"pard-ocelot-256-hokamera-celtavcso","status":"publish","type":"product","link":"https:\/\/bestoptika.eu\/sk\/product\/pard-ocelot-256-hokamera-celtavcso\/","title":{"rendered":"Pard OCELOT 256 termov\u00edzny pu\u0161koh\u013ead"},"content":{"rendered":"<p><strong>Pard OCELOT 256 h\u0151kamera c\u00e9lt\u00e1vcs\u0151<\/strong><\/p>\n<p><span style=\"font-weight: 400\">K\u00fcl\u00f6nb\u00f6z\u0151 magass\u00e1g\u00fa gombokkal van felszerelve, amelyek megakad\u00e1lyozz\u00e1k a v\u00e9letlen \u00e9rint\u00e9seket, \u00e9s pontos navig\u00e1ci\u00f3t biztos\u00edtanak.<\/span><\/p>\n<p><span style=\"font-weight: 400\">Fejlett l\u00e9zeres t\u00e1vols\u00e1gm\u00e9r\u0151vel rendelkezik, amely 1000 m\u00e9teres hat\u00f3t\u00e1vval b\u00edr. A ballisztikai kalkul\u00e1tor figyelembe veszi az olyan t\u00e9nyez\u0151ket, mint a l\u00f6ved\u00e9k kezd\u0151sebess\u00e9ge \u00e9s s\u00falya, val\u00f3s idej\u0171 c\u00e9lpontt\u00e1vols\u00e1got biztos\u00edt, \u00e9s megmutatja a becs\u00fclt becsap\u00f3d\u00e1si pontot, lehet\u0151v\u00e9 t\u00e9ve a hat\u00e9kony \u00e9s pontos c\u00e9lz\u00e1st m\u00e9g a legs\u00f6t\u00e9tebb \u00e9jszak\u00e1kon is.<\/span><\/p>\n<p><span style=\"font-weight: 400\">K\u00f6nny\u0171 \u00e9s nagy szil\u00e1rds\u00e1g\u00fa alum\u00ednium\u00f6tv\u00f6zetb\u0151l k\u00e9sz\u00fclt, amely kiv\u00e1l\u00f3 karc- \u00e9s kop\u00e1s\u00e1ll\u00f3s\u00e1got biztos\u00edt, m\u00e9g a vad\u00e1szat zord k\u00f6r\u00fclm\u00e9nyei k\u00f6z\u00f6tt is.<\/span><\/p>\n<table dir=\"ltr\" border=\"1\" cellspacing=\"0\" cellpadding=\"0\" data-sheets-root=\"1\" data-sheets-baot=\"1\">\n<colgroup>\n<col width=\"100\" \/>\n<col width=\"100\" \/><\/colgroup>\n<tbody>\n<tr>\n<td>Szenzor<\/td>\n<td><\/td>\n<\/tr>\n<tr>\n<td>T\u00edpus<\/td>\n<td>\n<div>\n<div>H\u0171t\u00e9s n\u00e9lk\u00fcli Vox (van\u00e1dium-oxid)<\/div>\n<\/div>\n<\/td>\n<\/tr>\n<tr>\n<td>Felbont\u00e1s (pixel)<\/td>\n<td>256\u00d7192<\/td>\n<\/tr>\n<tr>\n<td>Pixel M\u00e9ret (\u00b5m)<\/td>\n<td>12\u00d712<\/td>\n<\/tr>\n<tr>\n<td>NETD (mK)<\/td>\n<td>\n<div>\n<div>\u226425mK (0,025\u00b0C)<\/div>\n<\/div>\n<\/td>\n<\/tr>\n<tr>\n<td>K\u00e9pfriss\u00edt\u00e9s (Hz)<\/td>\n<td>50<\/td>\n<\/tr>\n<tr>\n<td>\u00c9rz\u00e9kel\u00e9si T\u00e1vols\u00e1g (m)<\/td>\n<td>900<\/td>\n<\/tr>\n<tr>\n<td>Optika<\/td>\n<td><\/td>\n<\/tr>\n<tr>\n<td>Objekt\u00edv Lencse (mm)<\/td>\n<td>19<\/td>\n<\/tr>\n<tr>\n<td>Optikai Nagy\u00edt\u00e1s (x)<\/td>\n<td>3.2<\/td>\n<\/tr>\n<tr>\n<td>Digit\u00e1lis Zoom (x)<\/td>\n<td>2\/4\/6\/8<\/td>\n<\/tr>\n<tr>\n<td>L\u00e1t\u00f3mez\u0151 (V\u00edzszintes)<\/td>\n<td>9.2\u00b0<\/td>\n<\/tr>\n<tr>\n<td>L\u00e1t\u00f3mez\u0151 (F\u00fcgg\u0151leges)<\/td>\n<td>6.9\u00b0<\/td>\n<\/tr>\n<tr>\n<td>L\u00e1t\u00f3mez\u0151 (\u00c1tl\u00f3s)<\/td>\n<td>11.5\u00b0<\/td>\n<\/tr>\n<tr>\n<td>Kil\u00e9p\u0151 Pupilla T\u00e1vols\u00e1g (mm)<\/td>\n<td>30<\/td>\n<\/tr>\n<tr>\n<td>F\u00f3kusztartom\u00e1ny<\/td>\n<td>3m\u2013\u221e<\/td>\n<\/tr>\n<tr>\n<td>Dioptria \u00c1ll\u00edt\u00e1s (D)<\/td>\n<td>-5~5<\/td>\n<\/tr>\n<tr>\n<td>Kijelz\u0151<\/td>\n<td><\/td>\n<\/tr>\n<tr>\n<td>T\u00edpus<\/td>\n<td>OLED<\/td>\n<\/tr>\n<tr>\n<td>Felbont\u00e1s (pixel)<\/td>\n<td>1024\u00d7768<\/td>\n<\/tr>\n<tr>\n<td>Keresztvonal St\u00edlus<\/td>\n<td>5<\/td>\n<\/tr>\n<tr>\n<td>Keresztvonal Sz\u00edn<\/td>\n<td>\n<div>\n<div>4 (Piros\/Feh\u00e9r\/S\u00e1rga\/Z\u00f6ld)<\/div>\n<\/div>\n<\/td>\n<\/tr>\n<tr>\n<td>Jelenet M\u00f3d<\/td>\n<td>V\u00e1ros\/Es\u0151\/Erdei<\/td>\n<\/tr>\n<tr>\n<td>K\u00e9p M\u00f3d<\/td>\n<td>\n<div>\n<div>WT-HOT\/BK-HOT\/RD-HOT\/IN-HOT\/SKY<\/div>\n<\/div>\n<\/td>\n<\/tr>\n<tr>\n<td>F\u00e9nyk\u00e9p\/Vide\u00f3<\/td>\n<td><\/td>\n<\/tr>\n<tr>\n<td>F\u00e9nyk\u00e9p Felbont\u00e1s (pixel)<\/td>\n<td>1024\u00d7768<\/td>\n<\/tr>\n<tr>\n<td>F\u00e9nyk\u00e9p Form\u00e1tum<\/td>\n<td>.JPG<\/td>\n<\/tr>\n<tr>\n<td>Vide\u00f3 Felbont\u00e1s (pixel)<\/td>\n<td>1024\u00d7768<\/td>\n<\/tr>\n<tr>\n<td>Vide\u00f3 Form\u00e1tum<\/td>\n<td>.mp4<\/td>\n<\/tr>\n<tr>\n<td>K\u00e9pkezel\u0151<\/td>\n<td>Pard IREA<\/td>\n<\/tr>\n<tr>\n<td>F\u0151 Funkci\u00f3k<\/td>\n<td><\/td>\n<\/tr>\n<tr>\n<td>LRF \u00c9rz\u00e9kel\u00e9si T\u00e1vols\u00e1g (m\/yd)<\/td>\n<td>&#8211;<\/td>\n<\/tr>\n<tr>\n<td>PIP (K\u00e9p a k\u00e9pben)<\/td>\n<td>Igen<\/td>\n<\/tr>\n<tr>\n<td>Giroszk\u00f3p<\/td>\n<td>Igen<\/td>\n<\/tr>\n<tr>\n<td>Hurok Felv\u00e9tel<\/td>\n<td>Igen<\/td>\n<\/tr>\n<tr>\n<td>E-kompasz<\/td>\n<td>Igen<\/td>\n<\/tr>\n<tr>\n<td>Shutter<\/td>\n<td>Mechanikus z\u00e1r<\/td>\n<\/tr>\n<tr>\n<td>T\u00e1rol\u00e1s (GB)<\/td>\n<td>\n<div>\n<div>Be\u00e9p\u00edtett EMMC (32 GB)<\/div>\n<\/div>\n<\/td>\n<\/tr>\n<tr>\n<td>Mikrofon<\/td>\n<td>Igen<\/td>\n<\/tr>\n<tr>\n<td>Firmware Friss\u00edt\u00e9s<\/td>\n<td>Igen<\/td>\n<\/tr>\n<tr>\n<td>Csatlakoz\u00f3k<\/td>\n<td><\/td>\n<\/tr>\n<tr>\n<td>USB Type-C<\/td>\n<td>Igen<\/td>\n<\/tr>\n<tr>\n<td>WiFi<\/td>\n<td>Igen<\/td>\n<\/tr>\n<tr>\n<td>T\u00e1mogatott Alkalmaz\u00e1sok<\/td>\n<td>PardVision2<\/td>\n<\/tr>\n<tr>\n<td>T\u00e1pegys\u00e9g<\/td>\n<td><\/td>\n<\/tr>\n<tr>\n<td>Akkumul\u00e1tor T\u00edpus<\/td>\n<td>\n<div>\n<div>L\u00edtium-ion 18650<\/div>\n<\/div>\n<\/td>\n<\/tr>\n<tr>\n<td>Kimeneti Fesz\u00fclts\u00e9g (V)<\/td>\n<td>3.7<\/td>\n<\/tr>\n<tr>\n<td>M\u0171k\u00f6d\u00e9si Id\u0151 (\u00f3ra)<\/td>\n<td>\u22646<\/td>\n<\/tr>\n<tr>\n<td>K\u00fcls\u0151 T\u00e1pegys\u00e9g<\/td>\n<td>Type-C<\/td>\n<\/tr>\n<tr>\n<td>\n<div>\n<div>K\u00f6rnyezeti Jellemz\u0151k<\/div>\n<\/div>\n<\/td>\n<td><\/td>\n<\/tr>\n<tr>\n<td>V\u00e9detts\u00e9gi Oszt\u00e1ly<\/td>\n<td>IP67<\/td>\n<\/tr>\n<tr>\n<td>M\u0171k\u00f6d\u00e9si H\u0151m\u00e9rs\u00e9klet (\u00b0C\/\u00b0F)<\/td>\n<td>\n<div>\n<div>-30 ~ +55 \/ -22 ~ +131<\/div>\n<\/div>\n<\/td>\n<\/tr>\n<tr>\n<td>Anyag<\/td>\n<td><\/td>\n<\/tr>\n<tr>\n<td>H\u00e1z<\/td>\n<td>\n<div>\n<div>Alum\u00ednium \u00d6tv\u00f6zet<\/div>\n<\/div>\n<\/td>\n<\/tr>\n<tr>\n<td>Objekt\u00edv Lencse<\/td>\n<td>\n<div>\n<div>Teljes \u00fcveg, t\u00f6bbr\u00e9teg\u0171 bevonat<\/div>\n<\/div>\n<\/td>\n<\/tr>\n<tr>\n<td>M\u00e9retek<\/td>\n<td><\/td>\n<\/tr>\n<tr>\n<td>Term\u00e9k M\u00e9rete \/ LRF-fel (L * W * H, mm)<\/td>\n<td>180\u00d765\u00d740<\/td>\n<\/tr>\n<tr>\n<td>Nett\u00f3 S\u00faly \/ Db (g)<\/td>\n<td>420<\/td>\n<\/tr>\n<\/tbody>\n<\/table>\n<div class=\"group\/conversation-turn relative flex w-full min-w-0 flex-col agent-turn\">\n<div class=\"flex-col gap-1 md:gap-3\">\n<div class=\"flex max-w-full flex-col flex-grow\">\n<div class=\"min-h-8 text-message flex w-full flex-col items-end gap-2 whitespace-normal break-words text-start [.text-message+&amp;]:mt-5\" dir=\"auto\" data-message-author-role=\"assistant\" data-message-id=\"3f0f3ee8-523b-4618-a5db-3e49c398b71f\" data-message-model-slug=\"gpt-4o-mini\">\n<div class=\"flex w-full flex-col gap-1 empty:hidden first:pt-[3px]\">\n<div class=\"markdown prose w-full break-words dark:prose-invert light\">\n<p>A csomag tartalma:<\/p>\n<ul>\n<li>PARD OCELOT 256 h\u0151kamera c\u00e9lt\u00e1vcs\u0151<\/li>\n<li>1 db \u00fajrat\u00f6lthet\u0151 Li-ion 18650 akkumul\u00e1tor<\/li>\n<li>Er\u0151s tok<\/li>\n<li>Sz\u00f6vet bor\u00edt\u00e1s<\/li>\n<li>Weaver szerel\u00e9k<\/li>\n<li>V\u00e1llp\u00e1nt<\/li>\n<li>USB-C csatlakoz\u00f3 k\u00e1bel<\/li>\n<li>Haszn\u00e1lati utas\u00edt\u00e1s<\/li>\n<\/ul>\n<\/div>\n<\/div>\n<\/div>\n<\/div>\n<\/div>\n<\/div>\n<p>A m\u00e1rka hivatalos oldala: <a href=\"https:\/\/eu.pard.com\/product\/thermal-imaging-scope-ocelot-256\">https:\/\/eu.pard.com\/product\/thermal-imaging-scope-ocelot-256<\/a><\/p>\n","protected":false},"excerpt":{"rendered":"<p><span style=\"font-weight: 400\">Obsahuje sn\u00edma\u010d s vysok\u00fdm rozl\u00ed\u0161en\u00edm 256 \u00d7 192 pixelov doplnen\u00fd \u0161pi\u010dkovou technol\u00f3giou Vox bez chladenia, ktor\u00e1 zaru\u010duje bohat\u00fa a jasn\u00fa vidite\u013enos\u0165 detailov.<\/span><\/p>\n<p><span style=\"font-weight: 400\">Dok\u00e1\u017ee rozpozna\u0165 jemn\u00e9 teplotn\u00e9 rozdiely pod 0,02 \u2103, \u010d\u00edm poskytuje jasnej\u0161ie a detailnej\u0161ie sn\u00edmky, ktor\u00e9 u\u013eah\u010duj\u00fa identifik\u00e1ciu objektov v r\u00f4znych poveternostn\u00fdch podmienkach.<\/span><\/p>","protected":false},"featured_media":3910,"comment_status":"open","ping_status":"closed","template":"","meta":[],"product_brand":[],"product_cat":[30,45],"product_tag":[32,18,226,133],"class_list":{"0":"post-3909","1":"product","2":"type-product","3":"status-publish","4":"has-post-thumbnail","6":"product_cat-celtavcso","7":"product_cat-hokamera","8":"product_tag-celtavcso","9":"product_tag-hokamera","10":"product_tag-ocelot","11":"product_tag-pard","13":"first","14":"onbackorder","15":"taxable","16":"shipping-taxable","17":"purchasable","18":"product-type-simple"},"jetpack_sharing_enabled":true,"_links":{"self":[{"href":"https:\/\/bestoptika.eu\/sk\/wp-json\/wp\/v2\/product\/3909","targetHints":{"allow":["GET"]}}],"collection":[{"href":"https:\/\/bestoptika.eu\/sk\/wp-json\/wp\/v2\/product"}],"about":[{"href":"https:\/\/bestoptika.eu\/sk\/wp-json\/wp\/v2\/types\/product"}],"replies":[{"embeddable":true,"href":"https:\/\/bestoptika.eu\/sk\/wp-json\/wp\/v2\/comments?post=3909"}],"wp:featuredmedia":[{"embeddable":true,"href":"https:\/\/bestoptika.eu\/sk\/wp-json\/wp\/v2\/media\/3910"}],"wp:attachment":[{"href":"https:\/\/bestoptika.eu\/sk\/wp-json\/wp\/v2\/media?parent=3909"}],"wp:term":[{"taxonomy":"product_brand","embeddable":true,"href":"https:\/\/bestoptika.eu\/sk\/wp-json\/wp\/v2\/product_brand?post=3909"},{"taxonomy":"product_cat","embeddable":true,"href":"https:\/\/bestoptika.eu\/sk\/wp-json\/wp\/v2\/product_cat?post=3909"},{"taxonomy":"product_tag","embeddable":true,"href":"https:\/\/bestoptika.eu\/sk\/wp-json\/wp\/v2\/product_tag?post=3909"}],"curies":[{"name":"wp","href":"https:\/\/api.w.org\/{rel}","templated":true}]}}