{"id":3917,"date":"2025-02-01T16:03:19","date_gmt":"2025-02-01T15:03:19","guid":{"rendered":"https:\/\/bestoptika.eu\/?post_type=product&#038;p=3917"},"modified":"2025-07-01T19:29:16","modified_gmt":"2025-07-01T17:29:16","slug":"pard-ocelot-480-lrf-35mm-hokamera-celtavcso","status":"publish","type":"product","link":"https:\/\/bestoptika.eu\/sk\/product\/pard-ocelot-480-lrf-35mm-hokamera-celtavcso\/","title":{"rendered":"Pard OCELOT 480 LRF 35mm termov\u00edzny pu\u0161koh\u013ead"},"content":{"rendered":"<p><strong>Pard OCELOT 480 LRF 35mm termov\u00edzny pu\u0161koh\u013ead<\/strong><\/p>\n<p><span style=\"font-weight: 400\">Okr\u00fahly displej IPS s rozl\u00ed\u0161en\u00edm 800 * 800, ktor\u00fd zodpoved\u00e1 tvaru \u013eudsk\u00e9ho oka. V\u00fdsledkom je prirodzenej\u0161ie zobrazenie.<\/span><\/p>\n<p><span style=\"font-weight: 400\">Tla\u010didl\u00e1 s\u00fa navrhnut\u00e9 v r\u00f4znych v\u00fd\u0161kach, aby sa zabr\u00e1nilo n\u00e1hodn\u00fdm dotykom a zabezpe\u010dila sa presn\u00e1 navig\u00e1cia.<\/span><\/p>\n<p><span style=\"font-weight: 400\">Pokro\u010dil\u00fd laserov\u00fd dia\u013ekomer s dosahom 1000 m. Balistick\u00e1 kalkula\u010dka zoh\u013ead\u0148uje faktory, ako je po\u010diato\u010dn\u00e1 r\u00fdchlos\u0165 a hmotnos\u0165 projektilu, poskytuje \u00fadaje o vzdialenosti cie\u013ea v re\u00e1lnom \u010dase a zobrazuje odhadovan\u00fd bod z\u00e1sahu na efekt\u00edvne a presn\u00e9 zamierenie aj v najtmav\u0161\u00edch nociach.<\/span><\/p>\n<p><span style=\"font-weight: 400\">Pou\u017eitie \u013eahkej a vysokopevnostnej hlin\u00edkovej zliatiny zabezpe\u010duje vynikaj\u00facu odolnos\u0165 proti po\u0161kriabaniu a oderu, a to aj v n\u00e1ro\u010dn\u00fdch podmienkach lovu.<\/span><\/p>\n<table dir=\"ltr\" border=\"1\" cellspacing=\"0\" cellpadding=\"0\" data-sheets-root=\"1\" data-sheets-baot=\"1\">\n<colgroup>\n<col width=\"100\" \/>\n<col width=\"100\" \/><\/colgroup>\n<tbody>\n<tr>\n<td>Sn\u00edma\u010d tepla<\/td>\n<td><\/td>\n<\/tr>\n<tr>\n<td>Typ<\/td>\n<td>\n<div>\n<div>Nechladen\u00fd VOx (oxid vanadi\u010dit\u00fd)<\/div>\n<\/div>\n<\/td>\n<\/tr>\n<tr>\n<td>Rozl\u00ed\u0161enie (pixely)<\/td>\n<td>480*360<\/td>\n<\/tr>\n<tr>\n<td>Ve\u013ekos\u0165 pixla (\u00b5m)<\/td>\n<td>12*12<\/td>\n<\/tr>\n<tr>\n<td>NETD<\/td>\n<td>\n<div>\n<div>\u226420 mK (0,02 \u00b0C)<\/div>\n<\/div>\n<\/td>\n<\/tr>\n<tr>\n<td>Sn\u00edmkov\u00e1 frekvencia (Hz)<\/td>\n<td>50<\/td>\n<\/tr>\n<tr>\n<td>Vzdialenos\u0165 detekcie \u010dloveka (m)<\/td>\n<td>1800\/2600<\/td>\n<\/tr>\n<tr>\n<td>Optika<\/td>\n<td><\/td>\n<\/tr>\n<tr>\n<td>Objekt\u00edv (mm)<\/td>\n<td>35\/50<\/td>\n<\/tr>\n<tr>\n<td>Optick\u00e9 zv\u00e4\u010d\u0161enie (x)<\/td>\n<td>2,3\/3,3<\/td>\n<\/tr>\n<tr>\n<td>Digit\u00e1lny zoom (x)<\/td>\n<td>2\/4\/6\/8<\/td>\n<\/tr>\n<tr>\n<td>Zorn\u00e9 pole (horizont\u00e1lne)<\/td>\n<td>7,1\u00b0\/5,0\u00b0<\/td>\n<\/tr>\n<tr>\n<td>Zorn\u00e9 pole (vertik\u00e1lne)<\/td>\n<td>7,1\u00b0\/5,0\u00b0<\/td>\n<\/tr>\n<tr>\n<td>Zorn\u00e9 pole (uhloprie\u010dka)<\/td>\n<td>10,0\u00b0\/7,0\u00b0<\/td>\n<\/tr>\n<tr>\n<td>O\u010dn\u00fd reli\u00e9f (mm)<\/td>\n<td>100<\/td>\n<\/tr>\n<tr>\n<td>Nastavenie dioptri\u00ed (D)<\/td>\n<td>-5~3<\/td>\n<\/tr>\n<tr>\n<td>Zobrazenie<\/td>\n<td><\/td>\n<\/tr>\n<tr>\n<td>Typ<\/td>\n<td>IPS<\/td>\n<\/tr>\n<tr>\n<td>Rozl\u00ed\u0161enie (pixely)<\/td>\n<td>800*800<\/td>\n<\/tr>\n<tr>\n<td>Orient \u0161t\u00fdl<\/td>\n<td>6<\/td>\n<\/tr>\n<tr>\n<td>Cie\u013eov\u00e1 farba<\/td>\n<td>\n<div>\n<div>4 (\u010derven\u00e1\/biela\/\u017elt\u00e1\/zelen\u00e1)<\/div>\n<\/div>\n<\/td>\n<\/tr>\n<tr>\n<td>Obchodn\u00fd re\u017eim<\/td>\n<td>Mesto\/Trubka\/Les<\/td>\n<\/tr>\n<tr>\n<td>Re\u017eim obrazu<\/td>\n<td>\n<div>\n<div>WT-HOT\/BK-HOT\/EDGE\/RD-HOT\/IN-HOT\/SKY<\/div>\n<\/div>\n<\/td>\n<\/tr>\n<tr>\n<td>Foto \/ Video<\/td>\n<td><\/td>\n<\/tr>\n<tr>\n<td>Rozl\u00ed\u0161enie fotografie (pixely)<\/td>\n<td>1536*1536<\/td>\n<\/tr>\n<tr>\n<td>Form\u00e1t fotografie<\/td>\n<td>.JPG<\/td>\n<\/tr>\n<tr>\n<td>Rozl\u00ed\u0161enie videa (pixely)<\/td>\n<td>768*768<\/td>\n<\/tr>\n<tr>\n<td>Form\u00e1t videa<\/td>\n<td>.mp4<\/td>\n<\/tr>\n<tr>\n<td>Depozit\u00e1r (GB)<\/td>\n<td>\n<div>\n<div>Karta Micro SD (max. 128 GB)<\/div>\n<\/div>\n<\/td>\n<\/tr>\n<tr>\n<td>Motor na spracovanie obrazu<\/td>\n<td>Pard IREA<\/td>\n<\/tr>\n<tr>\n<td>Hlavn\u00e9 funkcie<\/td>\n<td><\/td>\n<\/tr>\n<tr>\n<td>Detek\u010dn\u00e1 vzdialenos\u0165 LRF (m\/yds)<\/td>\n<td>1000\/1200<\/td>\n<\/tr>\n<tr>\n<td>Balistick\u00e1 kalkula\u010dka<\/td>\n<td>\u00c1no<\/td>\n<\/tr>\n<tr>\n<td>PIP<\/td>\n<td>\u00c1no<\/td>\n<\/tr>\n<tr>\n<td>Giroscope<\/td>\n<td>\u00c1no<\/td>\n<\/tr>\n<tr>\n<td>Nahr\u00e1vanie aktivovan\u00e9 sp\u00e4tn\u00fdm n\u00e1razom<\/td>\n<td>\u00c1no<\/td>\n<\/tr>\n<tr>\n<td>Priebe\u017en\u00e9 nahr\u00e1vanie<\/td>\n<td>\u00c1no<\/td>\n<\/tr>\n<tr>\n<td>Sledovanie tepla<\/td>\n<td>\u00c1no<\/td>\n<\/tr>\n<tr>\n<td>E-kompas<\/td>\n<td>\u00c1no<\/td>\n<\/tr>\n<tr>\n<td>Mikrof\u00f3n<\/td>\n<td>\u00c1no<\/td>\n<\/tr>\n<tr>\n<td>Aktualiz\u00e1cia firmv\u00e9ru<\/td>\n<td>\u00c1no<\/td>\n<\/tr>\n<tr>\n<td>Pripojenia<\/td>\n<td><\/td>\n<\/tr>\n<tr>\n<td>USB typu C<\/td>\n<td>\u00c1no<\/td>\n<\/tr>\n<tr>\n<td>V\u00fdstup HDMI<\/td>\n<td>\u00c1no<\/td>\n<\/tr>\n<tr>\n<td>WiFi<\/td>\n<td>\u00c1no<\/td>\n<\/tr>\n<tr>\n<td>Podporovan\u00e9 aplik\u00e1cie<\/td>\n<td>PardVision2<\/td>\n<\/tr>\n<tr>\n<td>Z\u00e1sobovanie potravinami<\/td>\n<td><\/td>\n<\/tr>\n<tr>\n<td>Typ bat\u00e9rie<\/td>\n<td>\n<div>\n<div>L\u00edtium-i\u00f3nov\u00e1 21700*1<\/div>\n<\/div>\n<\/td>\n<\/tr>\n<tr>\n<td>V\u00fdstupn\u00e9 nap\u00e4tie (V)<\/td>\n<td>3,7<\/td>\n<\/tr>\n<tr>\n<td>Prev\u00e1dzkov\u00fd \u010das (hodiny)<\/td>\n<td>\u22645<\/td>\n<\/tr>\n<tr>\n<td>Extern\u00e9 nap\u00e1janie (V)<\/td>\n<td>Typ C<\/td>\n<\/tr>\n<tr>\n<td>\n<div>\n<div>Charakteristika prostredia<\/div>\n<\/div>\n<\/td>\n<td><\/td>\n<\/tr>\n<tr>\n<td>Stupe\u0148 imunity<\/td>\n<td>IP67<\/td>\n<\/tr>\n<tr>\n<td>Prev\u00e1dzkov\u00e1 teplota (\u00b0C\/\u00b0F)<\/td>\n<td>\n<div>\n<div>-30 ~ +55 \/ -22 ~ +131<\/div>\n<\/div>\n<\/td>\n<\/tr>\n<tr>\n<td>Odolnos\u0165 proti sp\u00e4tn\u00e9mu r\u00e1zu (J)<\/td>\n<td>6000<\/td>\n<\/tr>\n<tr>\n<td>Materi\u00e1l z<\/td>\n<td><\/td>\n<\/tr>\n<tr>\n<td>Dom<\/td>\n<td>\n<div>\n<div>Zliatina hlin\u00edka<\/div>\n<\/div>\n<\/td>\n<\/tr>\n<tr>\n<td>Objekt\u00edv<\/td>\n<td>\n<div>\n<div>Laminovan\u00e9 sklo<\/div>\n<\/div>\n<\/td>\n<\/tr>\n<tr>\n<td>Rozmery<\/td>\n<td><\/td>\n<\/tr>\n<tr>\n<td>Rozmery v\u00fdrobku (V x \u0160 x H, mm)<\/td>\n<td>\n<div>\n<div>Ocelot 480-35mm: 1826879<\/div>\n<\/div>\n<\/td>\n<\/tr>\n<tr>\n<td><\/td>\n<td>\n<div>\n<div>Ocelot 480-50mm: 1826879<\/div>\n<\/div>\n<\/td>\n<\/tr>\n<tr>\n<td>\u010cist\u00e1 hmotnos\u0165 (s bat\u00e9riou\/pr\u00e1zdna, g)<\/td>\n<td>\n<div>\n<div>Ocelot 480-35 mm: 616,5 g<\/div>\n<\/div>\n<\/td>\n<\/tr>\n<tr>\n<td><\/td>\n<td>\n<div>\n<div>Ocelot 480-50 mm: 647,5 g<\/div>\n<\/div>\n<\/td>\n<\/tr>\n<tr>\n<td>Hrub\u00e1 hmotnos\u0165 (s\/bez bat\u00e9rie, g)<\/td>\n<td>540 g<\/td>\n<\/tr>\n<\/tbody>\n<\/table>\n<p>Ofici\u00e1lna str\u00e1nka zna\u010dky: <a href=\"https:\/\/eu.pard.com\/product\/thermal-imaging-scope-ocelot\">https:\/\/eu.pard.com\/product\/thermal-imaging-scope-ocelot<\/a><\/p>","protected":false},"excerpt":{"rendered":"<p><span style=\"font-weight: 400\">Obsahuje sn\u00edma\u010d s vysok\u00fdm rozl\u00ed\u0161en\u00edm 480*360 v kombin\u00e1cii so \u0161pi\u010dkovou chladnou technol\u00f3giou Vox, ktor\u00e1 zaru\u010duje jasn\u00fa vidite\u013enos\u0165 detailn\u00e9ho obrazu.<\/span><\/p>\n<p><span style=\"font-weight: 400\">Rozpozn\u00e1va jemn\u00e9 teplotn\u00e9 rozdiely pod 0,02 \u2103, \u010d\u00edm poskytuje jasnej\u0161ie a detailnej\u0161ie sn\u00edmky a u\u013eah\u010duje identifik\u00e1ciu objektov v r\u00f4znych poveternostn\u00fdch podmienkach.<\/span><\/p>","protected":false},"featured_media":3918,"comment_status":"open","ping_status":"closed","template":"","meta":[],"product_brand":[],"product_cat":[30,45],"product_tag":[32,18,226,133],"class_list":{"0":"post-3917","1":"product","2":"type-product","3":"status-publish","4":"has-post-thumbnail","6":"product_cat-celtavcso","7":"product_cat-hokamera","8":"product_tag-celtavcso","9":"product_tag-hokamera","10":"product_tag-ocelot","11":"product_tag-pard","13":"first","14":"outofstock","15":"taxable","16":"shipping-taxable","17":"purchasable","18":"product-type-simple"},"jetpack_sharing_enabled":true,"_links":{"self":[{"href":"https:\/\/bestoptika.eu\/sk\/wp-json\/wp\/v2\/product\/3917","targetHints":{"allow":["GET"]}}],"collection":[{"href":"https:\/\/bestoptika.eu\/sk\/wp-json\/wp\/v2\/product"}],"about":[{"href":"https:\/\/bestoptika.eu\/sk\/wp-json\/wp\/v2\/types\/product"}],"replies":[{"embeddable":true,"href":"https:\/\/bestoptika.eu\/sk\/wp-json\/wp\/v2\/comments?post=3917"}],"wp:featuredmedia":[{"embeddable":true,"href":"https:\/\/bestoptika.eu\/sk\/wp-json\/wp\/v2\/media\/3918"}],"wp:attachment":[{"href":"https:\/\/bestoptika.eu\/sk\/wp-json\/wp\/v2\/media?parent=3917"}],"wp:term":[{"taxonomy":"product_brand","embeddable":true,"href":"https:\/\/bestoptika.eu\/sk\/wp-json\/wp\/v2\/product_brand?post=3917"},{"taxonomy":"product_cat","embeddable":true,"href":"https:\/\/bestoptika.eu\/sk\/wp-json\/wp\/v2\/product_cat?post=3917"},{"taxonomy":"product_tag","embeddable":true,"href":"https:\/\/bestoptika.eu\/sk\/wp-json\/wp\/v2\/product_tag?post=3917"}],"curies":[{"name":"wp","href":"https:\/\/api.w.org\/{rel}","templated":true}]}}