{"id":3946,"date":"2025-02-02T10:11:52","date_gmt":"2025-02-02T09:11:52","guid":{"rendered":"https:\/\/bestoptika.eu\/?post_type=product&#038;p=3946"},"modified":"2025-09-18T14:04:42","modified_gmt":"2025-09-18T12:04:42","slug":"pard-osprey-640-lrf-35mm-multispektralis-binokular-850nm","status":"publish","type":"product","link":"https:\/\/bestoptika.eu\/sk\/product\/pard-osprey-640-lrf-35mm-multispektralis-binokular-850nm\/","title":{"rendered":"Pard OSPREY 640 LRF 35mm 850nm multispektr\u00e1lny binokul\u00e1r s laserov\u00fdm dia\u013ekomerom a pr\u00edsvitom"},"content":{"rendered":"<p><strong>Pard OSPREY 640 LRF 35mm 850nm multispektr\u00e1lny binokul\u00e1r s laserov\u00fdm dia\u013ekomerom a pr\u00edsvitom<\/strong><\/p>\n<p><span style=\"font-weight: 400\">Z adresy <\/span><b>integrovan\u00e9 infra\u010derven\u00e9 osvetlenie<\/b><span style=\"font-weight: 400\"> a <\/span><b>Moduly LRF 1000 m<\/b><span style=\"font-weight: 400\"> eliminova\u0165 potrebu prepravy alebo in\u0161tal\u00e1cie \u010fal\u0161ieho zariadenia. T\u00e1to str\u00e1nka <\/span><b>starostlivo navrhnut\u00fd syst\u00e9m na jednoduch\u00e9 pren\u00e1\u0161anie a efekt\u00edvne pou\u017e\u00edvanie<\/b><span style=\"font-weight: 400\">.<\/span><\/p>\n<p><span style=\"font-weight: 400\">K dispoz\u00edcii s\u00fa \u0161tyri univerz\u00e1lne kan\u00e1ly (<\/span><b>term\u00e1lne zobrazovanie, denn\u00e9 monitorovanie, no\u010dn\u00e9 videnie a PIP<\/b><span style=\"font-weight: 400\">), ktor\u00e9 umo\u017e\u0148uj\u00fa <\/span><b>S\u00e9ria Osprey na efekt\u00edvne monitorovanie<\/b><span style=\"font-weight: 400\">.<\/span><\/p>\n<p><span style=\"font-weight: 400\">A <\/span><b>tepeln\u00fd kan\u00e1l<\/b><span style=\"font-weight: 400\"> \u013eahko lokalizova\u0165 ciele a r\u00fdchlo ich identifikova\u0165 pomocou <\/span><b>s no\u010dn\u00fdm viden\u00edm alebo denn\u00fdm kan\u00e1lom<\/b><span style=\"font-weight: 400\">, s t\u00fdmto <\/span><b>optimaliz\u00e1cia monitorovacieho pracovn\u00e9ho postupu<\/b><span style=\"font-weight: 400\">.<\/span><\/p>\n<p><b>Citlivos\u0165:<\/b><b><br \/>\n<\/b><span style=\"font-weight: 400\">Schopnos\u0165 zisti\u0165 <\/span><b>jemn\u00e9 teplotn\u00e9 rozdiely pod 0,02 \u2103<\/b><span style=\"font-weight: 400\">, tak\u017ee <\/span><b>ostrej\u0161ie a detailnej\u0161ie sn\u00edmky<\/b><span style=\"font-weight: 400\"> a umo\u017e\u0148uje, aby sa objekty <\/span><b>jednoduch\u0161ia identifik\u00e1cia v r\u00f4znych poveternostn\u00fdch podmienkach<\/b><span style=\"font-weight: 400\">.<\/span><\/p>\n<table dir=\"ltr\" border=\"1\" cellspacing=\"0\" cellpadding=\"0\" data-sheets-root=\"1\" data-sheets-baot=\"1\">\n<colgroup>\n<col width=\"100\" \/>\n<col width=\"100\" \/><\/colgroup>\n<tbody>\n<tr>\n<td>\n<div>\n<div>Senzor termokamery<\/div>\n<\/div>\n<\/td>\n<td><\/td>\n<\/tr>\n<tr>\n<td>Typ<\/td>\n<td>\n<div>\n<div>Nechladen\u00fd VOx (oxid vanadi\u010dit\u00fd)<\/div>\n<\/div>\n<\/td>\n<\/tr>\n<tr>\n<td>Rozl\u00ed\u0161enie (pixely)<\/td>\n<td>640*512<\/td>\n<\/tr>\n<tr>\n<td>Ve\u013ekos\u0165 pixla (\u00b5m)<\/td>\n<td>12*12<\/td>\n<\/tr>\n<tr>\n<td>NETD<\/td>\n<td>\u226420mK (0,02\u2103)<\/td>\n<\/tr>\n<tr>\n<td>Sn\u00edmkov\u00e1 frekvencia (Hz)<\/td>\n<td>50<\/td>\n<\/tr>\n<tr>\n<td>Vzdialenos\u0165 detekcie (m)<\/td>\n<td>1800<\/td>\n<\/tr>\n<tr>\n<td>Zobrazovac\u00ed motor<\/td>\n<td>Pard IREA<\/td>\n<\/tr>\n<tr>\n<td>Objekt\u00edv Objekt\u00edv (mm)<\/td>\n<td>35<\/td>\n<\/tr>\n<tr>\n<td>Optick\u00fd zoom (x)<\/td>\n<td>2.4<\/td>\n<\/tr>\n<tr>\n<td>Digit\u00e1lny zoom (x)<\/td>\n<td>2\/4\/6\/8<\/td>\n<\/tr>\n<tr>\n<td>Zorn\u00e9 pole (horizont\u00e1lne)<\/td>\n<td>12,5\u00b0<\/td>\n<\/tr>\n<tr>\n<td>Zorn\u00e9 pole (vertik\u00e1lne)<\/td>\n<td>10,0\u00b0<\/td>\n<\/tr>\n<tr>\n<td>Zorn\u00e9 pole (diagon\u00e1lne)<\/td>\n<td>16,0\u00b0<\/td>\n<\/tr>\n<tr>\n<td>Ohniskov\u00e1 vzdialenos\u0165<\/td>\n<td>3 m - \u221e<\/td>\n<\/tr>\n<tr>\n<td>\n<div>\n<div>Senzor vidite\u013en\u00e9ho svetla<\/div>\n<\/div>\n<\/td>\n<td><\/td>\n<\/tr>\n<tr>\n<td>Rozl\u00ed\u0161enie (pixely)<\/td>\n<td>2688*1520<\/td>\n<\/tr>\n<tr>\n<td>Ve\u013ekos\u0165 pixla (\u00b5m)<\/td>\n<td>2.9<\/td>\n<\/tr>\n<tr>\n<td>Citlivos\u0165 (lux)<\/td>\n<td>0.001<\/td>\n<\/tr>\n<tr>\n<td>Sn\u00edmkov\u00e1 frekvencia (Hz)<\/td>\n<td>\n<div>\n<div>Farebn\u00e9: 60 \/ Monochromatick\u00e9: 30<\/div>\n<\/div>\n<\/td>\n<\/tr>\n<tr>\n<td>Objekt\u00edv Objekt\u00edv (mm)<\/td>\n<td>50<\/td>\n<\/tr>\n<tr>\n<td>Optick\u00fd zoom (x)<\/td>\n<td>3.5<\/td>\n<\/tr>\n<tr>\n<td>Digit\u00e1lny zoom (x)<\/td>\n<td>2\/3<\/td>\n<\/tr>\n<tr>\n<td>Zorn\u00e9 pole (horizont\u00e1lne)<\/td>\n<td>6,4\u00b0<\/td>\n<\/tr>\n<tr>\n<td>Zorn\u00e9 pole (vertik\u00e1lne)<\/td>\n<td>4,8\u00b0<\/td>\n<\/tr>\n<tr>\n<td>Zorn\u00e9 pole (diagon\u00e1lne)<\/td>\n<td>8\u00b0<\/td>\n<\/tr>\n<tr>\n<td>Ohniskov\u00e1 vzdialenos\u0165<\/td>\n<td>3 m - \u221e<\/td>\n<\/tr>\n<tr>\n<td>Zobrazenie<\/td>\n<td><\/td>\n<\/tr>\n<tr>\n<td>Typ<\/td>\n<td>LCD<\/td>\n<\/tr>\n<tr>\n<td>Rozl\u00ed\u0161enie (pixely)<\/td>\n<td>640*480<\/td>\n<\/tr>\n<tr>\n<td>Re\u017eimy sc\u00e9ny<\/td>\n<td>\n<div>\n<div>Mesto \/ d\u00e1\u017e\u010f \/ les<\/div>\n<\/div>\n<\/td>\n<\/tr>\n<tr>\n<td>Obr\u00e1zky<\/td>\n<td>\n<div>\n<div>WT-HOT \/ BK-HOT \/ EDGE \/ RD-HOT \/ IN-HOT \/ SKY<\/div>\n<\/div>\n<\/td>\n<\/tr>\n<tr>\n<td>Foto \/ Video<\/td>\n<td><\/td>\n<\/tr>\n<tr>\n<td>Rozl\u00ed\u0161enie fotografie (pixely)<\/td>\n<td>\n<div>\n<div>Termokamera: 20481536 \/ No\u010dn\u00e9 videnie: 20481536<\/div>\n<\/div>\n<\/td>\n<\/tr>\n<tr>\n<td>Form\u00e1t fotografie<\/td>\n<td>.JPG<\/td>\n<\/tr>\n<tr>\n<td>Rozl\u00ed\u0161enie videa (pixely)<\/td>\n<td>\n<div>\n<div>Termokamera: 1024768 \/ No\u010dn\u00e9 videnie: 19201440<\/div>\n<\/div>\n<\/td>\n<\/tr>\n<tr>\n<td>Form\u00e1t videa<\/td>\n<td>.mp4<\/td>\n<\/tr>\n<tr>\n<td>Depozit\u00e1r (GB)<\/td>\n<td>\n<div>\n<div>Karta Micro SD (max. 128 GB)<\/div>\n<\/div>\n<\/td>\n<\/tr>\n<tr>\n<td>Hlavn\u00e9 funkcie<\/td>\n<td><\/td>\n<\/tr>\n<tr>\n<td>Detek\u010dn\u00fd rozsah LRF (m\/yds)<\/td>\n<td>1000 \/ 1200<\/td>\n<\/tr>\n<tr>\n<td>PIP (obraz v obraze)<\/td>\n<td>\u00c1no<\/td>\n<\/tr>\n<tr>\n<td>Giroscope<\/td>\n<td>\u00c1no<\/td>\n<\/tr>\n<tr>\n<td>Cyklick\u00e9 nahr\u00e1vanie<\/td>\n<td>\u00c1no<\/td>\n<\/tr>\n<tr>\n<td>E-kompas<\/td>\n<td>\u00c1no<\/td>\n<\/tr>\n<tr>\n<td>Z\u00e1mok<\/td>\n<td>Mechanick\u00fd z\u00e1mok<\/td>\n<\/tr>\n<tr>\n<td>Mikrof\u00f3n<\/td>\n<td>\u00c1no<\/td>\n<\/tr>\n<tr>\n<td>Aktualiz\u00e1cia firmv\u00e9ru<\/td>\n<td>\u00c1no<\/td>\n<\/tr>\n<tr>\n<td>IR ilumin\u00e1tor<\/td>\n<td><\/td>\n<\/tr>\n<tr>\n<td>IR v\u00fdkon (W)<\/td>\n<td>5<\/td>\n<\/tr>\n<tr>\n<td>\u00darove\u0148 IR osvetlenia<\/td>\n<td>3 \u00farovne<\/td>\n<\/tr>\n<tr>\n<td>IR vlnov\u00e1 d\u013a\u017eka (nm)<\/td>\n<td>850 \/ 940<\/td>\n<\/tr>\n<tr>\n<td>Konektory<\/td>\n<td><\/td>\n<\/tr>\n<tr>\n<td>USB typu C<\/td>\n<td>\u00c1no<\/td>\n<\/tr>\n<tr>\n<td>V\u00fdstup HDMI<\/td>\n<td>\u00c1no<\/td>\n<\/tr>\n<tr>\n<td>WiFi<\/td>\n<td>\u00c1no<\/td>\n<\/tr>\n<tr>\n<td>Podporovan\u00e9 aplik\u00e1cie<\/td>\n<td>PardVision2<\/td>\n<\/tr>\n<tr>\n<td>Z\u00e1sobovanie potravinami<\/td>\n<td><\/td>\n<\/tr>\n<tr>\n<td>Typ bat\u00e9rie<\/td>\n<td>\n<div>\n<div>L\u00edtium-i\u00f3nov\u00e1 21700*1<\/div>\n<\/div>\n<\/td>\n<\/tr>\n<tr>\n<td>V\u00fdstupn\u00e9 nap\u00e4tie (V)<\/td>\n<td>3.7<\/td>\n<\/tr>\n<tr>\n<td>Prev\u00e1dzkov\u00fd \u010das (hodiny, max.)<\/td>\n<td>\u22646<\/td>\n<\/tr>\n<tr>\n<td>Extern\u00e9 nap\u00e1janie (V)<\/td>\n<td>USB typu C<\/td>\n<\/tr>\n<tr>\n<td>\n<div>\n<div>Charakteristika prostredia<\/div>\n<\/div>\n<\/td>\n<td><\/td>\n<\/tr>\n<tr>\n<td>Stupe\u0148 vzdelania<\/td>\n<td>IP67<\/td>\n<\/tr>\n<tr>\n<td>Prev\u00e1dzkov\u00e1 teplota (\u00b0C\/\u00b0F)<\/td>\n<td>\n<div>\n<div>-30 ~ +55 \/ -22 ~ +131<\/div>\n<\/div>\n<\/td>\n<\/tr>\n<tr>\n<td>Materi\u00e1l z<\/td>\n<td><\/td>\n<\/tr>\n<tr>\n<td>Objekt\u00edv<\/td>\n<td>\n<div>\n<div>Celosklenen\u00e9, s viacvrstvovou povrchovou \u00fapravou<\/div>\n<\/div>\n<\/td>\n<\/tr>\n<tr>\n<td>Rozmery<\/td>\n<td><\/td>\n<\/tr>\n<tr>\n<td>Ve\u013ekos\u0165 v\u00fdrobku (V x \u0160 x H, mm)<\/td>\n<td>22013758<\/td>\n<\/tr>\n<tr>\n<td>\u010cist\u00e1 hmotnos\u0165 (LRF a s bat\u00e9riou, g)<\/td>\n<td>704.5<\/td>\n<\/tr>\n<\/tbody>\n<\/table>\n<p>Ofici\u00e1lna str\u00e1nka zna\u010dky: <a href=\"https:\/\/eu.pard.com\/product\/binocular-osprey\">https:\/\/eu.pard.com\/product\/binocular-osprey<\/a><\/p>","protected":false},"excerpt":{"rendered":"<p><b>Sn\u00edma\u010d s vysok\u00fdm rozl\u00ed\u0161en\u00edm 640*512<\/b><span style=\"font-weight: 400\">, ktor\u00e1 je na \u0161pi\u010dkovej technologickej \u00farovni, <\/span><b>s technol\u00f3giou VOx, ktor\u00e1 nevy\u017eaduje chladenie<\/b><span style=\"font-weight: 400\"> v spojen\u00ed s cie\u013eom <\/span><b>jasn\u00e1 vidite\u013enos\u0165 jeho bohat\u00fdch detailov a funkci\u00ed<\/b><span style=\"font-weight: 400\">.<\/span><\/p>\n<p><span style=\"font-weight: 400\">Za\u017eite bezkonkuren\u010dn\u00fd z\u00e1\u017eitok z <\/span><b>s plne tesniacou, m\u00e4kkou silik\u00f3novou maskou na o\u010di<\/b><span style=\"font-weight: 400\">, ktor\u00e9 <\/span><b>blokuje svetlo<\/b><span style=\"font-weight: 400\">a <\/span><b>poskytuje dokonal\u00fa izol\u00e1ciu<\/b><span style=\"font-weight: 400\"> proti vonkaj\u0161iemu svetlu z <\/span><b>optim\u00e1lny z\u00e1\u017eitok zo sledovania<\/b><span style=\"font-weight: 400\"> v porad\u00ed.<\/span><\/p>","protected":false},"featured_media":3947,"comment_status":"open","ping_status":"closed","template":"","meta":[],"product_brand":[],"product_cat":[39,45,96],"product_tag":[125,40,18,228,133,97],"class_list":{"0":"post-3946","1":"product","2":"type-product","3":"status-publish","4":"has-post-thumbnail","6":"product_cat-digitalis-ejjellato","7":"product_cat-hokamera","8":"product_cat-tavolsagmero","9":"product_tag-binokular","10":"product_tag-ejjellato","11":"product_tag-hokamera","12":"product_tag-osprey","13":"product_tag-pard","14":"product_tag-tavolsagmero","16":"first","17":"outofstock","18":"taxable","19":"shipping-taxable","20":"purchasable","21":"product-type-simple"},"jetpack_sharing_enabled":true,"_links":{"self":[{"href":"https:\/\/bestoptika.eu\/sk\/wp-json\/wp\/v2\/product\/3946","targetHints":{"allow":["GET"]}}],"collection":[{"href":"https:\/\/bestoptika.eu\/sk\/wp-json\/wp\/v2\/product"}],"about":[{"href":"https:\/\/bestoptika.eu\/sk\/wp-json\/wp\/v2\/types\/product"}],"replies":[{"embeddable":true,"href":"https:\/\/bestoptika.eu\/sk\/wp-json\/wp\/v2\/comments?post=3946"}],"wp:featuredmedia":[{"embeddable":true,"href":"https:\/\/bestoptika.eu\/sk\/wp-json\/wp\/v2\/media\/3947"}],"wp:attachment":[{"href":"https:\/\/bestoptika.eu\/sk\/wp-json\/wp\/v2\/media?parent=3946"}],"wp:term":[{"taxonomy":"product_brand","embeddable":true,"href":"https:\/\/bestoptika.eu\/sk\/wp-json\/wp\/v2\/product_brand?post=3946"},{"taxonomy":"product_cat","embeddable":true,"href":"https:\/\/bestoptika.eu\/sk\/wp-json\/wp\/v2\/product_cat?post=3946"},{"taxonomy":"product_tag","embeddable":true,"href":"https:\/\/bestoptika.eu\/sk\/wp-json\/wp\/v2\/product_tag?post=3946"}],"curies":[{"name":"wp","href":"https:\/\/api.w.org\/{rel}","templated":true}]}}