{"id":4011,"date":"2025-03-06T17:30:46","date_gmt":"2025-03-06T16:30:46","guid":{"rendered":"https:\/\/bestoptika.eu\/?post_type=product&#038;p=4011"},"modified":"2025-03-06T17:31:41","modified_gmt":"2025-03-06T16:31:41","slug":"nagy-technika-3-tipus-940nm","status":"publish","type":"product","link":"https:\/\/bestoptika.eu\/sk\/product\/nagy-technika-3-tipus-940nm\/","title":{"rendered":"Nagy-Technika typ 3 - 940 Nm"},"content":{"rendered":"<p>Potenciometrick\u00fd, tich\u00fd sp\u00edna\u010d s kontrolkou. Zaostrovate\u013en\u00e1, plynul\u00e1, digit\u00e1lna regul\u00e1cia jasu.\/zapne sa pri vypnutej \u00farovni jasu\/<\/p>","protected":false},"excerpt":{"rendered":"<ul>\n<li>R\u00farka \u2300: 28 mm<\/li>\n<li>Hlava \u2300: 35 mm<\/li>\n<li>Lencse \u2300: 28m<\/li>\n<li>D\u013a\u017eka: 145-160 mm<\/li>\n<li>Po\u017eiadavky na bat\u00e9riu: 1\u00d718650<\/li>\n<li>Hmotnos\u0165: 135g !!<\/li>\n<li>940 Nm<\/li>\n<li><\/li>\n<\/ul>","protected":false},"featured_media":4012,"comment_status":"open","ping_status":"closed","template":"","meta":[],"product_brand":[],"product_cat":[148],"product_tag":[230],"class_list":{"0":"post-4011","1":"product","2":"type-product","3":"status-publish","4":"has-post-thumbnail","6":"product_cat-infraveto","7":"product_tag-nagy-technika","9":"first","10":"instock","11":"taxable","12":"shipping-taxable","13":"purchasable","14":"product-type-simple"},"jetpack_sharing_enabled":true,"_links":{"self":[{"href":"https:\/\/bestoptika.eu\/sk\/wp-json\/wp\/v2\/product\/4011","targetHints":{"allow":["GET"]}}],"collection":[{"href":"https:\/\/bestoptika.eu\/sk\/wp-json\/wp\/v2\/product"}],"about":[{"href":"https:\/\/bestoptika.eu\/sk\/wp-json\/wp\/v2\/types\/product"}],"replies":[{"embeddable":true,"href":"https:\/\/bestoptika.eu\/sk\/wp-json\/wp\/v2\/comments?post=4011"}],"wp:featuredmedia":[{"embeddable":true,"href":"https:\/\/bestoptika.eu\/sk\/wp-json\/wp\/v2\/media\/4012"}],"wp:attachment":[{"href":"https:\/\/bestoptika.eu\/sk\/wp-json\/wp\/v2\/media?parent=4011"}],"wp:term":[{"taxonomy":"product_brand","embeddable":true,"href":"https:\/\/bestoptika.eu\/sk\/wp-json\/wp\/v2\/product_brand?post=4011"},{"taxonomy":"product_cat","embeddable":true,"href":"https:\/\/bestoptika.eu\/sk\/wp-json\/wp\/v2\/product_cat?post=4011"},{"taxonomy":"product_tag","embeddable":true,"href":"https:\/\/bestoptika.eu\/sk\/wp-json\/wp\/v2\/product_tag?post=4011"}],"curies":[{"name":"wp","href":"https:\/\/api.w.org\/{rel}","templated":true}]}}