{"id":4013,"date":"2025-03-06T17:32:05","date_gmt":"2025-03-06T16:32:05","guid":{"rendered":"https:\/\/bestoptika.eu\/?post_type=product&#038;p=4013"},"modified":"2025-03-06T17:33:29","modified_gmt":"2025-03-06T16:33:29","slug":"nagy-technika-4-tipus-850nm","status":"publish","type":"product","link":"https:\/\/bestoptika.eu\/sk\/product\/nagy-technika-4-tipus-850nm\/","title":{"rendered":"Nagy-Technika Typ 4 - 850 Nm"},"content":{"rendered":"<p>Norm\u00e1lne tla\u010didlo. Zaostrovate\u013en\u00e1 trojstup\u0148ov\u00e1 digit\u00e1lna regul\u00e1cia jasu \/zapne sa pri vypnutej \u00farovni jasu\/.<\/p>","protected":false},"excerpt":{"rendered":"<ul>\n<li>R\u00farka \u2300: 25,4 mm<\/li>\n<li>Hlava \u2300: 44 mm<\/li>\n<li>Objekt\u00edv \u2300: 33 mm<\/li>\n<li>D\u013a\u017eka: 135-150 mm<\/li>\n<li>Po\u017eiadavky na bat\u00e9riu: 1\u00d718650<\/li>\n<li>IP65<\/li>\n<li>Hmotnos\u0165: 190g !!<\/li>\n<li>850 Nm<\/li>\n<li><\/li>\n<\/ul>","protected":false},"featured_media":4014,"comment_status":"open","ping_status":"closed","template":"","meta":[],"product_brand":[],"product_cat":[148],"product_tag":[230],"class_list":{"0":"post-4013","1":"product","2":"type-product","3":"status-publish","4":"has-post-thumbnail","6":"product_cat-infraveto","7":"product_tag-nagy-technika","9":"first","10":"instock","11":"taxable","12":"shipping-taxable","13":"purchasable","14":"product-type-simple"},"jetpack_sharing_enabled":true,"_links":{"self":[{"href":"https:\/\/bestoptika.eu\/sk\/wp-json\/wp\/v2\/product\/4013","targetHints":{"allow":["GET"]}}],"collection":[{"href":"https:\/\/bestoptika.eu\/sk\/wp-json\/wp\/v2\/product"}],"about":[{"href":"https:\/\/bestoptika.eu\/sk\/wp-json\/wp\/v2\/types\/product"}],"replies":[{"embeddable":true,"href":"https:\/\/bestoptika.eu\/sk\/wp-json\/wp\/v2\/comments?post=4013"}],"wp:featuredmedia":[{"embeddable":true,"href":"https:\/\/bestoptika.eu\/sk\/wp-json\/wp\/v2\/media\/4014"}],"wp:attachment":[{"href":"https:\/\/bestoptika.eu\/sk\/wp-json\/wp\/v2\/media?parent=4013"}],"wp:term":[{"taxonomy":"product_brand","embeddable":true,"href":"https:\/\/bestoptika.eu\/sk\/wp-json\/wp\/v2\/product_brand?post=4013"},{"taxonomy":"product_cat","embeddable":true,"href":"https:\/\/bestoptika.eu\/sk\/wp-json\/wp\/v2\/product_cat?post=4013"},{"taxonomy":"product_tag","embeddable":true,"href":"https:\/\/bestoptika.eu\/sk\/wp-json\/wp\/v2\/product_tag?post=4013"}],"curies":[{"name":"wp","href":"https:\/\/api.w.org\/{rel}","templated":true}]}}