{"id":4017,"date":"2025-03-06T17:34:50","date_gmt":"2025-03-06T16:34:50","guid":{"rendered":"https:\/\/bestoptika.eu\/?post_type=product&#038;p=4017"},"modified":"2025-03-06T17:36:36","modified_gmt":"2025-03-06T16:36:36","slug":"nagy-technika-kiegeszito-allithato-gombfejes-lampatarto","status":"publish","type":"product","link":"https:\/\/bestoptika.eu\/sk\/product\/nagy-technika-kiegeszito-allithato-gombfejes-lampatarto\/","title":{"rendered":"Pr\u00edslu\u0161enstvo Nagy-Technika - nastavite\u013en\u00fd dr\u017eiak lampy s gu\u013eovou hlavou"},"content":{"rendered":"<p>Dr\u017eiak lampy, nastavite\u013en\u00fd \/ale m\u00f4\u017ee by\u0165 aj pevn\u00fd\/.<\/p>","protected":false},"excerpt":{"rendered":"<ul>\n<li>gu\u013eov\u00e1 hlava<\/li>\n<li>r\u00fdchloup\u00ednacie kovanie<\/li>\n<li>weaver\/picatinny rail<\/li>\n<\/ul>","protected":false},"featured_media":4018,"comment_status":"open","ping_status":"closed","template":"","meta":[],"product_brand":[],"product_cat":[231],"product_tag":[230],"class_list":{"0":"post-4017","1":"product","2":"type-product","3":"status-publish","4":"has-post-thumbnail","6":"product_cat-tartozek","7":"product_tag-nagy-technika","9":"first","10":"instock","11":"taxable","12":"shipping-taxable","13":"purchasable","14":"product-type-simple"},"jetpack_sharing_enabled":true,"_links":{"self":[{"href":"https:\/\/bestoptika.eu\/sk\/wp-json\/wp\/v2\/product\/4017","targetHints":{"allow":["GET"]}}],"collection":[{"href":"https:\/\/bestoptika.eu\/sk\/wp-json\/wp\/v2\/product"}],"about":[{"href":"https:\/\/bestoptika.eu\/sk\/wp-json\/wp\/v2\/types\/product"}],"replies":[{"embeddable":true,"href":"https:\/\/bestoptika.eu\/sk\/wp-json\/wp\/v2\/comments?post=4017"}],"wp:featuredmedia":[{"embeddable":true,"href":"https:\/\/bestoptika.eu\/sk\/wp-json\/wp\/v2\/media\/4018"}],"wp:attachment":[{"href":"https:\/\/bestoptika.eu\/sk\/wp-json\/wp\/v2\/media?parent=4017"}],"wp:term":[{"taxonomy":"product_brand","embeddable":true,"href":"https:\/\/bestoptika.eu\/sk\/wp-json\/wp\/v2\/product_brand?post=4017"},{"taxonomy":"product_cat","embeddable":true,"href":"https:\/\/bestoptika.eu\/sk\/wp-json\/wp\/v2\/product_cat?post=4017"},{"taxonomy":"product_tag","embeddable":true,"href":"https:\/\/bestoptika.eu\/sk\/wp-json\/wp\/v2\/product_tag?post=4017"}],"curies":[{"name":"wp","href":"https:\/\/api.w.org\/{rel}","templated":true}]}}