{"id":4022,"date":"2025-03-06T17:39:32","date_gmt":"2025-03-06T16:39:32","guid":{"rendered":"https:\/\/bestoptika.eu\/?post_type=product&#038;p=4022"},"modified":"2026-02-11T12:15:49","modified_gmt":"2026-02-11T11:15:49","slug":"nagy-technika-kiegeszito-tavtarto","status":"publish","type":"product","link":"https:\/\/bestoptika.eu\/sk\/product\/nagy-technika-kiegeszito-tavtarto\/","title":{"rendered":"Pr\u00edslu\u0161enstvo Nagy-Technika - Rozpierka"},"content":{"rendered":"<p>Rozpera pre dr\u017eiak lampy + skrutky spr\u00e1vnej ve\u013ekosti.<\/p>","protected":false},"excerpt":{"rendered":"<ul>\n<li>V\u00fd\u0161ka jedn\u00e9ho uzla: 10 mm<\/li>\n<\/ul>","protected":false},"featured_media":4023,"comment_status":"open","ping_status":"closed","template":"","meta":[],"product_brand":[],"product_cat":[231],"product_tag":[230],"class_list":{"0":"post-4022","1":"product","2":"type-product","3":"status-publish","4":"has-post-thumbnail","6":"product_cat-tartozek","7":"product_tag-nagy-technika","9":"first","10":"instock","11":"taxable","12":"shipping-taxable","13":"purchasable","14":"product-type-simple"},"jetpack_sharing_enabled":true,"_links":{"self":[{"href":"https:\/\/bestoptika.eu\/sk\/wp-json\/wp\/v2\/product\/4022","targetHints":{"allow":["GET"]}}],"collection":[{"href":"https:\/\/bestoptika.eu\/sk\/wp-json\/wp\/v2\/product"}],"about":[{"href":"https:\/\/bestoptika.eu\/sk\/wp-json\/wp\/v2\/types\/product"}],"replies":[{"embeddable":true,"href":"https:\/\/bestoptika.eu\/sk\/wp-json\/wp\/v2\/comments?post=4022"}],"wp:featuredmedia":[{"embeddable":true,"href":"https:\/\/bestoptika.eu\/sk\/wp-json\/wp\/v2\/media\/4023"}],"wp:attachment":[{"href":"https:\/\/bestoptika.eu\/sk\/wp-json\/wp\/v2\/media?parent=4022"}],"wp:term":[{"taxonomy":"product_brand","embeddable":true,"href":"https:\/\/bestoptika.eu\/sk\/wp-json\/wp\/v2\/product_brand?post=4022"},{"taxonomy":"product_cat","embeddable":true,"href":"https:\/\/bestoptika.eu\/sk\/wp-json\/wp\/v2\/product_cat?post=4022"},{"taxonomy":"product_tag","embeddable":true,"href":"https:\/\/bestoptika.eu\/sk\/wp-json\/wp\/v2\/product_tag?post=4022"}],"curies":[{"name":"wp","href":"https:\/\/api.w.org\/{rel}","templated":true}]}}