{"id":4042,"date":"2025-03-15T15:24:24","date_gmt":"2025-03-15T14:24:24","guid":{"rendered":"https:\/\/bestoptika.eu\/?post_type=product&#038;p=4042"},"modified":"2026-03-21T08:21:32","modified_gmt":"2026-03-21T07:21:32","slug":"hikmicro-condor-cq35l-2-0-kezi-hokamera-kereso-lezeres-tavmerovel","status":"publish","type":"product","link":"https:\/\/bestoptika.eu\/sk\/product\/hikmicro-condor-cq35l-2-0-kezi-hokamera-kereso-lezeres-tavmerovel\/","title":{"rendered":"Hikmicro CONDOR CQ35L 2.0 termov\u00edzny monokul\u00e1r s laserov\u00fdm dia\u013ekomerom"},"content":{"rendered":"<p><strong>Hikmicro CONDOR CQ35L 2.0 termov\u00edzny monokul\u00e1r s laserov\u00fdm dia\u013ekomerom<\/strong><\/p>\n<p><b>Posunutie \u010distoty obrazu na nov\u00fa \u00farove\u0148 s ka\u017ed\u00fdm detailom<\/b><\/p>\n<p><span style=\"font-weight: 400\">Kombin\u00e1cia zlep\u0161enej citlivosti termov\u00edzie a v\u00fdkonn\u00fdch zobrazovac\u00edch algoritmov umo\u017e\u0148uje CONDOR LRF 2.0 v\u00fdrazne zlep\u0161i\u0165 z\u00e1\u017eitok zo zobrazovania na r\u00f4znych \u00farovniach pozorovania t\u00fdm, \u017ee poskytuje prepracovanej\u0161iu a realistickej\u0161iu kvalitu obrazu. Bez oh\u013eadu na to, \u010di m\u00e1te jeden alebo viac cie\u013eov, n\u00e1stroj poskytuje maxim\u00e1lnu pomoc pri pozorovan\u00ed detailov koristi.<\/span><\/p>\n<p><b>Neuverite\u013en\u00e1 citlivos\u0165 term\u00e1lneho zobrazovania 15 mK, ktor\u00e1 zachyt\u00ed aj tie najjemnej\u0161ie detaily<\/b><\/p>\n<p><span style=\"font-weight: 400\">Termov\u00edzny \u010falekoh\u013ead HIKMICRO CONDOR LRF 2.0 s jedn\u00fdm objekt\u00edvom vyu\u017e\u00edva vysoko v\u00fdkonn\u00fd a citlivej\u0161\u00ed term\u00e1lny detektor, ktor\u00fd dok\u00e1\u017ee po\u010das sn\u00edmania zachyti\u0165 aj mal\u00e9 teplotn\u00e9 rozdiely, \u010d\u00edm poskytuje bohat\u0161ie detaily obrazu a vykres\u013euje aj tie najzlo\u017eitej\u0161ie loveck\u00e9 miesta. \u013dahko lokalizuje cie\u013eov\u00fa koris\u0165 a dok\u00e1\u017ee zobrazi\u0165 v\u0161etky chlpy.<\/span><\/p>\n<p><b>HIKMICRO bez r\u00fdchlosti uz\u00e1vierky (HSIS), bez zmrazenia, v\u017edy jasn\u00e9<\/b><\/p>\n<p><span style=\"font-weight: 400\">Model HIKMICRO CONDOR LRF 2.0 eliminoval zam\u0155zanie termov\u00edznych sn\u00edmok v\u010faka rie\u0161eniu HIKMICRO Shutter-Sensitive Image System (HSIS). U\u017e \u017eiadne otravn\u00e9 odpo\u010d\u00edtavanie preru\u0161uj\u00face pozorovanie pohybuj\u00facich sa jele\u0148ov pas\u00facich sa v tr\u00e1ve. Vychutnajte si plynul\u00e9 a nepretr\u017eit\u00e9 sledovanie, zatia\u013e \u010do detektor nepretr\u017eite monitoruje pozadie a zabezpe\u010duje, aby po\u010das sledovania bez uz\u00e1vierky nedo\u0161lo k strate obrazu. Jednoducho si vychutnajte v\u00fdnimo\u010dn\u00fd obraz.<\/span><\/p>\n<p><b>Zobrazovac\u00ed algoritmus PRO, detail obrazu PRO<\/b><\/p>\n<p><span style=\"font-weight: 400\">Algoritmy Image Pro 2.0 a Zoom Pro zabezpe\u010duj\u00fa, \u017ee termokamera CONDOR LRF 2.0 s jedn\u00fdm objekt\u00edvom poskytuje najlep\u0161iu kvalitu a detaily obrazu pri pozorovan\u00ed zbl\u00edzka aj z dia\u013eky.<\/span><\/p>\n<p><span style=\"font-weight: 400\">Zobrazovac\u00ed algoritmus HIKMICRO Image Pro 2.0 optimalizuje rozlo\u017eenie farieb na pohodln\u00e9 sledovanie, pri\u010dom pou\u017e\u00edvatelia m\u00f4\u017eu nastavi\u0165 aj ostros\u0165 a kontrast obrazu a prisp\u00f4sobi\u0165 tak zariadenie svojmu preferovan\u00e9mu \u0161t\u00fdlu lovu. HIKMICRO Zoom Pro zachov\u00e1va detaily obrazu a zjem\u0148uje okraje obrazu aj po pribl\u00ed\u017een\u00ed, \u010d\u00edm zabezpe\u010duje, \u017ee pou\u017e\u00edvatelia m\u00f4\u017eu \u013eahko rozl\u00ed\u0161i\u0165 vlastnosti svojho cie\u013ea na dia\u013eku a pom\u00e1ha im v\u017edy robi\u0165 presn\u00e9 rozhodnutia.<\/span><\/p>\n<p><b>0,49\" displej OLED, zlep\u0161enie zobrazenia 25%<\/b><\/p>\n<p><span style=\"font-weight: 400\">Spolo\u010dnos\u0165 HIKMICRO vylep\u0161ila displej termov\u00edzneho \u010falekoh\u013eadu CONDOR LRF 2.0 s jedn\u00fdm objekt\u00edvom na v\u00e4\u010d\u0161\u00ed 0,49\" displej OLED s rozl\u00ed\u0161en\u00edm 1920 x 1080, ktor\u00fd zlep\u0161uje zobrazenie pre pohlcuj\u00facej\u0161\u00ed lov. T\u00e1to optim\u00e1lnej\u0161ia ve\u013ekos\u0165 displeja umo\u017e\u0148uje zobrazi\u0165 e\u0161te viac detailov a z\u00e1rove\u0148 zni\u017euje \u00fanavu o\u010d\u00ed. M\u00f4\u017eete si tie\u017e vybra\u0165 zo zaoblen\u00fdch alebo \u0161tvorcov\u00fdch re\u017eimov zobrazenia, aby lep\u0161ie vyhovovali v\u00e1\u0161mu \u0161t\u00fdlu a potreb\u00e1m lovu.<\/span><\/p>\n<p><b>Presn\u00fd modul laserov\u00e9ho dia\u013ekomeru s presn\u00fdmi v\u00fdsledkami<\/b><\/p>\n<p><span style=\"font-weight: 400\">Pre bezpe\u010dn\u00fd v\u00fdstrel je d\u00f4le\u017eit\u00e1 vzdialenos\u0165 od zveri. Integrovan\u00fd laserov\u00fd dia\u013ekomer v termov\u00edznom jednozorn\u00edkovom \u010falekoh\u013eade HIKMICRO CONDOR LRF 2.0 umo\u017e\u0148uje pou\u017e\u00edvate\u013eom mera\u0165 vzdialenosti a\u017e do 1000 metrov s presnos\u0165ou \u00b11 meter v r\u00f4znych situ\u00e1ci\u00e1ch, \u010d\u00edm poskytuje \u010do najpresnej\u0161ie merania. V najnov\u0161om displeji dia\u013ekomera HIKMICRO zaviedla okrem merania vzdialenosti po l\u00ednii aj mo\u017enos\u0165 horizont\u00e1lneho merania vzdialenosti, \u010do umo\u017e\u0148uje e\u0161te presnej\u0161ie meranie, najm\u00e4 pri love v horskom ter\u00e9ne.<\/span><\/p>\n<p><b>Perfektn\u00e9 komponenty na dokonal\u00e9 pou\u017e\u00edvanie jednou rukou<\/b><\/p>\n<p><span style=\"font-weight: 400\">Ovl\u00e1dacie tla\u010didl\u00e1 HIKMICRO CONDOR LRF 2.0 boli zjednodu\u0161en\u00e9. S\u00fa vybaven\u00e9 v\u00fdrazn\u00fdmi \u0161\u00edpkami nahor a nadol, ktor\u00e9 pom\u00e1haj\u00fa lovcovi \u013eahko ich n\u00e1js\u0165 a r\u00fdchlo vykona\u0165 potrebn\u00e9 nastavenia. Tla\u010didlo nap\u00e1jania bolo presunut\u00e9 \u010falej, aby sa predi\u0161lo n\u00e1hodn\u00fdm stla\u010den\u00edm. Ovl\u00e1dacie tla\u010didlo stlmenia sa d\u00e1 \u013eahko ovl\u00e1da\u0165 jednou rukou aj v rukaviciach alebo v \u00faplnej tme, \u010do vedie k tich\u00e9mu pou\u017e\u00edvaniu.<\/span><\/p>\n<p><b>Ergonomick\u00fd, kompaktn\u00fd tvar, ktor\u00fd pozn\u00e1 va\u0161u dla\u0148 lep\u0161ie ako vy<\/b><\/p>\n<p><span style=\"font-weight: 400\">HIKMICRO CONDOR LRF 2.0 m\u00e1 kompaktn\u00fd a \u013eahko uchopite\u013en\u00fd dizajn, ktor\u00fd sa dokonale prisp\u00f4sob\u00ed krivk\u00e1m \u013eudskej ruky. S hmotnos\u0165ou menej ako 540 gramov umo\u017e\u0148uje ka\u017ed\u00e9mu intuit\u00edvne n\u00e1js\u0165 najlep\u0161iu polohu na pou\u017e\u00edvanie zariadenia po\u010das hviezdnych noc\u00ed, \u010di u\u017e je prav\u00e1k alebo \u013eav\u00e1k. M\u00e1 m\u00e4kk\u00fd, ku ko\u017ei \u0161etrn\u00fd gumov\u00fd po\u0165ah, ktor\u00fd poskytuje pohodln\u00fd \u00fachop aj po\u010das dlh\u00fdch noc\u00ed stopovania.<\/span><\/p>\n<p><b>S najnov\u0161ou vymenite\u013enou a nab\u00edjate\u013enou bat\u00e9riou s vy\u0161\u0161ou kapacitou CONDOR st\u00fapa!<\/b><\/p>\n<p><span style=\"font-weight: 400\">Najnov\u0161ia vylep\u0161en\u00e1 bat\u00e9ria 21700 poskytuje a\u017e 6,5 hodiny nepretr\u017eitej prev\u00e1dzky so zapnut\u00fdm laserov\u00fdm dia\u013ekomerom a funkciou Zoom Pro pre flexibiln\u00e9 pou\u017e\u00edvanie bat\u00e9rie. V\u010faka pohodlnej v\u00fdmennej funkcii mo\u017eno jednu bat\u00e9riu pou\u017ei\u0165 ako z\u00e1lo\u017en\u00fa, aby poskytovala dostatok energie na nepretr\u017eit\u00e9 pozorovanie. Okrem toho je mo\u017en\u00e9 pou\u017ei\u0165 ak\u00fako\u013evek n\u00fadzov\u00fa nab\u00edja\u010dku ako extern\u00fd zdroj nap\u00e1jania prostredn\u00edctvom konektora USB-C.<\/span><\/p>\n<p><b>Viacero sp\u00f4sobov pren\u00e1\u0161ania, ale rovnako pohodln\u00e9<\/b><\/p>\n<p><span style=\"font-weight: 400\">Lovci s\u00fa st\u00e1le v pohybe, ale nie v\u017edy maj\u00fa svoje n\u00e1stroje v ruk\u00e1ch. Pu\u0161koh\u013ead HIKMICRO CONDOR LRF 2.0 mo\u017eno nosi\u0165 v puzdre s jedn\u00fdm objekt\u00edvom, pripevni\u0165 na z\u00e1p\u00e4stie alebo zavesi\u0165 na krk. V\u010faka viacer\u00fdm mo\u017enostiam nosenia si po\u013eovn\u00edci m\u00f4\u017eu vybra\u0165 najpohodlnej\u0161\u00ed a najspo\u013eahlivej\u0161\u00ed sp\u00f4sob, ako zabezpe\u010di\u0165, aby bol ich loveck\u00fd partner v\u017edy pripraven\u00fd.<\/span><\/p>\n<p><b>Presnej\u0161ie automatick\u00e9 vyp\u00ednanie displeja<\/b><\/p>\n<p><span style=\"font-weight: 400\">Pri prenasledovan\u00ed sa lovci musia \u010dasto pohybova\u0165, aby svetlo neprezradilo ich polohu. V\u010faka mo\u017enosti automatick\u00e9ho vypnutia displeja nie je potrebn\u00e9 \u010dasto stl\u00e1\u010da\u0165 tla\u010didlo nap\u00e1jania. Zariadenie sa automaticky zap\u00edna a vyp\u00edna na z\u00e1klade polohy CONDOR LRF 2.0.<\/span><\/p>\n<p><b>Zachyt\u00e1vanie najd\u00f4le\u017eitej\u0161\u00edch momentov v miestnom albume alebo v aplik\u00e1cii SIGHT<\/b><\/p>\n<p><span style=\"font-weight: 400\">Jedn\u00fdm z vrcholov loveckej v\u00fdpravy je mo\u017enos\u0165 okam\u017eite zaznamena\u0165 svoje vzru\u0161uj\u00face a nepredv\u00eddate\u013en\u00e9 dobrodru\u017estv\u00e1. S aplik\u00e1ciou CONDOR LRF 2.0 m\u00f4\u017eete jedin\u00fdm stla\u010den\u00edm tla\u010didla zachyti\u0165 fotografie a vide\u00e1 svojich najv\u00e4\u010d\u0161\u00edch okamihov, ulo\u017ei\u0165 ich do miestneho albumu a aplik\u00e1cie SIGHT a zdie\u013ea\u0165 ich s rodinou, priate\u013emi a cel\u00fdm svetom.<\/span><\/p>\n<table dir=\"ltr\" border=\"1\" cellspacing=\"0\" cellpadding=\"0\" data-sheets-root=\"1\" data-sheets-baot=\"1\">\n<colgroup>\n<col width=\"100\" \/>\n<col width=\"100\" \/><\/colgroup>\n<tbody>\n<tr>\n<td>Wi-Fi<\/td>\n<td>\u00c1no<\/td>\n<\/tr>\n<tr>\n<td>Senzor<\/td>\n<td>640 \u00d7 512 px<\/td>\n<\/tr>\n<tr>\n<td>Teplotn\u00e1 citlivos\u0165<\/td>\n<td>&lt; 15 mK<\/td>\n<\/tr>\n<tr>\n<td>Rozl\u00ed\u0161enie displeja<\/td>\n<td>1920 \u00d7 1080 px<\/td>\n<\/tr>\n<tr>\n<td>Lencse<\/td>\n<td>35 mm<\/td>\n<\/tr>\n<tr>\n<td>Detek\u010dn\u00e1 vzdialenos\u0165<\/td>\n<td>1800 m<\/td>\n<\/tr>\n<tr>\n<td>Optick\u00e9 zv\u00e4\u010d\u0161enie<\/td>\n<td>1,9x<\/td>\n<\/tr>\n<tr>\n<td>Digit\u00e1lny zoom<\/td>\n<td>8x<\/td>\n<\/tr>\n<tr>\n<td>Zorn\u00e9 pole<\/td>\n<td>12,5\u00b0 \u00d7 10,0\u00b0<\/td>\n<\/tr>\n<tr>\n<td>Dioptrick\u00e1 korekcia<\/td>\n<td>-5D \u223c +3D<\/td>\n<\/tr>\n<tr>\n<td>Laserov\u00fd dia\u013ekomer<\/td>\n<td>\n<div>\n<div>\u00c1no, dosah 1000 m<\/div>\n<\/div>\n<\/td>\n<\/tr>\n<tr>\n<td>Mo\u017enos\u0165 fotografovania<\/td>\n<td>\u00c1no<\/td>\n<\/tr>\n<tr>\n<td>Mo\u017enos\u0165 vytvori\u0165 video<\/td>\n<td>\u00c1no<\/td>\n<\/tr>\n<tr>\n<td>Nahr\u00e1vanie zvuku<\/td>\n<td>\u00c1no<\/td>\n<\/tr>\n<tr>\n<td>Stupe\u0148 imunity<\/td>\n<td>IP67<\/td>\n<\/tr>\n<tr>\n<td>Pam\u00e4\u0165<\/td>\n<td>\n<div>\n<div>Vstavan\u00fd, 64 GB<\/div>\n<\/div>\n<\/td>\n<\/tr>\n<tr>\n<td>Prev\u00e1dzkov\u00e1 teplota<\/td>\n<td>\n<div>\n<div>-30\u00b0C a\u017e 55\u00b0C<\/div>\n<\/div>\n<\/td>\n<\/tr>\n<tr>\n<td>Bat\u00e9ria<\/td>\n<td>\n<div>\n<div>1x vymenite\u013en\u00fd 21700<\/div>\n<\/div>\n<\/td>\n<\/tr>\n<tr>\n<td>V\u00fddr\u017e bat\u00e9rie<\/td>\n<td>6,5 hodiny<\/td>\n<\/tr>\n<tr>\n<td>Hmotnos\u0165<\/td>\n<td>458 g<\/td>\n<\/tr>\n<tr>\n<td>Rozmery<\/td>\n<td>\n<div>\n<div>179 \u00d7 88 \u00d7 65 mm<\/div>\n<\/div>\n<\/td>\n<\/tr>\n<\/tbody>\n<\/table>\n<p data-start=\"0\" data-end=\"24\"><strong data-start=\"0\" data-end=\"22\">Obsah balenia:<\/strong><\/p>\n<ul data-start=\"26\" data-end=\"279\" data-is-last-node=\"\" data-is-only-node=\"\">\n<li data-start=\"26\" data-end=\"75\">Termokamera HIKMICRO Condor CQ35L 2.0<\/li>\n<li data-start=\"76\" data-end=\"113\">2\u00d7 dob\u00edjacia bat\u00e9ria 21700<\/li>\n<li data-start=\"114\" data-end=\"137\">1\u00d7 nab\u00edja\u010dka bat\u00e9ri\u00ed<\/li>\n<li data-start=\"138\" data-end=\"156\">1\u00d7 k\u00e1bel USB-C<\/li>\n<li data-start=\"157\" data-end=\"172\">1\u00d7 popruh na krk<\/li>\n<li data-start=\"173\" data-end=\"190\">1\u00d7 remienok na z\u00e1p\u00e4stie<\/li>\n<li data-start=\"191\" data-end=\"208\">Monokul\u00e1rne puzdro<\/li>\n<li data-start=\"209\" data-end=\"233\">\u010cistiaca handri\u010dka na optiku<\/li>\n<li data-start=\"234\" data-end=\"279\" data-is-last-node=\"\">N\u00e1vod na pou\u017eitie<\/li>\n<\/ul>\n<p>Ofici\u00e1lna str\u00e1nka produktu: <a href=\"https:\/\/www.hikmicrotech.com\/hu\/outdoor-products\/condor-2-0-thermal-lrf-monocular\/\">https:\/\/www.hikmicrotech.com\/hu\/outdoor-products\/condor-2-0-thermal-lrf-monocular\/<\/a><\/p>","protected":false},"excerpt":{"rendered":"<p>Ide\u00e1lny spolo\u010dn\u00edk na ka\u017ed\u00e9 dobrodru\u017estvo! S ru\u010dn\u00fdm termov\u00edznym h\u013ead\u00e1\u010dikom Condor 2.0 a zabudovan\u00fdm laserov\u00fdm dia\u013ekomerom pre v\u00e1s nebude ni\u010d pr\u00edli\u0161 \u010faleko!<\/p>\n<ul>\n<li>Sn\u00edma\u010d termokamery: 640 \u00d7 512 px<\/li>\n<li>Tepeln\u00e1 citlivos\u0165: \u2264 15 mK<\/li>\n<li>Detek\u010dn\u00e1 vzdialenos\u0165: do 1800 metrov<\/li>\n<li>Laserov\u00fd dia\u013ekomer<\/li>\n<li>Funkcie aplik\u00e1cie Image Pro 2.0 a HSIS<\/li>\n<li>Jednoduch\u00e9 ovl\u00e1danie jednou rukou<\/li>\n<\/ul>","protected":false},"featured_media":4043,"comment_status":"open","ping_status":"closed","template":"","meta":[],"product_brand":[],"product_cat":[17,99],"product_tag":[233,31,189,234],"class_list":{"0":"post-4042","1":"product","2":"type-product","3":"status-publish","4":"has-post-thumbnail","6":"product_cat-hokamera-kereso","7":"product_cat-lezeres-tavmero","8":"product_tag-condor","9":"product_tag-hikmicro","10":"product_tag-hokamera-kereso","11":"product_tag-lezeres-tavmero","13":"first","14":"instock","15":"sale","16":"taxable","17":"shipping-taxable","18":"purchasable","19":"product-type-simple"},"jetpack_sharing_enabled":true,"_links":{"self":[{"href":"https:\/\/bestoptika.eu\/sk\/wp-json\/wp\/v2\/product\/4042","targetHints":{"allow":["GET"]}}],"collection":[{"href":"https:\/\/bestoptika.eu\/sk\/wp-json\/wp\/v2\/product"}],"about":[{"href":"https:\/\/bestoptika.eu\/sk\/wp-json\/wp\/v2\/types\/product"}],"replies":[{"embeddable":true,"href":"https:\/\/bestoptika.eu\/sk\/wp-json\/wp\/v2\/comments?post=4042"}],"wp:featuredmedia":[{"embeddable":true,"href":"https:\/\/bestoptika.eu\/sk\/wp-json\/wp\/v2\/media\/4043"}],"wp:attachment":[{"href":"https:\/\/bestoptika.eu\/sk\/wp-json\/wp\/v2\/media?parent=4042"}],"wp:term":[{"taxonomy":"product_brand","embeddable":true,"href":"https:\/\/bestoptika.eu\/sk\/wp-json\/wp\/v2\/product_brand?post=4042"},{"taxonomy":"product_cat","embeddable":true,"href":"https:\/\/bestoptika.eu\/sk\/wp-json\/wp\/v2\/product_cat?post=4042"},{"taxonomy":"product_tag","embeddable":true,"href":"https:\/\/bestoptika.eu\/sk\/wp-json\/wp\/v2\/product_tag?post=4042"}],"curies":[{"name":"wp","href":"https:\/\/api.w.org\/{rel}","templated":true}]}}