{"id":4058,"date":"2025-03-15T16:18:57","date_gmt":"2025-03-15T15:18:57","guid":{"rendered":"https:\/\/bestoptika.eu\/?post_type=product&#038;p=4058"},"modified":"2026-02-19T20:11:41","modified_gmt":"2026-02-19T19:11:41","slug":"hikmicro-falcon-fq50-2-0-kezi-hokamera-kereso","status":"publish","type":"product","link":"https:\/\/bestoptika.eu\/sk\/product\/hikmicro-falcon-fq50-2-0-kezi-hokamera-kereso\/","title":{"rendered":"Hikmicro FALCON FQ50 2.0 termov\u00edzny monokul\u00e1r"},"content":{"rendered":"<p><strong>Hikmicro FALCON FQ50 2.0 termov\u00edzny monokul\u00e1r<\/strong><\/p>\n<p><b>Vynikaj\u00faci v\u00fdkon term\u00e1lneho zobrazovania, \u013eahko vidite\u013en\u00e9 viac<\/b><\/p>\n<p><span style=\"font-weight: 400\">Kvalitu obrazu v\u017edy ur\u010duje cel\u00fd syst\u00e9m, nikdy nie jeden komponent. Fotoapar\u00e1t FALCON 2.0 je vybaven\u00fd starostlivo navrhnut\u00fdm syst\u00e9mom pozost\u00e1vaj\u00facim z vysoko v\u00fdkonn\u00e9ho detektora, objekt\u00edvu so svetelnos\u0165ou a\u017e F0,9, v\u00e4\u010d\u0161ieho displeja OLED a pokro\u010dil\u00fdch zobrazovac\u00edch algoritmov, ktor\u00e9 vytv\u00e1raj\u00fa \u00fachvatn\u00e9 sn\u00edmky.<\/span><\/p>\n<p><b>NETD&lt;15mK, neuverite\u013ene vysok\u00e1 tepeln\u00e1 citlivos\u0165<\/b><\/p>\n<p><span style=\"font-weight: 400\">Vy\u0161\u0161ia tepeln\u00e1 citlivos\u0165, jednoduch\u0161ia identifik\u00e1cia a detekcia. Nez\u00e1le\u017e\u00ed na tom, \u010di pr\u0161\u00ed, je hmla alebo \u00fapln\u00e1 tma. V\u010faka inovat\u00edvnemu 15 mK NETD modelu FALCON 2.0 s\u00fa pohlavn\u00e9 a behavior\u00e1lne charakteristiky zvierat jasne vidite\u013en\u00e9 a rozl\u00ed\u0161ite\u013en\u00e9.<\/span><\/p>\n<p><b>HIKMICRO HSIS, bezkonkuren\u010dn\u00e1 r\u00fdchlos\u0165 uz\u00e1vierky bez doh\u013eadu<\/b><\/p>\n<p><span style=\"font-weight: 400\">Ste zm\u00e4ten\u00ed z kalibr\u00e1cie termov\u00edznych zariaden\u00ed? Najp\u00f4sobivej\u0161ia technol\u00f3gia HIKMICRO Shutter Speed Imaging System (HSIS) tento probl\u00e9m dokonale rie\u0161i, pri\u010dom nerob\u00ed kompromisy v kvalite. Nepretr\u017eite skenuje ka\u017ed\u00fd pixel loveckej sc\u00e9ny, \u010d\u00edm poskytuje e\u0161te jasnej\u0161\u00ed a s\u00favislej\u0161\u00ed obraz, ktor\u00fd umo\u017e\u0148uje pou\u017e\u00edvate\u013eom zosta\u0165 s\u00fastreden\u00ed, najm\u00e4 v kritick\u00fdch momentoch.<\/span><\/p>\n<p><b>Inovat\u00edvne zobrazovacie algoritmy Pro pre ka\u017ed\u00fd detail<\/b><\/p>\n<p><span style=\"font-weight: 400\">Vylep\u0161en\u00fd algoritmus Image Pro 2.0 umo\u017e\u0148uje optimalizova\u0165 detaily a e\u0161te viac vrstven\u00e9 pozadie s men\u0161\u00edm obrazov\u00fdm \u0161umom, zatia\u013e \u010do algoritmus Zoom Pro zachov\u00e1va detaily obrazu a zjem\u0148uje okraje po digit\u00e1lnom pribl\u00ed\u017een\u00ed. Tieto dva algoritmy spolupracuj\u00fa a pom\u00e1haj\u00fa fotoapar\u00e1tu HIKMICRO FALCON 2.0 vytv\u00e1ra\u0165 presnej\u0161ie a detailnej\u0161ie sn\u00edmky, aby po\u013eovn\u00edci mohli s istotou robi\u0165 dobr\u00e9 rozhodnutia.<\/span><\/p>\n<p><b>0,49\" displej OLED, zlep\u0161enie zobrazenia 25%<\/b><\/p>\n<p><span style=\"font-weight: 400\">V\u00e4\u010d\u0161ia ve\u013ekos\u0165 a rozl\u00ed\u0161enie displeja poskytuje lep\u0161iu reprodukciu farieb a jasnej\u0161ie detaily. V\u010faka v\u00e4\u010d\u0161\u00edm rozmerom a rozl\u00ed\u0161eniu 1920 x 1080 bodov na displeji OLED s rozl\u00ed\u0161en\u00edm Full HD ako pri modeli 25% dok\u00e1\u017ee FALCON 2.0 zobrazi\u0165 mno\u017estvo detailov v divokej pr\u00edrode aj na pozad\u00ed. Lovci si m\u00f4\u017eu zmeni\u0165 tvar displeja z kruhov\u00e9ho na \u0161tvorcov\u00fd pod\u013ea vlastn\u00e9ho vkusu.<\/span><\/p>\n<p><b>V\u00fdrazne vylep\u0161en\u00fd dizajn, jednoduchos\u0165 pou\u017e\u00edvania najlep\u0161ia vo svojej triede.<\/b><\/p>\n<p><span style=\"font-weight: 400\">V\u010faka tradi\u010dn\u00e9mu ergonomick\u00e9mu dizajnu a inteligentn\u00e9mu rozmiestneniu ovl\u00e1dac\u00edch tla\u010didiel sa zariadenie neuverite\u013ene \u013eahko pou\u017e\u00edva a je intuit\u00edvne pre prav\u00e1kov aj \u013eav\u00e1kov.<\/span><\/p>\n<p><b>\u00daplne nov\u00fd zadn\u00fd zaostrovac\u00ed valec, jednoduch\u00fd na pou\u017e\u00edvanie<\/b><\/p>\n<p><span style=\"font-weight: 400\">Nov\u00fd zaostrovac\u00ed val\u010dek je dokonale umiestnen\u00fd na zadnej strane modelu FALCON 2.0, \u010do zaru\u010duje najvy\u0161\u0161iu \u00farove\u0148 ergon\u00f3mie aj pri pou\u017eit\u00ed rukav\u00edc. Jedin\u00fdm pohybom prsta z\u00edskate jasn\u00e9 sn\u00edmky r\u00fdchlo a bez probl\u00e9mov.<\/span><\/p>\n<p><b>R\u00f4zne mo\u017enosti nosenia, objavenie pod\u013ea v\u00e1\u0161ho vkusu<\/b><\/p>\n<p><span style=\"font-weight: 400\">Poskytujeme popruh na z\u00e1p\u00e4stie, popruh na krk, skrutku na stat\u00edv a puzdro na \u010falekoh\u013ead s jedn\u00fdm objekt\u00edvom, aby sme splnili va\u0161e r\u00f4zne po\u017eiadavky na pren\u00e1\u0161anie \u010falekoh\u013eadu FALCON 2.0 po\u010das prieskumu alebo \u010d\u00edtania. Okrem toho tla\u010didlo zapnutia\/vypnutia na bo\u010dnej strane zabra\u0148uje n\u00e1hodnej aktiv\u00e1cii. Lovci m\u00f4\u017eu zariadenie pohodlne a bezpe\u010dne odlo\u017ei\u0165, ke\u010f siahaj\u00fa po inom vybaven\u00ed.<\/span><\/p>\n<p><b>Kompaktn\u00e1, ale robustn\u00e1 kon\u0161trukcia z hor\u010d\u00edkovej zliatiny, odoln\u00e1 vo\u010di drsn\u00fdm podmienkam<\/b><\/p>\n<p><span style=\"font-weight: 400\">Ru\u010dn\u00fd fotoapar\u00e1t FALCON 2.0 od spolo\u010dnosti HIKMICRO sa vyzna\u010duje odoln\u00fdm puzdrom z hor\u010d\u00edkovej zliatiny a pr\u00edsnou v\u00fdrobou, ktor\u00e1 zabezpe\u010duje vysok\u00fa kon\u0161truk\u010dn\u00fa pevnos\u0165 odol\u00e1vaj\u00facu n\u00e1ro\u010dn\u00fdm podmienkam a chr\u00e1ni vn\u00fatorn\u00e9 komponenty pred n\u00e1razmi, p\u00e1dom, vlhkos\u0165ou, teplom a chladom, pri\u010dom zost\u00e1va kompaktn\u00fd a \u013eahk\u00fd, v\u00e1\u017ei menej ako 600 gramov.<\/span><\/p>\n<p><b>Inteligentn\u00fd pohotovostn\u00fd re\u017eim na pred\u013a\u017eenie doby prev\u00e1dzky na 6 hod\u00edn<\/b><\/p>\n<p><span style=\"font-weight: 400\">HIKMICRO FALCON 2.0 pon\u00faka viac ako 6 hod\u00edn nepretr\u017eitej prev\u00e1dzky* v\u010faka najnov\u0161ej vylep\u0161enej, vymenite\u013enej a dob\u00edjate\u013enej vysoko v\u00fdkonnej bat\u00e9rii 21700, ktor\u00e1 nevy\u017eaduje \u017eiadne \u010fal\u0161ie n\u00e1stroje a nezvy\u0161uje hmotnos\u0165 zariadenia. V\u00fddr\u017e bat\u00e9rie mo\u017eno e\u0161te viac pred\u013a\u017ei\u0165 pomocou inteligentn\u00fdch funkci\u00ed automatick\u00e9ho vypnutia a pohotovostn\u00e9ho re\u017eimu.<\/span><\/p>\n<p><b>Prisp\u00f4sobte si z\u00e1\u017eitok z pozorovania<\/b><\/p>\n<p><span style=\"font-weight: 400\">Termov\u00edzny \u010falekoh\u013ead FALCON 2.0 s jedn\u00fdm objekt\u00edvom pon\u00faka \u010fal\u0161ie volite\u013en\u00e9 re\u017eimy \u010dervenej a zelenej monochromatickej farby, ktor\u00e9 pom\u00e1haj\u00fa zn\u00ed\u017ei\u0165 oslnenie displeja a \u00fanavu o\u010d\u00ed v \u00faplnej tme. Vylep\u0161en\u00e9 re\u017eimy detekcie a pozorovania mo\u017eno nastavi\u0165 tak, aby vyhovovali r\u00f4znym potreb\u00e1m pozorovania, \u010di u\u017e potrebujete r\u00fdchlo identifikova\u0165 cie\u013e alebo zobrazi\u0165 \u010do najviac detailov.<\/span><\/p>\n<p><b>Zachyt\u00e1vanie najd\u00f4le\u017eitej\u0161\u00edch momentov v miestnom albume alebo v aplik\u00e1cii SIGHT<\/b><\/p>\n<p><span style=\"font-weight: 400\">Jedn\u00fdm z vrcholov loveckej v\u00fdpravy je mo\u017enos\u0165 okam\u017eite zachyti\u0165 vzru\u0161enie a nap\u00e4tie z neo\u010dak\u00e1van\u00e9ho dobrodru\u017estva. S termoobjekt\u00edvom HIKMICO FALCON 2.0 s jedn\u00fdm objekt\u00edvom m\u00f4\u017eete jedin\u00fdm stla\u010den\u00edm tla\u010didla zachyti\u0165 fotografie a videoz\u00e1znamy svojich loveck\u00fdch z\u00e1\u017eitkov a ulo\u017ei\u0165 ich do miestneho albumu alebo aplik\u00e1cie SIGHT - tak\u017ee v\u00e1m neunikne ani jedna \u00fa\u017easn\u00e1 spomienka.<\/span><\/p>\n<table dir=\"ltr\" border=\"1\" cellspacing=\"0\" cellpadding=\"0\" data-sheets-root=\"1\" data-sheets-baot=\"1\">\n<colgroup>\n<col width=\"100\" \/>\n<col width=\"100\" \/><\/colgroup>\n<tbody>\n<tr>\n<td>Wi-Fi<\/td>\n<td>\u00c1no<\/td>\n<\/tr>\n<tr>\n<td>Senzor<\/td>\n<td>640 \u00d7 512 px<\/td>\n<\/tr>\n<tr>\n<td>Teplotn\u00e1 citlivos\u0165<\/td>\n<td>&lt; 15 mK<\/td>\n<\/tr>\n<tr>\n<td>Rozl\u00ed\u0161enie displeja<\/td>\n<td>1920 \u00d7 1080 px<\/td>\n<\/tr>\n<tr>\n<td>Lencse<\/td>\n<td>50 mm<\/td>\n<\/tr>\n<tr>\n<td>Detek\u010dn\u00e1 vzdialenos\u0165<\/td>\n<td>2600 m<\/td>\n<\/tr>\n<tr>\n<td>Optick\u00e9 zv\u00e4\u010d\u0161enie<\/td>\n<td>2,7x<\/td>\n<\/tr>\n<tr>\n<td>Digit\u00e1lny zoom<\/td>\n<td>8x<\/td>\n<\/tr>\n<tr>\n<td>Zorn\u00e9 pole<\/td>\n<td>8,8\u00b0 \u00d7 7,0\u00b0<\/td>\n<\/tr>\n<tr>\n<td>Dioptrick\u00e1 korekcia<\/td>\n<td>-5D \u223c +3D<\/td>\n<\/tr>\n<tr>\n<td>Mo\u017enos\u0165 fotografovania<\/td>\n<td>\u00c1no<\/td>\n<\/tr>\n<tr>\n<td>Zariadenia na tvorbu vide\u00ed<\/td>\n<td>\u00c1no<\/td>\n<\/tr>\n<tr>\n<td>Nahr\u00e1vanie zvuku<\/td>\n<td>\u00c1no<\/td>\n<\/tr>\n<tr>\n<td>Stupe\u0148 imunity<\/td>\n<td>IP67<\/td>\n<\/tr>\n<tr>\n<td>Pam\u00e4\u0165<\/td>\n<td>\n<div>\n<div>Vstavan\u00fd, 64 GB<\/div>\n<\/div>\n<\/td>\n<\/tr>\n<tr>\n<td>Prev\u00e1dzkov\u00e1 teplota<\/td>\n<td>\n<div>\n<div>-30\u00b0C a\u017e 55\u00b0C<\/div>\n<\/div>\n<\/td>\n<\/tr>\n<tr>\n<td>Bat\u00e9ria<\/td>\n<td>\n<div>\n<div>1\u00d7 vymenite\u013en\u00fd 21700<\/div>\n<\/div>\n<\/td>\n<\/tr>\n<tr>\n<td>V\u00fddr\u017e bat\u00e9rie<\/td>\n<td>6,5 hodiny<\/td>\n<\/tr>\n<tr>\n<td>Hmotnos\u0165<\/td>\n<td>570 g<\/td>\n<\/tr>\n<tr>\n<td>Rozmery<\/td>\n<td>\n<div>\n<div>205 \u00d7 70 \u00d7 83 mm<\/div>\n<\/div>\n<\/td>\n<\/tr>\n<\/tbody>\n<\/table>\n<p data-start=\"0\" data-end=\"24\"><strong data-start=\"0\" data-end=\"22\">Obsah balenia:<\/strong><\/p>\n<ul data-start=\"26\" data-end=\"286\" data-is-only-node=\"\" data-is-last-node=\"\">\n<li data-start=\"26\" data-end=\"74\">HIKMICRO Falcon FQ50 2.0 termov\u00edzny h\u013ead\u00e1\u010dik<\/li>\n<li data-start=\"75\" data-end=\"112\">2\u00d7 dob\u00edjacia bat\u00e9ria 21700<\/li>\n<li data-start=\"113\" data-end=\"136\">1\u00d7 nab\u00edja\u010dka bat\u00e9ri\u00ed<\/li>\n<li data-start=\"137\" data-end=\"155\">1\u00d7 k\u00e1bel USB-C<\/li>\n<li data-start=\"156\" data-end=\"171\">1\u00d7 popruh na krk<\/li>\n<li data-start=\"172\" data-end=\"189\">1\u00d7 remienok na z\u00e1p\u00e4stie<\/li>\n<li data-start=\"190\" data-end=\"213\">Monokul\u00e1rne kontajnery<\/li>\n<li data-start=\"214\" data-end=\"238\">\u010cistiaca handri\u010dka na optiku<\/li>\n<li data-start=\"239\" data-end=\"286\" data-is-last-node=\"\">N\u00e1vod na pou\u017eitie<\/li>\n<\/ul>\n<p>Ofici\u00e1lna str\u00e1nka produktu: <a href=\"https:\/\/www.hikmicrotech.com\/hu\/outdoor-products\/falcon-2-0-thermal-monocular\/\">https:\/\/www.hikmicrotech.com\/hu\/outdoor-products\/falcon-2-0-thermal-monocular\/<\/a><\/p>","protected":false},"excerpt":{"rendered":"<p>A <strong data-start=\"2\" data-end=\"31\">Falcon FQ50 2.0 termov\u00edzny monokul\u00e1r<\/strong> . <strong data-start=\"36\" data-end=\"83\">Termov\u00edzny monokul\u00e1r s rozl\u00ed\u0161en\u00edm 640 \u00d7 512 px a sn\u00edma\u010dom<\/strong> a <strong data-start=\"87\" data-end=\"120\">NETD \u2264 15 mK s tepelnou citlivos\u0165ou<\/strong> ktor\u00e1 umo\u017e\u0148uje rozpozna\u0165 aj tie najmen\u0161ie teplotn\u00e9 rozdiely, \u010do zaru\u010duje dokonale detailn\u00fd obraz za v\u0161etk\u00fdch podmienok.<\/p>","protected":false},"featured_media":4059,"comment_status":"open","ping_status":"closed","template":"","meta":[],"product_brand":[],"product_cat":[17],"product_tag":[235,31,189],"class_list":{"0":"post-4058","1":"product","2":"type-product","3":"status-publish","4":"has-post-thumbnail","6":"product_cat-hokamera-kereso","7":"product_tag-falcon","8":"product_tag-hikmicro","9":"product_tag-hokamera-kereso","11":"first","12":"instock","13":"sale","14":"taxable","15":"shipping-taxable","16":"purchasable","17":"product-type-simple"},"jetpack_sharing_enabled":true,"_links":{"self":[{"href":"https:\/\/bestoptika.eu\/sk\/wp-json\/wp\/v2\/product\/4058","targetHints":{"allow":["GET"]}}],"collection":[{"href":"https:\/\/bestoptika.eu\/sk\/wp-json\/wp\/v2\/product"}],"about":[{"href":"https:\/\/bestoptika.eu\/sk\/wp-json\/wp\/v2\/types\/product"}],"replies":[{"embeddable":true,"href":"https:\/\/bestoptika.eu\/sk\/wp-json\/wp\/v2\/comments?post=4058"}],"wp:featuredmedia":[{"embeddable":true,"href":"https:\/\/bestoptika.eu\/sk\/wp-json\/wp\/v2\/media\/4059"}],"wp:attachment":[{"href":"https:\/\/bestoptika.eu\/sk\/wp-json\/wp\/v2\/media?parent=4058"}],"wp:term":[{"taxonomy":"product_brand","embeddable":true,"href":"https:\/\/bestoptika.eu\/sk\/wp-json\/wp\/v2\/product_brand?post=4058"},{"taxonomy":"product_cat","embeddable":true,"href":"https:\/\/bestoptika.eu\/sk\/wp-json\/wp\/v2\/product_cat?post=4058"},{"taxonomy":"product_tag","embeddable":true,"href":"https:\/\/bestoptika.eu\/sk\/wp-json\/wp\/v2\/product_tag?post=4058"}],"curies":[{"name":"wp","href":"https:\/\/api.w.org\/{rel}","templated":true}]}}