{"id":4191,"date":"2025-04-24T09:46:17","date_gmt":"2025-04-24T07:46:17","guid":{"rendered":"https:\/\/bestoptika.eu\/?post_type=product&#038;p=4191"},"modified":"2025-04-24T09:46:45","modified_gmt":"2025-04-24T07:46:45","slug":"konus-weaver-szerelek-d30mm-magas","status":"publish","type":"product","link":"https:\/\/bestoptika.eu\/sk\/product\/konus-weaver-szerelek-d30mm-magas\/","title":{"rendered":"KONUSOV\u00c9 WEAVER Mont\u00e1\u017ene kr\u00fa\u017eky D=30mm (VYSOK\u00c9)"},"content":{"rendered":"","protected":false},"excerpt":{"rendered":"<p class=\"\" data-start=\"0\" data-end=\"109\">Dvojdielne oce\u013eov\u00e9 r\u00fdchloup\u00ednacie kovanie pre li\u0161ty Weaver alebo Picatinny.<\/p>\n<ul>\n<li data-start=\"113\" data-end=\"138\">priemer kr\u00fa\u017ekov: 30 mm,<\/li>\n<li data-start=\"141\" data-end=\"160\">\u0161\u00edrka: 16 mm,<\/li>\n<li data-start=\"163\" data-end=\"232\">v\u00fd\u0161ka BH=12,6 mm (od hornej \u010dasti li\u0161ty po spodn\u00fa \u010das\u0165 tubusu \u010falekoh\u013eadu),<\/li>\n<li data-start=\"235\" data-end=\"252\">hmotnos\u0165: 194,7 g,<\/li>\n<li data-start=\"255\" data-end=\"298\">odpor\u00fa\u010da sa pre pu\u0161koh\u013eady s priemerom do 56 mm.<\/li>\n<\/ul>","protected":false},"featured_media":4187,"comment_status":"open","ping_status":"closed","template":"","meta":[],"product_brand":[],"product_cat":[152],"product_tag":[239,153,240],"class_list":{"0":"post-4191","1":"product","2":"type-product","3":"status-publish","4":"has-post-thumbnail","6":"product_cat-szerelek","7":"product_tag-konusz","8":"product_tag-szerelek","9":"product_tag-weaver","11":"first","12":"instock","13":"taxable","14":"shipping-taxable","15":"purchasable","16":"product-type-simple"},"jetpack_sharing_enabled":true,"_links":{"self":[{"href":"https:\/\/bestoptika.eu\/sk\/wp-json\/wp\/v2\/product\/4191","targetHints":{"allow":["GET"]}}],"collection":[{"href":"https:\/\/bestoptika.eu\/sk\/wp-json\/wp\/v2\/product"}],"about":[{"href":"https:\/\/bestoptika.eu\/sk\/wp-json\/wp\/v2\/types\/product"}],"replies":[{"embeddable":true,"href":"https:\/\/bestoptika.eu\/sk\/wp-json\/wp\/v2\/comments?post=4191"}],"wp:featuredmedia":[{"embeddable":true,"href":"https:\/\/bestoptika.eu\/sk\/wp-json\/wp\/v2\/media\/4187"}],"wp:attachment":[{"href":"https:\/\/bestoptika.eu\/sk\/wp-json\/wp\/v2\/media?parent=4191"}],"wp:term":[{"taxonomy":"product_brand","embeddable":true,"href":"https:\/\/bestoptika.eu\/sk\/wp-json\/wp\/v2\/product_brand?post=4191"},{"taxonomy":"product_cat","embeddable":true,"href":"https:\/\/bestoptika.eu\/sk\/wp-json\/wp\/v2\/product_cat?post=4191"},{"taxonomy":"product_tag","embeddable":true,"href":"https:\/\/bestoptika.eu\/sk\/wp-json\/wp\/v2\/product_tag?post=4191"}],"curies":[{"name":"wp","href":"https:\/\/api.w.org\/{rel}","templated":true}]}}