{"id":4245,"date":"2025-05-24T22:22:17","date_gmt":"2025-05-24T20:22:17","guid":{"rendered":"https:\/\/bestoptika.eu\/?post_type=product&#038;p=4245"},"modified":"2026-02-20T18:43:56","modified_gmt":"2026-02-20T17:43:56","slug":"hikmicro-habrok-hq35l-laser-ketszemes-betekintesu-hokamera-kereso","status":"publish","type":"product","link":"https:\/\/bestoptika.eu\/sk\/product\/hikmicro-habrok-hq35l-laser-ketszemes-betekintesu-hokamera-kereso\/","title":{"rendered":"Hikmicro HABROK 4K HQ35L + TenoSight H-940 LASER MAX Multispektr\u00e1lny binokul\u00e1r"},"content":{"rendered":"<p data-start=\"857\" data-end=\"1283\"><strong>Hikmicro HABROK 4K HQ35L + TenoSight H-940 LASER MAX Multispektr\u00e1lny binokul\u00e1r<\/strong><\/p>\n<p data-start=\"857\" data-end=\"1283\">V\u010faka objekt\u00edvu termokamery s ohniskovou vzdialenos\u0165ou 35 mm je mo\u017en\u00e1 detekcia a\u017e do vzdialenosti 1800 metrov*. Optick\u00fd modul m\u00f4\u017ee by\u0165 vybaven\u00fd aj vymenite\u013en\u00fdm laserov\u00fdm pr\u00edsvitom s vlnovou d\u013a\u017ekou 940 nm, ktor\u00fd mo\u017eno pou\u017ei\u0165 a\u017e do <strong data-start=\"1054\" data-end=\"1069\">500 metrov<\/strong> tie\u017e pokr\u00fdva vzdialenos\u0165! Balenie obsahuje svetlo LED s vlnovou d\u013a\u017ekou 940 nm (detekcia 350 metrov) a 850 nm (detekcia 400 metrov). <strong data-start=\"1215\" data-end=\"1267\">s laserov\u00fdm dia\u013ekomerom s dosahom 1000 metrov<\/strong> m\u00e1 tie\u017e.<\/p>\n<p data-start=\"1285\" data-end=\"1645\">Multispektr\u00e1lne znamen\u00e1, \u017ee kombin\u00e1cia termokamery a optick\u00e9ho modulu umo\u017e\u0148uje nepretr\u017eit\u00e9 monitorovanie vo dne aj v noci bez oh\u013eadu na poveternostn\u00e9 podmienky. Pohodln\u00e9 monitorovanie je okrem in\u00e9ho zabezpe\u010den\u00e9 <strong data-start=\"1513\" data-end=\"1541\">automatick\u00e1 stabiliz\u00e1cia<\/strong> ktor\u00fd poskytuje ostr\u00fd a stabiln\u00fd obraz v optickom re\u017eime <strong data-start=\"1606\" data-end=\"1641\">Viac ako 4-n\u00e1sobn\u00e9 digit\u00e1lne zv\u00e4\u010d\u0161enie<\/strong> je.<\/p>\n<p data-start=\"1647\" data-end=\"2023\">Kamera Habrok 4K je vybaven\u00e1 viacer\u00fdmi u\u017eito\u010dn\u00fdmi funkciami: sn\u00edmanie fotografi\u00ed a vide\u00ed so zvukom, sledovanie najteplej\u0161ieho bodu a automatick\u00fd re\u017eim sp\u00e1nku. Ten rozpozn\u00e1, ke\u010f sa \u010falekoh\u013ead nepou\u017e\u00edva, a automaticky vypne displej, aby \u0161etril energiu bat\u00e9rie. Podporuje pripojenie prostredn\u00edctvom k\u00e1bla USB alebo <strong data-start=\"1981\" data-end=\"1999\">HIKMICRO Sight<\/strong> prostredn\u00edctvom aplik\u00e1cie.<\/p>\n<p data-start=\"2025\" data-end=\"2410\">Poskytuje pohodlie pri pou\u017e\u00edvan\u00ed v\u010faka klasick\u00e9mu dizajnu denn\u00e9ho \u010falekoh\u013eadu, ergonomick\u00e9mu tvaru a n\u00edzkej hmotnosti, \u010do umo\u017e\u0148uje <strong data-start=\"2171\" data-end=\"2192\">mo\u017eno zavesi\u0165 na krk<\/strong> Na sebe. Samozrejme <strong data-start=\"2218\" data-end=\"2245\">sa d\u00e1 upevni\u0165 na stojan<\/strong>pomocou adapt\u00e9ra, ktor\u00fd je s\u00fa\u010das\u0165ou balenia. Zariadenie sa dod\u00e1va s dvoma <strong data-start=\"2314\" data-end=\"2346\">Vymenite\u013en\u00e1 bat\u00e9ria 18650<\/strong> ktor\u00e1 sa nap\u00e1ja bu\u010f na <strong data-start=\"2368\" data-end=\"2380\">8 hod\u00edn<\/strong> zabezpe\u010di\u0165 nepretr\u017eit\u00fa prev\u00e1dzku.<\/p>\n<p data-start=\"2412\" data-end=\"2501\" data-is-last-node=\"\" data-is-only-node=\"\">Pre v\u00fdrobok <strong data-start=\"2423\" data-end=\"2441\">Z\u00e1ruka 3 roky<\/strong> a <strong data-start=\"2445\" data-end=\"2474\">poistenie n\u00e1hradn\u00e9ho zariadenia<\/strong> pre slu\u017ebu v pr\u00edpade.<\/p>\n<table style=\"border-collapse: collapse;width: 153pt\" border=\"0\" width=\"207\" cellspacing=\"0\" cellpadding=\"0\">\n<tbody>\n<tr style=\"height: 43.75pt\" data-start=\"142\" data-end=\"238\">\n<td class=\"xl65\" style=\"height: 43.75pt;width: 51pt\" width=\"69\" height=\"58\">Odpor\u00fa\u010dan\u00e9 na<\/td>\n<td class=\"xl65\" style=\"width: 51pt\" width=\"69\">Modul termokamery<\/td>\n<td class=\"xl65\" style=\"width: 51pt\" width=\"69\">Digit\u00e1lny modul<\/td>\n<\/tr>\n<tr style=\"height: 43.75pt\">\n<td class=\"xl66\" style=\"height: 43.75pt;width: 51pt\" width=\"69\" height=\"58\">Rozl\u00ed\u0161enie senzora<\/td>\n<td class=\"xl66\" style=\"width: 51pt\" width=\"69\" data-col-size=\"sm\" data-start=\"363\" data-end=\"395\">640 \u00d7 512 px<\/td>\n<td class=\"xl66\" style=\"width: 51pt\" width=\"69\" data-col-size=\"sm\" data-start=\"395\" data-end=\"428\">3840 \u00d7 2160 px<\/td>\n<\/tr>\n<tr style=\"height: 29.15pt\" data-start=\"429\" data-end=\"523\">\n<td class=\"xl66\" style=\"height: 29.15pt;width: 51pt\" width=\"69\" height=\"39\" data-start=\"429\" data-end=\"458\" data-col-size=\"sm\">Teplotn\u00e1 citlivos\u0165<\/td>\n<td class=\"xl66\" style=\"width: 51pt\" width=\"69\" data-col-size=\"sm\" data-start=\"458\" data-end=\"490\">&lt; 20 mK<\/td>\n<td class=\"xl66\" style=\"width: 51pt\" width=\"69\" data-col-size=\"sm\" data-start=\"490\" data-end=\"523\">-<\/td>\n<\/tr>\n<tr style=\"height: 72.9pt\" data-start=\"524\" data-end=\"629\">\n<td class=\"xl66\" style=\"height: 72.9pt;width: 51pt\" width=\"69\" height=\"97\" data-start=\"524\" data-end=\"553\" data-col-size=\"sm\">Osvetlenie<\/td>\n<td class=\"xl66\" style=\"width: 51pt\" width=\"69\" data-col-size=\"sm\" data-start=\"553\" data-end=\"585\">-<\/td>\n<td class=\"xl66\" style=\"width: 51pt\" width=\"69\" data-col-size=\"sm\" data-start=\"585\" data-end=\"629\">940 nm laser \/ 940 nm LED \/ 850 nm LED<\/td>\n<\/tr>\n<tr style=\"height: 43.75pt\" data-start=\"630\" data-end=\"724\">\n<td class=\"xl66\" style=\"height: 43.75pt;width: 51pt\" width=\"69\" height=\"58\" data-start=\"630\" data-end=\"659\" data-col-size=\"sm\">Detek\u010dn\u00e1 vzdialenos\u0165<\/td>\n<td class=\"xl66\" style=\"width: 51pt\" width=\"69\" data-col-size=\"sm\" data-start=\"659\" data-end=\"691\">1800 m<\/td>\n<td class=\"xl66\" style=\"width: 51pt\" width=\"69\" data-col-size=\"sm\" data-start=\"691\" data-end=\"724\">500 m \/ 350 m \/ 400 m<\/td>\n<\/tr>\n<tr style=\"height: 14.6pt\" data-start=\"725\" data-end=\"819\">\n<td class=\"xl66\" style=\"height: 14.6pt;width: 51pt\" width=\"69\" height=\"19\" data-start=\"725\" data-end=\"754\" data-col-size=\"sm\">Lencse<\/td>\n<td class=\"xl66\" style=\"width: 51pt\" width=\"69\" data-col-size=\"sm\" data-start=\"754\" data-end=\"786\">35 mm<\/td>\n<td class=\"xl66\" style=\"width: 51pt\" width=\"69\" data-col-size=\"sm\" data-start=\"786\" data-end=\"819\">60 mm<\/td>\n<\/tr>\n<tr style=\"height: 29.15pt\" data-start=\"820\" data-end=\"914\">\n<td class=\"xl66\" style=\"height: 29.15pt;width: 51pt\" width=\"69\" height=\"39\" data-start=\"820\" data-end=\"849\" data-col-size=\"sm\">Optick\u00e9 zv\u00e4\u010d\u0161enie<\/td>\n<td class=\"xl66\" style=\"width: 51pt\" width=\"69\" data-col-size=\"sm\" data-start=\"849\" data-end=\"881\">3x<\/td>\n<td class=\"xl66\" style=\"width: 51pt\" width=\"69\" data-col-size=\"sm\" data-start=\"881\" data-end=\"914\">5,5x<\/td>\n<\/tr>\n<tr style=\"height: 29.15pt\" data-start=\"915\" data-end=\"1009\">\n<td class=\"xl66\" style=\"height: 29.15pt;width: 51pt\" width=\"69\" height=\"39\" data-start=\"915\" data-end=\"944\" data-col-size=\"sm\">Zorn\u00e9 pole<\/td>\n<td class=\"xl66\" style=\"width: 51pt\" width=\"69\" data-col-size=\"sm\" data-start=\"944\" data-end=\"976\">12,5\u00b0 \u00d7 10,1\u00b0<\/td>\n<td class=\"xl66\" style=\"width: 51pt\" width=\"69\" data-col-size=\"sm\" data-start=\"976\" data-end=\"1009\">7,3\u00b0 \u00d7 4,1\u00b0<\/td>\n<\/tr>\n<tr style=\"height: 29.15pt\" data-start=\"1010\" data-end=\"1104\">\n<td class=\"xl66\" style=\"height: 29.15pt;width: 51pt\" width=\"69\" height=\"39\" data-start=\"1010\" data-end=\"1039\" data-col-size=\"sm\">Digit\u00e1lny zoom<\/td>\n<td class=\"xl66\" style=\"width: 51pt\" width=\"69\" data-col-size=\"sm\" data-start=\"1039\" data-end=\"1071\">7,3x<\/td>\n<td class=\"xl66\" style=\"width: 51pt\" width=\"69\" data-col-size=\"sm\" data-start=\"1071\" data-end=\"1104\">4x<\/td>\n<\/tr>\n<tr style=\"height: 43.75pt\" data-start=\"1105\" data-end=\"1199\">\n<td class=\"xl66\" style=\"height: 43.75pt;width: 51pt\" width=\"69\" height=\"58\" data-start=\"1105\" data-end=\"1134\" data-col-size=\"sm\">Rozl\u00ed\u0161enie displeja<\/td>\n<td class=\"xl66\" style=\"width: 51pt\" width=\"69\" data-col-size=\"sm\" data-start=\"1134\" data-end=\"1166\">1920 \u00d7 1080 px<\/td>\n<td class=\"xl66\" style=\"width: 51pt\" width=\"69\"><\/td>\n<\/tr>\n<tr style=\"height: 14.6pt\" data-start=\"1200\" data-end=\"1294\">\n<td class=\"xl66\" style=\"height: 14.6pt;width: 51pt\" width=\"69\" height=\"19\" data-start=\"1200\" data-end=\"1229\" data-col-size=\"sm\">Wi-Fi<\/td>\n<td class=\"xl66\" style=\"width: 51pt\" width=\"69\" data-col-size=\"sm\" data-start=\"1229\" data-end=\"1261\">\u00c1no<\/td>\n<td class=\"xl66\" style=\"width: 51pt\" width=\"69\"><\/td>\n<\/tr>\n<tr style=\"height: 43.75pt\" data-start=\"1295\" data-end=\"1389\">\n<td class=\"xl66\" style=\"height: 43.75pt;width: 51pt\" width=\"69\" height=\"58\" data-start=\"1295\" data-end=\"1324\" data-col-size=\"sm\">Laserov\u00fd dia\u013ekomer<\/td>\n<td class=\"xl66\" style=\"width: 51pt\" width=\"69\" data-col-size=\"sm\" data-start=\"1324\" data-end=\"1356\">\u00c1no, 1000 m<\/td>\n<td class=\"xl66\" style=\"width: 51pt\" width=\"69\"><\/td>\n<\/tr>\n<tr style=\"height: 29.15pt\" data-start=\"1390\" data-end=\"1484\">\n<td class=\"xl66\" style=\"height: 29.15pt;width: 51pt\" width=\"69\" height=\"39\" data-start=\"1390\" data-end=\"1419\" data-col-size=\"sm\">Dioptrick\u00e1 korekcia<\/td>\n<td class=\"xl66\" style=\"width: 51pt\" width=\"69\" data-col-size=\"sm\" data-start=\"1419\" data-end=\"1451\">-5D ~ +3D<\/td>\n<td class=\"xl66\" style=\"width: 51pt\" width=\"69\"><\/td>\n<\/tr>\n<tr style=\"height: 43.75pt\" data-start=\"1485\" data-end=\"1579\">\n<td class=\"xl66\" style=\"height: 43.75pt;width: 51pt\" width=\"69\" height=\"58\" data-start=\"1485\" data-end=\"1514\" data-col-size=\"sm\">Fotografick\u00e9 zariadenia<\/td>\n<td class=\"xl66\" style=\"width: 51pt\" width=\"69\" data-col-size=\"sm\" data-start=\"1514\" data-end=\"1546\">\u00c1no<\/td>\n<td class=\"xl66\" style=\"width: 51pt\" width=\"69\"><\/td>\n<\/tr>\n<tr style=\"height: 43.75pt\" data-start=\"1580\" data-end=\"1674\">\n<td class=\"xl66\" style=\"height: 43.75pt;width: 51pt\" width=\"69\" height=\"58\" data-start=\"1580\" data-end=\"1609\" data-col-size=\"sm\">Zariadenie na nahr\u00e1vanie videa<\/td>\n<td class=\"xl66\" style=\"width: 51pt\" width=\"69\" data-col-size=\"sm\" data-start=\"1609\" data-end=\"1641\">\u00c1no<\/td>\n<td class=\"xl66\" style=\"width: 51pt\" width=\"69\"><\/td>\n<\/tr>\n<tr style=\"height: 29.15pt\" data-start=\"1675\" data-end=\"1769\">\n<td class=\"xl66\" style=\"height: 29.15pt;width: 51pt\" width=\"69\" height=\"39\" data-start=\"1675\" data-end=\"1704\" data-col-size=\"sm\">Nahr\u00e1vanie zvuku<\/td>\n<td class=\"xl66\" style=\"width: 51pt\" width=\"69\" data-col-size=\"sm\" data-start=\"1704\" data-end=\"1736\">\u00c1no<\/td>\n<td class=\"xl66\" style=\"width: 51pt\" width=\"69\"><\/td>\n<\/tr>\n<tr style=\"height: 29.15pt\" data-start=\"1770\" data-end=\"1864\">\n<td class=\"xl66\" style=\"height: 29.15pt;width: 51pt\" width=\"69\" height=\"39\" data-start=\"1770\" data-end=\"1799\" data-col-size=\"sm\">Stupe\u0148 imunity<\/td>\n<td class=\"xl66\" style=\"width: 51pt\" width=\"69\" data-col-size=\"sm\" data-start=\"1799\" data-end=\"1831\">IP67<\/td>\n<td class=\"xl66\" style=\"width: 51pt\" width=\"69\"><\/td>\n<\/tr>\n<tr style=\"height: 29.15pt\" data-start=\"1865\" data-end=\"1959\">\n<td class=\"xl66\" style=\"height: 29.15pt;width: 51pt\" width=\"69\" height=\"39\" data-start=\"1865\" data-end=\"1894\" data-col-size=\"sm\">Ukladanie<\/td>\n<td class=\"xl66\" style=\"width: 51pt\" width=\"69\" data-col-size=\"sm\" data-start=\"1894\" data-end=\"1926\">Vstavan\u00fd, 64 GB<\/td>\n<td class=\"xl66\" style=\"width: 51pt\" width=\"69\"><\/td>\n<\/tr>\n<tr style=\"height: 43.75pt\" data-start=\"1960\" data-end=\"2054\">\n<td class=\"xl66\" style=\"height: 43.75pt;width: 51pt\" width=\"69\" height=\"58\" data-start=\"1960\" data-end=\"1989\" data-col-size=\"sm\">Prev\u00e1dzkov\u00e1 teplota<\/td>\n<td class=\"xl66\" style=\"width: 51pt\" width=\"69\" data-col-size=\"sm\" data-start=\"1989\" data-end=\"2021\">-30\u00b0C - 55\u00b0C<\/td>\n<td class=\"xl66\" style=\"width: 51pt\" width=\"69\"><\/td>\n<\/tr>\n<tr style=\"height: 29.15pt\" data-start=\"2055\" data-end=\"2149\">\n<td class=\"xl66\" style=\"height: 29.15pt;width: 51pt\" width=\"69\" height=\"39\" data-start=\"2055\" data-end=\"2084\" data-col-size=\"sm\">Bat\u00e9ria<\/td>\n<td class=\"xl66\" style=\"width: 51pt\" width=\"69\" data-col-size=\"sm\" data-start=\"2084\" data-end=\"2116\">2\u00d7 Li-ion 18650<\/td>\n<td class=\"xl66\" style=\"width: 51pt\" width=\"69\"><\/td>\n<\/tr>\n<tr style=\"height: 14.6pt\" data-start=\"2150\" data-end=\"2244\">\n<td class=\"xl66\" style=\"height: 14.6pt;width: 51pt\" width=\"69\" height=\"19\" data-start=\"2150\" data-end=\"2179\" data-col-size=\"sm\">Prev\u00e1dzkov\u00e9 hodiny<\/td>\n<td class=\"xl66\" style=\"width: 51pt\" width=\"69\" data-col-size=\"sm\" data-start=\"2179\" data-end=\"2211\">8 hod\u00edn<\/td>\n<td class=\"xl66\" style=\"width: 51pt\" width=\"69\"><\/td>\n<\/tr>\n<tr style=\"height: 14.6pt\" data-start=\"2245\" data-end=\"2339\">\n<td class=\"xl66\" style=\"height: 14.6pt;width: 51pt\" width=\"69\" height=\"19\" data-start=\"2245\" data-end=\"2274\" data-col-size=\"sm\">Hmotnos\u0165<\/td>\n<td class=\"xl66\" style=\"width: 51pt\" width=\"69\" data-col-size=\"sm\" data-start=\"2274\" data-end=\"2306\">798 g<\/td>\n<td class=\"xl66\" style=\"width: 51pt\" width=\"69\"><\/td>\n<\/tr>\n<tr style=\"height: 29.15pt\" data-start=\"2340\" data-end=\"2434\">\n<td class=\"xl66\" style=\"height: 29.15pt;width: 51pt\" width=\"69\" height=\"39\" data-start=\"2340\" data-end=\"2369\" data-col-size=\"sm\">Rozmery<\/td>\n<td class=\"xl66\" style=\"width: 51pt\" width=\"69\" data-col-size=\"sm\" data-start=\"2369\" data-end=\"2401\">138 \u00d7 69 \u00d7 222 mm<\/td>\n<td class=\"xl66\" style=\"width: 51pt\" width=\"69\"><\/td>\n<\/tr>\n<\/tbody>\n<\/table>","protected":false},"excerpt":{"rendered":"<div class=\"flex flex-col text-sm @w-xl\/main:pt-header-height pb-25\">\n<article class=\"text-token-text-primary w-full focus:outline-none [--shadow-height:45px] has-data-writing-block:pointer-events-none has-data-writing-block:-mt-(--shadow-height) has-data-writing-block:pt-(--shadow-height) [&amp;:has([data-writing-block])&gt;*]:pointer-events-auto scroll-mt-[calc(var(--header-height)+min(200px,max(70px,20svh)))]\" dir=\"auto\" data-turn-id=\"request-WEB:eff47c5b-14e7-46a8-b056-16385dca647d-10\" data-testid=\"conversation-turn-22\" data-scroll-anchor=\"true\" data-turn=\"assistant\">\n<div class=\"text-base my-auto mx-auto pb-10 [--thread-content-margin:--spacing(4)] @w-sm\/main:[--thread-content-margin:--spacing(6)] @w-lg\/main:[--thread-content-margin:--spacing(16)] px-(--thread-content-margin)\">\n<div class=\"[--thread-content-max-width:40rem] @w-lg\/main:[--thread-content-max-width:48rem] mx-auto max-w-(--thread-content-max-width) flex-1 group\/turn-messages focus-visible:outline-hidden relative flex w-full min-w-0 flex-col agent-turn\" tabindex=\"-1\">\n<div class=\"flex max-w-full flex-col grow\">\n<div class=\"min-h-8 text-message relative flex w-full flex-col items-end gap-2 text-start break-words whitespace-normal [.text-message+&amp;]:mt-1\" dir=\"auto\" data-message-author-role=\"assistant\" data-message-id=\"41bb76ec-7ea7-45c9-bdae-c4c61bf815ae\" data-message-model-slug=\"gpt-5-1\">\n<div class=\"flex w-full flex-col gap-1 empty:hidden first:pt-[1px]\">\n<div class=\"markdown prose dark:prose-invert w-full break-words light markdown-new-styling\">\n<p data-start=\"26\" data-end=\"130\" data-is-last-node=\"\" data-is-only-node=\"\"><strong data-start=\"26\" data-end=\"130\" data-is-last-node=\"\">Multispektr\u00e1lis binokul\u00e1r l\u00e9zeres t\u00e1vols\u00e1gm\u00e9r\u0151vel \u00e9s cser\u00e9lhet\u0151 H-940 LASER MAX l\u00e9zeres vil\u00e1g\u00edt\u00f3val.<\/strong><\/p>\n<\/div>\n<\/div>\n<\/div>\n<\/div>\n<\/div>\n<\/div>\n<\/article>\n<\/div>\n<ul>\n<li data-start=\"206\" data-end=\"502\"><strong data-start=\"206\" data-end=\"249\">4K UHD optikai modul 60 mm-es lencs\u00e9vel<\/strong><\/li>\n<li data-start=\"206\" data-end=\"502\">Gyors v\u00e1lt\u00e1s a termokamera \u00e9s az \u00e9jjell\u00e1t\u00f3 m\u00f3d k\u00f6z\u00f6tt<\/li>\n<li data-start=\"206\" data-end=\"502\"><strong data-start=\"308\" data-end=\"352\">640 \u00d7 512 px felbont\u00e1s\u00fa h\u0151kamera szenzor<\/strong><\/li>\n<li data-start=\"206\" data-end=\"502\"><strong data-start=\"355\" data-end=\"378\">20 mK h\u0151\u00e9rz\u00e9kenys\u00e9g<\/strong><\/li>\n<li data-start=\"206\" data-end=\"502\">Cser\u00e9lhet\u0151 940 nm-es l\u00e9zeres \u00e9jjell\u00e1t\u00f3 vil\u00e1g\u00edt\u00e1s<\/li>\n<li data-start=\"206\" data-end=\"502\">Ak\u00e1r <strong data-start=\"437\" data-end=\"453\">1800 m\u00e9teres<\/strong>* detekt\u00e1l\u00e1si t\u00e1vols\u00e1g<\/li>\n<li data-start=\"206\" data-end=\"502\"><strong data-start=\"478\" data-end=\"502\">L\u00e9zeres t\u00e1vols\u00e1gm\u00e9r\u0151<\/strong><\/li>\n<\/ul>\n<p data-start=\"504\" data-end=\"855\">A HQ35L modell tov\u00e1bbfejlesztett optikai modullal \u00e9s 60 mm-es f\u00f3kuszt\u00e1vols\u00e1g\u00fa lencs\u00e9vel \u00e9rkezik, \u00edgy k\u00f6nnyed\u00e9n elfelejthetj\u00fck a hagyom\u00e1nyos nappali binokul\u00e1rokat. A k\u00e9sz\u00fcl\u00e9k \u00f6tv\u00f6zi a 4K UHD felbont\u00e1s\u00fa optikai modult \u00e9s a 640 \u00d7 512 px felbont\u00e1s\u00fa, 20 mK \u00e9rz\u00e9kenys\u00e9g\u0171 h\u0151kamer\u00e1t. A teljes k\u00e9pet egy <strong data-start=\"799\" data-end=\"841\">1920 \u00d7 1080 px felbont\u00e1s\u00fa OLED kijelz\u0151<\/strong> jelen\u00edti meg.<\/p>\n","protected":false},"featured_media":4246,"comment_status":"open","ping_status":"closed","template":"","meta":[],"product_brand":[],"product_cat":[17],"product_tag":[125,232],"class_list":{"0":"post-4245","1":"product","2":"type-product","3":"status-publish","4":"has-post-thumbnail","6":"product_cat-hokamera-kereso","7":"product_tag-binokular","8":"product_tag-habrok","10":"first","11":"instock","12":"sale","13":"taxable","14":"shipping-taxable","15":"purchasable","16":"product-type-simple"},"jetpack_sharing_enabled":true,"_links":{"self":[{"href":"https:\/\/bestoptika.eu\/sk\/wp-json\/wp\/v2\/product\/4245","targetHints":{"allow":["GET"]}}],"collection":[{"href":"https:\/\/bestoptika.eu\/sk\/wp-json\/wp\/v2\/product"}],"about":[{"href":"https:\/\/bestoptika.eu\/sk\/wp-json\/wp\/v2\/types\/product"}],"replies":[{"embeddable":true,"href":"https:\/\/bestoptika.eu\/sk\/wp-json\/wp\/v2\/comments?post=4245"}],"wp:featuredmedia":[{"embeddable":true,"href":"https:\/\/bestoptika.eu\/sk\/wp-json\/wp\/v2\/media\/4246"}],"wp:attachment":[{"href":"https:\/\/bestoptika.eu\/sk\/wp-json\/wp\/v2\/media?parent=4245"}],"wp:term":[{"taxonomy":"product_brand","embeddable":true,"href":"https:\/\/bestoptika.eu\/sk\/wp-json\/wp\/v2\/product_brand?post=4245"},{"taxonomy":"product_cat","embeddable":true,"href":"https:\/\/bestoptika.eu\/sk\/wp-json\/wp\/v2\/product_cat?post=4245"},{"taxonomy":"product_tag","embeddable":true,"href":"https:\/\/bestoptika.eu\/sk\/wp-json\/wp\/v2\/product_tag?post=4245"}],"curies":[{"name":"wp","href":"https:\/\/api.w.org\/{rel}","templated":true}]}}