{"id":4303,"date":"2025-06-17T07:22:58","date_gmt":"2025-06-17T05:22:58","guid":{"rendered":"https:\/\/bestoptika.eu\/?post_type=product&#038;p=4303"},"modified":"2026-03-31T12:04:08","modified_gmt":"2026-03-31T10:04:08","slug":"pard-night-stalker-4k-ex-940-nm-lrf-ejjellato-celtavcso","status":"publish","type":"product","link":"https:\/\/bestoptika.eu\/sk\/product\/pard-night-stalker-4k-ex-940-nm-lrf-ejjellato-celtavcso\/","title":{"rendered":"PARD Night Stalker 4K EX 940 nm LRF pu\u0161koh\u013ead, no\u010dn\u00fd zameriava\u010d s laserov\u00fdm dia\u013ekomerom"},"content":{"rendered":"<p data-start=\"652\" data-end=\"669\"><strong data-start=\"652\" data-end=\"669\">Hlavn\u00e9 vlastnosti:<\/strong><\/p>\n<ul data-start=\"670\" data-end=\"1411\">\n<li data-start=\"670\" data-end=\"776\">\n<p data-start=\"672\" data-end=\"776\"><strong data-start=\"672\" data-end=\"698\">Sn\u00edma\u010d s rozl\u00ed\u0161en\u00edm 3840 \u00d7 2160 (4K)<\/strong>s ve\u013ekos\u0165ou pixelov 2,9 \u00b5m a citlivos\u0165ou 0,001 luxu pre podmienky slab\u00e9ho osvetlenia<\/p>\n<\/li>\n<li data-start=\"777\" data-end=\"899\">\n<p data-start=\"779\" data-end=\"899\"><strong data-start=\"779\" data-end=\"800\">5,5\u00d7 optick\u00fd zoom<\/strong> (so 70 mm objekt\u00edvom), <strong data-start=\"822\" data-end=\"843\">2\u00d7 digit\u00e1lny zoom<\/strong>, <strong data-start=\"845\" data-end=\"856\">Re\u017eim PIP<\/strong> (obr\u00e1zok v obr\u00e1zku), aby ste presne zachytili cie\u013e<\/p>\n<\/li>\n<li data-start=\"900\" data-end=\"993\">\n<p data-start=\"902\" data-end=\"993\"><strong data-start=\"902\" data-end=\"939\">Displej OLED s rozl\u00ed\u0161en\u00edm 2560 \u00d7 2560<\/strong>, so 6 kr\u00ed\u017emi, 4 farebn\u00e9 mo\u017enosti<\/p>\n<\/li>\n<li data-start=\"994\" data-end=\"1109\">\n<p data-start=\"996\" data-end=\"1109\">Nach\u00e1dza sa na adrese <strong data-start=\"1006\" data-end=\"1040\">Laserov\u00fd dia\u013ekomer na 1000 m<\/strong>, <strong data-start=\"1042\" data-end=\"1069\">balistick\u00e1 kalkula\u010dka<\/strong>, <strong data-start=\"1071\" data-end=\"1084\">gyroskop<\/strong>, kompenz\u00e1cia expoz\u00edcie<\/p>\n<\/li>\n<li data-start=\"1110\" data-end=\"1217\">\n<p data-start=\"1112\" data-end=\"1217\"><strong data-start=\"1112\" data-end=\"1131\">Sp\u00e4tn\u00e9 nav\u00edjanie<\/strong> a automatick\u00e9 nahr\u00e1vanie zvuku a videa, <strong data-start=\"1169\" data-end=\"1197\">k\u013azav\u00fd (slu\u010dkov\u00fd) z\u00e1znam<\/strong>, <strong data-start=\"1199\" data-end=\"1215\">\u010dasov\u00e1 pe\u010diatka<\/strong><\/p>\n<\/li>\n<li data-start=\"1218\" data-end=\"1324\">\n<p data-start=\"1220\" data-end=\"1324\"><strong data-start=\"1220\" data-end=\"1242\">Du\u00e1lna bat\u00e9ria<\/strong> syst\u00e9m (zabudovan\u00fd 21700 + vymenite\u013en\u00fd 18650) - a\u017e do <strong data-start=\"1296\" data-end=\"1306\">14 hod\u00edn<\/strong> nepretr\u017eit\u00e1 prev\u00e1dzka<\/p>\n<\/li>\n<li data-start=\"1325\" data-end=\"1411\">\n<p data-start=\"1327\" data-end=\"1411\"><strong data-start=\"1327\" data-end=\"1336\">USB-C<\/strong>, <strong data-start=\"1338\" data-end=\"1354\">V\u00fdstup HDMI<\/strong>, <strong data-start=\"1356\" data-end=\"1365\">Wi-Fi<\/strong>, kompatibiln\u00fd s <strong data-start=\"1382\" data-end=\"1397\">PardVision2<\/strong> pod\u013ea aplik\u00e1cie<\/p>\n<\/li>\n<\/ul>\n<p>&nbsp;<\/p>\n<table dir=\"ltr\" border=\"1\" cellspacing=\"0\" cellpadding=\"0\" data-sheets-root=\"1\" data-sheets-baot=\"1\">\n<colgroup>\n<col width=\"182\" \/>\n<col width=\"478\" \/><\/colgroup>\n<tbody>\n<tr>\n<td>Rozl\u00ed\u0161enie senzora<\/td>\n<td>3840 \u00d7 2160 px<\/td>\n<\/tr>\n<tr>\n<td>Ve\u013ekos\u0165 pixelov<\/td>\n<td>2,9 \u00b5m<\/td>\n<\/tr>\n<tr>\n<td>Citlivos\u0165<\/td>\n<td>0,001 lux<\/td>\n<\/tr>\n<tr>\n<td>Typ displeja<\/td>\n<td>OLED, 2560 \u00d7 2560 px<\/td>\n<\/tr>\n<tr>\n<td>Optick\u00e9 zv\u00e4\u010d\u0161enie<\/td>\n<td>5,5\u00d7<\/td>\n<\/tr>\n<tr>\n<td>Digit\u00e1lny zoom<\/td>\n<td>2\u00d7<\/td>\n<\/tr>\n<tr>\n<td>Re\u017eim PIP<\/td>\n<td>\u00c1no<\/td>\n<\/tr>\n<tr>\n<td>Laserov\u00fd dia\u013ekomer<\/td>\n<td>\u00c1no, 1000 m<\/td>\n<\/tr>\n<tr>\n<td>Balistick\u00e1 kalkula\u010dka<\/td>\n<td>\u00c1no<\/td>\n<\/tr>\n<tr>\n<td>Gyroskop<\/td>\n<td>\u00c1no<\/td>\n<\/tr>\n<tr>\n<td>Fix\u00e1cia vyvolan\u00e1 sp\u00e4tn\u00fdm n\u00e1bojom<\/td>\n<td>\u00c1no<\/td>\n<\/tr>\n<tr>\n<td>Automatick\u00e9 nahr\u00e1vanie<\/td>\n<td>\u00c1no<\/td>\n<\/tr>\n<tr>\n<td>Nahr\u00e1vanie v slu\u010dke<\/td>\n<td>\u00c1no<\/td>\n<\/tr>\n<tr>\n<td>\u010casov\u00e1 pe\u010diatka<\/td>\n<td>\u00c1no<\/td>\n<\/tr>\n<tr>\n<td>Nahr\u00e1vanie zvuku<\/td>\n<td>\u00c1no<\/td>\n<\/tr>\n<tr>\n<td>Korekcia expoz\u00edcie<\/td>\n<td>\u00c1no<\/td>\n<\/tr>\n<tr>\n<td>Pripojenie USB<\/td>\n<td>USB typu C<\/td>\n<\/tr>\n<tr>\n<td>V\u00fdstup HDMI<\/td>\n<td>\u00c1no<\/td>\n<\/tr>\n<tr>\n<td>Wi-Fi<\/td>\n<td>\u00c1no<\/td>\n<\/tr>\n<tr>\n<td>Podpora aplik\u00e1ci\u00ed<\/td>\n<td>PardVision2<\/td>\n<\/tr>\n<tr>\n<td>Bat\u00e9ria<\/td>\n<td>1\u00d7 vstavan\u00fd 21700 + 1\u00d7 vymenite\u013en\u00fd 18650<\/td>\n<\/tr>\n<tr>\n<td>Nap\u00e4tie<\/td>\n<td>3,7 V<\/td>\n<\/tr>\n<tr>\n<td>Maxim\u00e1lny prev\u00e1dzkov\u00fd \u010das<\/td>\n<td>14 hod\u00edn<\/td>\n<\/tr>\n<tr>\n<td>Extern\u00fd zdroj energie<\/td>\n<td>cez pripojenie USB-C<\/td>\n<\/tr>\n<tr>\n<td>Stupe\u0148 krytia<\/td>\n<td>IP67<\/td>\n<\/tr>\n<tr>\n<td>Prev\u00e1dzkov\u00e1 teplota<\/td>\n<td>-30 \u00b0C - +55 \u00b0C<\/td>\n<\/tr>\n<tr>\n<td>Tolerancia sp\u00e4tn\u00e9ho r\u00e1zu<\/td>\n<td>6000 J<\/td>\n<\/tr>\n<tr>\n<td>Materi\u00e1l kufra<\/td>\n<td>Zliatina hlin\u00edka<\/td>\n<\/tr>\n<tr>\n<td>Objekt\u00edvny materi\u00e1l<\/td>\n<td>Sklo<\/td>\n<\/tr>\n<tr>\n<td>Objekt\u00edv teleskopu (ohniskov\u00e1 vzdialenos\u0165)<\/td>\n<td>50 \/ 70 \/ 100 mm<\/td>\n<\/tr>\n<tr>\n<td>Zorn\u00e9 pole pri 100 m (V \u00d7 V \u00d7 D)<\/td>\n<td>11,6\/8,3\/5,8 m \u00d7 11,6\/8,3\/5,8 m \u00d7 -<\/td>\n<\/tr>\n<tr>\n<td>Dioptrick\u00e1 korekcia<\/td>\n<td>-5 ... +3 D<\/td>\n<\/tr>\n<tr>\n<td>Rozsah str\u00e1\u017eenia<\/td>\n<td>10 m - \u221e<\/td>\n<\/tr>\n<tr>\n<td>Vzdialenos\u0165 o\u010d\u00ed a \u0161o\u0161oviek<\/td>\n<td>100 mm<\/td>\n<\/tr>\n<tr>\n<td>Hmotnostn\u00e9 rozmery<\/td>\n<td>v r\u00e1mci objasnenia<\/td>\n<\/tr>\n<\/tbody>\n<\/table>","protected":false},"excerpt":{"rendered":"<p>Posu\u0148te no\u010dn\u00e9 sledovanie na nov\u00fa \u00farove\u0148 s kamerou PARD Night Stalker 4K EX (70 mm). Tento pu\u0161koh\u013ead je navrhnut\u00fd \u0161peci\u00e1lne pre profesion\u00e1lnych pou\u017e\u00edvate\u013eov, ozbrojen\u00e9 zlo\u017eky a n\u00e1ro\u010dn\u00fdch no\u010dn\u00fdch lovcov, ktor\u00ed vy\u017eaduj\u00fa najlep\u0161iu mo\u017en\u00fa kvalitu obrazu.<\/p>\n<p>Srdcom zariadenia je sn\u00edma\u010d s rozl\u00ed\u0161en\u00edm 4K Ultra HD, ktor\u00fd je vybaven\u00fd kri\u0161t\u00e1\u013eovo \u010dist\u00fdm displejom OLED a laserov\u00fdm dia\u013ekomerom s dosahom 1000 m. V\u00fdsledok: bezkonkuren\u010dn\u00e1 jasnos\u0165, presnos\u0165 a dlh\u00fd \u010das prev\u00e1dzky aj v t\u00fdch najn\u00e1ro\u010dnej\u0161\u00edch podmienkach.<\/p>","protected":false},"featured_media":4304,"comment_status":"open","ping_status":"closed","template":"","meta":[],"product_brand":[],"product_cat":[30,39],"product_tag":[32,41,207,133],"class_list":{"0":"post-4303","1":"product","2":"type-product","3":"status-publish","4":"has-post-thumbnail","6":"product_cat-celtavcso","7":"product_cat-digitalis-ejjellato","8":"product_tag-celtavcso","9":"product_tag-digitalis-ejjellato","10":"product_tag-night-stalker","11":"product_tag-pard","13":"first","14":"instock","15":"sale","16":"featured","17":"taxable","18":"shipping-taxable","19":"purchasable","20":"product-type-simple"},"jetpack_sharing_enabled":true,"_links":{"self":[{"href":"https:\/\/bestoptika.eu\/sk\/wp-json\/wp\/v2\/product\/4303","targetHints":{"allow":["GET"]}}],"collection":[{"href":"https:\/\/bestoptika.eu\/sk\/wp-json\/wp\/v2\/product"}],"about":[{"href":"https:\/\/bestoptika.eu\/sk\/wp-json\/wp\/v2\/types\/product"}],"replies":[{"embeddable":true,"href":"https:\/\/bestoptika.eu\/sk\/wp-json\/wp\/v2\/comments?post=4303"}],"wp:featuredmedia":[{"embeddable":true,"href":"https:\/\/bestoptika.eu\/sk\/wp-json\/wp\/v2\/media\/4304"}],"wp:attachment":[{"href":"https:\/\/bestoptika.eu\/sk\/wp-json\/wp\/v2\/media?parent=4303"}],"wp:term":[{"taxonomy":"product_brand","embeddable":true,"href":"https:\/\/bestoptika.eu\/sk\/wp-json\/wp\/v2\/product_brand?post=4303"},{"taxonomy":"product_cat","embeddable":true,"href":"https:\/\/bestoptika.eu\/sk\/wp-json\/wp\/v2\/product_cat?post=4303"},{"taxonomy":"product_tag","embeddable":true,"href":"https:\/\/bestoptika.eu\/sk\/wp-json\/wp\/v2\/product_tag?post=4303"}],"curies":[{"name":"wp","href":"https:\/\/api.w.org\/{rel}","templated":true}]}}