{"id":4305,"date":"2025-06-17T22:19:29","date_gmt":"2025-06-17T20:19:29","guid":{"rendered":"https:\/\/bestoptika.eu\/?post_type=product&#038;p=4305"},"modified":"2026-01-17T09:13:51","modified_gmt":"2026-01-17T08:13:51","slug":"nocpix-bolt-p25r","status":"publish","type":"product","link":"https:\/\/bestoptika.eu\/sk\/product\/nocpix-bolt-p25r\/","title":{"rendered":"Nocpix BOLT P25R"},"content":{"rendered":"<h2 data-start=\"1982\" data-end=\"2042\">Ostr\u00fd obraz v akomko\u013evek prostred\u00ed - s technol\u00f3giou Reality+<\/h2>\n<p data-start=\"2044\" data-end=\"2368\">Srdcom radu BOLT je novo vyvinut\u00fd, <strong data-start=\"2091\" data-end=\"2127\">Senzor s citlivos\u0165ou NETD \u226420 mK<\/strong>, \u010do je <strong data-start=\"2137\" data-end=\"2177\">Reality+ s algoritmom spracovania obrazu<\/strong> poskytuje v\u00fdnimo\u010dn\u00fd v\u00fdkon v hmle, v hustej veget\u00e1cii alebo v \u00faplnej tme. V\u00fdsledok: detailn\u00fd a ostr\u00fd obraz, ktor\u00fd v\u00e1m umo\u017en\u00ed presne ur\u010di\u0165 cie\u013e.<\/p>\n<hr data-start=\"2370\" data-end=\"2373\" \/>\n<h2 data-start=\"2375\" data-end=\"2414\">LASEROV\u00c9 MERANIE VZDIALENOSTI - DO 1200 METROV<\/h2>\n<p data-start=\"2416\" data-end=\"2676\">Presn\u00e1 vzdialenos\u0165 je k\u013e\u00fa\u010dom k \u00faspe\u0161n\u00fdm z\u00e1sahom. A <strong data-start=\"2488\" data-end=\"2522\">zabudovan\u00fd laserov\u00fd dia\u013ekomer<\/strong> a\u017e do <strong data-start=\"2528\" data-end=\"2557\">s dosahom 1200 m<\/strong> a inteligentn\u00e9 <strong data-start=\"2576\" data-end=\"2606\">balistickou kalkula\u010dkou<\/strong> v\u00e1m poskytne presn\u00e9 \u00fadaje, aby ste mohli \u013eahko a s istotou zamieri\u0165.<\/p>\n<hr data-start=\"2678\" data-end=\"2681\" \/>\n<h2 data-start=\"2683\" data-end=\"2716\">BAT\u00c9RIA, NA KTOR\u00da SA M\u00d4\u017dETE SPO\u013dAHN\u00da\u0164<\/h2>\n<p data-start=\"2718\" data-end=\"3091\">Vybit\u00e9 zariadenie v tmavom lese m\u00f4\u017ee sp\u00f4sobi\u0165 v\u00e1\u017ene probl\u00e9my. Preto je Bolt P25R <strong data-start=\"2793\" data-end=\"2826\">so syst\u00e9mom dvojitej bat\u00e9rie<\/strong> m\u00e1: zabudovan\u00fd ve\u013ekokapacitn\u00fd <strong data-start=\"2871\" data-end=\"2907\">S l\u00edtiovou bat\u00e9riou 5000 mAh<\/strong> a <strong data-start=\"2915\" data-end=\"2947\">vymenite\u013en\u00fd s \u010dl\u00e1nkom 18650<\/strong>, ktor\u00e9 celkovo <strong data-start=\"2966\" data-end=\"2993\">a\u017e 12 hod\u00edn prev\u00e1dzky<\/strong> poskytn\u00fa\u0165. <strong data-start=\"3008\" data-end=\"3091\">Nemus\u00edte sa ob\u00e1va\u0165, \u017ee sa v\u00e1m vybije - Bolt s vami zostane cel\u00fa noc.<\/strong><\/p>\n<hr data-start=\"3093\" data-end=\"3096\" \/>\n<table dir=\"ltr\" border=\"1\" cellspacing=\"0\" cellpadding=\"0\" data-sheets-root=\"1\" data-sheets-baot=\"1\">\n<colgroup>\n<col width=\"182\" \/>\n<col width=\"478\" \/><\/colgroup>\n<tbody>\n<tr>\n<td>Rozl\u00ed\u0161enie senzora<\/td>\n<td>256 \u00d7 192 px<\/td>\n<\/tr>\n<tr>\n<td>Ve\u013ekos\u0165 pixelov<\/td>\n<td>12 \u00b5m<\/td>\n<\/tr>\n<tr>\n<td>Citlivos\u0165 na teplo (NETD)<\/td>\n<td>&lt; 20 mK<\/td>\n<\/tr>\n<tr>\n<td>Obnovovacia frekvencia obrazu<\/td>\n<td>50 Hz<\/td>\n<\/tr>\n<tr>\n<td>Objekt\u00edv<\/td>\n<td>25 mm<\/td>\n<\/tr>\n<tr>\n<td>Zorn\u00e9 pole<\/td>\n<td>7,0\u00b0 \u00d7 5,3\u00b0<\/td>\n<\/tr>\n<tr>\n<td>Zv\u00e4\u010d\u0161i\u0165<\/td>\n<td>3,5\u00d7 - 14\u00d7<\/td>\n<\/tr>\n<tr>\n<td>Eyelines<\/td>\n<td>50 mm<\/td>\n<\/tr>\n<tr>\n<td>Priemer o\u010dnice<\/td>\n<td>10 mm<\/td>\n<\/tr>\n<tr>\n<td>Dioptrick\u00e1 korekcia<\/td>\n<td>-5 - +5<\/td>\n<\/tr>\n<tr>\n<td>Detek\u010dn\u00e1 vzdialenos\u0165<\/td>\n<td>1300 m<\/td>\n<\/tr>\n<tr>\n<td>Typ displeja<\/td>\n<td>0,39\u2033 AMOLED<\/td>\n<\/tr>\n<tr>\n<td>Rozl\u00ed\u0161enie displeja<\/td>\n<td>1024 \u00d7 768 px<\/td>\n<\/tr>\n<tr>\n<td>Typ bat\u00e9rie<\/td>\n<td>1\u00d7 vstavan\u00fd (5000 mAh) + 1\u00d7 vymenite\u013en\u00fd 18650<\/td>\n<\/tr>\n<tr>\n<td>Prev\u00e1dzkov\u00fd \u010das bat\u00e9rie<\/td>\n<td>12 hod\u00edn (intern\u00e9 + extern\u00e9)<\/td>\n<\/tr>\n<tr>\n<td>Wi-Fi<\/td>\n<td>\u00c1no<\/td>\n<\/tr>\n<tr>\n<td>Funkcia foto\/video<\/td>\n<td>\u00c1no<\/td>\n<\/tr>\n<tr>\n<td>Nahr\u00e1vanie zvuku<\/td>\n<td>\u00c1no<\/td>\n<\/tr>\n<tr>\n<td>Balistick\u00e1 kalkula\u010dka<\/td>\n<td>\u00c1no<\/td>\n<\/tr>\n<tr>\n<td>Laserov\u00fd dia\u013ekomer<\/td>\n<td>\u00c1no, do 1200 m<\/td>\n<\/tr>\n<tr>\n<td>Typ pripojenia<\/td>\n<td>USB-C<\/td>\n<\/tr>\n<tr>\n<td>Vn\u00fatorn\u00e9 \u00falo\u017eisko<\/td>\n<td>32 GB<\/td>\n<\/tr>\n<tr>\n<td>Odolnos\u0165 vo\u010di vode<\/td>\n<td>IP67<\/td>\n<\/tr>\n<tr>\n<td>Hmotnos\u0165<\/td>\n<td>870 g<\/td>\n<\/tr>\n<tr>\n<td>Rozmery<\/td>\n<td>375,7 \u00d7 91,6 \u00d7 75 mm<\/td>\n<\/tr>\n<tr>\n<td>Priemer r\u00farky<\/td>\n<td>30 mm<\/td>\n<\/tr>\n<\/tbody>\n<\/table>\n<p>&nbsp;<\/p>","protected":false},"excerpt":{"rendered":"<p data-start=\"150\" data-end=\"553\">A <strong data-start=\"152\" data-end=\"172\">Nocpix Bolt P25R<\/strong> ide\u00e1lny pre po\u013eovn\u00edkov, ktor\u00ed h\u013eadaj\u00fa jednoduchos\u0165, transparentnos\u0165 a spo\u013eahlivos\u0165 od prv\u00e9ho d\u0148a. V\u010faka technol\u00f3gi\u00e1m zdeden\u00fdm od svojho star\u0161ieho brata, modelu Bolt L35R - ostr\u00e9mu zameriavaciemu \u010falekoh\u013eadu, zabudovan\u00e9mu dia\u013ekomeru a inteligentnej balistike - pon\u00faka model Bolt P25R kompaktn\u00e9 a u\u017e\u00edvate\u013esky pr\u00edvetiv\u00e9 rie\u0161enie pre ka\u017ed\u00e9ho za\u010d\u00ednaj\u00faceho alebo pokro\u010dil\u00e9ho no\u010dn\u00e9ho lovca.<\/p>\n<p data-start=\"555\" data-end=\"671\"><strong data-start=\"555\" data-end=\"609\">Ide\u00e1lny vstupn\u00fd model do sveta no\u010dn\u00e9ho lovu<\/strong>, \u010do umo\u017e\u0148uje sebavedom\u00e9 strely a inteligentn\u00e9 rozhodnutia.<\/p>","protected":false},"featured_media":4306,"comment_status":"open","ping_status":"closed","template":"","meta":[],"product_brand":[],"product_cat":[30,39,48],"product_tag":[245,183],"class_list":{"0":"post-4305","1":"product","2":"type-product","3":"status-publish","4":"has-post-thumbnail","6":"product_cat-celtavcso","7":"product_cat-digitalis-ejjellato","8":"product_cat-hokamera-keresotavcso","9":"product_tag-bolt","10":"product_tag-nocpix","12":"first","13":"instock","14":"featured","15":"taxable","16":"shipping-taxable","17":"purchasable","18":"product-type-simple"},"jetpack_sharing_enabled":true,"_links":{"self":[{"href":"https:\/\/bestoptika.eu\/sk\/wp-json\/wp\/v2\/product\/4305","targetHints":{"allow":["GET"]}}],"collection":[{"href":"https:\/\/bestoptika.eu\/sk\/wp-json\/wp\/v2\/product"}],"about":[{"href":"https:\/\/bestoptika.eu\/sk\/wp-json\/wp\/v2\/types\/product"}],"replies":[{"embeddable":true,"href":"https:\/\/bestoptika.eu\/sk\/wp-json\/wp\/v2\/comments?post=4305"}],"wp:featuredmedia":[{"embeddable":true,"href":"https:\/\/bestoptika.eu\/sk\/wp-json\/wp\/v2\/media\/4306"}],"wp:attachment":[{"href":"https:\/\/bestoptika.eu\/sk\/wp-json\/wp\/v2\/media?parent=4305"}],"wp:term":[{"taxonomy":"product_brand","embeddable":true,"href":"https:\/\/bestoptika.eu\/sk\/wp-json\/wp\/v2\/product_brand?post=4305"},{"taxonomy":"product_cat","embeddable":true,"href":"https:\/\/bestoptika.eu\/sk\/wp-json\/wp\/v2\/product_cat?post=4305"},{"taxonomy":"product_tag","embeddable":true,"href":"https:\/\/bestoptika.eu\/sk\/wp-json\/wp\/v2\/product_tag?post=4305"}],"curies":[{"name":"wp","href":"https:\/\/api.w.org\/{rel}","templated":true}]}}