{"id":4315,"date":"2025-06-17T23:12:35","date_gmt":"2025-06-17T21:12:35","guid":{"rendered":"https:\/\/bestoptika.eu\/?post_type=product&#038;p=4315"},"modified":"2026-01-17T09:16:39","modified_gmt":"2026-01-17T08:16:39","slug":"nocpix-bolt-l35r","status":"publish","type":"product","link":"https:\/\/bestoptika.eu\/sk\/product\/nocpix-bolt-l35r\/","title":{"rendered":"Nocpix Bolt L35R"},"content":{"rendered":"<h3 data-start=\"70\" data-end=\"92\"><strong data-start=\"77\" data-end=\"92\">BOLT SERIA<\/strong><\/h3>\n<p data-start=\"94\" data-end=\"532\">A <strong data-start=\"96\" data-end=\"111\">S\u00e9ria BOLT<\/strong> je vybaven\u00fd novo vyvinut\u00fdm senzorom s tepelnou citlivos\u0165ou \u226420 mK NETD a obnovovacou frekvenciou obrazu 50 Hz. To zaru\u010duje plynul\u00fd a detailn\u00fd obraz aj v t\u00fdch najn\u00e1ro\u010dnej\u0161\u00edch podmienkach. V\u010faka podpore algoritmu spracovania obrazu Reality+ si BOLT \u013eahko porad\u00ed s hmlou, veget\u00e1ciou alebo \u00faplnou tmou a poskytuje ostr\u00fd obraz na spo\u013eahliv\u00fa identifik\u00e1ciu cie\u013ea.<\/p>\n<hr data-start=\"534\" data-end=\"537\" \/>\n<h3 data-start=\"539\" data-end=\"575\"><strong data-start=\"546\" data-end=\"575\">DIA\u013dKOMER DO 1200 METROV<\/strong><\/h3>\n<p data-start=\"577\" data-end=\"1012\">Presn\u00fd odhad vzdialenosti m\u00f4\u017ee by\u0165 pre lovca v\u00fdzvou a nepresn\u00e9 v\u00fdstrely m\u00f4\u017eu \u013eahko podkopa\u0165 d\u00f4veru. Model BOLT v\u00e1s zbav\u00ed tohto bremena - jeho zabudovan\u00fd laserov\u00fd dia\u013ekomer dok\u00e1\u017ee dokonca <strong data-start=\"781\" data-end=\"813\">s dosahom 1200 metrov<\/strong> doplnen\u00e1 o inteligentn\u00fa balistick\u00fa kalkula\u010dku. V\u010faka tomu z\u00edskate presn\u00e9 \u00fadaje o vzdialenosti a okam\u017eit\u00fa pomoc pri zameriavan\u00ed, \u010do zaru\u010d\u00ed, \u017ee v\u00e1\u0161 v\u00fdstrel zasiahne cie\u013e tam, kde m\u00e1.<\/p>\n<hr data-start=\"1014\" data-end=\"1017\" \/>\n<h3 data-start=\"1019\" data-end=\"1044\"><strong data-start=\"1026\" data-end=\"1044\">PRED\u0139\u017dEN\u00dd V\u00cdKEND<\/strong><\/h3>\n<p data-start=\"1046\" data-end=\"1465\" data-is-last-node=\"\" data-is-only-node=\"\">Vybit\u00e1 bat\u00e9ria uprostred lovu je no\u010dnou morou ka\u017ed\u00e9ho po\u013eovn\u00edka. Preto je BOLT vybaven\u00fd dvojit\u00fdm syst\u00e9mom bat\u00e9ri\u00ed - a to ve\u013emi odoln\u00fdm, <strong data-start=\"1186\" data-end=\"1225\">So zabudovanou bat\u00e9riou s kapacitou 5000 mAh<\/strong> a <strong data-start=\"1233\" data-end=\"1283\">Typ 18650 s vymenite\u013enou n\u00e1hradnou bat\u00e9riou<\/strong>. A <strong data-start=\"1287\" data-end=\"1318\">pln\u00e1 kapacita 9000 mAh<\/strong> a\u017e do <strong data-start=\"1324\" data-end=\"1357\">12 hod\u00edn nepretr\u017eitej prev\u00e1dzky<\/strong> poskytuje. U\u017e \u017eiadny stres ani preru\u0161enia - len spo\u013eahliv\u00fd v\u00fdkon od <strong data-start=\"1438\" data-end=\"1464\">od s\u00famraku do \u00fasvitu<\/strong>.<\/p>\n<table dir=\"ltr\" border=\"1\" cellspacing=\"0\" cellpadding=\"0\" data-sheets-root=\"1\" data-sheets-baot=\"1\">\n<colgroup>\n<col width=\"182\" \/>\n<col width=\"478\" \/><\/colgroup>\n<tbody>\n<tr>\n<td>Rozl\u00ed\u0161enie senzora<\/td>\n<td>384 \u00d7 288 px<\/td>\n<\/tr>\n<tr>\n<td>Ve\u013ekos\u0165 pixelov<\/td>\n<td>12 \u00b5m<\/td>\n<\/tr>\n<tr>\n<td>Citlivos\u0165 na teplo (NETD)<\/td>\n<td>&lt; 20 mK<\/td>\n<\/tr>\n<tr>\n<td>Obnovovacia frekvencia obrazu<\/td>\n<td>50 Hz<\/td>\n<\/tr>\n<tr>\n<td>Objekt\u00edv<\/td>\n<td>35 mm<\/td>\n<\/tr>\n<tr>\n<td>Zorn\u00e9 pole<\/td>\n<td>13,2\u00b0 \u00d7 9,9\u00b0<\/td>\n<\/tr>\n<tr>\n<td>Zv\u00e4\u010d\u0161i\u0165<\/td>\n<td>3,5\u00d7 - 14\u00d7<\/td>\n<\/tr>\n<tr>\n<td>Eyelines<\/td>\n<td>50 mm<\/td>\n<\/tr>\n<tr>\n<td>Priemer o\u010dnice<\/td>\n<td>10 mm<\/td>\n<\/tr>\n<tr>\n<td>Dioptrick\u00e1 korekcia<\/td>\n<td>-5 - +5<\/td>\n<\/tr>\n<tr>\n<td>Detek\u010dn\u00e1 vzdialenos\u0165<\/td>\n<td>1800 m<\/td>\n<\/tr>\n<tr>\n<td>Typ displeja<\/td>\n<td>0,39\u2033 AMOLED<\/td>\n<\/tr>\n<tr>\n<td>Rozl\u00ed\u0161enie displeja<\/td>\n<td>1024 \u00d7 768 px<\/td>\n<\/tr>\n<tr>\n<td>Typ bat\u00e9rie<\/td>\n<td>1\u00d7 vstavan\u00fd (5000 mAh) + 1\u00d7 vymenite\u013en\u00fd 18650<\/td>\n<\/tr>\n<tr>\n<td>Prev\u00e1dzkov\u00fd \u010das bat\u00e9rie<\/td>\n<td>12 hod\u00edn (intern\u00e9 + extern\u00e9)<\/td>\n<\/tr>\n<tr>\n<td>Wi-Fi<\/td>\n<td>\u00c1no<\/td>\n<\/tr>\n<tr>\n<td>Funkcia foto\/video<\/td>\n<td>\u00c1no<\/td>\n<\/tr>\n<tr>\n<td>Nahr\u00e1vanie zvuku<\/td>\n<td>\u00c1no<\/td>\n<\/tr>\n<tr>\n<td>Balistick\u00e1 kalkula\u010dka<\/td>\n<td>\u00c1no<\/td>\n<\/tr>\n<tr>\n<td>Laserov\u00fd dia\u013ekomer<\/td>\n<td>\u00c1no, do 1200 m<\/td>\n<\/tr>\n<tr>\n<td>Typ pripojenia<\/td>\n<td>USB-C<\/td>\n<\/tr>\n<tr>\n<td>Vn\u00fatorn\u00e9 \u00falo\u017eisko<\/td>\n<td>32 GB<\/td>\n<\/tr>\n<tr>\n<td>Odolnos\u0165 vo\u010di vode<\/td>\n<td>IP67<\/td>\n<\/tr>\n<tr>\n<td>Hmotnos\u0165<\/td>\n<td>880 g<\/td>\n<\/tr>\n<tr>\n<td>Rozmery<\/td>\n<td>375,7 \u00d7 91,6 \u00d7 75 mm<\/td>\n<\/tr>\n<tr>\n<td>Priemer r\u00farky<\/td>\n<td>30 mm<\/td>\n<\/tr>\n<\/tbody>\n<\/table>","protected":false},"excerpt":{"rendered":"<p>A <strong data-start=\"182\" data-end=\"202\">Nocpix Bolt L35R<\/strong> ide\u00e1lny pre v\u0161etk\u00fdch za\u010d\u00ednaj\u00facich aj pokro\u010dil\u00fdch lovcov, ktor\u00ed h\u013eadaj\u00fa jednoduch\u00e9, jasn\u00e9 a spo\u013eahliv\u00e9 rie\u0161enie pre no\u010dn\u00fd lov. Pon\u00faka ostr\u00fd termov\u00edzny obraz, zabudovan\u00fd laserov\u00fd dia\u013ekomer a inteligentn\u00fa balistiku v kompaktnom, u\u017e\u00edvate\u013esky pr\u00edvetivom dizajne. Ide\u00e1lny spolo\u010dn\u00edk na sebavedom\u00fa stre\u013ebu - u\u017e od prv\u00e9ho lovu.<\/p>","protected":false},"featured_media":4316,"comment_status":"open","ping_status":"closed","template":"","meta":[],"product_brand":[],"product_cat":[30,39,48],"product_tag":[245,183],"class_list":{"0":"post-4315","1":"product","2":"type-product","3":"status-publish","4":"has-post-thumbnail","6":"product_cat-celtavcso","7":"product_cat-digitalis-ejjellato","8":"product_cat-hokamera-keresotavcso","9":"product_tag-bolt","10":"product_tag-nocpix","12":"first","13":"instock","14":"taxable","15":"shipping-taxable","16":"purchasable","17":"product-type-simple"},"jetpack_sharing_enabled":true,"_links":{"self":[{"href":"https:\/\/bestoptika.eu\/sk\/wp-json\/wp\/v2\/product\/4315","targetHints":{"allow":["GET"]}}],"collection":[{"href":"https:\/\/bestoptika.eu\/sk\/wp-json\/wp\/v2\/product"}],"about":[{"href":"https:\/\/bestoptika.eu\/sk\/wp-json\/wp\/v2\/types\/product"}],"replies":[{"embeddable":true,"href":"https:\/\/bestoptika.eu\/sk\/wp-json\/wp\/v2\/comments?post=4315"}],"wp:featuredmedia":[{"embeddable":true,"href":"https:\/\/bestoptika.eu\/sk\/wp-json\/wp\/v2\/media\/4316"}],"wp:attachment":[{"href":"https:\/\/bestoptika.eu\/sk\/wp-json\/wp\/v2\/media?parent=4315"}],"wp:term":[{"taxonomy":"product_brand","embeddable":true,"href":"https:\/\/bestoptika.eu\/sk\/wp-json\/wp\/v2\/product_brand?post=4315"},{"taxonomy":"product_cat","embeddable":true,"href":"https:\/\/bestoptika.eu\/sk\/wp-json\/wp\/v2\/product_cat?post=4315"},{"taxonomy":"product_tag","embeddable":true,"href":"https:\/\/bestoptika.eu\/sk\/wp-json\/wp\/v2\/product_tag?post=4315"}],"curies":[{"name":"wp","href":"https:\/\/api.w.org\/{rel}","templated":true}]}}