{"id":4334,"date":"2025-06-21T20:10:57","date_gmt":"2025-06-21T18:10:57","guid":{"rendered":"https:\/\/bestoptika.eu\/product\/hikmicro-habrok-pro-hq50ln-laser\/"},"modified":"2026-02-07T16:29:25","modified_gmt":"2026-02-07T15:29:25","slug":"hikmicro-habrok-pro-hq50ln-laser","status":"publish","type":"product","link":"https:\/\/bestoptika.eu\/sk\/product\/hikmicro-habrok-pro-hq50ln-laser\/","title":{"rendered":"Hikmicro HABROK PRO HQ50LN + Multispektr\u00e1lny binokul\u00e1r TenoSight H-940 LASER MAX s dvojit\u00fdm poh\u013eadom"},"content":{"rendered":"<p><strong>Hikmicro HABROK PRO HQ50LN + Multispektr\u00e1lny binokul\u00e1r TenoSight H-940 LASER MAX s dvojit\u00fdm poh\u013eadom<\/strong><\/p>\n<p>Model HQ50LN kombinuje optick\u00fd modul s vynikaj\u00facim jadrom s rozl\u00ed\u0161en\u00edm 4K UHD a modul termokamery s p\u00f4sobiv\u00fdm sn\u00edma\u010dom s rozl\u00ed\u0161en\u00edm 640 \u00d7 512 px a tepelnou citlivos\u0165ou 15 mK. Cel\u00fd obraz sa zobrazuje na displeji OLED s rozl\u00ed\u0161en\u00edm 1920 \u00d7 1080 px.<\/p>\n<p>V\u010faka objekt\u00edvu termokamery s ohniskovou vzdialenos\u0165ou 50 mm m\u00f4\u017ee modul termokamery dosiahnu\u0165 detek\u010dn\u00fa vzdialenos\u0165 a\u017e 2600 metrov. Optick\u00fd modul mo\u017eno pou\u017ei\u0165 v kombin\u00e1cii s vymenite\u013en\u00fdm laserov\u00fdm osvetlen\u00edm s vlnovou d\u013a\u017ekou 940 nm, ktor\u00e9 umo\u017e\u0148uje detek\u010dn\u00fd dosah a\u017e 500 metrov! S\u00fa\u010das\u0165ou balenia je aj LED osvet\u013eova\u010d s vlnovou d\u013a\u017ekou 940 nm, ktor\u00fd umo\u017e\u0148uje detekciu a\u017e do vzdialenosti 350 metrov. M\u00e1 tie\u017e laserov\u00fd dia\u013ekomer s dosahom a\u017e 1000 metrov.<\/p>\n<p>Multispektr\u00e1lna technol\u00f3gia je kombin\u00e1ciou termokamery a optick\u00e9ho modulu, ktor\u00e1 umo\u017e\u0148uje spo\u013eahliv\u00e9 monitorovanie 24 hod\u00edn denne za v\u0161etk\u00fdch poveternostn\u00fdch podmienok. Pohodln\u00e9 pozorovanie zabezpe\u010duje technol\u00f3gia Image Pro 2.0, ktor\u00e1 v\u00fdrazne zlep\u0161uje spracovanie obrazu, a automatick\u00e1 stabiliz\u00e1cia, ktor\u00e1 zabezpe\u010duje ostr\u00e9 a stabiln\u00e9 sn\u00edmky aj nad 4-n\u00e1sobn\u00fdm digit\u00e1lnym zv\u00e4\u010d\u0161en\u00edm v optickom re\u017eime.<\/p>\n<p>Zariadenie Habrok Pro je vybaven\u00e9 mno\u017estvom vynikaj\u00facich funkci\u00ed vr\u00e1tane nahr\u00e1vania fotografi\u00ed a zvukov\u00fdch vide\u00ed, mo\u017enosti okam\u017eit\u00e9ho zobrazenia alebo vymazania z\u00e1znamov a mo\u017enosti sledovania najhor\u00facej\u0161ieho bodu. K dispoz\u00edcii je aj automatick\u00fd re\u017eim sp\u00e1nku, ktor\u00fd zis\u0165uje zmeny polohy zariadenia a rozpozn\u00e1, kedy sa nepou\u017e\u00edva - \u0161etr\u00ed tak energiu. Pripojenie je mo\u017en\u00e9 uskuto\u010dni\u0165 pomocou k\u00e1bla alebo prostredn\u00edctvom aplik\u00e1cie HIKMICRO Sight.<\/p>\n<table dir=\"ltr\" border=\"1\" cellspacing=\"0\" cellpadding=\"0\" data-sheets-root=\"1\" data-sheets-baot=\"1\">\n<colgroup>\n<col width=\"182\" \/>\n<col width=\"125\" \/>\n<col width=\"100\" \/><\/colgroup>\n<tbody>\n<tr>\n<td>Vlastn\u00edctvo<\/td>\n<td>Modul termov\u00edzie<\/td>\n<td>Digit\u00e1lny modul<\/td>\n<\/tr>\n<tr>\n<td>Senzor<\/td>\n<td>640 \u00d7 512 px<\/td>\n<td>3840 \u00d7 2160 px<\/td>\n<\/tr>\n<tr>\n<td>Teplotn\u00e1 citlivos\u0165<\/td>\n<td>&lt; 15 mK<\/td>\n<td>-<\/td>\n<\/tr>\n<tr>\n<td>Pr\u00edsvit<\/td>\n<td>-<\/td>\n<td>940 nm<\/td>\n<\/tr>\n<tr>\n<td>Laserov\u00e9 osvetlenie<\/td>\n<td>940 nm<\/td>\n<td>940 nm<\/td>\n<\/tr>\n<tr>\n<td>Osvetlenie LED<\/td>\n<td>\u00c1no<\/td>\n<td>\u00c1no<\/td>\n<\/tr>\n<tr>\n<td>Detek\u010dn\u00e1 vzdialenos\u0165<\/td>\n<td>2600 m<\/td>\n<td>500 m \/ 350 m<\/td>\n<\/tr>\n<tr>\n<td>Lencse<\/td>\n<td>50 mm<\/td>\n<td>60 mm<\/td>\n<\/tr>\n<tr>\n<td>Optick\u00e9 zv\u00e4\u010d\u0161enie<\/td>\n<td>4,3x<\/td>\n<td>5,5x<\/td>\n<\/tr>\n<tr>\n<td>Zorn\u00e9 pole<\/td>\n<td>8,8\u00b0 \u00d7 5,3\u00b0<\/td>\n<td>7,3\u00b0 \u00d7 4,1\u00b0<\/td>\n<\/tr>\n<tr>\n<td>Digit\u00e1lny zoom<\/td>\n<td>4,6x<\/td>\n<td>4x<\/td>\n<\/tr>\n<tr>\n<td>Rozl\u00ed\u0161enie displeja<\/td>\n<td>1920 \u00d7 1080 px<\/td>\n<td><\/td>\n<\/tr>\n<tr>\n<td>Wi-Fi<\/td>\n<td>\u00c1no<\/td>\n<td><\/td>\n<\/tr>\n<tr>\n<td>Laserov\u00fd dia\u013ekomer<\/td>\n<td>\n<div>\n<div>\u00c1no, s dosahom 1000 m<\/div>\n<\/div>\n<\/td>\n<td><\/td>\n<\/tr>\n<tr>\n<td>Dioptrick\u00e1 korekcia<\/td>\n<td>-5D ~ +3D<\/td>\n<td><\/td>\n<\/tr>\n<tr>\n<td>Mo\u017enos\u0165 fotografovania<\/td>\n<td>\u00c1no<\/td>\n<td><\/td>\n<\/tr>\n<tr>\n<td>Zariadenia na tvorbu vide\u00ed<\/td>\n<td>\u00c1no<\/td>\n<td><\/td>\n<\/tr>\n<tr>\n<td>Nahr\u00e1vanie zvuku<\/td>\n<td>\u00c1no<\/td>\n<td><\/td>\n<\/tr>\n<tr>\n<td>Stupe\u0148 krytia<\/td>\n<td>IP67<\/td>\n<td><\/td>\n<\/tr>\n<tr>\n<td>Ukladanie<\/td>\n<td>Vstavan\u00fd, 64 GB<\/td>\n<td><\/td>\n<\/tr>\n<tr>\n<td>Prev\u00e1dzkov\u00e1 teplota<\/td>\n<td>\n<div>\n<div>-30\u00b0C a\u017e +55\u00b0C<\/div>\n<\/div>\n<\/td>\n<td><\/td>\n<\/tr>\n<tr>\n<td>Bat\u00e9ria<\/td>\n<td>\n<div>\n<div>1\u00d7 vymenite\u013en\u00fd, dob\u00edjate\u013en\u00fd<\/div>\n<\/div>\n<\/td>\n<td><\/td>\n<\/tr>\n<tr>\n<td>Prev\u00e1dzkov\u00e9 hodiny<\/td>\n<td>10 hod\u00edn<\/td>\n<td><\/td>\n<\/tr>\n<tr>\n<td>Hmotnos\u0165<\/td>\n<td>975 g<\/td>\n<td><\/td>\n<\/tr>\n<tr>\n<td>Rozmery<\/td>\n<td>143 \u00d7 80 \u00d7 231 mm<\/td>\n<td><\/td>\n<\/tr>\n<\/tbody>\n<\/table>\n<p data-start=\"35\" data-end=\"57\"><strong data-start=\"35\" data-end=\"57\">Obsah balenia:<\/strong><\/p>\n<ul data-start=\"59\" data-end=\"407\">\n<li data-start=\"59\" data-end=\"106\">\n<p data-start=\"61\" data-end=\"106\">Multispektr\u00e1lny \u010falekoh\u013ead HABROK PRO HQ50LN<\/p>\n<\/li>\n<li data-start=\"107\" data-end=\"157\">\n<p data-start=\"109\" data-end=\"157\">Vymenite\u013en\u00fd laserov\u00fd ilumin\u00e1tor H-940 LASER MAX<\/p>\n<\/li>\n<li data-start=\"158\" data-end=\"198\">\n<p data-start=\"160\" data-end=\"198\">Vymenite\u013en\u00fd osvet\u013eova\u010d LED 940 nm<\/p>\n<\/li>\n<li data-start=\"199\" data-end=\"232\">\n<p data-start=\"201\" data-end=\"232\">2 dob\u00edjacie bat\u00e9rie<\/p>\n<\/li>\n<li data-start=\"233\" data-end=\"258\">\n<p data-start=\"235\" data-end=\"258\">1 nab\u00edja\u010dka bat\u00e9ri\u00ed<\/p>\n<\/li>\n<li data-start=\"259\" data-end=\"281\">\n<p data-start=\"261\" data-end=\"281\">1 puzdro na \u010falekoh\u013ead<\/p>\n<\/li>\n<li data-start=\"282\" data-end=\"299\">\n<p data-start=\"284\" data-end=\"299\">1 popruh na krk<\/p>\n<\/li>\n<li data-start=\"300\" data-end=\"338\">\n<p data-start=\"302\" data-end=\"338\">1 adapt\u00e9r na mont\u00e1\u017e na stojan<\/p>\n<\/li>\n<li data-start=\"339\" data-end=\"359\">\n<p data-start=\"341\" data-end=\"359\">1 k\u00e1bel USB-C<\/p>\n<\/li>\n<li data-start=\"360\" data-end=\"407\">\n<p data-start=\"362\" data-end=\"407\">N\u00e1vod na pou\u017eitie<\/p>\n<\/li>\n<\/ul>","protected":false},"excerpt":{"rendered":"<p><strong>Multispektr\u00e1lny binokul\u00e1r s laserov\u00fdm dia\u013ekomerom a vymenite\u013en\u00fdm laserov\u00fdm osvet\u013eova\u010dom H-940 LASER MAX.<\/strong><\/p>\n<p>Sn\u00edma\u010d termokamery s rozl\u00ed\u0161en\u00edm 640 \u00d7 512 px<\/p>\n<p>Tepeln\u00e1 citlivos\u0165 15 mK<\/p>\n<p>R\u00fdchle prep\u00ednanie medzi re\u017eimom termokamery a no\u010dn\u00e9ho videnia<\/p>\n<p>Vymenite\u013en\u00e9 laserov\u00e9 osvetlenie no\u010dn\u00e9ho videnia s rozlohou 940 m2<\/p>\n<p>Dosah detekcie a\u017e do 2600 metrov<\/p>\n<p>Laserov\u00fd dia\u013ekomer<\/p>","protected":false},"featured_media":4333,"comment_status":"open","ping_status":"closed","template":"","meta":[],"product_brand":[],"product_cat":[48],"product_tag":[232,31],"class_list":{"0":"post-4334","1":"product","2":"type-product","3":"status-publish","4":"has-post-thumbnail","6":"product_cat-hokamera-keresotavcso","7":"product_tag-habrok","8":"product_tag-hikmicro","10":"first","11":"instock","12":"sale","13":"taxable","14":"shipping-taxable","15":"purchasable","16":"product-type-simple"},"jetpack_sharing_enabled":true,"_links":{"self":[{"href":"https:\/\/bestoptika.eu\/sk\/wp-json\/wp\/v2\/product\/4334","targetHints":{"allow":["GET"]}}],"collection":[{"href":"https:\/\/bestoptika.eu\/sk\/wp-json\/wp\/v2\/product"}],"about":[{"href":"https:\/\/bestoptika.eu\/sk\/wp-json\/wp\/v2\/types\/product"}],"replies":[{"embeddable":true,"href":"https:\/\/bestoptika.eu\/sk\/wp-json\/wp\/v2\/comments?post=4334"}],"wp:featuredmedia":[{"embeddable":true,"href":"https:\/\/bestoptika.eu\/sk\/wp-json\/wp\/v2\/media\/4333"}],"wp:attachment":[{"href":"https:\/\/bestoptika.eu\/sk\/wp-json\/wp\/v2\/media?parent=4334"}],"wp:term":[{"taxonomy":"product_brand","embeddable":true,"href":"https:\/\/bestoptika.eu\/sk\/wp-json\/wp\/v2\/product_brand?post=4334"},{"taxonomy":"product_cat","embeddable":true,"href":"https:\/\/bestoptika.eu\/sk\/wp-json\/wp\/v2\/product_cat?post=4334"},{"taxonomy":"product_tag","embeddable":true,"href":"https:\/\/bestoptika.eu\/sk\/wp-json\/wp\/v2\/product_tag?post=4334"}],"curies":[{"name":"wp","href":"https:\/\/api.w.org\/{rel}","templated":true}]}}