{"id":4338,"date":"2025-06-24T09:47:59","date_gmt":"2025-06-24T07:47:59","guid":{"rendered":"https:\/\/bestoptika.eu\/?post_type=product&#038;p=4338"},"modified":"2026-04-13T15:49:34","modified_gmt":"2026-04-13T13:49:34","slug":"hikmicro-alpex-4k-lite-a40e-digitalis-ejjellato-celtavcso","status":"publish","type":"product","link":"https:\/\/bestoptika.eu\/sk\/product\/hikmicro-alpex-4k-lite-a40e-digitalis-ejjellato-celtavcso\/","title":{"rendered":"Hikmicro ALPEX 4K Lite A40E pu\u0161koh\u013ead, digit\u00e1lny no\u010dn\u00fd zameriava\u010d"},"content":{"rendered":"<p data-start=\"495\" data-end=\"805\"><strong>Hikmicro ALPEX 4K Lite A40E pu\u0161koh\u013ead, digit\u00e1lny no\u010dn\u00fd zameriava\u010d<\/strong><\/p>\n<p data-start=\"495\" data-end=\"805\">Z adresy <strong data-start=\"498\" data-end=\"520\">S\u00e9ria Alpex Lite<\/strong> pon\u00faka sn\u00edma\u010d 4K s rozl\u00ed\u0161en\u00edm 3840 \u00d7 2160 UHD, ktor\u00fd poskytuje \u017eiv\u00e9 farby po\u010das d\u0148a a jasn\u00fd a ostr\u00fd \u010diernobiely, \u017elt\u00fd alebo zelen\u00fd obraz v noci. \u010ealekoh\u013ead m\u00e1 rozl\u00ed\u0161enie 1920 \u00d7 1080 px <strong data-start=\"731\" data-end=\"750\">s displejom OLED<\/strong> je vybaven\u00fd pre maxim\u00e1lne pohodlie o\u010d\u00ed.<\/p>\n<p data-start=\"807\" data-end=\"1044\">V\u010faka obnovovaniu obrazu s frekvenciou 100 Hz je v\u0161etok pohyb mimoriadne plynul\u00fd a v\u00fdsledkom je digit\u00e1lny obraz prakticky bez oneskorenia. <em data-start=\"938\" data-end=\"1044\">V pr\u00edpade potreby mo\u017eno zariadenie prepn\u00fa\u0165 na 50 Hz, pri\u010dom obraz zostane v plnej kvalite 4K.<\/em><\/p>\n<p data-start=\"1046\" data-end=\"1212\">Tento \u010falekoh\u013ead no\u010dn\u00e9ho videnia je \u0161peci\u00e1lne navrhnut\u00fd <strong data-start=\"1086\" data-end=\"1105\">pre vzduchov\u00e9 zbrane<\/strong> ale jeho \u013eahk\u00e1 30 mm r\u00farka umo\u017e\u0148uje, aby bol <strong data-start=\"1168\" data-end=\"1192\">pre ak\u00fako\u013evek zbra\u0148<\/strong> m\u00f4\u017ee by\u0165 tie\u017e vhodn\u00e9.<\/p>\n<p data-start=\"1214\" data-end=\"1457\"><strong data-start=\"1214\" data-end=\"1239\">Kompaktn\u00fd a robustn\u00fd<\/strong> - Alpex si v tomto \u013eahkom preveden\u00ed zachov\u00e1va svoje typick\u00e9 vlastnosti, ako napr. <strong data-start=\"1328\" data-end=\"1360\">Odolnos\u0165 vo\u010di vode a prachu IP67<\/strong>. Ovl\u00e1danie je st\u00e1le ve\u013emi intuit\u00edvne, najm\u00e4 v\u010faka tich\u00e9mu chodu ovl\u00e1dacieho voli\u010da.<\/p>\n<p data-start=\"1459\" data-end=\"1617\">Dod\u00e1vka energie <strong data-start=\"1478\" data-end=\"1497\">dve bat\u00e9rie<\/strong> jedna vstavan\u00e1 a jedna vymenite\u013en\u00e1 18650. K dispoz\u00edcii je samozrejme aj re\u017eim sp\u00e1nku, ktor\u00fd \u0161etr\u00ed energiu bat\u00e9rie.<\/p>\n<p data-start=\"1619\" data-end=\"1862\"><strong data-start=\"1619\" data-end=\"1646\">Sveteln\u00fd sp\u00fa\u0161\u0165a\u010d nie je s\u00fa\u010das\u0165ou balenia<\/strong>, ale m\u00e1me presne to, \u010do potrebujete! Vyberte si z na\u0161ej vysokej kvality <strong data-start=\"1733\" data-end=\"1766\">Laserov\u00e9 \u017eiari\u010de TenoSight<\/strong> alebo <strong data-start=\"1775\" data-end=\"1805\">origin\u00e1lne projektory Hikmicro<\/strong> medzi. A\u017e do <strong data-start=\"1818\" data-end=\"1833\">250 metrov<\/strong> m\u00f4\u017ee dosiahnu\u0165 no\u010dn\u00fa detekciu.<\/p>\n<p data-start=\"1864\" data-end=\"2187\">Zabudovan\u00e9, dokonca <strong data-start=\"1882\" data-end=\"1902\">Kapacita 32 GB<\/strong> \u00falo\u017en\u00fd priestor na vytvorenie <strong data-start=\"1937\" data-end=\"1962\">fotografie alebo vide\u00e1<\/strong> Rozl\u00ed\u0161enie 1920 \u00d7 1080 px. Svoje z\u00e1znamy si m\u00f4\u017eete kedyko\u013evek pozrie\u0165 alebo vymaza\u0165. Prejdite na <strong data-start=\"2049\" data-end=\"2065\">Port USB-C<\/strong> zariadenie je mo\u017en\u00e9 pripoji\u0165 k po\u010d\u00edta\u010du alebo mobiln\u00e9mu telef\u00f3nu prostredn\u00edctvom <strong data-start=\"2144\" data-end=\"2173\">Aplik\u00e1cia HIKMICRO Sight<\/strong> s pomocou.<\/p>\n<p data-start=\"2189\" data-end=\"2291\">V zariaden\u00ed <strong data-start=\"2202\" data-end=\"2220\">Z\u00e1ruka 3 roky<\/strong> poskytujeme a <strong data-start=\"2243\" data-end=\"2262\">n\u00e1hradn\u00fd<\/strong> po\u010das trvania opravy.<\/p>\n<table dir=\"ltr\" border=\"1\" cellspacing=\"0\" cellpadding=\"0\" data-sheets-root=\"1\" data-sheets-baot=\"1\">\n<colgroup>\n<col width=\"182\" \/>\n<col width=\"478\" \/><\/colgroup>\n<tbody>\n<tr>\n<td>Wi-Fi<\/td>\n<td>\u00c1no<\/td>\n<\/tr>\n<tr>\n<td>Senzor<\/td>\n<td>3840 \u00d7 2160 px<\/td>\n<\/tr>\n<tr>\n<td>Rozl\u00ed\u0161enie displeja<\/td>\n<td>1920 \u00d7 1080 px<\/td>\n<\/tr>\n<tr>\n<td>Obnovovacia frekvencia obrazu<\/td>\n<td>100 Hz (Full HD) \/ 50 Hz (4K)<\/td>\n<\/tr>\n<tr>\n<td>Lencse<\/td>\n<td>40 mm<\/td>\n<\/tr>\n<tr>\n<td>Clona<\/td>\n<td>F2.0<\/td>\n<\/tr>\n<tr>\n<td>Priemer r\u00farky<\/td>\n<td>30 mm<\/td>\n<\/tr>\n<tr>\n<td>Zorn\u00e9 pole<\/td>\n<td>10,7\u00b0 \u00d7 6,1\u00b0<\/td>\n<\/tr>\n<tr>\n<td>Optick\u00e9 zv\u00e4\u010d\u0161enie<\/td>\n<td>3,5x<\/td>\n<\/tr>\n<tr>\n<td>Digit\u00e1lny zoom<\/td>\n<td>a\u017e 5,8x<\/td>\n<\/tr>\n<tr>\n<td>Dioptrick\u00e1 korekcia<\/td>\n<td>\u00b15D<\/td>\n<\/tr>\n<tr>\n<td>Denn\u00e1 detek\u010dn\u00e1 vzdialenos\u0165<\/td>\n<td>800 m<\/td>\n<\/tr>\n<tr>\n<td>No\u010dn\u00e1 detek\u010dn\u00e1 vzdialenos\u0165<\/td>\n<td>do 250 m (v z\u00e1vislosti od projektora)<\/td>\n<\/tr>\n<tr>\n<td>Rozl\u00ed\u0161enie videa<\/td>\n<td>1920 \u00d7 1080 px<\/td>\n<\/tr>\n<tr>\n<td>Fotografovanie<\/td>\n<td>\u00c1no<\/td>\n<\/tr>\n<tr>\n<td>Z\u00e1znam zvuku<\/td>\n<td>\u00c1no<\/td>\n<\/tr>\n<tr>\n<td>Nahr\u00e1vanie po sn\u00edman\u00ed<\/td>\n<td>\u00c1no<\/td>\n<\/tr>\n<tr>\n<td>Odolnos\u0165<\/td>\n<td>IP67<\/td>\n<\/tr>\n<tr>\n<td>\u00dalo\u017eisko<\/td>\n<td>vstavan\u00fd, 32 GB<\/td>\n<\/tr>\n<tr>\n<td>Prev\u00e1dzkov\u00e1 teplota<\/td>\n<td>-30\u00b0C a\u017e +55\u00b0C<\/td>\n<\/tr>\n<tr>\n<td>Bat\u00e9rie<\/td>\n<td>1\u00d7 vstavan\u00fd a 1\u00d7 vymenite\u013en\u00fd 18650<\/td>\n<\/tr>\n<tr>\n<td>V\u00fddr\u017e<\/td>\n<td>7,5 hodiny<\/td>\n<\/tr>\n<tr>\n<td>Rozmery<\/td>\n<td>281 mm \u00d7 86 mm \u00d7 57 mm<\/td>\n<\/tr>\n<tr>\n<td>Hmotnos\u0165<\/td>\n<td>450 g<\/td>\n<\/tr>\n<\/tbody>\n<\/table>","protected":false},"excerpt":{"rendered":"<p data-start=\"41\" data-end=\"296\"><strong data-start=\"41\" data-end=\"86\">Nekompromisn\u00fd lov na mal\u00fa zver!<\/strong><br data-start=\"86\" data-end=\"89\" \/>Z adresy <strong data-start=\"92\" data-end=\"106\">Alpex Lite<\/strong> kompaktn\u00fd digit\u00e1lny zameriava\u010d s no\u010dn\u00fdm viden\u00edm 4K, ktor\u00fd kombinuje \u013eahk\u00fd dizajn, ostr\u00fd obraz a intuit\u00edvne ovl\u00e1danie. M\u00f4\u017ee by\u0165 tie\u017e praktick\u00fdm doplnkom na kontrolu \u0161kodcov.<\/p>\n<ul data-start=\"298\" data-end=\"493\">\n<li data-start=\"298\" data-end=\"320\">\n<p data-start=\"300\" data-end=\"320\">Sn\u00edma\u010d 4K UHD<\/p>\n<\/li>\n<li data-start=\"321\" data-end=\"352\">\n<p data-start=\"323\" data-end=\"352\">100 Hz obnovovanie obrazu<\/p>\n<\/li>\n<li data-start=\"353\" data-end=\"399\">\n<p data-start=\"355\" data-end=\"399\">\u013dahk\u00fd, kompaktn\u00fd, ide\u00e1lny pre vzduchov\u00e9 zbrane<\/p>\n<\/li>\n<li data-start=\"400\" data-end=\"439\">\n<p data-start=\"402\" data-end=\"439\">\u0160tandardn\u00fd priemer r\u00farky 30 mm<\/p>\n<\/li>\n<li data-start=\"440\" data-end=\"493\">\n<p data-start=\"442\" data-end=\"493\">Laserov\u00fd dia\u013ekomer s balistickou kalkula\u010dkou<\/p>\n<\/li>\n<\/ul>","protected":false},"featured_media":4340,"comment_status":"open","ping_status":"closed","template":"","meta":[],"product_brand":[],"product_cat":[30,39],"product_tag":[244,32,31],"class_list":{"0":"post-4338","1":"product","2":"type-product","3":"status-publish","4":"has-post-thumbnail","6":"product_cat-celtavcso","7":"product_cat-digitalis-ejjellato","8":"product_tag-alpex","9":"product_tag-celtavcso","10":"product_tag-hikmicro","12":"first","13":"instock","14":"sale","15":"taxable","16":"shipping-taxable","17":"purchasable","18":"product-type-simple"},"jetpack_sharing_enabled":true,"_links":{"self":[{"href":"https:\/\/bestoptika.eu\/sk\/wp-json\/wp\/v2\/product\/4338","targetHints":{"allow":["GET"]}}],"collection":[{"href":"https:\/\/bestoptika.eu\/sk\/wp-json\/wp\/v2\/product"}],"about":[{"href":"https:\/\/bestoptika.eu\/sk\/wp-json\/wp\/v2\/types\/product"}],"replies":[{"embeddable":true,"href":"https:\/\/bestoptika.eu\/sk\/wp-json\/wp\/v2\/comments?post=4338"}],"wp:featuredmedia":[{"embeddable":true,"href":"https:\/\/bestoptika.eu\/sk\/wp-json\/wp\/v2\/media\/4340"}],"wp:attachment":[{"href":"https:\/\/bestoptika.eu\/sk\/wp-json\/wp\/v2\/media?parent=4338"}],"wp:term":[{"taxonomy":"product_brand","embeddable":true,"href":"https:\/\/bestoptika.eu\/sk\/wp-json\/wp\/v2\/product_brand?post=4338"},{"taxonomy":"product_cat","embeddable":true,"href":"https:\/\/bestoptika.eu\/sk\/wp-json\/wp\/v2\/product_cat?post=4338"},{"taxonomy":"product_tag","embeddable":true,"href":"https:\/\/bestoptika.eu\/sk\/wp-json\/wp\/v2\/product_tag?post=4338"}],"curies":[{"name":"wp","href":"https:\/\/api.w.org\/{rel}","templated":true}]}}