{"id":4534,"date":"2025-07-13T09:38:56","date_gmt":"2025-07-13T07:38:56","guid":{"rendered":"https:\/\/bestoptika.eu\/?post_type=product&#038;p=4534"},"modified":"2026-01-25T17:27:15","modified_gmt":"2026-01-25T16:27:15","slug":"keeppower-18500-2250mah-3-6v-3-7v-li-ion-akkumulator","status":"publish","type":"product","link":"https:\/\/bestoptika.eu\/sk\/product\/keeppower-18500-2250mah-3-6v-3-7v-li-ion-akkumulator\/","title":{"rendered":"Keeppower 18500 2250mAh 3,6V - 3,7V Li-Ion bat\u00e9ria"},"content":{"rendered":"<p data-start=\"37\" data-end=\"102\"><strong data-start=\"37\" data-end=\"102\">Nab\u00edjate\u013en\u00e1 l\u00edtium-i\u00f3nov\u00e1 bat\u00e9ria Xtar 21700 s ochrann\u00fdm obvodom<\/strong><\/p>\n<p data-start=\"104\" data-end=\"122\"><strong data-start=\"104\" data-end=\"122\">\u0160pecifik\u00e1cie:<\/strong><\/p>\n<p data-start=\"124\" data-end=\"242\" data-is-last-node=\"\" data-is-only-node=\"\">Kapacita: 2250 mAh<br data-start=\"143\" data-end=\"146\" \/>Nap\u00e4tie: 3,6-3,7 V<br data-start=\"167\" data-end=\"170\" \/>Chemick\u00e9 zlo\u017eenie: Li-ion<br data-start=\"195\" data-end=\"198\" \/>Nab\u00edjate\u013en\u00e9: \u00e1no<br data-start=\"216\" data-end=\"219\" \/>Rozmery: 18,4 \u00d7 48,6 mm<\/p>","protected":false},"excerpt":{"rendered":"<p>Nab\u00edjate\u013en\u00e1 bat\u00e9ria zna\u010dky Keeppower. Li-ion 18500 bez ochrany. Kapacita: 2250 mAh. Nap\u00e4tie: 3,6\u20133,7 V.<\/p>","protected":false},"featured_media":4535,"comment_status":"open","ping_status":"closed","template":"","meta":[],"product_brand":[],"product_cat":[46],"product_tag":[47,250],"class_list":{"0":"post-4534","1":"product","2":"type-product","3":"status-publish","4":"has-post-thumbnail","6":"product_cat-akkumulator","7":"product_tag-akkumulator","8":"product_tag-keeppower","10":"first","11":"instock","12":"taxable","13":"shipping-taxable","14":"purchasable","15":"product-type-simple"},"jetpack_sharing_enabled":true,"_links":{"self":[{"href":"https:\/\/bestoptika.eu\/sk\/wp-json\/wp\/v2\/product\/4534","targetHints":{"allow":["GET"]}}],"collection":[{"href":"https:\/\/bestoptika.eu\/sk\/wp-json\/wp\/v2\/product"}],"about":[{"href":"https:\/\/bestoptika.eu\/sk\/wp-json\/wp\/v2\/types\/product"}],"replies":[{"embeddable":true,"href":"https:\/\/bestoptika.eu\/sk\/wp-json\/wp\/v2\/comments?post=4534"}],"wp:featuredmedia":[{"embeddable":true,"href":"https:\/\/bestoptika.eu\/sk\/wp-json\/wp\/v2\/media\/4535"}],"wp:attachment":[{"href":"https:\/\/bestoptika.eu\/sk\/wp-json\/wp\/v2\/media?parent=4534"}],"wp:term":[{"taxonomy":"product_brand","embeddable":true,"href":"https:\/\/bestoptika.eu\/sk\/wp-json\/wp\/v2\/product_brand?post=4534"},{"taxonomy":"product_cat","embeddable":true,"href":"https:\/\/bestoptika.eu\/sk\/wp-json\/wp\/v2\/product_cat?post=4534"},{"taxonomy":"product_tag","embeddable":true,"href":"https:\/\/bestoptika.eu\/sk\/wp-json\/wp\/v2\/product_tag?post=4534"}],"curies":[{"name":"wp","href":"https:\/\/api.w.org\/{rel}","templated":true}]}}