{"id":4540,"date":"2025-07-14T10:20:25","date_gmt":"2025-07-14T08:20:25","guid":{"rendered":"https:\/\/bestoptika.eu\/?post_type=product&#038;p=4540"},"modified":"2026-03-14T10:40:52","modified_gmt":"2026-03-14T09:40:52","slug":"pard-night-stalker-mini-digitalis-celtavcso","status":"publish","type":"product","link":"https:\/\/bestoptika.eu\/sk\/product\/pard-night-stalker-mini-digitalis-celtavcso\/","title":{"rendered":"PARD Night Stalker mini digit\u00e1lny pu\u0161koh\u013ead"},"content":{"rendered":"<p data-start=\"58\" data-end=\"486\">A <strong data-start=\"60\" data-end=\"82\">No\u010dn\u00fd stalker Mini<\/strong> kombinuje sn\u00edma\u010d s rozl\u00ed\u0161en\u00edm 2560 \u00d7 1440 pixelov s kompaktnou trubkovou kon\u0161trukciou, ktor\u00e1 je kompatibiln\u00e1 so \u0161tandardn\u00fdmi 30 mm dr\u017eiakmi. Jeho kruhov\u00fd displej poskytuje pohodln\u00e9 sledovanie, bo\u010dn\u00fd ovl\u00e1da\u010d zaostrovania umo\u017e\u0148uje jednoduch\u00e9 nastavenie a jeho hmotnos\u0165 len 450 g vr\u00e1tane bat\u00e9rie pon\u00faka v\u00fdnimo\u010dn\u00fa prenosnos\u0165. Je to dokonal\u00e1 kombin\u00e1cia inov\u00e1cie a praktickosti.<\/p>\n<p data-start=\"488\" data-end=\"525\"><strong data-start=\"488\" data-end=\"525\">REVOLU\u010cN\u00c9 BO\u010cN\u00c9 ZAOSTROVACIE KOLIESKO<\/strong><\/p>\n<p data-start=\"527\" data-end=\"863\">Bo\u010dn\u00e9 zaostrovacie koliesko je navrhnut\u00e9 tak, aby nezasahovalo do zorn\u00e9ho po\u013ea na cie\u013e a nezhor\u0161ovalo vizu\u00e1lny z\u00e1\u017eitok, \u010d\u00edm sa zlep\u0161uje pou\u017eite\u013enos\u0165 zariadenia. Jeho bo\u010dn\u00e9 umiestnenie zabezpe\u010duje \u013eahk\u00fa dostupnos\u0165 a vynikaj\u00facu manipul\u00e1ciu, \u010di u\u017e je zbra\u0148 dr\u017ean\u00e1 v ruke alebo namontovan\u00e1 na stat\u00edve.<\/p>\n<p data-start=\"865\" data-end=\"883\"><strong data-start=\"865\" data-end=\"883\">\u0160pecifik\u00e1cie:<\/strong><\/p>\n<p data-start=\"1153\" data-end=\"1167\" data-is-last-node=\"\">Sn\u00edma\u010d: CMOS, 2560 \u00d7 1440 px<br \/>\nVe\u013ekos\u0165 pixla: 2,9 \u00b5m<br \/>\nCitlivos\u0165 na svetlo: 0,001 lux<br \/>\nOhniskov\u00e1 vzdialenos\u0165: 35 mm<br \/>\nDisplej: IPS, 800 \u00d7 800 px<br \/>\nRozl\u00ed\u0161enie fotografie: 1440 \u00d7 1080 px<br \/>\nRozl\u00ed\u0161enie videa: 1440 \u00d7 1080 px<br \/>\nO\u010dn\u00fd reli\u00e9f: 100 mm<br \/>\nRozmery (mm): 295 \u00d7 82 \u00d7 70<br \/>\nHmotnos\u0165 (g): 455<\/p>\n<p data-start=\"55\" data-end=\"77\"><strong data-start=\"55\" data-end=\"68\">Z\u00e1ruka:<\/strong><br data-start=\"68\" data-end=\"71\" \/>2 roky<\/p>\n<p data-start=\"79\" data-end=\"120\"><strong data-start=\"79\" data-end=\"103\">Rozl\u00ed\u0161enie sn\u00edma\u010da:<\/strong><br data-start=\"103\" data-end=\"106\" \/>2560 \u00d7 1440 px<\/p>\n<p data-start=\"122\" data-end=\"160\"><strong data-start=\"122\" data-end=\"150\">Objekt\u00edv (ohniskov\u00e1 vzdialenos\u0165):<\/strong><br data-start=\"150\" data-end=\"153\" \/>35 mm<\/p>\n<p data-start=\"162\" data-end=\"190\"><strong data-start=\"162\" data-end=\"183\">Optick\u00e9 zv\u00e4\u010d\u0161enie:<\/strong><br data-start=\"183\" data-end=\"186\" \/>3\u00d7<\/p>\n<p data-start=\"192\" data-end=\"218\"><strong data-start=\"192\" data-end=\"211\">Digit\u00e1lny zoom:<\/strong><br data-start=\"211\" data-end=\"214\" \/>2\u00d7<\/p>\n<p data-start=\"220\" data-end=\"258\"><strong data-start=\"220\" data-end=\"243\">Rozl\u00ed\u0161enie displeja:<\/strong><br data-start=\"243\" data-end=\"246\" \/>800\u00d7800 px<\/p>\n<p data-start=\"260\" data-end=\"288\" data-is-last-node=\"\" data-is-only-node=\"\"><strong data-start=\"260\" data-end=\"280\">IR rozsah:<\/strong><br data-start=\"280\" data-end=\"283\" \/>350 m<\/p>","protected":false},"excerpt":{"rendered":"<p data-start=\"0\" data-end=\"35\"><strong data-start=\"0\" data-end=\"35\">NAJMEN\u0160\u00cd DIGIT\u00c1LNY PU\u0160KOH\u013dAD<\/strong><\/p>\n<p data-start=\"37\" data-end=\"325\" data-is-last-node=\"\" data-is-only-node=\"\">A <strong data-start=\"39\" data-end=\"66\">Pard Night Stalker Mini<\/strong> kompaktn\u00fd digit\u00e1lny pu\u0161koh\u013ead s vysok\u00fdm rozl\u00ed\u0161en\u00edm (2560 \u00d7 1440) a praktick\u00fdm kruhov\u00fdm displejom. Je \u013eahk\u00fd (450 g) a \u013eahko sa montuje na \u0161tandardn\u00e9 30 mm kr\u00fa\u017eky. Dokonal\u00e1 kombin\u00e1cia v\u00fdkonu a prenosnosti pre n\u00e1ro\u010dn\u00fdch pou\u017e\u00edvate\u013eov.<\/p>","protected":false},"featured_media":4541,"comment_status":"open","ping_status":"closed","template":"","meta":[],"product_brand":[],"product_cat":[30],"product_tag":[251,207,133],"class_list":{"0":"post-4540","1":"product","2":"type-product","3":"status-publish","4":"has-post-thumbnail","6":"product_cat-celtavcso","7":"product_tag-mini","8":"product_tag-night-stalker","9":"product_tag-pard","11":"first","12":"instock","13":"sale","14":"taxable","15":"shipping-taxable","16":"purchasable","17":"product-type-simple"},"jetpack_sharing_enabled":true,"_links":{"self":[{"href":"https:\/\/bestoptika.eu\/sk\/wp-json\/wp\/v2\/product\/4540","targetHints":{"allow":["GET"]}}],"collection":[{"href":"https:\/\/bestoptika.eu\/sk\/wp-json\/wp\/v2\/product"}],"about":[{"href":"https:\/\/bestoptika.eu\/sk\/wp-json\/wp\/v2\/types\/product"}],"replies":[{"embeddable":true,"href":"https:\/\/bestoptika.eu\/sk\/wp-json\/wp\/v2\/comments?post=4540"}],"wp:featuredmedia":[{"embeddable":true,"href":"https:\/\/bestoptika.eu\/sk\/wp-json\/wp\/v2\/media\/4541"}],"wp:attachment":[{"href":"https:\/\/bestoptika.eu\/sk\/wp-json\/wp\/v2\/media?parent=4540"}],"wp:term":[{"taxonomy":"product_brand","embeddable":true,"href":"https:\/\/bestoptika.eu\/sk\/wp-json\/wp\/v2\/product_brand?post=4540"},{"taxonomy":"product_cat","embeddable":true,"href":"https:\/\/bestoptika.eu\/sk\/wp-json\/wp\/v2\/product_cat?post=4540"},{"taxonomy":"product_tag","embeddable":true,"href":"https:\/\/bestoptika.eu\/sk\/wp-json\/wp\/v2\/product_tag?post=4540"}],"curies":[{"name":"wp","href":"https:\/\/api.w.org\/{rel}","templated":true}]}}