{"id":4544,"date":"2025-07-14T10:33:49","date_gmt":"2025-07-14T08:33:49","guid":{"rendered":"https:\/\/bestoptika.eu\/?post_type=product&#038;p=4544"},"modified":"2026-03-14T10:41:59","modified_gmt":"2026-03-14T09:41:59","slug":"pard-night-stalker-mini-digitalis-celtavcso-tl3-940nm","status":"publish","type":"product","link":"https:\/\/bestoptika.eu\/sk\/product\/pard-night-stalker-mini-digitalis-celtavcso-tl3-940nm\/","title":{"rendered":"PARD Night Stalker mini digit\u00e1lny pu\u0161koh\u013ead + TL3 940 nm"},"content":{"rendered":"<p data-start=\"0\" data-end=\"23\"><strong data-start=\"0\" data-end=\"23\">DIGIT\u00c1LNY PU\u0160KOH\u013dAD<\/strong><\/p>\n<p data-start=\"25\" data-end=\"437\">A <strong data-start=\"27\" data-end=\"49\">No\u010dn\u00fd stalker Mini<\/strong> kombinuje sn\u00edma\u010d s rozl\u00ed\u0161en\u00edm 2560 \u00d7 1440 so \u0161tandardn\u00fdmi 30 mm dr\u017eiakmi. Jeho okr\u00fahla obrazovka poskytuje pohodln\u00e9 sledovanie, syst\u00e9m bo\u010dn\u00e9ho zaostrovania umo\u017e\u0148uje jednoduch\u00e9 nastavenie a v\u010faka hmotnosti len 450 g (vr\u00e1tane bat\u00e9rie) sa v\u00fdnimo\u010dne \u013eahko pren\u00e1\u0161a. Dokonal\u00e1 kombin\u00e1cia inov\u00e1cie a praktickosti.<\/p>\n<p data-start=\"439\" data-end=\"476\"><strong data-start=\"439\" data-end=\"476\">REVOLU\u010cN\u00c9 BO\u010cN\u00c9 ZAOSTROVACIE KOLIESKO<\/strong><\/p>\n<p data-start=\"478\" data-end=\"787\">Bo\u010dn\u00e9 zaostrovacie koliesko je navrhnut\u00e9 tak, aby nebr\u00e1nilo v zornom poli cie\u013ea a nenaru\u0161ovalo vizu\u00e1lny z\u00e1\u017eitok, \u010d\u00edm sa zvy\u0161uje pou\u017eite\u013enos\u0165 zariadenia. Jeho bo\u010dn\u00e9 umiestnenie zabezpe\u010duje \u013eahk\u00fd pr\u00edstup a vynikaj\u00facu manipul\u00e1ciu, \u010di u\u017e sa pou\u017e\u00edva s ru\u010dnou zbra\u0148ou, alebo je namontovan\u00e9 na stat\u00edve.<\/p>\n<p data-start=\"789\" data-end=\"807\"><strong data-start=\"789\" data-end=\"807\">\u0160pecifik\u00e1cie:<\/strong><\/p>\n<p>Sn\u00edma\u010d: CMOS, 2560 \u00d7 1440 px<br \/>\nVe\u013ekos\u0165 pixla: 2,9 \u00b5m<br \/>\nCitlivos\u0165 na svetlo: 0,001 lux<br \/>\nOhniskov\u00e1 vzdialenos\u0165: 35 mm<br \/>\nDisplej: IPS, 800 \u00d7 800 px<br \/>\nRozl\u00ed\u0161enie fotografie: 1440\u00d71080 px<br \/>\nRozl\u00ed\u0161enie videa: 1440 \u00d7 1080 px<br \/>\nO\u010dn\u00fd reli\u00e9f: 100 mm<br \/>\nRozmery (mm): 295 \u00d7 82 \u00d7 70<br \/>\nHmotnos\u0165 (g): 455<\/p>\n<p data-start=\"55\" data-end=\"77\"><strong data-start=\"55\" data-end=\"68\">Z\u00e1ruka:<\/strong><br data-start=\"68\" data-end=\"71\" \/>2 roky<\/p>\n<p data-start=\"79\" data-end=\"120\"><strong data-start=\"79\" data-end=\"103\">Rozl\u00ed\u0161enie sn\u00edma\u010da:<\/strong><br data-start=\"103\" data-end=\"106\" \/>2560 \u00d7 1440 px<\/p>\n<p data-start=\"122\" data-end=\"160\"><strong data-start=\"122\" data-end=\"150\">Objekt\u00edv (ohniskov\u00e1 vzdialenos\u0165):<\/strong><br data-start=\"150\" data-end=\"153\" \/>35 mm<\/p>\n<p data-start=\"162\" data-end=\"190\"><strong data-start=\"162\" data-end=\"183\">Optick\u00e9 zv\u00e4\u010d\u0161enie:<\/strong><br data-start=\"183\" data-end=\"186\" \/>3\u00d7<\/p>\n<p data-start=\"192\" data-end=\"218\"><strong data-start=\"192\" data-end=\"211\">Digit\u00e1lny zoom:<\/strong><br data-start=\"211\" data-end=\"214\" \/>2\u00d7<\/p>\n<p data-start=\"220\" data-end=\"258\"><strong data-start=\"220\" data-end=\"243\">Rozl\u00ed\u0161enie displeja:<\/strong><br data-start=\"243\" data-end=\"246\" \/>800\u00d7800 px<\/p>\n<p data-start=\"260\" data-end=\"288\" data-is-last-node=\"\" data-is-only-node=\"\"><strong data-start=\"260\" data-end=\"280\">IR rozsah:<\/strong><br data-start=\"280\" data-end=\"283\" \/>350 m<\/p>\n<hr data-start=\"1092\" data-end=\"1095\" \/>\n<h3 data-start=\"1489\" data-end=\"1537\"><strong data-start=\"1493\" data-end=\"1537\">EXTERN\u00dd INFRA\u010cERVEN\u00dd LASER - PARD TL3 940NM<\/strong><\/h3>\n<ul data-start=\"1539\" data-end=\"2241\">\n<li data-start=\"1539\" data-end=\"1698\">\n<p data-start=\"1541\" data-end=\"1698\"><strong data-start=\"1541\" data-end=\"1566\">Vlnov\u00e1 d\u013a\u017eka 940 nm<\/strong>: Poskytuje silnej\u0161ie osvetlenie a dlh\u0161\u00ed dosah. M\u00f4\u017ee by\u0165 mierne vidite\u013en\u00fd pre niektor\u00e9 zvierat\u00e1 (slab\u00e9 \u010derven\u00e9 svetlo).<\/p>\n<\/li>\n<li data-start=\"1699\" data-end=\"1832\">\n<p data-start=\"1701\" data-end=\"1832\"><strong data-start=\"1701\" data-end=\"1724\">Nastavite\u013en\u00fd sveteln\u00fd l\u00fa\u010d<\/strong>: Pou\u017e\u00edvate\u013e m\u00f4\u017ee nastavi\u0165 \u0161\u00edrku l\u00fa\u010da pre optim\u00e1lne osvetlenie v r\u00f4znych vzdialenostiach.<\/p>\n<\/li>\n<li data-start=\"1833\" data-end=\"1935\">\n<p data-start=\"1835\" data-end=\"1935\"><strong data-start=\"1835\" data-end=\"1859\">Nastavite\u013en\u00e1 intenzita<\/strong>: Viacero \u00farovn\u00ed jasu na prisp\u00f4sobenie r\u00f4znym podmienkam.<\/p>\n<\/li>\n<li data-start=\"1936\" data-end=\"2034\">\n<p data-start=\"1938\" data-end=\"2034\"><strong data-start=\"1938\" data-end=\"1974\">Kompaktn\u00e1 a robustn\u00e1 kon\u0161trukcia<\/strong>: \u013dahko sa prepravuje a z\u00e1rove\u0148 je odoln\u00fd vo\u010di drsn\u00fdm podmienkam.<\/p>\n<\/li>\n<li data-start=\"2035\" data-end=\"2136\">\n<p data-start=\"2037\" data-end=\"2136\"><strong data-start=\"2037\" data-end=\"2062\">R\u00fdchloup\u00ednacie kovanie<\/strong>: Umo\u017e\u0148uje r\u00fdchle nasadenie a odpojenie od zariadenia no\u010dn\u00e9ho videnia.<\/p>\n<\/li>\n<li data-start=\"2137\" data-end=\"2241\">\n<p data-start=\"2139\" data-end=\"2241\"><strong data-start=\"2139\" data-end=\"2157\">Dod\u00e1vka energie<\/strong>: Nap\u00e1janie pomocou jednej l\u00edtium-i\u00f3novej bat\u00e9rie 18650, ktor\u00e1 je \u010dasto s\u00fa\u010das\u0165ou balenia.<\/p>\n<\/li>\n<\/ul>\n<h3 data-start=\"2248\" data-end=\"2267\"><strong data-start=\"2252\" data-end=\"2267\">Pou\u017eitie:<\/strong><\/h3>\n<p data-start=\"2269\" data-end=\"2463\">Ide\u00e1lne na lov, pozorovanie zveri, bezpe\u010dnostn\u00e9 \u00fa\u010dely a v\u0161etky \u010dinnosti, pri ktor\u00fdch sa vy\u017eaduje no\u010dn\u00e9 videnie.<br data-start=\"2393\" data-end=\"2396\" \/>Zlep\u0161uje kvalitu obrazu no\u010dn\u00e9ho videnia, zvy\u0161uje rozpozn\u00e1vaciu vzdialenos\u0165.<\/p>\n<p data-start=\"2269\" data-end=\"2463\"><strong>Technick\u00e9 \u00fadaje:<\/strong><br \/>\nModel: TL3<br \/>\nTyp IR: VCSEL \/ LED<br \/>\nIR vlnov\u00e1 d\u013a\u017eka: 940 nm<br \/>\nIR v\u00fdkon: 5 W<br \/>\nIR intenzita: 3 \u00farovne<br \/>\nIR dosah: 350 m<br \/>\nIR intenzita: nastavite\u013en\u00e1<br \/>\nTyp bat\u00e9rie: Li-ion 18650 \u00d7 1<br \/>\nPrev\u00e1dzkov\u00fd \u010das: a\u017e 6 hod\u00edn<br \/>\nUpevnenie: r\u00fdchloup\u00ednacie<br \/>\nTrieda ochrany: IP67<br \/>\nPrev\u00e1dzkov\u00e1 teplota: -20 \uff5e +50 \u00b0C \/ -4 \uff5e +122 \u00b0F<\/p>\n<p>&nbsp;<\/p>","protected":false},"excerpt":{"rendered":"<div class=\"flex max-w-full flex-col grow\">\n<div class=\"min-h-8 text-message relative flex w-full flex-col items-end gap-2 text-start break-words whitespace-normal [.text-message+&amp;]:mt-5\" dir=\"auto\" data-message-author-role=\"assistant\" data-message-id=\"79340fcd-55f6-4946-aa91-80af3753458e\" data-message-model-slug=\"gpt-4o\">\n<div class=\"flex w-full flex-col gap-1 empty:hidden first:pt-[3px]\">\n<div class=\"markdown prose dark:prose-invert w-full break-words dark\">\n<p data-start=\"0\" data-end=\"80\"><strong data-start=\"0\" data-end=\"80\">A LEGKISEBB DIGIT\u00c1LIS C\u00c9LT\u00c1VCS\u0150 + K\u00dcLS\u0150 L\u00c9ZERES INFRAVET\u0150 PARD TL3 940NM<\/strong><\/p>\n<p data-start=\"82\" data-end=\"380\">A <strong data-start=\"84\" data-end=\"111\">Pard Night Stalker Mini<\/strong> egy kompakt digit\u00e1lis c\u00e9lt\u00e1vcs\u0151 nagy felbont\u00e1ssal (2560&#215;1440) \u00e9s k\u00e9nyelmes, kerek kijelz\u0151vel. K\u00f6nny\u0171 (450 g) \u00e9s egyszer\u0171en felszerelhet\u0151 szabv\u00e1nyos 30 mm-es gy\u0171r\u0171kre. Ide\u00e1lis v\u00e1laszt\u00e1s azok sz\u00e1m\u00e1ra, akik a teljes\u00edtm\u00e9nyt \u00e9s a hordozhat\u00f3s\u00e1got keresik egyetlen eszk\u00f6zben.<\/p>\n<\/div>\n<\/div>\n<\/div>\n<\/div>\n<div class=\"flex min-h-[46px] justify-start\"><\/div>\n","protected":false},"featured_media":4541,"comment_status":"open","ping_status":"closed","template":"","meta":[],"product_brand":[],"product_cat":[30],"product_tag":[251,207,133],"class_list":{"0":"post-4544","1":"product","2":"type-product","3":"status-publish","4":"has-post-thumbnail","6":"product_cat-celtavcso","7":"product_tag-mini","8":"product_tag-night-stalker","9":"product_tag-pard","11":"first","12":"instock","13":"sale","14":"featured","15":"taxable","16":"shipping-taxable","17":"purchasable","18":"product-type-simple"},"jetpack_sharing_enabled":true,"_links":{"self":[{"href":"https:\/\/bestoptika.eu\/sk\/wp-json\/wp\/v2\/product\/4544","targetHints":{"allow":["GET"]}}],"collection":[{"href":"https:\/\/bestoptika.eu\/sk\/wp-json\/wp\/v2\/product"}],"about":[{"href":"https:\/\/bestoptika.eu\/sk\/wp-json\/wp\/v2\/types\/product"}],"replies":[{"embeddable":true,"href":"https:\/\/bestoptika.eu\/sk\/wp-json\/wp\/v2\/comments?post=4544"}],"wp:featuredmedia":[{"embeddable":true,"href":"https:\/\/bestoptika.eu\/sk\/wp-json\/wp\/v2\/media\/4541"}],"wp:attachment":[{"href":"https:\/\/bestoptika.eu\/sk\/wp-json\/wp\/v2\/media?parent=4544"}],"wp:term":[{"taxonomy":"product_brand","embeddable":true,"href":"https:\/\/bestoptika.eu\/sk\/wp-json\/wp\/v2\/product_brand?post=4544"},{"taxonomy":"product_cat","embeddable":true,"href":"https:\/\/bestoptika.eu\/sk\/wp-json\/wp\/v2\/product_cat?post=4544"},{"taxonomy":"product_tag","embeddable":true,"href":"https:\/\/bestoptika.eu\/sk\/wp-json\/wp\/v2\/product_tag?post=4544"}],"curies":[{"name":"wp","href":"https:\/\/api.w.org\/{rel}","templated":true}]}}