{"id":4552,"date":"2025-07-21T09:35:10","date_gmt":"2025-07-21T07:35:10","guid":{"rendered":"https:\/\/bestoptika.eu\/?post_type=product&#038;p=4552"},"modified":"2026-02-07T16:29:17","modified_gmt":"2026-02-07T15:29:17","slug":"hikmicro-habrok-pro-hq50l-laser-ketszemes-betekintesu-hokamera-kereso","status":"publish","type":"product","link":"https:\/\/bestoptika.eu\/sk\/product\/hikmicro-habrok-pro-hq50l-laser-ketszemes-betekintesu-hokamera-kereso\/","title":{"rendered":"Hikmicro HABROK PRO HQ50L + Multispektr\u00e1lny binokul\u00e1r TenoSight H-940 LASER MAX s dvojit\u00fdm poh\u013eadom"},"content":{"rendered":"<p><strong>Hikmicro HABROK PRO HQ50L + Multispektr\u00e1lny binokul\u00e1r TenoSight H-940 LASER MAX s dvojit\u00fdm poh\u013eadom<\/strong><\/p>\n<p data-start=\"59\" data-end=\"337\"><strong data-start=\"59\" data-end=\"136\">Ponorte sa do sveta detailov s multispektr\u00e1lnym \u010falekoh\u013eadom Habrok Pro<\/strong>, ktor\u00fd poskytuje vynikaj\u00facu kvalitu obrazu vo dne aj v noci. S \u010falekoh\u013eadom Habrok Pro m\u00f4\u017eete \u013eahko zabudn\u00fa\u0165 na tradi\u010dn\u00e9 denn\u00e9 \u010falekoh\u013eady, preto\u017ee pon\u00faka pohodln\u00e9 pou\u017e\u00edvanie a vysok\u00fd v\u00fdkon.<\/p>\n<ul data-start=\"339\" data-end=\"607\">\n<li data-start=\"339\" data-end=\"377\">\n<p data-start=\"341\" data-end=\"377\"><strong data-start=\"341\" data-end=\"362\">Sn\u00edma\u010d termokamery:<\/strong> 640 \u00d7 512 px<\/p>\n<\/li>\n<li data-start=\"378\" data-end=\"406\">\n<p data-start=\"380\" data-end=\"406\"><strong data-start=\"380\" data-end=\"398\">Citlivos\u0165 na teplo:<\/strong> 15 mK<\/p>\n<\/li>\n<li data-start=\"407\" data-end=\"469\">\n<p data-start=\"409\" data-end=\"469\"><strong data-start=\"409\" data-end=\"467\">R\u00fdchle prep\u00ednanie medzi re\u017eimom termokamery a no\u010dn\u00e9ho videnia<\/strong><\/p>\n<\/li>\n<li data-start=\"470\" data-end=\"535\">\n<p data-start=\"472\" data-end=\"535\"><strong data-start=\"472\" data-end=\"533\">Vymenite\u013en\u00fd 940 nm laserov\u00fd ilumin\u00e1tor pre no\u010dn\u00e9 videnie<\/strong><\/p>\n<\/li>\n<li data-start=\"536\" data-end=\"580\">\n<p data-start=\"538\" data-end=\"580\"><strong data-start=\"538\" data-end=\"578\">Dosah detekcie a\u017e do 2600 metrov<\/strong><\/p>\n<\/li>\n<li data-start=\"581\" data-end=\"607\">\n<p data-start=\"583\" data-end=\"607\"><strong data-start=\"583\" data-end=\"607\">Laserov\u00fd dia\u013ekomer<\/strong><\/p>\n<\/li>\n<\/ul>\n<p data-start=\"609\" data-end=\"874\">A <strong data-start=\"611\" data-end=\"627\">Model HQ50L<\/strong> kombinuje optick\u00fd modul so sn\u00edma\u010dom s vynikaj\u00facim rozl\u00ed\u0161en\u00edm 4K UHD a modul termokamery s \u00fa\u017easn\u00fdm rozl\u00ed\u0161en\u00edm 640 \u00d7 512 px a tepelnou citlivos\u0165ou 15 mK. Cel\u00fd obraz je zachyten\u00fd pomocou <strong data-start=\"818\" data-end=\"860\">Displej OLED s rozl\u00ed\u0161en\u00edm 1920 \u00d7 1080 px<\/strong> displeje.<\/p>\n<p data-start=\"876\" data-end=\"1355\">V\u010faka objekt\u00edvu termokamery s ohniskovou vzdialenos\u0165ou 50 mm mo\u017eno modul termokamery <strong data-start=\"956\" data-end=\"993\">dosah detekcie 2600 metrov<\/strong> m\u00f4\u017eete tie\u017e dosiahnu\u0165. V kombin\u00e1cii s optick\u00fdm modulom ho mo\u017eno pou\u017ei\u0165 na <strong data-start=\"1051\" data-end=\"1095\">vymenite\u013en\u00fd 940 nm laserov\u00fd ilumin\u00e1tor<\/strong>, ktor\u00e9 mo\u017eno pou\u017ei\u0165 na <strong data-start=\"1111\" data-end=\"1126\">500 metrov<\/strong> detekcia je tie\u017e mo\u017en\u00e1! Bal\u00edk obsahuje <strong data-start=\"1174\" data-end=\"1204\">Osvet\u013eova\u010d LED s vlnovou d\u013a\u017ekou 850 nm<\/strong> tie\u017e, ktor\u00e9 3<strong data-start=\"1215\" data-end=\"1230\">00 metrov<\/strong> Okrem toho sa na detek\u010dn\u00fa vzdialenos\u0165 <strong data-start=\"1280\" data-end=\"1339\">s laserov\u00fdm dia\u013ekomerom s dosahom a\u017e 1000 metrov<\/strong> m\u00e1 tie\u017e.<\/p>\n<p data-start=\"1357\" data-end=\"1799\">A <strong data-start=\"1359\" data-end=\"1378\">multispektr\u00e1lne<\/strong> je kombin\u00e1ciou termokamery a optick\u00e9ho modulu, ktor\u00fd <strong data-start=\"1449\" data-end=\"1485\">spo\u013eahliv\u00e9 monitorovanie 24\/7<\/strong> za v\u0161etk\u00fdch poveternostn\u00fdch podmienok. Na pohodln\u00e9 pozorovanie sl\u00fa\u017ei <strong data-start=\"1568\" data-end=\"1593\">Funkcia Image Pro 2.0<\/strong> \u010do v\u00fdrazne zlep\u0161uje zobrazenie obrazu, ako aj <strong data-start=\"1659\" data-end=\"1697\">funkcia automatickej stabiliz\u00e1cie obrazu<\/strong>, ktor\u00fd poskytuje ostr\u00fd a stabiln\u00fd obraz pri digit\u00e1lnom zv\u00e4\u010d\u0161en\u00ed aj v optickom re\u017eime <strong data-start=\"1780\" data-end=\"1786\">4x<\/strong>-hodnota.<\/p>\n<p data-start=\"1801\" data-end=\"2291\">A <strong data-start=\"1803\" data-end=\"1817\">Habrok Pro<\/strong> je vybaven\u00fd mno\u017estvom vynikaj\u00facich funkci\u00ed, ako napr\u00edklad <strong data-start=\"1877\" data-end=\"1913\">fotografovanie a nahr\u00e1vanie zvukov\u00fdch vide\u00ed<\/strong>, aby ste ich mohli okam\u017eite zobrazi\u0165 alebo vymaza\u0165 a <strong data-start=\"1967\" data-end=\"1996\">sledovanie najhor\u00facej\u0161ieho bodu<\/strong>. \u017diadny nedostatok <strong data-start=\"2014\" data-end=\"2038\">automatick\u00fd re\u017eim sp\u00e1nku<\/strong> ktor\u00e1 rozpozn\u00e1 zmeny polohy zariadenia a automaticky vypne displej, ke\u010f sa nepou\u017e\u00edva, \u010d\u00edm \u0161etr\u00ed energiu bat\u00e9rie. <strong data-start=\"2192\" data-end=\"2222\">Ako sp\u00f4sob prepojenia<\/strong> k dispoz\u00edcii s dodan\u00fdm k\u00e1blom alebo <strong data-start=\"2258\" data-end=\"2287\">Aplik\u00e1cia HIKMICRO Sight<\/strong> je.<\/p>\n<p data-start=\"2293\" data-end=\"2667\">Zariadenie je <strong data-start=\"2306\" data-end=\"2413\">ergonomick\u00fd tvar pripom\u00ednaj\u00faci tradi\u010dn\u00e9 denn\u00e9 \u010falekoh\u013eady na pohodln\u00e9 pou\u017e\u00edvanie<\/strong>a d\u00e1 sa \u013eahko zavesi\u0165 na krk. Samozrejme <strong data-start=\"2464\" data-end=\"2494\">mo\u017eno ho namontova\u0165 na stojan<\/strong> - adapt\u00e9r je s\u00fa\u010das\u0165ou balenia. Na prev\u00e1dzku <strong data-start=\"2550\" data-end=\"2591\">vymenite\u013en\u00e1, dob\u00edjate\u013en\u00e1 bat\u00e9ria<\/strong> ktor\u00fd pou\u017e\u00edva bu\u010f <strong data-start=\"2612\" data-end=\"2649\">10 hod\u00edn nepretr\u017eit\u00e9ho pozorovania<\/strong> v\u00e1m tie\u017e umo\u017e\u0148uje.<\/p>\n<table dir=\"ltr\" border=\"1\" cellspacing=\"0\" cellpadding=\"0\" data-sheets-root=\"1\" data-sheets-baot=\"1\">\n<colgroup>\n<col width=\"100\" \/>\n<col width=\"100\" \/>\n<col width=\"100\" \/><\/colgroup>\n<tbody>\n<tr>\n<td>Vlastn\u00edctvo<\/td>\n<td>Modul termokamery<\/td>\n<td>Digit\u00e1lny modul<\/td>\n<\/tr>\n<tr>\n<td>Rozl\u00ed\u0161enie sn\u00edma\u010da<\/td>\n<td>640 \u00d7 512 px<\/td>\n<td>3840 \u00d7 2160 px<\/td>\n<\/tr>\n<tr>\n<td>Teplotn\u00e1 citlivos\u0165<\/td>\n<td>&lt; 15 mK<\/td>\n<td>-<\/td>\n<\/tr>\n<tr>\n<td>Osvetlenie<\/td>\n<td>-<\/td>\n<td>940 nm laser<\/td>\n<\/tr>\n<tr>\n<td><\/td>\n<td>850 nm LED<\/td>\n<td><\/td>\n<\/tr>\n<tr>\n<td>Detek\u010dn\u00e1 vzdialenos\u0165<\/td>\n<td>2600 m<\/td>\n<td>500 m<\/td>\n<\/tr>\n<tr>\n<td><\/td>\n<td><\/td>\n<td>300 m<\/td>\n<\/tr>\n<tr>\n<td>\u0160o\u0161ovka<\/td>\n<td>50 mm<\/td>\n<td>60 mm<\/td>\n<\/tr>\n<tr>\n<td>Optick\u00e9 zv\u00e4\u010d\u0161enie<\/td>\n<td>4,3\u00d7<\/td>\n<td>5,5\u00d7<\/td>\n<\/tr>\n<tr>\n<td>Zorn\u00e9 pole<\/td>\n<td>8,8\u00b0 \u00d7 5,3\u00b0<\/td>\n<td>7,3\u00b0 \u00d7 4,1\u00b0<\/td>\n<\/tr>\n<tr>\n<td>Digit\u00e1lny zoom<\/td>\n<td>4,6\u00d7<\/td>\n<td>4\u00d7<\/td>\n<\/tr>\n<tr>\n<td>Rozl\u00ed\u0161enie displeja<\/td>\n<td>1920 \u00d7 1080 px<\/td>\n<td><\/td>\n<\/tr>\n<tr>\n<td>Wi-Fi<\/td>\n<td>\u00c1no<\/td>\n<td><\/td>\n<\/tr>\n<tr>\n<td>Laserov\u00fd dia\u013ekomer<\/td>\n<td>\n<div>\n<div>\u00c1no, dosah 1000 m<\/div>\n<\/div>\n<\/td>\n<td><\/td>\n<\/tr>\n<tr>\n<td>Dioptrick\u00e1 korekcia<\/td>\n<td>-5D ~ +3D<\/td>\n<td><\/td>\n<\/tr>\n<tr>\n<td>Mo\u017enos\u0165 fotografovania<\/td>\n<td>\u00c1no<\/td>\n<td><\/td>\n<\/tr>\n<tr>\n<td>Zariadenia na tvorbu vide\u00ed<\/td>\n<td>\u00c1no<\/td>\n<td><\/td>\n<\/tr>\n<tr>\n<td>Mo\u017enos\u0165 nahr\u00e1vania hlasu<\/td>\n<td>\u00c1no<\/td>\n<td><\/td>\n<\/tr>\n<tr>\n<td>\u00darove\u0148 imunity<\/td>\n<td>IP67<\/td>\n<td><\/td>\n<\/tr>\n<tr>\n<td>Ukladanie<\/td>\n<td>\n<div>\n<div>Vstavan\u00fd, 64 GB<\/div>\n<\/div>\n<\/td>\n<td><\/td>\n<\/tr>\n<tr>\n<td>Prev\u00e1dzkov\u00e1 teplota<\/td>\n<td>-30\u00b0C - +55\u00b0C<\/td>\n<td><\/td>\n<\/tr>\n<tr>\n<td>Bat\u00e9ria<\/td>\n<td>\n<div>\n<div>1 vymenite\u013en\u00fd, dob\u00edjate\u013en\u00fd<\/div>\n<\/div>\n<\/td>\n<td><\/td>\n<\/tr>\n<tr>\n<td>\u017divotnos\u0165 bat\u00e9rie<\/td>\n<td>10 hod\u00edn<\/td>\n<td><\/td>\n<\/tr>\n<tr>\n<td>Hmotnos\u0165<\/td>\n<td>975 g<\/td>\n<td><\/td>\n<\/tr>\n<tr>\n<td>Rozmery<\/td>\n<td>\n<div>\n<div>143 \u00d7 80 \u00d7 231 mm<\/div>\n<\/div>\n<\/td>\n<td><\/td>\n<\/tr>\n<\/tbody>\n<\/table>\n<p><b>Obsah balenia:<\/b><\/p>\n<ul>\n<li style=\"font-weight: 400\"><span style=\"font-weight: 400\">Multispektr\u00e1lny \u010falekoh\u013ead HABROK PRO HQ50L<\/span><\/li>\n<li style=\"font-weight: 400\"><span style=\"font-weight: 400\">Vymenite\u013en\u00fd laserov\u00fd osvet\u013eova\u010d s vlnovou d\u013a\u017ekou 940 nm<\/span><\/li>\n<li style=\"font-weight: 400\"><span style=\"font-weight: 400\">Vymenite\u013en\u00fd osvet\u013eova\u010d LED 850 nm<\/span><\/li>\n<li style=\"font-weight: 400\"><span style=\"font-weight: 400\">2 dob\u00edjacie bat\u00e9rie<\/span><\/li>\n<li style=\"font-weight: 400\"><span style=\"font-weight: 400\">1 nab\u00edja\u010dka bat\u00e9ri\u00ed<\/span><\/li>\n<li style=\"font-weight: 400\"><span style=\"font-weight: 400\">1 puzdro na \u010falekoh\u013ead<\/span><\/li>\n<li style=\"font-weight: 400\"><span style=\"font-weight: 400\">1 popruh na krk<\/span><\/li>\n<li style=\"font-weight: 400\"><span style=\"font-weight: 400\">1 stojanov\u00fd adapt\u00e9r<\/span><\/li>\n<li style=\"font-weight: 400\"><span style=\"font-weight: 400\">1 k\u00e1bel USB-C<\/span><\/li>\n<li style=\"font-weight: 400\"><span style=\"font-weight: 400\">N\u00e1vod na pou\u017eitie<\/span><\/li>\n<\/ul>\n<p>Ofici\u00e1lna str\u00e1nka produktu:\u00a0 <a href=\"https:\/\/www.hikmicrotech.com\/hu\/outdoor-products\/habrok-pro-multi-spectrum-binocular\/\">https:\/\/www.hikmicrotech.com\/hu\/outdoor-products\/habrok-pro-multi-spectrum-binocular\/<\/a><\/p>","protected":false},"excerpt":{"rendered":"<p data-start=\"51\" data-end=\"152\"><strong>Multispektr\u00e1lny binokul\u00e1r s laserov\u00fdm dia\u013ekomerom a vymenite\u013en\u00fdm laserov\u00fdm osvet\u013eova\u010dom H-940 LASER MAX.<\/strong><\/p>\n<ul>\n<li data-start=\"156\" data-end=\"199\"><strong data-start=\"156\" data-end=\"177\">Sn\u00edma\u010d termokamery:<\/strong> 640 \u00d7 512 px, 12 \u03bcm<\/li>\n<li data-start=\"156\" data-end=\"199\"><strong data-start=\"202\" data-end=\"230\">Citlivos\u0165 termokamery:<\/strong> \u2264 15 mK<\/li>\n<li data-start=\"156\" data-end=\"199\"><strong data-start=\"243\" data-end=\"271\">Optick\u00fd modul no\u010dn\u00e9ho videnia:<\/strong> 3840 \u00d7 2160 px<\/li>\n<li data-start=\"291\" data-end=\"331\"><strong data-start=\"291\" data-end=\"322\">Vymenite\u013en\u00fd LED osvet\u013eova\u010d:<\/strong> 850 nm<\/li>\n<li data-start=\"334\" data-end=\"360\"><strong data-start=\"334\" data-end=\"347\">Cie\u013e:<\/strong> 50 \/ 60 mm<\/li>\n<li data-start=\"363\" data-end=\"401\"><strong data-start=\"363\" data-end=\"386\">Detek\u010dn\u00e1 vzdialenos\u0165:<\/strong> 2600 \/ 500 m<\/li>\n<li data-start=\"404\" data-end=\"439\"><strong data-start=\"404\" data-end=\"425\">Optick\u00e9 zv\u00e4\u010d\u0161enie:<\/strong> 4,3\u00d7 \/ 5,5\u00d7<\/li>\n<li data-start=\"442\" data-end=\"473\"><strong data-start=\"442\" data-end=\"461\">Digit\u00e1lny zoom:<\/strong> 4,6\u00d7 \/ 4\u00d7<\/li>\n<li data-start=\"476\" data-end=\"511\"><strong data-start=\"476\" data-end=\"488\">Zobrazenie:<\/strong> OLED, 1920 \u00d7 1080 px<\/li>\n<li data-start=\"514\" data-end=\"541\"><strong data-start=\"514\" data-end=\"539\">Funkcia Image Pro 2.0<\/strong><\/li>\n<li data-start=\"544\" data-end=\"574\"><strong data-start=\"544\" data-end=\"572\">Automatick\u00fd re\u017eim sp\u00e1nku<\/strong><\/li>\n<li data-start=\"577\" data-end=\"610\"><strong data-start=\"577\" data-end=\"601\">V\u00fddr\u017e bat\u00e9rie:<\/strong> 10 hod\u00edn<\/li>\n<li data-start=\"613\" data-end=\"672\"><strong data-start=\"613\" data-end=\"628\">Z\u00e1sobovanie potravinami:<\/strong> 1 vymenite\u013en\u00e1 dob\u00edjate\u013en\u00e1 bat\u00e9ria<\/li>\n<\/ul>","protected":false},"featured_media":4553,"comment_status":"open","ping_status":"closed","template":"","meta":[],"product_brand":[],"product_cat":[17],"product_tag":[125,232,31,189],"class_list":{"0":"post-4552","1":"product","2":"type-product","3":"status-publish","4":"has-post-thumbnail","6":"product_cat-hokamera-kereso","7":"product_tag-binokular","8":"product_tag-habrok","9":"product_tag-hikmicro","10":"product_tag-hokamera-kereso","12":"first","13":"instock","14":"sale","15":"taxable","16":"shipping-taxable","17":"purchasable","18":"product-type-simple"},"jetpack_sharing_enabled":true,"_links":{"self":[{"href":"https:\/\/bestoptika.eu\/sk\/wp-json\/wp\/v2\/product\/4552","targetHints":{"allow":["GET"]}}],"collection":[{"href":"https:\/\/bestoptika.eu\/sk\/wp-json\/wp\/v2\/product"}],"about":[{"href":"https:\/\/bestoptika.eu\/sk\/wp-json\/wp\/v2\/types\/product"}],"replies":[{"embeddable":true,"href":"https:\/\/bestoptika.eu\/sk\/wp-json\/wp\/v2\/comments?post=4552"}],"wp:featuredmedia":[{"embeddable":true,"href":"https:\/\/bestoptika.eu\/sk\/wp-json\/wp\/v2\/media\/4553"}],"wp:attachment":[{"href":"https:\/\/bestoptika.eu\/sk\/wp-json\/wp\/v2\/media?parent=4552"}],"wp:term":[{"taxonomy":"product_brand","embeddable":true,"href":"https:\/\/bestoptika.eu\/sk\/wp-json\/wp\/v2\/product_brand?post=4552"},{"taxonomy":"product_cat","embeddable":true,"href":"https:\/\/bestoptika.eu\/sk\/wp-json\/wp\/v2\/product_cat?post=4552"},{"taxonomy":"product_tag","embeddable":true,"href":"https:\/\/bestoptika.eu\/sk\/wp-json\/wp\/v2\/product_tag?post=4552"}],"curies":[{"name":"wp","href":"https:\/\/api.w.org\/{rel}","templated":true}]}}