{"id":4573,"date":"2025-07-21T15:06:30","date_gmt":"2025-07-21T13:06:30","guid":{"rendered":"https:\/\/bestoptika.eu\/?post_type=product&#038;p=4573"},"modified":"2026-02-26T15:45:56","modified_gmt":"2026-02-26T14:45:56","slug":"hikmicro-habrok-pro-hx60ln-laser-ketszemes-betekintesu-hokamera-kereso","status":"publish","type":"product","link":"https:\/\/bestoptika.eu\/sk\/product\/hikmicro-habrok-pro-hx60ln-laser-ketszemes-betekintesu-hokamera-kereso\/","title":{"rendered":"Hikmicro HABROK PRO HX60LN + TenoSight H-940 LASER MAX Multispektr\u00e1lny binokul\u00e1r"},"content":{"rendered":"<p><strong>Hikmicro HABROK PRO HX60LN + TenoSight H-940 LASER MAX Multispektr\u00e1lny binokul\u00e1r<\/strong><\/p>\n<p data-start=\"65\" data-end=\"339\"><strong data-start=\"65\" data-end=\"208\">Ponorte sa do sveta detailov s multispektr\u00e1lnym binokul\u00e1rom Habrok Pro, ktor\u00fd poskytuje vynikaj\u00facu kvalitu obrazu vo dne aj v noci. <\/strong>S binokul\u00e1rom Habrok Pro m\u00f4\u017eete pokojne zabudn\u00fa\u0165 na tradi\u010dn\u00e9 denn\u00e9 \u010falekoh\u013eady - pohodlne sa pou\u017e\u00edva a pon\u00faka vynikaj\u00faci v\u00fdkon.<\/p>\n<ul data-start=\"341\" data-end=\"621\">\n<li data-start=\"341\" data-end=\"393\">\n<p data-start=\"343\" data-end=\"393\"><strong data-start=\"343\" data-end=\"375\">Rozl\u00ed\u0161enie sn\u00edma\u010da termokamery<\/strong>: 1280 \u00d7 1080 px<\/p>\n<\/li>\n<li data-start=\"394\" data-end=\"422\">\n<p data-start=\"396\" data-end=\"422\"><strong data-start=\"396\" data-end=\"413\">Teplotn\u00e1 citlivos\u0165<\/strong>: 18 mK<\/p>\n<\/li>\n<li data-start=\"423\" data-end=\"482\">\n<p data-start=\"425\" data-end=\"482\"><strong data-start=\"425\" data-end=\"480\">R\u00fdchle prep\u00ednanie medzi re\u017eimami term\u00e1lneho a no\u010dn\u00e9ho videnia<\/strong><\/p>\n<\/li>\n<li data-start=\"483\" data-end=\"539\">\n<p data-start=\"485\" data-end=\"539\"><strong data-start=\"485\" data-end=\"529\">Vymenite\u013en\u00fd laserov\u00fd ilumin\u00e1tor no\u010dn\u00e9ho videnia<\/strong>: 940 nm<\/p>\n<\/li>\n<li data-start=\"540\" data-end=\"584\">\n<p data-start=\"542\" data-end=\"584\"><strong data-start=\"542\" data-end=\"582\">Dosah detekcie a\u017e do 3100 metrov<\/strong><\/p>\n<\/li>\n<li data-start=\"585\" data-end=\"621\">\n<p data-start=\"587\" data-end=\"621\"><strong data-start=\"587\" data-end=\"621\">Vstavan\u00fd laserov\u00fd dia\u013ekomer<\/strong><\/p>\n<\/li>\n<\/ul>\n<p data-start=\"623\" data-end=\"878\">A <strong data-start=\"625\" data-end=\"642\">Model HX60LN<\/strong> kombinuje optick\u00fd modul s rozl\u00ed\u0161en\u00edm 4K UHD a modul termokamery s p\u00f4sobiv\u00fdm sn\u00edma\u010dom s rozl\u00ed\u0161en\u00edm 1280 \u00d7 1024 px a tepelnou citlivos\u0165ou 18 mK. Cel\u00fd obraz sa zachyt\u00e1va na <strong data-start=\"822\" data-end=\"864\">Displej OLED s rozl\u00ed\u0161en\u00edm 1920 \u00d7 1080 px<\/strong> displeje.<\/p>\n<p data-start=\"880\" data-end=\"1339\">A <strong data-start=\"882\" data-end=\"925\">60 mm ohniskov\u00e1 vzdialenos\u0165 objekt\u00edvu termokamery<\/strong> umo\u017e\u0148uje detek\u010dn\u00fd dosah a\u017e do 3100 metrov. Optick\u00fd modul mo\u017eno pripoji\u0165 k vymenite\u013en\u00e9mu <strong data-start=\"1031\" data-end=\"1064\">Laserov\u00fd osvet\u013eova\u010d s vlnovou d\u013a\u017ekou 940 nm<\/strong>, ktor\u00e9 mo\u017eno pou\u017ei\u0165 na <strong data-start=\"1079\" data-end=\"1103\">Detekcia na 500 metrov<\/strong> tie\u017e k dispoz\u00edcii! Bal\u00ed\u010dek obsahuje <strong data-start=\"1140\" data-end=\"1170\">Osvet\u013eova\u010d LED s vlnovou d\u013a\u017ekou 940 nm<\/strong> tie\u017e, s ktor\u00fdm o <strong data-start=\"1195\" data-end=\"1219\">Detekcia 350 metrov<\/strong> Okrem toho je k dispoz\u00edcii zariadenie <strong data-start=\"1251\" data-end=\"1278\">s laserov\u00fdm dia\u013ekomerom<\/strong> ktor\u00e1 m\u00e1 tie\u017e <strong data-start=\"1301\" data-end=\"1338\">s dosahom a\u017e 1000 metrov<\/strong>.<\/p>\n<p data-start=\"1341\" data-end=\"1767\">A <strong data-start=\"1343\" data-end=\"1373\">multispektr\u00e1lny dizajn<\/strong> je kombin\u00e1ciou termokamery a optick\u00e9ho modulu, tak\u017ee <strong data-start=\"1432\" data-end=\"1526\">spo\u013eahliv\u00e9 denn\u00e9 a no\u010dn\u00e9 monitorovanie za v\u0161etk\u00fdch poveternostn\u00fdch podmienok<\/strong>. Pohodlie pri pou\u017e\u00edvan\u00ed zabezpe\u010duje <strong data-start=\"1568\" data-end=\"1593\">Funkcia Image Pro 2.0<\/strong>, \u010do v\u00fdrazne zlep\u0161uje spracovanie obrazu, ako aj <strong data-start=\"1653\" data-end=\"1684\">automatick\u00e1 stabiliz\u00e1cia obrazu<\/strong>, ktor\u00fd poskytuje ostr\u00fd a stabiln\u00fd obraz aj pri zv\u00e4\u010d\u0161en\u00ed nad 4\u00d7 v optickom re\u017eime.<\/p>\n<p data-start=\"1769\" data-end=\"1829\">A <strong data-start=\"1771\" data-end=\"1785\">Habrok Pro<\/strong> je vybaven\u00fd mnoh\u00fdmi vynikaj\u00facimi funkciami:<\/p>\n<ul data-start=\"1830\" data-end=\"2241\">\n<li data-start=\"1830\" data-end=\"1879\">\n<p data-start=\"1832\" data-end=\"1879\">zvukov\u00fd z\u00e1znam fotografi\u00ed a vide\u00ed<\/p>\n<\/li>\n<li data-start=\"1880\" data-end=\"1931\">\n<p data-start=\"1882\" data-end=\"1931\">okam\u017eit\u00e9 zobrazenie alebo vymazanie nahr\u00e1vok<\/p>\n<\/li>\n<li data-start=\"1932\" data-end=\"1975\">\n<p data-start=\"1934\" data-end=\"1975\">automatick\u00e9 sledovanie najhor\u00facej\u0161ieho bodu<\/p>\n<\/li>\n<li data-start=\"1976\" data-end=\"2148\">\n<p data-start=\"1978\" data-end=\"2148\"><strong data-start=\"1978\" data-end=\"2002\">automatick\u00fd re\u017eim sp\u00e1nku<\/strong>ktor\u00e1 rozpozn\u00e1 zmeny polohy zariadenia a automaticky vypne displej, ke\u010f sa nepou\u017e\u00edva, aby sa \u0161etrila energia bat\u00e9rie<\/p>\n<\/li>\n<li data-start=\"2149\" data-end=\"2241\">\n<p data-start=\"2151\" data-end=\"2241\"><strong data-start=\"2151\" data-end=\"2177\">pripojenie<\/strong> Pomocou k\u00e1bla USB-C alebo <strong data-start=\"2200\" data-end=\"2241\">prostredn\u00edctvom aplik\u00e1cie HIKMICRO Sight<\/strong><\/p>\n<\/li>\n<\/ul>\n<p data-start=\"2243\" data-end=\"2522\">V tvare klasick\u00e9ho denn\u00e9ho \u010falekoh\u013eadu, <strong data-start=\"2290\" data-end=\"2356\">ergonomicky navrhnut\u00e9 pre pohodln\u00e9 nosenie na krku<\/strong>, sk <strong data-start=\"2361\" data-end=\"2388\">sa d\u00e1 upevni\u0165 na stojan<\/strong> pomocou dodan\u00e9ho adapt\u00e9ra. A <strong data-start=\"2425\" data-end=\"2465\">vymenite\u013en\u00e1, dob\u00edjate\u013en\u00e1 bat\u00e9ria<\/strong> a\u017e do <strong data-start=\"2471\" data-end=\"2507\">9 hod\u00edn nepretr\u017eit\u00e9ho pozorovania<\/strong> umo\u017e\u0148uje.<\/p>\n<table dir=\"ltr\" border=\"1\" cellspacing=\"0\" cellpadding=\"0\" data-sheets-root=\"1\" data-sheets-baot=\"1\">\n<colgroup>\n<col width=\"100\" \/>\n<col width=\"100\" \/>\n<col width=\"100\" \/><\/colgroup>\n<tbody>\n<tr>\n<td>Vlastn\u00edctvo<\/td>\n<td>Modul termokamery<\/td>\n<td>Digit\u00e1lny modul<\/td>\n<\/tr>\n<tr>\n<td>Rozl\u00ed\u0161enie<\/td>\n<td>1280 \u00d7 1024 px<\/td>\n<td>3840 \u00d7 2160 px<\/td>\n<\/tr>\n<tr>\n<td>Teplotn\u00e1 citlivos\u0165<\/td>\n<td>&lt; 18 mK<\/td>\n<td>-<\/td>\n<\/tr>\n<tr>\n<td>Osvetlenie<\/td>\n<td>-<\/td>\n<td>\n<div>\n<div>940 nm laser \/ LED<\/div>\n<\/div>\n<\/td>\n<\/tr>\n<tr>\n<td>Detek\u010dn\u00e1 vzdialenos\u0165<\/td>\n<td>3100 m<\/td>\n<td>500 m \/ 350 m<\/td>\n<\/tr>\n<tr>\n<td>\u0160o\u0161ovka<\/td>\n<td>60 mm<\/td>\n<td>60 mm<\/td>\n<\/tr>\n<tr>\n<td>Optick\u00e9 zv\u00e4\u010d\u0161enie<\/td>\n<td>2,6\u00d7<\/td>\n<td>5,5\u00d7<\/td>\n<\/tr>\n<tr>\n<td>Zorn\u00e9 pole<\/td>\n<td>14,6\u00b0 \u00d7 8,8\u00b0<\/td>\n<td>7,3\u00b0 \u00d7 4,1\u00b0<\/td>\n<\/tr>\n<tr>\n<td>Digit\u00e1lny zoom<\/td>\n<td>7,7\u00d7<\/td>\n<td>4\u00d7<\/td>\n<\/tr>\n<tr>\n<td>Rozl\u00ed\u0161enie displeja<\/td>\n<td>1920 \u00d7 1080 px<\/td>\n<td><\/td>\n<\/tr>\n<tr>\n<td>Wi-Fi<\/td>\n<td>\u00c1no<\/td>\n<td><\/td>\n<\/tr>\n<tr>\n<td>Laserov\u00fd dia\u013ekomer<\/td>\n<td>\u00c1no, 1000 m<\/td>\n<td><\/td>\n<\/tr>\n<tr>\n<td>Dioptrick\u00e1 korekcia<\/td>\n<td>-5D ~ +3D<\/td>\n<td><\/td>\n<\/tr>\n<tr>\n<td>Mo\u017enos\u0165 fotografovania<\/td>\n<td>\u00c1no<\/td>\n<td><\/td>\n<\/tr>\n<tr>\n<td>Mo\u017enos\u0165 vytvori\u0165 video<\/td>\n<td>\u00c1no<\/td>\n<td><\/td>\n<\/tr>\n<tr>\n<td>Mo\u017enos\u0165 nahr\u00e1vania hlasu<\/td>\n<td>\u00c1no<\/td>\n<td><\/td>\n<\/tr>\n<tr>\n<td>\u00darove\u0148 imunity<\/td>\n<td>IP67<\/td>\n<td><\/td>\n<\/tr>\n<tr>\n<td>Ukladanie<\/td>\n<td>\n<div>\n<div>Vstavan\u00fd, 64 GB<\/div>\n<\/div>\n<\/td>\n<td><\/td>\n<\/tr>\n<tr>\n<td>Prev\u00e1dzkov\u00e1 teplota<\/td>\n<td>-30 \u00b0C - +55 \u00b0C<\/td>\n<td><\/td>\n<\/tr>\n<tr>\n<td>Bat\u00e9ria<\/td>\n<td>\n<div>\n<div>1 vymenite\u013en\u00fd, dob\u00edjate\u013en\u00fd<\/div>\n<\/div>\n<\/td>\n<td><\/td>\n<\/tr>\n<tr>\n<td>Prev\u00e1dzkov\u00fd \u010das bat\u00e9rie<\/td>\n<td>9 hod\u00edn<\/td>\n<td><\/td>\n<\/tr>\n<tr>\n<td>Hmotnos\u0165<\/td>\n<td>1050 g<\/td>\n<td><\/td>\n<\/tr>\n<tr>\n<td>Rozmery<\/td>\n<td>\n<div>\n<div>153 \u00d7 82 \u00d7 232 mm<\/div>\n<\/div>\n<\/td>\n<td><\/td>\n<\/tr>\n<\/tbody>\n<\/table>\n<p data-start=\"35\" data-end=\"57\"><strong data-start=\"35\" data-end=\"57\">Obsah balenia:<\/strong><\/p>\n<ul data-start=\"59\" data-end=\"407\">\n<li data-start=\"59\" data-end=\"106\">\n<p data-start=\"61\" data-end=\"106\">Multispektr\u00e1lny \u010falekoh\u013ead HABROK PRO HX60LN<\/p>\n<\/li>\n<li data-start=\"107\" data-end=\"157\">\n<p data-start=\"109\" data-end=\"157\">Vymenite\u013en\u00fd laserov\u00fd ilumin\u00e1tor H-940 LASER MAX<\/p>\n<\/li>\n<li data-start=\"158\" data-end=\"198\">\n<p data-start=\"160\" data-end=\"198\">Vymenite\u013en\u00fd osvet\u013eova\u010d LED 940 nm<\/p>\n<\/li>\n<li data-start=\"199\" data-end=\"232\">\n<p data-start=\"201\" data-end=\"232\">2 dob\u00edjacie bat\u00e9rie<\/p>\n<\/li>\n<li data-start=\"233\" data-end=\"258\">\n<p data-start=\"235\" data-end=\"258\">1 nab\u00edja\u010dka bat\u00e9ri\u00ed<\/p>\n<\/li>\n<li data-start=\"259\" data-end=\"281\">\n<p data-start=\"261\" data-end=\"281\">1 puzdro na \u010falekoh\u013ead<\/p>\n<\/li>\n<li data-start=\"282\" data-end=\"299\">\n<p data-start=\"284\" data-end=\"299\">1 popruh na krk<\/p>\n<\/li>\n<li data-start=\"300\" data-end=\"338\">\n<p data-start=\"302\" data-end=\"338\">1 adapt\u00e9r na mont\u00e1\u017e na stojan<\/p>\n<\/li>\n<li data-start=\"339\" data-end=\"359\">\n<p data-start=\"341\" data-end=\"359\">1 k\u00e1bel USB-C<\/p>\n<\/li>\n<li data-start=\"360\" data-end=\"407\">\n<p data-start=\"362\" data-end=\"407\">N\u00e1vod na pou\u017eitie<\/p>\n<\/li>\n<\/ul>\n<p>Ofici\u00e1lna str\u00e1nka produktu: <a href=\"https:\/\/www.hikmicrotech.com\/hu\/outdoor-products\/habrok-pro-multi-spectrum-binocular\/\">https:\/\/www.hikmicrotech.com\/hu\/outdoor-products\/habrok-pro-multi-spectrum-binocular\/<\/a><\/p>","protected":false},"excerpt":{"rendered":"<p><strong>Multispektr\u00e1lny binokul\u00e1r s laserov\u00fdm dia\u013ekomerom a vymenite\u013en\u00fdm laserov\u00fdm osvet\u013eova\u010dom H-940 LASER MAX.<\/strong><\/p>\n<ul>\n<li style=\"font-weight: 400\"><b>Rozl\u00ed\u0161enie sn\u00edma\u010da termokamery<\/b><span style=\"font-weight: 400\">: 1280 \u00d7 1024 px, 12 \u03bcm<\/span><\/li>\n<li style=\"font-weight: 400\"><b>Teplotn\u00e1 citlivos\u0165<\/b><span style=\"font-weight: 400\">\u2264 18 mK<\/span><\/li>\n<li style=\"font-weight: 400\"><b>Digit\u00e1lny modul (no\u010dn\u00e9 videnie)<\/b><span style=\"font-weight: 400\">: 3840 \u00d7 2160 px<\/span><\/li>\n<li style=\"font-weight: 400\"><b>Vymenite\u013en\u00fd osvet\u013eova\u010d LED<\/b><span style=\"font-weight: 400\">: 940 nm<\/span><\/li>\n<li style=\"font-weight: 400\"><b>\u0160o\u0161ovka<\/b><span style=\"font-weight: 400\">: 60 mm \/ 60 mm<\/span><\/li>\n<li style=\"font-weight: 400\"><b>Detek\u010dn\u00e1 vzdialenos\u0165<\/b><span style=\"font-weight: 400\">: 3100 m (termokamera) \/ 500 m (digit\u00e1lna kamera)<\/span><\/li>\n<li style=\"font-weight: 400\"><b>Optick\u00e9 zv\u00e4\u010d\u0161enie<\/b><span style=\"font-weight: 400\">: 2,6\u00d7 \/ 5,5\u00d7<\/span><\/li>\n<li style=\"font-weight: 400\"><b>Digit\u00e1lny zoom<\/b><span style=\"font-weight: 400\">: 7,7\u00d7 \/ 4\u00d7<\/span><\/li>\n<li style=\"font-weight: 400\"><b>Zobrazenie<\/b><span style=\"font-weight: 400\">: OLED, 1920 \u00d7 1080 px<\/span><\/li>\n<li style=\"font-weight: 400\"><b>Funkcia Image Pro 2.0<\/b><\/li>\n<li style=\"font-weight: 400\"><b>Automatick\u00fd re\u017eim sp\u00e1nku<\/b><\/li>\n<li style=\"font-weight: 400\"><b>\u017divotnos\u0165 bat\u00e9rie<\/b><span style=\"font-weight: 400\">: 9 hod\u00edn<\/span><\/li>\n<li style=\"font-weight: 400\"><b>Z\u00e1sobovanie potravinami<\/b>: 1 vymenite\u013en\u00e1 dob\u00edjate\u013en\u00e1 bat\u00e9ria<\/li>\n<\/ul>","protected":false},"featured_media":4574,"comment_status":"open","ping_status":"closed","template":"","meta":[],"product_brand":[],"product_cat":[17],"product_tag":[125,232,31,189],"class_list":{"0":"post-4573","1":"product","2":"type-product","3":"status-publish","4":"has-post-thumbnail","6":"product_cat-hokamera-kereso","7":"product_tag-binokular","8":"product_tag-habrok","9":"product_tag-hikmicro","10":"product_tag-hokamera-kereso","12":"first","13":"outofstock","14":"sale","15":"taxable","16":"shipping-taxable","17":"purchasable","18":"product-type-simple"},"jetpack_sharing_enabled":true,"_links":{"self":[{"href":"https:\/\/bestoptika.eu\/sk\/wp-json\/wp\/v2\/product\/4573","targetHints":{"allow":["GET"]}}],"collection":[{"href":"https:\/\/bestoptika.eu\/sk\/wp-json\/wp\/v2\/product"}],"about":[{"href":"https:\/\/bestoptika.eu\/sk\/wp-json\/wp\/v2\/types\/product"}],"replies":[{"embeddable":true,"href":"https:\/\/bestoptika.eu\/sk\/wp-json\/wp\/v2\/comments?post=4573"}],"wp:featuredmedia":[{"embeddable":true,"href":"https:\/\/bestoptika.eu\/sk\/wp-json\/wp\/v2\/media\/4574"}],"wp:attachment":[{"href":"https:\/\/bestoptika.eu\/sk\/wp-json\/wp\/v2\/media?parent=4573"}],"wp:term":[{"taxonomy":"product_brand","embeddable":true,"href":"https:\/\/bestoptika.eu\/sk\/wp-json\/wp\/v2\/product_brand?post=4573"},{"taxonomy":"product_cat","embeddable":true,"href":"https:\/\/bestoptika.eu\/sk\/wp-json\/wp\/v2\/product_cat?post=4573"},{"taxonomy":"product_tag","embeddable":true,"href":"https:\/\/bestoptika.eu\/sk\/wp-json\/wp\/v2\/product_tag?post=4573"}],"curies":[{"name":"wp","href":"https:\/\/api.w.org\/{rel}","templated":true}]}}