{"id":4631,"date":"2025-07-25T12:45:31","date_gmt":"2025-07-25T10:45:31","guid":{"rendered":"https:\/\/bestoptika.eu\/?post_type=product&#038;p=4631"},"modified":"2025-12-01T19:26:22","modified_gmt":"2025-12-01T18:26:22","slug":"nocpix-quest-l35r-ketszemes-betekintesu-tavolsagmero-hokamera","status":"publish","type":"product","link":"https:\/\/bestoptika.eu\/sk\/product\/nocpix-quest-l35r-ketszemes-betekintesu-tavolsagmero-hokamera\/","title":{"rendered":"Nocpix QUEST L35R termov\u00edzny binokul\u00e1r s dia\u013ekomerom"},"content":{"rendered":"<p><strong>Nocpix QUEST L35R dvojok\u00fd termov\u00edzny dia\u013ekomer<\/strong><\/p>\n<p><b>Vynikaj\u00faci vizu\u00e1lny z\u00e1\u017eitok<\/b><\/p>\n<p><span style=\"font-weight: 400\">A <\/span><b>QUEST<\/b><span style=\"font-weight: 400\"> a <\/span><b>Algoritmus spracovania obrazu Reality+<\/b><span style=\"font-weight: 400\"> pre v\u00fdnimo\u010dn\u00fa jasnos\u0165 a presnos\u0165, ktor\u00e1 sa dosahuje <\/span><b>Displej AMOLED s rozl\u00ed\u0161en\u00edm 1920 \u00d7 1200<\/b><span style=\"font-weight: 400\"> aby ste zaistili p\u00fatav\u00e9 a p\u00fatav\u00e9 zobrazenie.<\/span><\/p>\n<p><b>Pr\u00e9miov\u00fd sn\u00edma\u010d pre maxim\u00e1lny v\u00fdkon<\/b><\/p>\n<p><span style=\"font-weight: 400\">A <\/span><b>QUEST<\/b><span style=\"font-weight: 400\"> je vybaven\u00fd vysoko v\u00fdkonn\u00fdm termov\u00edznym sn\u00edma\u010dom (<\/span><b>640\u00d7512@12\u03bcm alebo 384\u00d7288@12\u03bcm<\/b><span style=\"font-weight: 400\">), ktor\u00fd poskytuje v\u00fdnimo\u010dn\u00fa ostros\u0165 videnia. A <\/span><b>NETD \u226415 mK<\/b><span style=\"font-weight: 400\"> citlivos\u0165 na teplo a <\/span><b>Obnovovanie obrazu 60 Hz<\/b><span style=\"font-weight: 400\"> zaru\u010duje bohat\u00fd a jasn\u00fd obraz aj v t\u00fdch najn\u00e1ro\u010dnej\u0161\u00edch podmienkach.<\/span><\/p>\n<p><b>Vynikaj\u00face percep\u010dn\u00e9 schopnosti<\/b><\/p>\n<p><span style=\"font-weight: 400\">A <\/span><b>QUEST<\/b><span style=\"font-weight: 400\"> a\u017e do <\/span><b>S dosahom detekcie 2600 metrov<\/b><span style=\"font-weight: 400\"> a zabudovan\u00fd skryt\u00fd dizajn <\/span><b>s laserov\u00fdm dia\u013ekomerom (LRF)<\/b><span style=\"font-weight: 400\"> ktor\u00e1 m\u00e1 <\/span><b>do 1000 metrov<\/b><span style=\"font-weight: 400\"> dok\u00e1\u017ee vykon\u00e1va\u0165 presn\u00e9 merania. Podporuje tie\u017e <\/span><b>balistick\u00fd v\u00fdpo\u010det<\/b><span style=\"font-weight: 400\">, ktor\u00e9 poskytuj\u00fa presn\u00e9 \u00fadaje pre skupinov\u00fd lov alebo lov na dlh\u00e9 vzdialenosti.<\/span><\/p>\n<p><b>Jednoduch\u00e9 o\u0161etrenie jednou rukou<\/b><\/p>\n<p><span style=\"font-weight: 400\">A <\/span><b>QUEST<\/b><span style=\"font-weight: 400\"> ergonomick\u00fd, proti\u0161mykov\u00fd dizajn a <\/span><b>4-tla\u010didlov\u00fd ovl\u00e1dac\u00ed panel s centr\u00e1lne umiestnen\u00fdm gomb\u00edkom nav\u00edjania<\/b><span style=\"font-weight: 400\"> pre pohodln\u00e9 a bezpe\u010dn\u00e9 uchopenie a jednoduch\u00e9 ovl\u00e1danie jednou rukou za v\u0161etk\u00fdch podmienok.<\/span><\/p>\n<p><b>\u013dahk\u00fd a prenosn\u00fd<\/b><\/p>\n<p><span style=\"font-weight: 400\">A <\/span><b>QUEST<\/b><span style=\"font-weight: 400\"> len <\/span><b>v\u00e1\u017ei 700 gramov<\/b><span style=\"font-weight: 400\">a <\/span><b>prisp\u00f4soben\u00fa ta\u0161ku na pren\u00e1\u0161anie<\/b><span style=\"font-weight: 400\"> je tie\u017e s\u00fa\u010das\u0165ou balenia - ide\u00e1lny na lov, turistiku alebo ak\u00fako\u013evek outdoorov\u00fa aktivitu.<\/span><\/p>\n<p><b>Zabudnite na strach z vybitia bat\u00e9rie<\/b><\/p>\n<p><span style=\"font-weight: 400\">A <\/span><b>S\u00e9ria QUEST<\/b> <b>kon\u0161trukcia s dvoma bat\u00e9riami<\/b><span style=\"font-weight: 400\"> pon\u00faka: zabudovan\u00fd a odn\u00edmate\u013en\u00fd <\/span><b>Bat\u00e9ria 18650<\/b><span style=\"font-weight: 400\"> zabezpe\u010duje nepretr\u017eit\u00fa prev\u00e1dzku, \u010do u\u013eah\u010duje v\u00fdmenu bat\u00e9ri\u00ed po\u010das dlh\u0161ieho pou\u017e\u00edvania - bez preru\u0161enia.<\/span><\/p>\n<p><b>Klasick\u00fd binokul\u00e1rny z\u00e1\u017eitok<\/b><\/p>\n<p><span style=\"font-weight: 400\">A <\/span><b>QUEST<\/b><span style=\"font-weight: 400\"> predstavuje tradi\u010dn\u00fd binokul\u00e1rny dizajn, <\/span><b>s celopogumovan\u00fdm krytom<\/b><span style=\"font-weight: 400\"> a <\/span><b>Certifik\u00e1t odolnosti vo\u010di vode a prachu IP67<\/b><span style=\"font-weight: 400\"> tak\u017ee je nielen odoln\u00fd, ale aj pohodln\u00fd na dlh\u0161ie pou\u017e\u00edvanie.<\/span><\/p>\n<table dir=\"ltr\" border=\"1\" cellspacing=\"0\" cellpadding=\"0\" data-sheets-root=\"1\" data-sheets-baot=\"1\">\n<colgroup>\n<col width=\"100\" \/>\n<col width=\"100\" \/><\/colgroup>\n<tbody>\n<tr>\n<td>Rozl\u00ed\u0161enie sn\u00edma\u010da<\/td>\n<td>384 \u00d7 288 px<\/td>\n<\/tr>\n<tr>\n<td>Ve\u013ekos\u0165 pixelov<\/td>\n<td>12 \u00b5m<\/td>\n<\/tr>\n<tr>\n<td>NETD - citlivos\u0165 na teplotn\u00fd rozdiel<\/td>\n<td>&lt;15 mK<\/td>\n<\/tr>\n<tr>\n<td>Obnovovacia frekvencia obrazu<\/td>\n<td>60 Hz<\/td>\n<\/tr>\n<tr>\n<td>Objekt\u00edv<\/td>\n<td>35 mm F0,9<\/td>\n<\/tr>\n<tr>\n<td>Zv\u00e4\u010d\u0161i\u0165<\/td>\n<td>5x-20x<\/td>\n<\/tr>\n<tr>\n<td>Zorn\u00e9 pole<\/td>\n<td>7,5\u00b0 \u00d7 5,7\u00b0<\/td>\n<\/tr>\n<tr>\n<td>O\u010dn\u00fd reli\u00e9f (\u00fa\u013eava od oka)<\/td>\n<td>25 mm<\/td>\n<\/tr>\n<tr>\n<td>Priemer v\u00fdstupnej zrenice<\/td>\n<td>10 mm<\/td>\n<\/tr>\n<tr>\n<td>Dioptrick\u00e1 korekcia<\/td>\n<td>-5D \/ +5D<\/td>\n<\/tr>\n<tr>\n<td>Detek\u010dn\u00e1 vzdialenos\u0165<\/td>\n<td>1800 m<\/td>\n<\/tr>\n<tr>\n<td>Typ displeja<\/td>\n<td>AMOLED 0,72\u2033<\/td>\n<\/tr>\n<tr>\n<td>Typ bat\u00e9rie<\/td>\n<td>\n<div>\n<div>Intern\u00fd: 4200 mAh \/ Extern\u00fd: 18650<\/div>\n<\/div>\n<\/td>\n<\/tr>\n<tr>\n<td>\u017divotnos\u0165 bat\u00e9rie<\/td>\n<td>6 hod\u00edn<\/td>\n<\/tr>\n<tr>\n<td>Wi-Fi<\/td>\n<td>\u00c1no<\/td>\n<\/tr>\n<tr>\n<td>Aplik\u00e1cia<\/td>\n<td>\u00c1no<\/td>\n<\/tr>\n<tr>\n<td>Foto \/ Video<\/td>\n<td>\u00c1no<\/td>\n<\/tr>\n<tr>\n<td>Zvukov\u00fd z\u00e1znam<\/td>\n<td>\u00c1no<\/td>\n<\/tr>\n<tr>\n<td>Balistick\u00fd v\u00fdpo\u010det<\/td>\n<td>\u00c1no<\/td>\n<\/tr>\n<tr>\n<td>Laserov\u00fd dia\u013ekomer<\/td>\n<td>\u00c1no, do 1000 m<\/td>\n<\/tr>\n<tr>\n<td>Algoritmus Reality+<\/td>\n<td>\u00c1no<\/td>\n<\/tr>\n<tr>\n<td>Syst\u00e9m Vision+<\/td>\n<td>\u00c1no<\/td>\n<\/tr>\n<tr>\n<td>Digit\u00e1lna stabiliz\u00e1cia obrazu<\/td>\n<td>\u00c1no<\/td>\n<\/tr>\n<tr>\n<td>Pripojenie N-Link<\/td>\n<td>\u00c1no<\/td>\n<\/tr>\n<tr>\n<td>Typ pripojenia<\/td>\n<td>USB-C<\/td>\n<\/tr>\n<tr>\n<td>Odolnos\u0165 vo\u010di vode<\/td>\n<td>IP67<\/td>\n<\/tr>\n<tr>\n<td>Rozmery<\/td>\n<td>\n<div>\n<div>160 \u00d7 137 \u00d7 60 mm<\/div>\n<\/div>\n<\/td>\n<\/tr>\n<\/tbody>\n<\/table>\n<p>Ofici\u00e1lna str\u00e1nka produktu: <a href=\"https:\/\/www.nocpix.com\/quest-series\/\">https:\/\/www.nocpix.com\/quest-series\/<\/a><\/p>","protected":false},"excerpt":{"rendered":"<p><b>QUEST termov\u00edzny binokul\u00e1r<\/b><span style=\"font-weight: 400\"> so sn\u00edma\u010dom s rozl\u00ed\u0161en\u00edm 384 \u00d7 288 px, s hodnotou NETD pod 15 mK a obnovovacou frekvenciou obrazu 60 Hz. <\/span><b>algoritmom Reality+<\/b><span style=\"font-weight: 400\">, <\/span><b>s digit\u00e1lnou stabiliz\u00e1ciou obrazu<\/b><span style=\"font-weight: 400\">, <\/span><b>s pripojen\u00edm N-Link<\/b><span style=\"font-weight: 400\"> pre balistick\u00e9 v\u00fdpo\u010dty a <\/span><b>s laserov\u00fdm dia\u013ekomerom<\/b><span style=\"font-weight: 400\"> .<\/span><\/p>","protected":false},"featured_media":4632,"comment_status":"open","ping_status":"closed","template":"","meta":[],"product_brand":[],"product_cat":[45,96],"product_tag":[125,18,183,253,97],"class_list":{"0":"post-4631","1":"product","2":"type-product","3":"status-publish","4":"has-post-thumbnail","6":"product_cat-hokamera","7":"product_cat-tavolsagmero","8":"product_tag-binokular","9":"product_tag-hokamera","10":"product_tag-nocpix","11":"product_tag-quest","12":"product_tag-tavolsagmero","14":"first","15":"instock","16":"taxable","17":"shipping-taxable","18":"purchasable","19":"product-type-simple"},"jetpack_sharing_enabled":true,"_links":{"self":[{"href":"https:\/\/bestoptika.eu\/sk\/wp-json\/wp\/v2\/product\/4631","targetHints":{"allow":["GET"]}}],"collection":[{"href":"https:\/\/bestoptika.eu\/sk\/wp-json\/wp\/v2\/product"}],"about":[{"href":"https:\/\/bestoptika.eu\/sk\/wp-json\/wp\/v2\/types\/product"}],"replies":[{"embeddable":true,"href":"https:\/\/bestoptika.eu\/sk\/wp-json\/wp\/v2\/comments?post=4631"}],"wp:featuredmedia":[{"embeddable":true,"href":"https:\/\/bestoptika.eu\/sk\/wp-json\/wp\/v2\/media\/4632"}],"wp:attachment":[{"href":"https:\/\/bestoptika.eu\/sk\/wp-json\/wp\/v2\/media?parent=4631"}],"wp:term":[{"taxonomy":"product_brand","embeddable":true,"href":"https:\/\/bestoptika.eu\/sk\/wp-json\/wp\/v2\/product_brand?post=4631"},{"taxonomy":"product_cat","embeddable":true,"href":"https:\/\/bestoptika.eu\/sk\/wp-json\/wp\/v2\/product_cat?post=4631"},{"taxonomy":"product_tag","embeddable":true,"href":"https:\/\/bestoptika.eu\/sk\/wp-json\/wp\/v2\/product_tag?post=4631"}],"curies":[{"name":"wp","href":"https:\/\/api.w.org\/{rel}","templated":true}]}}