{"id":4642,"date":"2025-07-25T16:13:58","date_gmt":"2025-07-25T14:13:58","guid":{"rendered":"https:\/\/bestoptika.eu\/?post_type=product&#038;p=4642"},"modified":"2025-11-30T11:20:46","modified_gmt":"2025-11-30T10:20:46","slug":"night-pearl-harpia-35-pro-hokamera-celtavcso","status":"publish","type":"product","link":"https:\/\/bestoptika.eu\/sk\/product\/night-pearl-harpia-35-pro-hokamera-celtavcso\/","title":{"rendered":"Night Pearl HARPIA 35 PRO termov\u00edzny pu\u0161koh\u013ead"},"content":{"rendered":"<p><strong>Night Pearl HARPIA 35 PRO termov\u00edzny pu\u0161koh\u013ead<\/strong><\/p>\n<p><span style=\"font-weight: 400\">A <\/span><b>Termov\u00edzny pu\u0161koh\u013ead Night Pearl HARPIA<\/b><span style=\"font-weight: 400\"> M\u00e1 hlavn\u00fd tubus s priemerom 30 mm a poskytuje maxim\u00e1lnu ostros\u0165 a kontrast. <\/span><b>Model Night Pearl HARPIA 350 PRO<\/b><span style=\"font-weight: 400\"> Je vybaven\u00fd 35 mm germ\u00e1niov\u00fdm objekt\u00edvom a 12 \u03bcm tepeln\u00fdm senzorom s rozl\u00ed\u0161en\u00edm 384 \u00d7 288 px. Ovl\u00e1danie zabezpe\u010duje inovat\u00edvny nav\u00edjac\u00ed gomb\u00edk, ktor\u00fd kombinuje ovl\u00e1dacie prvky digit\u00e1lnych pr\u00edstrojov s dizajnom zalo\u017een\u00fdm na ergon\u00f3mii tradi\u010dn\u00fdch pu\u0161koh\u013eadov na denn\u00e9 svetlo.<\/span><\/p>\n<p><span style=\"font-weight: 400\">A <\/span><b>Termokamera Night Pearl HARPIA s pu\u0161koh\u013eadom<\/b><span style=\"font-weight: 400\"> pou\u017e\u00edvanie vymenite\u013enej bat\u00e9rie 18500\/18650 viac ako <\/span><b>na 12 hod\u00edn<\/b><span style=\"font-weight: 400\"> pred\u013a\u017ei\u0165 dobu lovu a v\u010faka r\u00fdchlemu nab\u00edjaniu zariadenie <\/span><b>opakovan\u00e9 pou\u017eitie u\u017e za 3 hodiny<\/b><span style=\"font-weight: 400\">.<\/span><\/p>\n<p><span style=\"font-weight: 400\">A <\/span><b>Termov\u00edzne pu\u0161koh\u013eady s\u00e9rie Night Pearl Harpia<\/b><span style=\"font-weight: 400\"> si zachov\u00e1vaj\u00fa vzh\u013ead a vlastnosti tradi\u010dn\u00fdch denn\u00fdch pu\u0161koh\u013eadov a umo\u017e\u0148uj\u00fa lovcom pou\u017e\u00edva\u0165 rovnak\u00e9 pohyby, ak\u00e9 s\u00fa spojen\u00e9 s ich zn\u00e1mym optick\u00fdm pou\u017eit\u00edm. \u0160pi\u010dkov\u00e1 technol\u00f3gia termov\u00edzie poskytuje vynikaj\u00faci obraz za v\u0161etk\u00fdch podmienok - v da\u017edi, hmle, hustom lese alebo otvorenom ter\u00e9ne, vo dne aj v noci.<\/span><\/p>\n<table dir=\"ltr\" border=\"1\" cellspacing=\"0\" cellpadding=\"0\" data-sheets-root=\"1\" data-sheets-baot=\"1\">\n<colgroup>\n<col width=\"142\" \/>\n<col width=\"100\" \/><\/colgroup>\n<tbody>\n<tr>\n<td>Senzor<\/td>\n<td>\n<div>\n<div>384 \u00d7 288 px, 12 \u03bcm, VOx<\/div>\n<\/div>\n<\/td>\n<\/tr>\n<tr>\n<td>NETD (citlivos\u0165 na teplo)<\/td>\n<td>\u2264 20 mK<\/td>\n<\/tr>\n<tr>\n<td>Obnovovacia frekvencia obrazu<\/td>\n<td>50 Hz<\/td>\n<\/tr>\n<tr>\n<td>\u0160o\u0161ovka<\/td>\n<td>35 mm<\/td>\n<\/tr>\n<tr>\n<td>\u00daprava str\u00e1nky<\/td>\n<td>Manu\u00e1lne<\/td>\n<\/tr>\n<tr>\n<td>Zorn\u00e9 pole (uhol)<\/td>\n<td>13,2\u00b0 \u00d7 10\u00b0<\/td>\n<\/tr>\n<tr>\n<td>Zorn\u00e9 pole (m \/ 100 m)<\/td>\n<td>23,1 \u00d7 17,5 m<\/td>\n<\/tr>\n<tr>\n<td>Zobrazenie<\/td>\n<td>\n<div>\n<div>OLED, 1024 \u00d7 768 px<\/div>\n<\/div>\n<\/td>\n<\/tr>\n<tr>\n<td>O\u010dn\u00fd reli\u00e9f (\u00fa\u013eava od oka)<\/td>\n<td>55 mm<\/td>\n<\/tr>\n<tr>\n<td>Optick\u00e9 zv\u00e4\u010d\u0161enie<\/td>\n<td>3,3\u00d7<\/td>\n<\/tr>\n<tr>\n<td>Digit\u00e1lny zoom<\/td>\n<td>1-8\u00d7<\/td>\n<\/tr>\n<tr>\n<td>Obraz v obraze (PIP)<\/td>\n<td>\u00c1no<\/td>\n<\/tr>\n<tr>\n<td>Wi-Fi<\/td>\n<td>\u00c1no<\/td>\n<\/tr>\n<tr>\n<td>Podpora mobiln\u00fdch aplik\u00e1ci\u00ed<\/td>\n<td>\u00c1no<\/td>\n<\/tr>\n<tr>\n<td>Funkcia foto\/video<\/td>\n<td>\u00c1no<\/td>\n<\/tr>\n<tr>\n<td>Proporcion\u00e1lny vyh\u013ead\u00e1va\u010d rozsahu<\/td>\n<td>\u00c1no<\/td>\n<\/tr>\n<tr>\n<td>Zameranie na viacero vzdialenost\u00ed<\/td>\n<td>\u00c1no<\/td>\n<\/tr>\n<tr>\n<td>\u010cas zapnutia<\/td>\n<td>\n<div>\n<div>Do 5 sek\u00fand<\/div>\n<\/div>\n<\/td>\n<\/tr>\n<tr>\n<td>Z\u00e1sobovanie potravinami<\/td>\n<td>\n<div>\n<div>2\u00d7 vstavan\u00e1 nab\u00edjate\u013en\u00e1 bat\u00e9ria + 1\u00d7 extern\u00e1 (typ 18500, s adapt\u00e9rom 18650)<\/div>\n<\/div>\n<\/td>\n<\/tr>\n<tr>\n<td>Prev\u00e1dzkov\u00e9 hodiny<\/td>\n<td>\n<div>\n<div>Viac ako 12 hod\u00edn (v z\u00e1vislosti od pou\u017eitia funkcie a podmienok prostredia)<\/div>\n<\/div>\n<\/td>\n<\/tr>\n<tr>\n<td>Pripojenie USB<\/td>\n<td>\n<div>\n<div>USB-C (extern\u00e9 nap\u00e1janie \/ prenos d\u00e1t zo zabudovanej pam\u00e4te)<\/div>\n<\/div>\n<\/td>\n<\/tr>\n<tr>\n<td>Prev\u00e1dzkov\u00e1 teplota<\/td>\n<td>-20\u00b0C - +55\u00b0C<\/td>\n<\/tr>\n<tr>\n<td>Odolnos\u0165 vo\u010di vode a prachu<\/td>\n<td>IP67<\/td>\n<\/tr>\n<tr>\n<td>Intern\u00e1 pam\u00e4\u0165<\/td>\n<td>32 GB<\/td>\n<\/tr>\n<tr>\n<td>Hmotnos\u0165 (bez bat\u00e9rie)<\/td>\n<td>920 g<\/td>\n<\/tr>\n<tr>\n<td>Rozmery (bez o\u010dnice)<\/td>\n<td>\n<div>\n<div>372 \u00d7 87 \u00d7 72 mm<\/div>\n<\/div>\n<\/td>\n<\/tr>\n<tr>\n<td>Detek\u010dn\u00e1 vzdialenos\u0165 (vozidlo\/osoba 1,7 m)<\/td>\n<td>2480 m \/ 830 m<\/td>\n<\/tr>\n<\/tbody>\n<\/table>\n<p data-start=\"106\" data-end=\"128\"><strong data-start=\"106\" data-end=\"128\">Obsah balenia:<\/strong><\/p>\n<ul data-start=\"130\" data-end=\"460\">\n<li data-start=\"130\" data-end=\"174\">\n<p data-start=\"132\" data-end=\"174\">1\u00d7 pu\u0161koh\u013ead s termokamerou Night Pearl Harpia<\/p>\n<\/li>\n<li data-start=\"175\" data-end=\"239\">\n<p data-start=\"177\" data-end=\"239\">1\u00d7 vymenite\u013en\u00e1 dob\u00edjacia l\u00edtium-i\u00f3nov\u00e1 bat\u00e9ria (typ 18500)<\/p>\n<\/li>\n<li data-start=\"240\" data-end=\"281\">\n<p data-start=\"242\" data-end=\"281\">1\u00d7 pogumovan\u00e1 o\u010dnica pre okul\u00e1r<\/p>\n<\/li>\n<li data-start=\"282\" data-end=\"314\">\n<p data-start=\"284\" data-end=\"314\">1\u00d7 odkl\u00e1pacie vie\u010dko objekt\u00edvu<\/p>\n<\/li>\n<li data-start=\"315\" data-end=\"361\">\n<p data-start=\"317\" data-end=\"361\">1\u00d7 n\u00e1stavec krytu bat\u00e9rie<\/p>\n<\/li>\n<li data-start=\"362\" data-end=\"380\">\n<p data-start=\"364\" data-end=\"380\">1\u00d7 k\u00e1bel USB-C<\/p>\n<\/li>\n<li data-start=\"381\" data-end=\"410\">\n<p data-start=\"383\" data-end=\"410\">1\u00d7 pou\u017e\u00edvate\u013esk\u00e1 pr\u00edru\u010dka<\/p>\n<\/li>\n<li data-start=\"411\" data-end=\"439\">\n<p data-start=\"413\" data-end=\"439\">1\u00d7 optick\u00e1 \u010distiaca handri\u010dka<\/p>\n<\/li>\n<\/ul>","protected":false},"excerpt":{"rendered":"<p><span style=\"font-weight: 400\">Termokamera v dennej binokul\u00e1rnej forme s tepelnou citlivos\u0165ou pod 20 mK! Maxim\u00e1lne ostr\u00fd a kontrastn\u00fd obraz, 35 mm objekt\u00edv, 384 \u00d7 288 px \/ 12 \u03bcm sn\u00edma\u010d, detek\u010dn\u00fd rozsah a\u017e 2480 metrov!<\/span><\/p>","protected":false},"featured_media":4643,"comment_status":"open","ping_status":"closed","template":"","meta":[],"product_brand":[],"product_cat":[30,45],"product_tag":[32,257,18,256],"class_list":{"0":"post-4642","1":"product","2":"type-product","3":"status-publish","4":"has-post-thumbnail","6":"product_cat-celtavcso","7":"product_cat-hokamera","8":"product_tag-celtavcso","9":"product_tag-harpia","10":"product_tag-hokamera","11":"product_tag-night-pearl","13":"first","14":"outofstock","15":"taxable","16":"shipping-taxable","17":"purchasable","18":"product-type-simple"},"jetpack_sharing_enabled":true,"_links":{"self":[{"href":"https:\/\/bestoptika.eu\/sk\/wp-json\/wp\/v2\/product\/4642","targetHints":{"allow":["GET"]}}],"collection":[{"href":"https:\/\/bestoptika.eu\/sk\/wp-json\/wp\/v2\/product"}],"about":[{"href":"https:\/\/bestoptika.eu\/sk\/wp-json\/wp\/v2\/types\/product"}],"replies":[{"embeddable":true,"href":"https:\/\/bestoptika.eu\/sk\/wp-json\/wp\/v2\/comments?post=4642"}],"wp:featuredmedia":[{"embeddable":true,"href":"https:\/\/bestoptika.eu\/sk\/wp-json\/wp\/v2\/media\/4643"}],"wp:attachment":[{"href":"https:\/\/bestoptika.eu\/sk\/wp-json\/wp\/v2\/media?parent=4642"}],"wp:term":[{"taxonomy":"product_brand","embeddable":true,"href":"https:\/\/bestoptika.eu\/sk\/wp-json\/wp\/v2\/product_brand?post=4642"},{"taxonomy":"product_cat","embeddable":true,"href":"https:\/\/bestoptika.eu\/sk\/wp-json\/wp\/v2\/product_cat?post=4642"},{"taxonomy":"product_tag","embeddable":true,"href":"https:\/\/bestoptika.eu\/sk\/wp-json\/wp\/v2\/product_tag?post=4642"}],"curies":[{"name":"wp","href":"https:\/\/api.w.org\/{rel}","templated":true}]}}