{"id":4667,"date":"2025-07-27T20:08:52","date_gmt":"2025-07-27T18:08:52","guid":{"rendered":"https:\/\/bestoptika.eu\/?post_type=product&#038;p=4667"},"modified":"2026-03-06T17:35:03","modified_gmt":"2026-03-06T16:35:03","slug":"pard-nv007sp2-4k-850nm-ejjellato-utantet-1x","status":"publish","type":"product","link":"https:\/\/bestoptika.eu\/sk\/product\/pard-nv007sp2-4k-850nm-ejjellato-utantet-1x\/","title":{"rendered":"Pard NV007SP2 4K 850nm 1x  digit\u00e1lne no\u010dn\u00e9 videnie, zas\u00e1dka"},"content":{"rendered":"<p><strong>Pard NV007SP2 4K 850nm termov\u00edzna kamera s no\u010dn\u00fdm viden\u00edm, optick\u00fd zoom: 1x<\/strong><\/p>\n<p><strong>Nov\u00fd rozmer no\u010dn\u00e9ho pozorovania a lovu<\/strong><\/p>\n<p>Predstavujeme PARD NV007SP2 - najnov\u0161iu gener\u00e1ciu digit\u00e1lneho no\u010dn\u00e9ho videnia, ktor\u00e1 pos\u00fava no\u010dn\u00e9 videnie v \u00faplnej tme na nov\u00fa \u00farove\u0148. Tento inovat\u00edvny adapt\u00e9r a monokul\u00e1r s mont\u00e1\u017eou na \u010falekoh\u013ead je ur\u010den\u00fd pre po\u013eovn\u00edkov a pozorovate\u013eov, ktor\u00ed h\u013eadaj\u00fa najlep\u0161iu mo\u017en\u00fa kvalitu obrazu, presnos\u0165 a spo\u013eahlivos\u0165 za v\u0161etk\u00fdch sveteln\u00fdch podmienok.<\/p>\n<p><strong>Revolu\u010dn\u00e1 kvalita obrazu<\/strong><\/p>\n<p>Srdcom kamery NV007SP2 je vysokocitliv\u00fd sn\u00edma\u010d CMOS 4K s rozl\u00ed\u0161en\u00edm 3840 \u00d7 2160 pixelov. Ten poskytuje neuverite\u013ene detailn\u00fd a ostr\u00fd obraz v \u010diernobielom re\u017eime v noci a \u017eiv\u00e9 farby po\u010das d\u0148a.<br \/>\nDisplej OLED s obnovovacou frekvenciou 60 Hz (rozl\u00ed\u0161enie 1600 \u00d7 1200 px) poskytuje realistick\u00e9 zobrazenie, ktor\u00e9 \u0161etr\u00ed o\u010di - ide\u00e1lne na dlh\u0161ie pozorovanie.<\/p>\n<p><strong>Flexibiln\u00fd a odoln\u00fd dizajn<\/strong><\/p>\n<p>PARD NV007SP2 je mimoriadne v\u0161estrann\u00fd:<\/p>\n<ul>\n<li>Mo\u017eno ho v okamihu namontova\u0165 na okul\u00e1r existuj\u00faceho denn\u00e9ho \u010falekoh\u013eadu, \u010d\u00edm sa zmen\u00ed na plnohodnotn\u00fd \u010falekoh\u013ead na no\u010dn\u00e9 videnie - bez potreby op\u00e4tovn\u00e9ho sn\u00edmania.<\/li>\n<\/ul>\n<ul>\n<li>M\u00f4\u017ee sa pou\u017e\u00edva\u0165 aj ako ru\u010dn\u00fd monokul\u00e1r na pozorovanie prostredia.<br \/>\nV\u010faka odolnej kon\u0161trukcii so stup\u0148om krytia IP67 je zariadenie vodotesn\u00e9 a odol\u00e1 sp\u00e4tn\u00e9mu r\u00e1zu a\u017e 6000 joulov, tak\u017ee je vhodn\u00e9 aj pre v\u00fdkonnej\u0161ie kalibre.<\/li>\n<\/ul>\n<p><strong>Kompletn\u00e1 ponuka funkci\u00ed pre modern\u00e9ho lovca<\/strong><\/p>\n<p>Model NV007SP2 je vybaven\u00fd odn\u00edmate\u013en\u00fdm infra\u010derven\u00fdm osvet\u013eova\u010dom s v\u00fdberom vlnovej d\u013a\u017eky 850 nm (vysok\u00fd v\u00fdkon) alebo 940 nm (skryt\u00e9 sledovanie), ktor\u00fd poskytuje vynikaj\u00facu vidite\u013enos\u0165 v \u00faplnej tme.<\/p>\n<p><strong>\u010eal\u0161ie inteligentn\u00e9 funkcie:<\/strong><\/p>\n<ul>\n<li>Aktivovan\u00e9 automatick\u00e9 nahr\u00e1vanie pri sp\u00e4tnom n\u00e1raze<\/li>\n<li>Pripojenie Wi-Fi na \u017eiv\u00fd prenos obrazu a dia\u013ekov\u00e9 ovl\u00e1danie prostredn\u00edctvom aplik\u00e1cie PardVision2<\/li>\n<li>Zabudovan\u00fd gyroskop a elektronick\u00fd kompas (E-kompas)<\/li>\n<li>Nahr\u00e1vanie fotografi\u00ed a vide\u00ed na kartu microSD<\/li>\n<\/ul>\n<p>PARD NV007SP2 nie je len zariadenie - <strong>skuto\u010dn\u00fd partner<\/strong>, ktor\u00e1 v\u00e1m pom\u00f4\u017ee vidie\u0165 to, \u010do bolo predt\u00fdm skryt\u00e9, a bezpe\u010dne a s istotou dosiahnu\u0165 va\u0161e ciele.<\/p>\n<p>Robustn\u00fd, \u013eahko ovl\u00e1date\u013en\u00fd a pripraven\u00fd na ka\u017ed\u00fa v\u00fdzvu.<\/p>\n<table dir=\"ltr\" border=\"1\" cellspacing=\"0\" cellpadding=\"0\" data-sheets-root=\"1\" data-sheets-baot=\"1\">\n<colgroup>\n<col width=\"100\" \/>\n<col width=\"100\" \/>\n<col width=\"100\" \/><\/colgroup>\n<tbody>\n<tr>\n<td>Parameter<\/td>\n<td>Hodnota<\/td>\n<td>Koment\u00e1r<\/td>\n<\/tr>\n<tr>\n<td>Typ zariadenia<\/td>\n<td>Digit\u00e1lne no\u010dn\u00e9 videnie (no\u010dn\u00e9 videnie \/ monokul\u00e1r)<\/td>\n<td>\n<div>\n<div>Vhodn\u00e9 na dvojit\u00e9 pou\u017eitie<\/div>\n<\/div>\n<\/td>\n<\/tr>\n<tr>\n<td>Senzor<\/td>\n<td>4K CMOS<\/td>\n<td>\n<div>\n<div>Vysok\u00e1 citlivos\u0165, farebn\u00fd obraz po\u010das d\u0148a<\/div>\n<\/div>\n<\/td>\n<\/tr>\n<tr>\n<td>Rozl\u00ed\u0161enie senzora<\/td>\n<td>3840 \u00d7 2160 px<\/td>\n<td>\n<div>\n<div>Na ostr\u00e9 a detailn\u00e9 z\u00e1bery<\/div>\n<\/div>\n<\/td>\n<\/tr>\n<tr>\n<td>Rozl\u00ed\u0161enie displeja<\/td>\n<td>OLED 1600 \u00d7 1200 px<\/td>\n<td>\n<div>\n<div>Jasn\u00e9, nepretr\u017eit\u00e9 zobrazenie<\/div>\n<\/div>\n<\/td>\n<\/tr>\n<tr>\n<td>Obnovovacia frekvencia obrazu<\/td>\n<td>60 Hz (alebo 30 Hz)<\/td>\n<td>\n<div>\n<div>Nepretr\u017eit\u00fd, pr\u00edjemn\u00fd na poh\u013ead<\/div>\n<\/div>\n<\/td>\n<\/tr>\n<tr>\n<td>\u0160o\u0161ovka<\/td>\n<td>20 mm<\/td>\n<td>-<\/td>\n<\/tr>\n<tr>\n<td>Optick\u00e9 zv\u00e4\u010d\u0161enie<\/td>\n<td>1x \/ 2.2x<\/td>\n<td>-<\/td>\n<\/tr>\n<tr>\n<td>Digit\u00e1lny zoom<\/td>\n<td>1-3x alebo 1-4x<\/td>\n<td>-<\/td>\n<\/tr>\n<tr>\n<td>Infra\u010derven\u00e9 osvetlenie (IR)<\/td>\n<td>Odn\u00edmate\u013en\u00fd (850 m2 \/ 940 m2)<\/td>\n<td>\n<div>\n<div>Nastavite\u013en\u00e1 intenzita a zaostrenie, dosah 350 m<\/div>\n<\/div>\n<\/td>\n<\/tr>\n<tr>\n<td>Laserov\u00fd dia\u013ekomer (LRF)<\/td>\n<td>\u00c1no (volite\u013en\u00e1 verzia, v na\u0161om internetovom obchode h\u013eadajte verzie LRF)<\/td>\n<td>\n<div>\n<div>Dosah do 1000 m (1200 yardov)<\/div>\n<\/div>\n<\/td>\n<\/tr>\n<tr>\n<td>Minim\u00e1lne po\u017eiadavky na osvetlenie<\/td>\n<td>0,001 lux<\/td>\n<td>\n<div>\n<div>Na pozorovanie za s\u00famraku<\/div>\n<\/div>\n<\/td>\n<\/tr>\n<tr>\n<td>Dioptrick\u00e1 korekcia<\/td>\n<td>\u00b15 D<\/td>\n<td>\n<div>\n<div>Pre pou\u017e\u00edvate\u013eov s r\u00f4znymi probl\u00e9mami so zrakom<\/div>\n<\/div>\n<\/td>\n<\/tr>\n<tr>\n<td>Mechanick\u00e1 odolnos\u0165<\/td>\n<td>6000 J<\/td>\n<td>\n<div>\n<div>Vhodn\u00e9 aj pre v\u00fdkonnej\u0161ie kalibre<\/div>\n<\/div>\n<\/td>\n<\/tr>\n<tr>\n<td>\u00darove\u0148 imunity<\/td>\n<td>IP67<\/td>\n<td>Plne vodotesn\u00e9<\/td>\n<\/tr>\n<tr>\n<td>Typ bat\u00e9rie<\/td>\n<td>18650 Li-Ion<\/td>\n<td>K dispoz\u00edcii na v\u00fdmenu<\/td>\n<\/tr>\n<tr>\n<td>Prev\u00e1dzkov\u00e9 hodiny<\/td>\n<td>A\u017e 6-8 hod\u00edn<\/td>\n<td>\n<div>\n<div>V z\u00e1vislosti od pou\u017eitia IR a \u010fal\u0161\u00edch funkci\u00ed<\/div>\n<\/div>\n<\/td>\n<\/tr>\n<tr>\n<td>Extern\u00e9 nap\u00e1janie<\/td>\n<td>USB typu C<\/td>\n<td>-<\/td>\n<\/tr>\n<tr>\n<td>Rozl\u00ed\u0161enie videa<\/td>\n<td>1920 \u00d7 1080 px (a\u017e 1600 \u00d7 1200 px)<\/td>\n<td>\n<div>\n<div>nahr\u00e1va na kartu microSD (do 128 GB)<\/div>\n<\/div>\n<\/td>\n<\/tr>\n<tr>\n<td>Rozl\u00ed\u0161enie fotografi\u00ed<\/td>\n<td>A\u017e do 2560 \u00d7 1920 px<\/td>\n<td>\n<div>\n<div>nahr\u00e1va na kartu microSD (do 128 GB)<\/div>\n<\/div>\n<\/td>\n<\/tr>\n<tr>\n<td>Wi-Fi<\/td>\n<td>\u00c1no (so syst\u00e9mom PardVision2)<\/td>\n<td>\n<div>\n<div>Priamy prenos, ovl\u00e1danie, s\u0165ahovanie \u00fadajov<\/div>\n<\/div>\n<\/td>\n<\/tr>\n<tr>\n<td>V\u00fdstup HDMI<\/td>\n<td>\u00c1no<\/td>\n<td>\n<div>\n<div>Mo\u017enos\u0165 pripojenia k extern\u00e9mu monitoru<\/div>\n<\/div>\n<\/td>\n<\/tr>\n<tr>\n<td>\u010eal\u0161ie funkcie<\/td>\n<td>Gyroskop, E-kompas, detekcia sp\u00e4tn\u00e9ho r\u00e1zu, \u010dasov\u00e1 pe\u010diatka, kompenz\u00e1cia expoz\u00edcie<\/td>\n<td>-<\/td>\n<\/tr>\n<tr>\n<td>Ve\u013ekos\u0165<\/td>\n<td>Pribli\u017ene 149 \u00d7 68 \u00d7 105 mm<\/td>\n<td>Kompaktn\u00fd dizajn<\/td>\n<\/tr>\n<tr>\n<td>Hmotnos\u0165<\/td>\n<td>Pribli\u017ene 335-397 g (vr\u00e1tane bat\u00e9rie)<\/td>\n<td>\n<div>\n<div>\u013dahk\u00e1 kon\u0161trukcia<\/div>\n<\/div>\n<\/td>\n<\/tr>\n<\/tbody>\n<\/table>\n<p>Ofici\u00e1lna str\u00e1nka produktu: <a href=\"https:\/\/pard.com\/product\/night-vision-clip-on-nv007sp2#spec\">https:\/\/pard.com\/product\/night-vision-clip-on-nv007sp2#spec<\/a><\/p>","protected":false},"excerpt":{"rendered":"<p><strong>Pard NV007SP2 4K 850nm termov\u00edzna kamera s no\u010dn\u00fdm viden\u00edm, optick\u00fd zoom: 1x<\/strong><\/p>\n<p>Objavte nov\u00fa \u00farove\u0148 \u010distoty s vys\u00e1va\u010dom PARD NV007SP2. Zariadenie <strong data-start=\"188\" data-end=\"205\" data-is-only-node=\"\">so sn\u00edma\u010dom 4K<\/strong>, <strong data-start=\"207\" data-end=\"226\">s displejom OLED<\/strong> a <strong data-start=\"230\" data-end=\"279\">s v\u00fdkonn\u00fdm infra\u010derven\u00fdm osvetlen\u00edm<\/strong> je vybaven\u00fd. <strong data-start=\"398\" data-end=\"412\">Odoln\u00e9<\/strong>, <strong data-start=\"414\" data-end=\"435\">jednoduch\u00e9 pou\u017e\u00edvanie<\/strong>a je pripraven\u00fd na ka\u017ed\u00fa v\u00fdzvu.<\/p>\n<p>&nbsp;<\/p>","protected":false},"featured_media":4669,"comment_status":"open","ping_status":"closed","template":"","meta":[],"product_brand":[],"product_cat":[39,45,213],"product_tag":[171,18,212,133],"class_list":{"0":"post-4667","1":"product","2":"type-product","3":"status-publish","4":"has-post-thumbnail","6":"product_cat-digitalis-ejjellato","7":"product_cat-hokamera","8":"product_cat-hokamera-utantet","9":"product_tag-ejjellato-utantet","10":"product_tag-hokamera","11":"product_tag-nv","12":"product_tag-pard","14":"first","15":"instock","16":"sale","17":"taxable","18":"shipping-taxable","19":"purchasable","20":"product-type-simple"},"jetpack_sharing_enabled":true,"_links":{"self":[{"href":"https:\/\/bestoptika.eu\/sk\/wp-json\/wp\/v2\/product\/4667","targetHints":{"allow":["GET"]}}],"collection":[{"href":"https:\/\/bestoptika.eu\/sk\/wp-json\/wp\/v2\/product"}],"about":[{"href":"https:\/\/bestoptika.eu\/sk\/wp-json\/wp\/v2\/types\/product"}],"replies":[{"embeddable":true,"href":"https:\/\/bestoptika.eu\/sk\/wp-json\/wp\/v2\/comments?post=4667"}],"wp:featuredmedia":[{"embeddable":true,"href":"https:\/\/bestoptika.eu\/sk\/wp-json\/wp\/v2\/media\/4669"}],"wp:attachment":[{"href":"https:\/\/bestoptika.eu\/sk\/wp-json\/wp\/v2\/media?parent=4667"}],"wp:term":[{"taxonomy":"product_brand","embeddable":true,"href":"https:\/\/bestoptika.eu\/sk\/wp-json\/wp\/v2\/product_brand?post=4667"},{"taxonomy":"product_cat","embeddable":true,"href":"https:\/\/bestoptika.eu\/sk\/wp-json\/wp\/v2\/product_cat?post=4667"},{"taxonomy":"product_tag","embeddable":true,"href":"https:\/\/bestoptika.eu\/sk\/wp-json\/wp\/v2\/product_tag?post=4667"}],"curies":[{"name":"wp","href":"https:\/\/api.w.org\/{rel}","templated":true}]}}