{"id":4676,"date":"2025-07-28T08:23:59","date_gmt":"2025-07-28T06:23:59","guid":{"rendered":"https:\/\/bestoptika.eu\/?post_type=product&#038;p=4676"},"modified":"2026-03-06T17:34:36","modified_gmt":"2026-03-06T16:34:36","slug":"pard-nv007sp2-4k-940nm-ejjellato-utantet-hokamera-22x","status":"publish","type":"product","link":"https:\/\/bestoptika.eu\/sk\/product\/pard-nv007sp2-4k-940nm-ejjellato-utantet-hokamera-22x\/","title":{"rendered":"Pard NV007SP2 4K 940nm 2,2x digit\u00e1lne no\u010dn\u00e9 videnie, zas\u00e1dka"},"content":{"rendered":"<p><strong>Pard NV007SP2 4K 940nm kamera s no\u010dn\u00fdm viden\u00edm, optick\u00e9 zv\u00e4\u010d\u0161enie: 2,2x<\/strong><\/p>\n<p><b>Nov\u00fd rozmer no\u010dn\u00e9ho pozorovania a lovu<\/b><\/p>\n<p><span style=\"font-weight: 400\">Predstavujeme PARD NV007SP2 - najnov\u0161iu gener\u00e1ciu digit\u00e1lneho no\u010dn\u00e9ho videnia, ktor\u00e1 pos\u00fava no\u010dn\u00e9 videnie v \u00faplnej tme na nov\u00fa \u00farove\u0148. Tento inovat\u00edvny adapt\u00e9r a monokul\u00e1r s mont\u00e1\u017eou na \u010falekoh\u013ead je ur\u010den\u00fd pre po\u013eovn\u00edkov a pozorovate\u013eov, ktor\u00ed h\u013eadaj\u00fa najlep\u0161iu mo\u017en\u00fa kvalitu obrazu, presnos\u0165 a spo\u013eahlivos\u0165 za v\u0161etk\u00fdch sveteln\u00fdch podmienok.<\/span><\/p>\n<p><b>Revolu\u010dn\u00e1 kvalita obrazu<\/b><\/p>\n<p><span style=\"font-weight: 400\">Srdcom kamery NV007SP2 je vysokocitliv\u00fd sn\u00edma\u010d CMOS 4K s rozl\u00ed\u0161en\u00edm 3840 \u00d7 2160 pixelov. Ten poskytuje neuverite\u013ene detailn\u00fd a ostr\u00fd obraz v \u010diernobielom re\u017eime v noci a \u017eiv\u00e9 farby po\u010das d\u0148a.<\/span><span style=\"font-weight: 400\"><br \/>\n<\/span><span style=\"font-weight: 400\">Displej OLED s obnovovacou frekvenciou 60 Hz (rozl\u00ed\u0161enie 1600 \u00d7 1200 px) poskytuje realistick\u00e9 zobrazenie, ktor\u00e9 \u0161etr\u00ed o\u010di - ide\u00e1lne na dlh\u0161ie pozorovanie.<\/span><\/p>\n<p><b>Flexibiln\u00fd a odoln\u00fd dizajn<\/b><\/p>\n<p><span style=\"font-weight: 400\">PARD NV007SP2 je mimoriadne v\u0161estrann\u00fd:<\/span><\/p>\n<ul>\n<li style=\"font-weight: 400\"><span style=\"font-weight: 400\">Mo\u017eno ho v okamihu namontova\u0165 na okul\u00e1r existuj\u00faceho denn\u00e9ho \u010falekoh\u013eadu, \u010d\u00edm sa zmen\u00ed na plnohodnotn\u00fd \u010falekoh\u013ead na no\u010dn\u00e9 videnie - bez potreby op\u00e4tovn\u00e9ho sn\u00edmania.<\/span><\/li>\n<\/ul>\n<ul>\n<li style=\"font-weight: 400\"><span style=\"font-weight: 400\">M\u00f4\u017ee sa pou\u017e\u00edva\u0165 aj ako ru\u010dn\u00fd monokul\u00e1r na pozorovanie prostredia.<\/span><span style=\"font-weight: 400\"><br \/>\n<\/span><span style=\"font-weight: 400\">V\u010faka odolnej kon\u0161trukcii so stup\u0148om krytia IP67 je zariadenie vodotesn\u00e9 a odol\u00e1 sp\u00e4tn\u00e9mu r\u00e1zu a\u017e 6000 joulov, tak\u017ee je vhodn\u00e9 aj pre v\u00fdkonnej\u0161ie kalibre.<\/span><\/li>\n<\/ul>\n<p><b>Kompletn\u00e1 ponuka funkci\u00ed pre modern\u00e9ho lovca<\/b><\/p>\n<p><span style=\"font-weight: 400\">Model NV007SP2 je vybaven\u00fd odn\u00edmate\u013en\u00fdm infra\u010derven\u00fdm osvet\u013eova\u010dom s v\u00fdberom vlnovej d\u013a\u017eky 850 nm (vysok\u00fd v\u00fdkon) alebo 940 nm (skryt\u00e9 sledovanie), ktor\u00fd poskytuje vynikaj\u00facu vidite\u013enos\u0165 v \u00faplnej tme.<\/span><\/p>\n<p><span style=\"font-weight: 400\">Medzi \u010fal\u0161ie inteligentn\u00e9 funkcie patr\u00ed automatick\u00e9 nahr\u00e1vanie aktivovan\u00e9 pri sp\u00e4tnom n\u00e1raze, pripojenie Wi-Fi na \u017eiv\u00e9 vysielanie a <\/span><b>PardVision2<\/b><span style=\"font-weight: 400\"> na ovl\u00e1danie prostredn\u00edctvom aplik\u00e1cie, gyroskop, elektronick\u00fd kompas a mo\u017enos\u0165 nahr\u00e1va\u0165 vide\u00e1 a fotografie na kartu microSD.<\/span><\/p>\n<p><span style=\"font-weight: 400\">A <\/span><b>PARD NV007SP2<\/b><span style=\"font-weight: 400\"> nie je len n\u00e1stroj, je to d\u00f4veryhodn\u00fd spolo\u010dn\u00edk, ktor\u00fd v\u00e1m pom\u00f4\u017ee zisti\u0165, \u010do ste doteraz skr\u00fdvali, a s istotou dosiahnu\u0165 va\u0161e ciele.<\/span><\/p>\n<table dir=\"ltr\" border=\"1\" cellspacing=\"0\" cellpadding=\"0\" data-sheets-root=\"1\" data-sheets-baot=\"1\">\n<colgroup>\n<col width=\"100\" \/>\n<col width=\"100\" \/>\n<col width=\"100\" \/><\/colgroup>\n<tbody>\n<tr>\n<td>Parameter<\/td>\n<td>Hodnota<\/td>\n<td>Koment\u00e1r<\/td>\n<\/tr>\n<tr>\n<td>Typ zariadenia<\/td>\n<td>Digit\u00e1lne no\u010dn\u00e9 videnie (no\u010dn\u00e9 videnie \/ monokul\u00e1r)<\/td>\n<td>\n<div>\n<div>Vhodn\u00e9 na dvojit\u00e9 pou\u017eitie<\/div>\n<\/div>\n<\/td>\n<\/tr>\n<tr>\n<td>Senzor<\/td>\n<td>4K CMOS<\/td>\n<td>\n<div>\n<div>Vysok\u00e1 citlivos\u0165, farebn\u00fd obraz po\u010das d\u0148a<\/div>\n<\/div>\n<\/td>\n<\/tr>\n<tr>\n<td>Rozl\u00ed\u0161enie senzora<\/td>\n<td>3840 \u00d7 2160 px<\/td>\n<td>\n<div>\n<div>Na ostr\u00e9 a detailn\u00e9 z\u00e1bery<\/div>\n<\/div>\n<\/td>\n<\/tr>\n<tr>\n<td>Rozl\u00ed\u0161enie displeja<\/td>\n<td>OLED 1600 \u00d7 1200 px<\/td>\n<td>\n<div>\n<div>Jasn\u00e9, nepretr\u017eit\u00e9 zobrazenie<\/div>\n<\/div>\n<\/td>\n<\/tr>\n<tr>\n<td>Obnovovacia frekvencia obrazu<\/td>\n<td>60 Hz (alebo 30 Hz)<\/td>\n<td>\n<div>\n<div>Nepretr\u017eit\u00fd, pr\u00edjemn\u00fd na poh\u013ead<\/div>\n<\/div>\n<\/td>\n<\/tr>\n<tr>\n<td>\u0160o\u0161ovka<\/td>\n<td>20 mm<\/td>\n<td>-<\/td>\n<\/tr>\n<tr>\n<td>Optick\u00e9 zv\u00e4\u010d\u0161enie<\/td>\n<td>1x \/ 2.2x<\/td>\n<td>-<\/td>\n<\/tr>\n<tr>\n<td>Digit\u00e1lny zoom<\/td>\n<td>1-3x alebo 1-4x<\/td>\n<td>-<\/td>\n<\/tr>\n<tr>\n<td>Infra\u010derven\u00e9 osvetlenie (IR)<\/td>\n<td>Odn\u00edmate\u013en\u00fd (850 m2 \/ 940 m2)<\/td>\n<td>\n<div>\n<div>Nastavite\u013en\u00e1 intenzita a zaostrenie, dosah 350 m<\/div>\n<\/div>\n<\/td>\n<\/tr>\n<tr>\n<td>Laserov\u00fd dia\u013ekomer (LRF)<\/td>\n<td>\u00c1no (volite\u013en\u00e1 verzia, v na\u0161om internetovom obchode h\u013eadajte verzie LRF)<\/td>\n<td>\n<div>\n<div>Dosah do 1000 m (1200 yardov)<\/div>\n<\/div>\n<\/td>\n<\/tr>\n<tr>\n<td>Minim\u00e1lne po\u017eiadavky na osvetlenie<\/td>\n<td>0,001 lux<\/td>\n<td>\n<div>\n<div>Na pozorovanie za s\u00famraku<\/div>\n<\/div>\n<\/td>\n<\/tr>\n<tr>\n<td>Dioptrick\u00e1 korekcia<\/td>\n<td>\u00b15 D<\/td>\n<td>\n<div>\n<div>Pre pou\u017e\u00edvate\u013eov s r\u00f4znymi probl\u00e9mami so zrakom<\/div>\n<\/div>\n<\/td>\n<\/tr>\n<tr>\n<td>Mechanick\u00e1 odolnos\u0165<\/td>\n<td>6000 J<\/td>\n<td>\n<div>\n<div>Vhodn\u00e9 aj pre v\u00fdkonnej\u0161ie kalibre<\/div>\n<\/div>\n<\/td>\n<\/tr>\n<tr>\n<td>\u00darove\u0148 imunity<\/td>\n<td>IP67<\/td>\n<td>Plne vodotesn\u00e9<\/td>\n<\/tr>\n<tr>\n<td>Typ bat\u00e9rie<\/td>\n<td>18650 Li-Ion<\/td>\n<td>K dispoz\u00edcii na v\u00fdmenu<\/td>\n<\/tr>\n<tr>\n<td>Prev\u00e1dzkov\u00e9 hodiny<\/td>\n<td>A\u017e 6-8 hod\u00edn<\/td>\n<td>\n<div>\n<div>V z\u00e1vislosti od pou\u017eitia IR a \u010fal\u0161\u00edch funkci\u00ed<\/div>\n<\/div>\n<\/td>\n<\/tr>\n<tr>\n<td>Extern\u00e9 nap\u00e1janie<\/td>\n<td>USB typu C<\/td>\n<td>-<\/td>\n<\/tr>\n<tr>\n<td>Rozl\u00ed\u0161enie videa<\/td>\n<td>1920 \u00d7 1080 px (a\u017e 1600 \u00d7 1200 px)<\/td>\n<td>\n<div>\n<div>nahr\u00e1va na kartu microSD (do 128 GB)<\/div>\n<\/div>\n<\/td>\n<\/tr>\n<tr>\n<td>Rozl\u00ed\u0161enie fotografi\u00ed<\/td>\n<td>A\u017e do 2560 \u00d7 1920 px<\/td>\n<td>\n<div>\n<div>nahr\u00e1va na kartu microSD (do 128 GB)<\/div>\n<\/div>\n<\/td>\n<\/tr>\n<tr>\n<td>Wi-Fi<\/td>\n<td>\u00c1no (so syst\u00e9mom PardVision2)<\/td>\n<td>\n<div>\n<div>Priamy prenos, ovl\u00e1danie, s\u0165ahovanie \u00fadajov<\/div>\n<\/div>\n<\/td>\n<\/tr>\n<tr>\n<td>V\u00fdstup HDMI<\/td>\n<td>\u00c1no<\/td>\n<td>\n<div>\n<div>Mo\u017enos\u0165 pripojenia k extern\u00e9mu monitoru<\/div>\n<\/div>\n<\/td>\n<\/tr>\n<tr>\n<td>\u010eal\u0161ie funkcie<\/td>\n<td>Gyroskop, E-kompas, detekcia sp\u00e4tn\u00e9ho r\u00e1zu, \u010dasov\u00e1 pe\u010diatka, kompenz\u00e1cia expoz\u00edcie<\/td>\n<td>-<\/td>\n<\/tr>\n<tr>\n<td>Ve\u013ekos\u0165<\/td>\n<td>Pribli\u017ene 149 \u00d7 68 \u00d7 105 mm<\/td>\n<td>Kompaktn\u00fd dizajn<\/td>\n<\/tr>\n<tr>\n<td>Hmotnos\u0165<\/td>\n<td>Pribli\u017ene 335-397 g (vr\u00e1tane bat\u00e9rie)<\/td>\n<td>\n<div>\n<div>\u013dahk\u00e1 kon\u0161trukcia<\/div>\n<\/div>\n<\/td>\n<\/tr>\n<\/tbody>\n<\/table>\n<p>Ofici\u00e1lna str\u00e1nka produktu: <a href=\"https:\/\/pard.com\/product\/night-vision-clip-on-nv007sp2\">https:\/\/pard.com\/product\/night-vision-clip-on-nv007sp2<\/a><\/p>","protected":false},"excerpt":{"rendered":"<p><strong>Pard NV007SP2 4K 940nm kamera s no\u010dn\u00fdm viden\u00edm, optick\u00e9 zv\u00e4\u010d\u0161enie: 2,2x<\/strong><\/p>\n<p><span style=\"font-weight: 400\">Objavte nov\u00fa \u00farove\u0148 \u010distoty s vys\u00e1va\u010dom PARD NV007SP2. Zariadenie <\/span><b>so sn\u00edma\u010dom 4K<\/b><span style=\"font-weight: 400\">, <\/span><b>s displejom OLED<\/b><span style=\"font-weight: 400\"> a <\/span><b>s v\u00fdkonn\u00fdm infra\u010derven\u00fdm osvetlen\u00edm<\/b><span style=\"font-weight: 400\"> je vybaven\u00fd. <\/span><b>Odoln\u00e9<\/b><span style=\"font-weight: 400\">, <\/span><b>jednoduch\u00e9 pou\u017e\u00edvanie<\/b><span style=\"font-weight: 400\">a je pripraven\u00fd na ka\u017ed\u00fa v\u00fdzvu.<\/span><\/p>","protected":false},"featured_media":4669,"comment_status":"open","ping_status":"closed","template":"","meta":[],"product_brand":[],"product_cat":[39,45,213],"product_tag":[40,171,18,212,133],"class_list":{"0":"post-4676","1":"product","2":"type-product","3":"status-publish","4":"has-post-thumbnail","6":"product_cat-digitalis-ejjellato","7":"product_cat-hokamera","8":"product_cat-hokamera-utantet","9":"product_tag-ejjellato","10":"product_tag-ejjellato-utantet","11":"product_tag-hokamera","12":"product_tag-nv","13":"product_tag-pard","15":"first","16":"instock","17":"sale","18":"taxable","19":"shipping-taxable","20":"purchasable","21":"product-type-simple"},"jetpack_sharing_enabled":true,"_links":{"self":[{"href":"https:\/\/bestoptika.eu\/sk\/wp-json\/wp\/v2\/product\/4676","targetHints":{"allow":["GET"]}}],"collection":[{"href":"https:\/\/bestoptika.eu\/sk\/wp-json\/wp\/v2\/product"}],"about":[{"href":"https:\/\/bestoptika.eu\/sk\/wp-json\/wp\/v2\/types\/product"}],"replies":[{"embeddable":true,"href":"https:\/\/bestoptika.eu\/sk\/wp-json\/wp\/v2\/comments?post=4676"}],"wp:featuredmedia":[{"embeddable":true,"href":"https:\/\/bestoptika.eu\/sk\/wp-json\/wp\/v2\/media\/4669"}],"wp:attachment":[{"href":"https:\/\/bestoptika.eu\/sk\/wp-json\/wp\/v2\/media?parent=4676"}],"wp:term":[{"taxonomy":"product_brand","embeddable":true,"href":"https:\/\/bestoptika.eu\/sk\/wp-json\/wp\/v2\/product_brand?post=4676"},{"taxonomy":"product_cat","embeddable":true,"href":"https:\/\/bestoptika.eu\/sk\/wp-json\/wp\/v2\/product_cat?post=4676"},{"taxonomy":"product_tag","embeddable":true,"href":"https:\/\/bestoptika.eu\/sk\/wp-json\/wp\/v2\/product_tag?post=4676"}],"curies":[{"name":"wp","href":"https:\/\/api.w.org\/{rel}","templated":true}]}}