{"id":4678,"date":"2025-07-28T08:47:18","date_gmt":"2025-07-28T06:47:18","guid":{"rendered":"https:\/\/bestoptika.eu\/?post_type=product&#038;p=4678"},"modified":"2025-12-20T12:09:06","modified_gmt":"2025-12-20T11:09:06","slug":"pard-nv007sp2-4k-850nm-lrf-ejjellato-utantet-hokamera-1x","status":"publish","type":"product","link":"https:\/\/bestoptika.eu\/sk\/product\/pard-nv007sp2-4k-850nm-lrf-ejjellato-utantet-hokamera-1x\/","title":{"rendered":"Pard NV007SP2 4K 850nm LRF 1x digit\u00e1lne no\u010dn\u00e9 videnie, zas\u00e1dka s laserov\u00fdm dia\u013ekomerom"},"content":{"rendered":"<p><strong>Pard NV007SP2 4K 850nm LRF kamera s no\u010dn\u00fdm viden\u00edm, optick\u00fd zoom: 1x<\/strong><\/p>\n<p data-start=\"0\" data-end=\"338\"><strong data-start=\"0\" data-end=\"32\">Predstavujeme PARD NV007SP2<\/strong> - najnov\u0161ia gener\u00e1cia digit\u00e1lneho no\u010dn\u00e9ho videnia, ktor\u00e1 pos\u00fava hranice vidite\u013enosti v \u00faplnej tme. Tento inovat\u00edvny \u010falekoh\u013ead a monokul\u00e1r je ur\u010den\u00fd pre po\u013eovn\u00edkov a pozorovate\u013eov, ktor\u00ed vy\u017eaduj\u00fa bezkonkuren\u010dn\u00fa kvalitu obrazu, presnos\u0165 a spo\u013eahlivos\u0165 za v\u0161etk\u00fdch sveteln\u00fdch podmienok.<\/p>\n<p data-start=\"340\" data-end=\"730\"><strong data-start=\"340\" data-end=\"371\">Revol\u00facia v kvalite obrazu:<\/strong><br data-start=\"371\" data-end=\"374\" \/>A <strong data-start=\"376\" data-end=\"388\">NV007SP2<\/strong> srdce mimoriadne citliv\u00e9ho <strong data-start=\"418\" data-end=\"437\">Sn\u00edma\u010d CMOS 4K<\/strong>s rozl\u00ed\u0161en\u00edm 3840 x 2160 pixelov. Tento sn\u00edma\u010d poskytuje neuverite\u013ene detailn\u00fd a ostr\u00fd obraz nielen v noci (v \u010diernobielom re\u017eime), ale aj cez de\u0148 so \u017eiv\u00fdmi farbami. A <strong data-start=\"607\" data-end=\"656\">Displej OLED s obnovovacou frekvenciou 60 Hz<\/strong> (1600 x 1200 px) poskytuje realistickej\u0161ie a menej \u00fanavn\u00e9 zobrazenie.<\/p>\n<p data-start=\"732\" data-end=\"1108\"><strong data-start=\"732\" data-end=\"795\">Presnos\u0165 so zabudovan\u00fdm laserov\u00fdm dia\u013ekomerom (verzia LRF):<\/strong><br data-start=\"795\" data-end=\"798\" \/>Pre t\u00fdch, ktor\u00ed h\u013eadaj\u00fa maxim\u00e1lnu presnos\u0165, je k dispoz\u00edcii <strong data-start=\"861\" data-end=\"868\">LRF<\/strong>-verzia vybaven\u00e1. Vstavan\u00fd laserov\u00fd dia\u013ekomer dok\u00e1\u017ee mera\u0165 a\u017e <strong data-start=\"934\" data-end=\"950\">1000 metrov<\/strong> je schopn\u00fd r\u00fdchleho a presn\u00e9ho merania cie\u013ea a\u017e do vzdialenosti. To poskytuje d\u00f4le\u017eit\u00e9 inform\u00e1cie pre presn\u00e9 v\u00fdstrely, \u010d\u00edm sa zvy\u0161uje efektivita a \u00faspe\u0161nos\u0165.<\/p>\n<p data-start=\"1110\" data-end=\"1579\"><strong data-start=\"1110\" data-end=\"1148\">Flexibiln\u00e1 a robustn\u00e1 kon\u0161trukcia:<\/strong><br data-start=\"1148\" data-end=\"1151\" \/>A <strong data-start=\"1153\" data-end=\"1170\">PARD NV007SP2<\/strong> je skuto\u010dne v\u0161estrann\u00fd. V priebehu nieko\u013ek\u00fdch sek\u00fand ho mo\u017eno pripoji\u0165 k okul\u00e1ru v\u00e1\u0161ho existuj\u00faceho denn\u00e9ho pu\u0161koh\u013eadu, \u010d\u00edm sa zmen\u00ed na plnohodnotn\u00fd \u010falekoh\u013ead no\u010dn\u00e9ho videnia. <strong data-start=\"1305\" data-end=\"1329\">op\u00e4\u0165 bez stre\u013eby!<\/strong> M\u00f4\u017ee sa pou\u017e\u00edva\u0165 aj <strong data-start=\"1351\" data-end=\"1380\">ako samostatn\u00fd manu\u00e1lny monokul\u00e1r<\/strong> pozorova\u0165 prostredie. V\u010faka svojej robustnej kon\u0161trukcii <strong data-start=\"1449\" data-end=\"1457\">IP67<\/strong> m\u00e1 odolnos\u0165 vo\u010di vode a je a\u017e do <strong data-start=\"1504\" data-end=\"1514\" data-is-only-node=\"\">6000 J<\/strong> odol\u00e1va aj sp\u00e4tn\u00e9mu r\u00e1zu, tak\u017ee je ide\u00e1lny pre v\u00fdkonnej\u0161ie kalibre.<\/p>\n<p data-start=\"1581\" data-end=\"1862\"><strong data-start=\"1581\" data-end=\"1621\">Komplexn\u00e9 funkcie pre modern\u00e9ho lovca:<\/strong><br data-start=\"1621\" data-end=\"1624\" \/>Z adresy <strong data-start=\"1627\" data-end=\"1639\">NV007SP2<\/strong> Odn\u00edmate\u013en\u00fd <strong data-start=\"1649\" data-end=\"1668\">S infra\u010derven\u00fdm osvetlen\u00edm<\/strong> (volite\u013en\u00e1 vlnov\u00e1 d\u013a\u017eka: 850 nm pre vy\u0161\u0161\u00ed v\u00fdkon alebo 940 nm pre utajenej\u0161iu prev\u00e1dzku), ktor\u00e1 poskytuje vynikaj\u00facu vidite\u013enos\u0165 v \u00faplnej tme.<br data-start=\"1835\" data-end=\"1838\" \/>\u010eal\u0161ie inteligentn\u00e9 funkcie:<\/p>\n<ul data-start=\"1863\" data-end=\"2114\">\n<li data-start=\"1863\" data-end=\"1917\">\n<p data-start=\"1865\" data-end=\"1917\">aktivovan\u00e9 na sp\u00e4tn\u00fd n\u00e1raz <strong data-start=\"1890\" data-end=\"1914\">automatick\u00e9 nahr\u00e1vanie<\/strong>,<\/p>\n<\/li>\n<li data-start=\"1918\" data-end=\"2015\">\n<p data-start=\"1920\" data-end=\"2015\"><strong data-start=\"1920\" data-end=\"1939\">Pripojenie Wi-Fi<\/strong> na \u017eiv\u00e9 vysielanie a <strong data-start=\"1961\" data-end=\"1976\">PardVision2<\/strong> na ovl\u00e1danie prostredn\u00edctvom aplik\u00e1cie,<\/p>\n<\/li>\n<li data-start=\"2016\" data-end=\"2034\">\n<p data-start=\"2018\" data-end=\"2034\"><strong data-start=\"2018\" data-end=\"2031\">gyroskop<\/strong>,<\/p>\n<\/li>\n<li data-start=\"2035\" data-end=\"2053\">\n<p data-start=\"2037\" data-end=\"2053\"><strong data-start=\"2037\" data-end=\"2050\">E-kompas<\/strong>,<\/p>\n<\/li>\n<li data-start=\"2054\" data-end=\"2114\">\n<p data-start=\"2056\" data-end=\"2114\"><strong data-start=\"2056\" data-end=\"2085\">nahr\u00e1vanie videa a fotografi\u00ed<\/strong> mo\u017enos\u0165 karty microSD.<\/p>\n<\/li>\n<\/ul>\n<p data-start=\"2116\" data-end=\"2276\" data-is-last-node=\"\" data-is-only-node=\"\">A <strong data-start=\"2118\" data-end=\"2135\">PARD NV007SP2<\/strong> nie je len n\u00e1stroj, je to d\u00f4veryhodn\u00fd spolo\u010dn\u00edk, ktor\u00fd v\u00e1m pom\u00f4\u017ee zisti\u0165, \u010do ste doteraz skr\u00fdvali, a s istotou dosiahnu\u0165 va\u0161e ciele.<\/p>\n<table dir=\"ltr\" border=\"1\" cellspacing=\"0\" cellpadding=\"0\" data-sheets-root=\"1\" data-sheets-baot=\"1\">\n<colgroup>\n<col width=\"100\" \/>\n<col width=\"100\" \/>\n<col width=\"100\" \/><\/colgroup>\n<tbody>\n<tr>\n<td>Parameter<\/td>\n<td>Hodnota<\/td>\n<td>Koment\u00e1r<\/td>\n<\/tr>\n<tr>\n<td>Typ zariadenia<\/td>\n<td>Digit\u00e1lne no\u010dn\u00e9 videnie (teleskopick\u00fd zameriava\u010d \/ monokul\u00e1r)<\/td>\n<td>\n<div>\n<div>Dvojit\u00e9 pou\u017eitie<\/div>\n<\/div>\n<\/td>\n<\/tr>\n<tr>\n<td>Senzor<\/td>\n<td>4K CMOS<\/td>\n<td>\n<div>\n<div>Vysok\u00e1 citlivos\u0165, farebn\u00fd obraz po\u010das d\u0148a<\/div>\n<\/div>\n<\/td>\n<\/tr>\n<tr>\n<td>Rozl\u00ed\u0161enie senzora<\/td>\n<td>3840 x 2160 px<\/td>\n<td>\n<div>\n<div>Na ostr\u00e9 a detailn\u00e9 z\u00e1bery<\/div>\n<\/div>\n<\/td>\n<\/tr>\n<tr>\n<td>Rozl\u00ed\u0161enie displeja<\/td>\n<td>OLED 1600 x 1200 px<\/td>\n<td>\n<div>\n<div>Pre jasn\u00e9 a nepretr\u017eit\u00e9 zobrazenie<\/div>\n<\/div>\n<\/td>\n<\/tr>\n<tr>\n<td>Obnovovacia frekvencia obrazu<\/td>\n<td>60 Hz (alebo 30 Hz)<\/td>\n<td>Kontinu\u00e1lny obraz<\/td>\n<\/tr>\n<tr>\n<td>\u0160o\u0161ovka<\/td>\n<td>20 mm<\/td>\n<td>-<\/td>\n<\/tr>\n<tr>\n<td>Optick\u00e9 zv\u00e4\u010d\u0161enie<\/td>\n<td>1x \/ 2.2x<\/td>\n<td>-<\/td>\n<\/tr>\n<tr>\n<td>Digit\u00e1lny zoom<\/td>\n<td>1-3x alebo 1-4x<\/td>\n<td>-<\/td>\n<\/tr>\n<tr>\n<td>IR osvetlenie<\/td>\n<td>Odn\u00edmate\u013en\u00fd (850 m2 \/ 940 m2)<\/td>\n<td>\n<div>\n<div>Nastavite\u013en\u00e1 intenzita a zaostrenie, dosah a\u017e 350 m<\/div>\n<\/div>\n<\/td>\n<\/tr>\n<tr>\n<td>Laserov\u00fd dia\u013ekomer (LRF)<\/td>\n<td>\u00c1no (volite\u013en\u00e9)<\/td>\n<td>\n<div>\n<div>Dosah do 1000 m (1200 yardov)<\/div>\n<\/div>\n<\/td>\n<\/tr>\n<tr>\n<td>Min. osvetlenie<\/td>\n<td>0,001 lux<\/td>\n<td>\n<div>\n<div>Na pozorovanie za s\u00famraku<\/div>\n<\/div>\n<\/td>\n<\/tr>\n<tr>\n<td>Dioptrick\u00e1 korekcia<\/td>\n<td>\u00b15 D<\/td>\n<td>\n<div>\n<div>Nastavite\u013en\u00e9 pre r\u00f4zne zrakov\u00e9 vady<\/div>\n<\/div>\n<\/td>\n<\/tr>\n<tr>\n<td>Mechanick\u00e1 odolnos\u0165<\/td>\n<td>6000 J<\/td>\n<td>\n<div>\n<div>Vhodn\u00e9 aj pre \u0165a\u017ek\u00e9 kalibre<\/div>\n<\/div>\n<\/td>\n<\/tr>\n<tr>\n<td>Stupe\u0148 imunity<\/td>\n<td>IP67<\/td>\n<td>Vodotesn\u00e9<\/td>\n<\/tr>\n<tr>\n<td>Typ bat\u00e9rie<\/td>\n<td>18650 Li-Ion<\/td>\n<td>K dispoz\u00edcii na v\u00fdmenu<\/td>\n<\/tr>\n<tr>\n<td>Prev\u00e1dzkov\u00fd \u010das bat\u00e9rie<\/td>\n<td>A\u017e 6-8 hod\u00edn<\/td>\n<td>\n<div>\n<div>V z\u00e1vislosti od pou\u017eitia IR a funkci\u00ed<\/div>\n<\/div>\n<\/td>\n<\/tr>\n<tr>\n<td>Extern\u00e9 nap\u00e1janie<\/td>\n<td>USB typu C<\/td>\n<td>-<\/td>\n<\/tr>\n<tr>\n<td>Rozl\u00ed\u0161enie videa<\/td>\n<td>1920 \u00d7 1080 px (a\u017e 1600 \u00d7 1200 px)<\/td>\n<td>\n<div>\n<div>z\u00e1lohovanie na kartu microSD (max. 128 GB)<\/div>\n<\/div>\n<\/td>\n<\/tr>\n<tr>\n<td>Rozl\u00ed\u0161enie fotografi\u00ed<\/td>\n<td>A\u017e do 2560 \u00d7 1920 px<\/td>\n<td>\n<div>\n<div>z\u00e1lohovanie na kartu microSD (max. 128 GB)<\/div>\n<\/div>\n<\/td>\n<\/tr>\n<tr>\n<td>Wi-Fi<\/td>\n<td>\u00c1no (prostredn\u00edctvom aplik\u00e1cie PardVision2)<\/td>\n<td>\n<div>\n<div>Priamy prenos, ovl\u00e1danie, s\u0165ahovanie \u00fadajov<\/div>\n<\/div>\n<\/td>\n<\/tr>\n<tr>\n<td>V\u00fdstup HDMI<\/td>\n<td>\u00c1no<\/td>\n<td>\n<div>\n<div>Mo\u017enos\u0165 pripojenia k extern\u00e9mu monitoru<\/div>\n<\/div>\n<\/td>\n<\/tr>\n<tr>\n<td>\u010eal\u0161ie funkcie<\/td>\n<td>Gyroskop, E-kompas, detekcia sp\u00e4tn\u00e9ho r\u00e1zu, \u010dasov\u00e1 pe\u010diatka, kompenz\u00e1cia expoz\u00edcie<\/td>\n<td>-<\/td>\n<\/tr>\n<tr>\n<td>Rozmery<\/td>\n<td>Pribli\u017ene 149 x 68 x 105 mm<\/td>\n<td>\n<div>\n<div>Kompaktn\u00fd dizajn<\/div>\n<\/div>\n<\/td>\n<\/tr>\n<tr>\n<td>Hmotnos\u0165<\/td>\n<td>Pribli\u017ene 335-397 g (vr\u00e1tane bat\u00e9rie)<\/td>\n<td>\n<div>\n<div>\u013dahk\u00e1 kon\u0161trukcia<\/div>\n<\/div>\n<\/td>\n<\/tr>\n<\/tbody>\n<\/table>\n<p>Ofici\u00e1lna str\u00e1nka produktu: <a href=\"https:\/\/pard.com\/product\/night-vision-clip-on-nv007sp2#spec\">https:\/\/pard.com\/product\/night-vision-clip-on-nv007sp2#spec<\/a><\/p>","protected":false},"excerpt":{"rendered":"<p><strong>Pard NV007SP2 4K 850nm LRF kamera s no\u010dn\u00fdm viden\u00edm, optick\u00fd zoom: 1x<\/strong><\/p>\n<p>Objavte nov\u00e9 \u00farovne ostrosti s <strong data-start=\"105\" data-end=\"122\">PARD NV007SP2<\/strong> vybaven\u00e1 sn\u00edma\u010dom 4K, displejom OLED a v\u00fdkonn\u00fdm infra\u010derven\u00fdm svetlom. S laserov\u00fdm dia\u013ekomerom na presn\u00e9 balistick\u00e9 v\u00fdpo\u010dty. Odoln\u00fd, \u013eahko pou\u017eite\u013en\u00fd a pripraven\u00fd na ak\u00fako\u013evek v\u00fdzvu.<\/p>","protected":false},"featured_media":4679,"comment_status":"open","ping_status":"closed","template":"","meta":[],"product_brand":[],"product_cat":[39,45,213],"product_tag":[40,171,18,212,133],"class_list":{"0":"post-4678","1":"product","2":"type-product","3":"status-publish","4":"has-post-thumbnail","6":"product_cat-digitalis-ejjellato","7":"product_cat-hokamera","8":"product_cat-hokamera-utantet","9":"product_tag-ejjellato","10":"product_tag-ejjellato-utantet","11":"product_tag-hokamera","12":"product_tag-nv","13":"product_tag-pard","15":"first","16":"instock","17":"taxable","18":"shipping-taxable","19":"purchasable","20":"product-type-simple"},"jetpack_sharing_enabled":true,"_links":{"self":[{"href":"https:\/\/bestoptika.eu\/sk\/wp-json\/wp\/v2\/product\/4678","targetHints":{"allow":["GET"]}}],"collection":[{"href":"https:\/\/bestoptika.eu\/sk\/wp-json\/wp\/v2\/product"}],"about":[{"href":"https:\/\/bestoptika.eu\/sk\/wp-json\/wp\/v2\/types\/product"}],"replies":[{"embeddable":true,"href":"https:\/\/bestoptika.eu\/sk\/wp-json\/wp\/v2\/comments?post=4678"}],"wp:featuredmedia":[{"embeddable":true,"href":"https:\/\/bestoptika.eu\/sk\/wp-json\/wp\/v2\/media\/4679"}],"wp:attachment":[{"href":"https:\/\/bestoptika.eu\/sk\/wp-json\/wp\/v2\/media?parent=4678"}],"wp:term":[{"taxonomy":"product_brand","embeddable":true,"href":"https:\/\/bestoptika.eu\/sk\/wp-json\/wp\/v2\/product_brand?post=4678"},{"taxonomy":"product_cat","embeddable":true,"href":"https:\/\/bestoptika.eu\/sk\/wp-json\/wp\/v2\/product_cat?post=4678"},{"taxonomy":"product_tag","embeddable":true,"href":"https:\/\/bestoptika.eu\/sk\/wp-json\/wp\/v2\/product_tag?post=4678"}],"curies":[{"name":"wp","href":"https:\/\/api.w.org\/{rel}","templated":true}]}}