{"id":4736,"date":"2025-08-18T13:31:16","date_gmt":"2025-08-18T11:31:16","guid":{"rendered":"https:\/\/bestoptika.eu\/?post_type=product&#038;p=4736"},"modified":"2025-12-01T19:25:55","modified_gmt":"2025-12-01T18:25:55","slug":"nocpix-quest-h35r","status":"publish","type":"product","link":"https:\/\/bestoptika.eu\/sk\/product\/nocpix-quest-h35r\/","title":{"rendered":"Nocpix QUEST H35R termov\u00edzny binokul\u00e1r s dia\u013ekomerom"},"content":{"rendered":"<table dir=\"ltr\" style=\"width: 608px\" border=\"1\" cellspacing=\"0\" cellpadding=\"0\" data-sheets-root=\"1\" data-sheets-baot=\"1\">\n<colgroup>\n<col width=\"100\" \/>\n<col width=\"100\" \/><\/colgroup>\n<tbody>\n<tr>\n<td style=\"width: 327.591px\">Rozl\u00ed\u0161enie senzora<\/td>\n<td style=\"width: 276.045px\">640x512px<\/td>\n<\/tr>\n<tr>\n<td style=\"width: 327.591px\">Ve\u013ekos\u0165 pixelov<\/td>\n<td style=\"width: 276.045px\">12\u00b5m<\/td>\n<\/tr>\n<tr>\n<td style=\"width: 327.591px\">NETD - citlivos\u0165 senzora (mK)<\/td>\n<td style=\"width: 276.045px\">&lt;15mK<\/td>\n<\/tr>\n<tr>\n<td style=\"width: 327.591px\">Obnovovacia frekvencia obrazu (Hz)<\/td>\n<td style=\"width: 276.045px\">60 Hz<\/td>\n<\/tr>\n<tr>\n<td style=\"width: 327.591px\">Objekt\u00edv (mm)<\/td>\n<td style=\"width: 276.045px\">35 mm F0,9<\/td>\n<\/tr>\n<tr>\n<td style=\"width: 327.591px\">Zv\u00e4\u010d\u0161i\u0165<\/td>\n<td style=\"width: 276.045px\">3x-24x<\/td>\n<\/tr>\n<tr>\n<td style=\"width: 327.591px\">Zorn\u00e9 pole<\/td>\n<td style=\"width: 276.045px\">12,5\u00b0 x 10\u00b0<\/td>\n<\/tr>\n<tr>\n<td style=\"width: 327.591px\">\u00da\u013eava od o\u010d\u00ed<\/td>\n<td style=\"width: 276.045px\">25 mm<\/td>\n<\/tr>\n<tr>\n<td style=\"width: 327.591px\">Priemer v\u00fdstupnej zrenice<\/td>\n<td style=\"width: 276.045px\">10 mm<\/td>\n<\/tr>\n<tr>\n<td style=\"width: 327.591px\">Dioptrick\u00e1 korekcia<\/td>\n<td style=\"width: 276.045px\">-5D \/ +5D<\/td>\n<\/tr>\n<tr>\n<td style=\"width: 327.591px\">Detekcia<\/td>\n<td style=\"width: 276.045px\">1800m<\/td>\n<\/tr>\n<tr>\n<td style=\"width: 327.591px\">Typ displeja<\/td>\n<td style=\"width: 276.045px\">\n<div>\n<div>AMOLED 0,72 palca<\/div>\n<\/div>\n<\/td>\n<\/tr>\n<tr>\n<td style=\"width: 327.591px\">Rozl\u00ed\u0161enie displeja<\/td>\n<td style=\"width: 276.045px\">-<\/td>\n<\/tr>\n<tr>\n<td style=\"width: 327.591px\">Bat\u00e9ria<\/td>\n<td style=\"width: 276.045px\">\n<div>\n<div>Intern\u00fd 4200mAh \/ extern\u00fd 18650<\/div>\n<\/div>\n<\/td>\n<\/tr>\n<tr>\n<td style=\"width: 327.591px\">V\u00fddr\u017e bat\u00e9rie<\/td>\n<td style=\"width: 276.045px\">6 hod\u00edn<\/td>\n<\/tr>\n<tr>\n<td style=\"width: 327.591px\">Wi-Fi<\/td>\n<td style=\"width: 276.045px\">\u00c1no<\/td>\n<\/tr>\n<tr>\n<td style=\"width: 327.591px\">Aplik\u00e1cia<\/td>\n<td style=\"width: 276.045px\">\u00c1no<\/td>\n<\/tr>\n<tr>\n<td style=\"width: 327.591px\">Foto\/video<\/td>\n<td style=\"width: 276.045px\">\u00c1no<\/td>\n<\/tr>\n<tr>\n<td style=\"width: 327.591px\">Zvukov\u00fd z\u00e1znam<\/td>\n<td style=\"width: 276.045px\">\u00c1no<\/td>\n<\/tr>\n<tr>\n<td style=\"width: 327.591px\">Balistick\u00fd v\u00fdpo\u010det<\/td>\n<td style=\"width: 276.045px\">\u00c1no<\/td>\n<\/tr>\n<tr>\n<td style=\"width: 327.591px\">Laserov\u00fd dia\u013ekomer<\/td>\n<td style=\"width: 276.045px\">\u00c1no, do 1000 m<\/td>\n<\/tr>\n<tr>\n<td style=\"width: 327.591px\">Reality+<\/td>\n<td style=\"width: 276.045px\">\u00c1no<\/td>\n<\/tr>\n<tr>\n<td style=\"width: 327.591px\">Vision+<\/td>\n<td style=\"width: 276.045px\">\u00c1no<\/td>\n<\/tr>\n<tr>\n<td style=\"width: 327.591px\">Digit\u00e1lna stabiliz\u00e1cia obrazu<\/td>\n<td style=\"width: 276.045px\">\u00c1no<\/td>\n<\/tr>\n<tr>\n<td style=\"width: 327.591px\">Pripojenie N-Link<\/td>\n<td style=\"width: 276.045px\">\u00c1no<\/td>\n<\/tr>\n<tr>\n<td style=\"width: 327.591px\">Typ konektora<\/td>\n<td style=\"width: 276.045px\">USB-C<\/td>\n<\/tr>\n<tr>\n<td style=\"width: 327.591px\">Odolnos\u0165 vo\u010di vode<\/td>\n<td style=\"width: 276.045px\">IP67<\/td>\n<\/tr>\n<tr>\n<td style=\"width: 327.591px\">Rozmery<\/td>\n<td style=\"width: 276.045px\">160x137x60mm<\/td>\n<\/tr>\n<\/tbody>\n<\/table>","protected":false},"excerpt":{"rendered":"<p>Termov\u00edzny binokul\u00e1r QUEST s rozl\u00ed\u0161en\u00edm sn\u00edma\u010da 640x512px, NETD pod 15 mK, obnovovacou frekvenciou obrazu 60 Hz, algoritmom REALITY+, digit\u00e1lnou stabiliz\u00e1ciou obrazu, balistick\u00fdm v\u00fdpo\u010dtov\u00fdm prepojen\u00edm N-Link a laserov\u00fdm dia\u013ekomerom.<\/p>","protected":false},"featured_media":4737,"comment_status":"open","ping_status":"closed","template":"","meta":[],"product_brand":[],"product_cat":[45,48],"product_tag":[18,183,253],"class_list":{"0":"post-4736","1":"product","2":"type-product","3":"status-publish","4":"has-post-thumbnail","6":"product_cat-hokamera","7":"product_cat-hokamera-keresotavcso","8":"product_tag-hokamera","9":"product_tag-nocpix","10":"product_tag-quest","12":"first","13":"instock","14":"taxable","15":"shipping-taxable","16":"purchasable","17":"product-type-simple"},"jetpack_sharing_enabled":true,"_links":{"self":[{"href":"https:\/\/bestoptika.eu\/sk\/wp-json\/wp\/v2\/product\/4736","targetHints":{"allow":["GET"]}}],"collection":[{"href":"https:\/\/bestoptika.eu\/sk\/wp-json\/wp\/v2\/product"}],"about":[{"href":"https:\/\/bestoptika.eu\/sk\/wp-json\/wp\/v2\/types\/product"}],"replies":[{"embeddable":true,"href":"https:\/\/bestoptika.eu\/sk\/wp-json\/wp\/v2\/comments?post=4736"}],"wp:featuredmedia":[{"embeddable":true,"href":"https:\/\/bestoptika.eu\/sk\/wp-json\/wp\/v2\/media\/4737"}],"wp:attachment":[{"href":"https:\/\/bestoptika.eu\/sk\/wp-json\/wp\/v2\/media?parent=4736"}],"wp:term":[{"taxonomy":"product_brand","embeddable":true,"href":"https:\/\/bestoptika.eu\/sk\/wp-json\/wp\/v2\/product_brand?post=4736"},{"taxonomy":"product_cat","embeddable":true,"href":"https:\/\/bestoptika.eu\/sk\/wp-json\/wp\/v2\/product_cat?post=4736"},{"taxonomy":"product_tag","embeddable":true,"href":"https:\/\/bestoptika.eu\/sk\/wp-json\/wp\/v2\/product_tag?post=4736"}],"curies":[{"name":"wp","href":"https:\/\/api.w.org\/{rel}","templated":true}]}}