{"id":4746,"date":"2025-08-20T13:03:16","date_gmt":"2025-08-20T11:03:16","guid":{"rendered":"https:\/\/bestoptika.eu\/?post_type=product&#038;p=4746"},"modified":"2026-03-23T19:35:12","modified_gmt":"2026-03-23T18:35:12","slug":"pard-nv007sp2-4k-940nm-lrf-ejjellato-utantet-hokamera-22x","status":"publish","type":"product","link":"https:\/\/bestoptika.eu\/sk\/product\/pard-nv007sp2-4k-940nm-lrf-ejjellato-utantet-hokamera-22x\/","title":{"rendered":"Pard NV007SP2 4K 940nm LRF 2.2x digit\u00e1lne no\u010dn\u00e9 videnie, zas\u00e1dka s laserov\u00fdm dia\u013ekomerom"},"content":{"rendered":"<h3 data-start=\"373\" data-end=\"443\">PARD NV007SP2: Nov\u00fd rozmer no\u010dn\u00e9ho pozorovania a lovu<\/h3>\n<p data-start=\"445\" data-end=\"759\">Predstavujeme PARD NV007SP2 - najnov\u0161iu gener\u00e1ciu digit\u00e1lneho no\u010dn\u00e9ho videnia, ktor\u00e9 pos\u00fava hranice vidite\u013enosti v \u00faplnej tme. Tento inovat\u00edvny adapt\u00e9r a monokul\u00e1r je ur\u010den\u00fd pre po\u013eovn\u00edkov a pozorovate\u013eov, ktor\u00ed vy\u017eaduj\u00fa bezkonkuren\u010dn\u00fa kvalitu obrazu, presnos\u0165 a spo\u013eahlivos\u0165 za v\u0161etk\u00fdch sveteln\u00fdch podmienok.<\/p>\n<h4 data-start=\"761\" data-end=\"794\">Revol\u00facia v kvalite obrazu<\/h4>\n<p data-start=\"795\" data-end=\"1145\">Srdcom kamery NV007SP2 je vysoko citliv\u00fd sn\u00edma\u010d CMOS 4K s rozl\u00ed\u0161en\u00edm 3840 x 2160 pixelov. V\u010faka tomu poskytuje neuverite\u013ene detailn\u00fd a ostr\u00fd obraz nielen v noci (v \u010diernobielom re\u017eime), ale aj za denn\u00e9ho svetla, kde reprodukuje \u017eiv\u00e9 farby. Displej OLED s obnovovacou frekvenciou 60 Hz (1600 x 1200 pixelov) poskytuje realistickej\u0161ie a menej \u00fanavn\u00e9 zobrazenie.<\/p>\n<h4 data-start=\"1147\" data-end=\"1210\">Presnos\u0165 so zabudovan\u00fdm laserov\u00fdm dia\u013ekomerom (verzia LRF)<\/h4>\n<p data-start=\"1211\" data-end=\"1508\">Pre t\u00fdch, ktor\u00ed h\u013eadaj\u00fa maxim\u00e1lnu presnos\u0165, je k dispoz\u00edcii verzia so zabudovan\u00fdm laserov\u00fdm dia\u013ekomerom (LRF). Ten umo\u017e\u0148uje bleskur\u00fdchle a presn\u00e9 meranie vzdialenosti a\u017e do 1000 metrov. Z\u00edskate tak d\u00f4le\u017eit\u00e9 inform\u00e1cie pre presn\u00e9 z\u00e1sahy, \u010d\u00edm sa zv\u00fd\u0161i va\u0161a efektivita a \u00faspe\u0161nos\u0165.<\/p>\n<h4 data-start=\"1510\" data-end=\"1547\">Flexibiln\u00fd a mas\u00edvny dizajn<\/h4>\n<p data-start=\"1548\" data-end=\"1930\">PARD NV007SP2 je skuto\u010dne v\u0161estrann\u00fd. Mo\u017eno ho v okamihu pripoji\u0165 k okul\u00e1ru existuj\u00faceho denn\u00e9ho pu\u0161koh\u013eadu, \u010d\u00edm sa zmen\u00ed na plnohodnotn\u00fd \u010falekoh\u013ead no\u010dn\u00e9ho videnia - bez op\u00e4tovn\u00e9ho vystre\u013eovania! Mo\u017eno ho pou\u017e\u00edva\u0165 aj ako samostatn\u00fd ru\u010dn\u00fd monokul\u00e1r na pozorovanie prostredia. V\u010faka odoln\u00e9mu puzdru so stup\u0148om krytia IP67 je vodotesn\u00fd a vydr\u017e\u00ed sp\u00e4tn\u00fd r\u00e1z a\u017e 6000 J, tak\u017ee je ide\u00e1lny pre v\u00fdkonnej\u0161ie kalibre.<\/p>\n<h4 data-start=\"1932\" data-end=\"1979\">Komplexn\u00e9 funkcie pre modern\u00e9ho lovca<\/h4>\n<p data-start=\"1980\" data-end=\"2422\">Model NV007SP2 je vybaven\u00fd odn\u00edmate\u013en\u00fdm infra\u010derven\u00fdm osvet\u013eova\u010dom (volite\u013en\u00e1 vlnov\u00e1 d\u013a\u017eka: 850 nm pre vysok\u00fd v\u00fdkon alebo 940 nm pre diskr\u00e9tne pou\u017eitie), ktor\u00fd poskytuje vynikaj\u00facu vidite\u013enos\u0165 v \u00faplnej tme. Medzi \u010fal\u0161ie inteligentn\u00e9 funkcie patr\u00ed automatick\u00e9 nahr\u00e1vanie vyvolan\u00e9 sp\u00e4tn\u00fdm n\u00e1razom, pripojenie Wi-Fi na \u017eiv\u00fd prenos a ovl\u00e1danie prostredn\u00edctvom aplik\u00e1cie PardVision2, gyroskop, elektronick\u00fd kompas a nahr\u00e1vanie vide\u00ed a fotografi\u00ed na kartu microSD.<\/p>\n<hr data-start=\"2424\" data-end=\"2427\" \/>\n<p data-start=\"2429\" data-end=\"2595\">PARD NV007SP2 nie je len n\u00e1stroj, je to d\u00f4veryhodn\u00fd spolo\u010dn\u00edk, ktor\u00fd v\u00e1m umo\u017en\u00ed vidie\u0165 skryt\u00e9 a s istotou dosiahnu\u0165 va\u0161e ciele.<\/p>\n<table dir=\"ltr\" border=\"1\" cellspacing=\"0\" cellpadding=\"0\" data-sheets-root=\"1\" data-sheets-baot=\"1\">\n<colgroup>\n<col width=\"204\" \/>\n<col width=\"274\" \/>\n<col width=\"363\" \/><\/colgroup>\n<tbody>\n<tr>\n<td>Parameter<\/td>\n<td>Hodnota<\/td>\n<td>Koment\u00e1r<\/td>\n<\/tr>\n<tr>\n<td>Typ zariadenia<\/td>\n<td>Digit\u00e1lne no\u010dn\u00e9 videnie (adapt\u00e9r \/ monokul\u00e1r)<\/td>\n<td>Dvojit\u00e9 pou\u017eitie<\/td>\n<\/tr>\n<tr>\n<td>Senzor<\/td>\n<td>4K CMOS<\/td>\n<td>Vysok\u00e1 citlivos\u0165, farebn\u00fd obraz po\u010das d\u0148a<\/td>\n<\/tr>\n<tr>\n<td>Rozl\u00ed\u0161enie senzora<\/td>\n<td>3840 x 2160 px<\/td>\n<td>Na ostr\u00e9 a detailn\u00e9 z\u00e1bery<\/td>\n<\/tr>\n<tr>\n<td>Rozl\u00ed\u0161enie displeja<\/td>\n<td>OLED 1600 x 1200 px<\/td>\n<td>Jasn\u00e9 a plynul\u00e9 zobrazenie<\/td>\n<\/tr>\n<tr>\n<td>Obnovovacia frekvencia obrazu<\/td>\n<td>60 Hz (alebo 30 Hz)<\/td>\n<td>Kontinu\u00e1lny obraz<\/td>\n<\/tr>\n<tr>\n<td>\u0160o\u0161ovka<\/td>\n<td>20 mm<\/td>\n<td><\/td>\n<\/tr>\n<tr>\n<td>Optick\u00e9 zv\u00e4\u010d\u0161enie<\/td>\n<td>1x \/ 2.2x<\/td>\n<td><\/td>\n<\/tr>\n<tr>\n<td>Digit\u00e1lny zoom<\/td>\n<td>1-3x alebo 1-4x<\/td>\n<td><\/td>\n<\/tr>\n<tr>\n<td>IR maj\u00e1k<\/td>\n<td>Odn\u00edmate\u013en\u00fd (850 m2 \/ 940 m2)<\/td>\n<td>Nastavite\u013en\u00e1 intenzita a zaostrenie, dosah 350 m<\/td>\n<\/tr>\n<tr>\n<td>Laserov\u00fd dia\u013ekomer (LRF)<\/td>\n<td>\u00c1no (volite\u013en\u00e9)<\/td>\n<td>Dosah do 1000 m (1200 yardov)<\/td>\n<\/tr>\n<tr>\n<td>Min. fotosenzitivita<\/td>\n<td>0,001 lux<\/td>\n<td>Pozorovanie za s\u00famraku<\/td>\n<\/tr>\n<tr>\n<td>Dioptrick\u00e1 korekcia<\/td>\n<td>\u00b15 D<\/td>\n<td>Pre pou\u017e\u00edvate\u013eov s r\u00f4znymi probl\u00e9mami so zrakom<\/td>\n<\/tr>\n<tr>\n<td>Mechanick\u00e1 odolnos\u0165<\/td>\n<td>6000 J<\/td>\n<td>Vhodn\u00e9 aj pre \u0165a\u017ek\u00e9 kalibre<\/td>\n<\/tr>\n<tr>\n<td>\u00darove\u0148 imunity<\/td>\n<td>IP67<\/td>\n<td>Vodotesn\u00e9<\/td>\n<\/tr>\n<tr>\n<td>Typ bat\u00e9rie<\/td>\n<td>18650 Li-Ion<\/td>\n<td>K dispoz\u00edcii na v\u00fdmenu<\/td>\n<\/tr>\n<tr>\n<td>V\u00fddr\u017e bat\u00e9rie<\/td>\n<td>6-8 hod\u00edn<\/td>\n<td>V z\u00e1vislosti od pou\u017eitia IR a \u010fal\u0161\u00edch funkci\u00ed<\/td>\n<\/tr>\n<tr>\n<td>Extern\u00e9 nap\u00e1janie<\/td>\n<td>USB typu C<\/td>\n<td><\/td>\n<\/tr>\n<tr>\n<td>Rozl\u00ed\u0161enie videa<\/td>\n<td>1920 \u00d7 1080 px (a\u017e 1600 \u00d7 1200 px)<\/td>\n<td>mo\u017eno ulo\u017ei\u0165 na kartu microSD (max. 128 GB)<\/td>\n<\/tr>\n<tr>\n<td>Rozl\u00ed\u0161enie fotografi\u00ed<\/td>\n<td>A\u017e do 2560 \u00d7 1920 px<\/td>\n<td>mo\u017eno ulo\u017ei\u0165 na kartu microSD (max. 128 GB)<\/td>\n<\/tr>\n<tr>\n<td>Wi-Fi<\/td>\n<td>\u00c1no (prostredn\u00edctvom aplik\u00e1cie PardVision2)<\/td>\n<td>Priamy prenos, ovl\u00e1danie, s\u0165ahovanie \u00fadajov<\/td>\n<\/tr>\n<tr>\n<td>V\u00fdstup HDMI<\/td>\n<td>\u00c1no<\/td>\n<td>Pripojenie extern\u00e9ho monitora<\/td>\n<\/tr>\n<tr>\n<td>\u010eal\u0161ie funkcie<\/td>\n<td>\n<div>\n<div>Gyroskop, elektronick\u00fd kompas, detekcia sp\u00e4tn\u00e9ho r\u00e1zu, \u010dasov\u00e1 pe\u010diatka, kompenz\u00e1cia expoz\u00edcie<\/div>\n<\/div>\n<\/td>\n<td><\/td>\n<\/tr>\n<tr>\n<td>Rozmery<\/td>\n<td>pribli\u017ene 149 x 68 x 105 mm<\/td>\n<td>Kompaktn\u00fd dizajn<\/td>\n<\/tr>\n<tr>\n<td>Hmotnos\u0165<\/td>\n<td>cca 335-397 g (s bat\u00e9riou)<\/td>\n<td>\u013dahk\u00e1 kon\u0161trukcia<\/td>\n<\/tr>\n<\/tbody>\n<\/table>\n<p>Ofici\u00e1lna str\u00e1nka produktu: <a href=\"https:\/\/pard.com\/product\/night-vision-clip-on-nv007sp2#spec\">https:\/\/pard.com\/product\/night-vision-clip-on-nv007sp2#spec<\/a><\/p>","protected":false},"excerpt":{"rendered":"<h3 data-start=\"39\" data-end=\"106\">Digit\u00e1lne no\u010dn\u00e9 videnie bez kompromisov<\/h3>\n<p data-start=\"107\" data-end=\"366\">Objavte nov\u00fa \u00farove\u0148 \u010distoty s vys\u00e1va\u010dom PARD NV007SP2! Je vybaven\u00fd sn\u00edma\u010dom 4K, displejom OLED a vysoko v\u00fdkonn\u00fdm IR \u017eiari\u010dom. Volite\u013en\u00fd LRF na presn\u00e9 balistick\u00e9 v\u00fdpo\u010dty. Robustn\u00fd, \u013eahko pou\u017eite\u013en\u00fd a pripraven\u00fd na ak\u00fako\u013evek v\u00fdzvu.<\/p>\n<hr data-start=\"368\" data-end=\"371\" \/>","protected":false},"featured_media":4679,"comment_status":"open","ping_status":"closed","template":"","meta":[],"product_brand":[],"product_cat":[39,45,213],"product_tag":[40,171,18,212,133],"class_list":{"0":"post-4746","1":"product","2":"type-product","3":"status-publish","4":"has-post-thumbnail","6":"product_cat-digitalis-ejjellato","7":"product_cat-hokamera","8":"product_cat-hokamera-utantet","9":"product_tag-ejjellato","10":"product_tag-ejjellato-utantet","11":"product_tag-hokamera","12":"product_tag-nv","13":"product_tag-pard","15":"first","16":"instock","17":"sale","18":"taxable","19":"shipping-taxable","20":"purchasable","21":"product-type-simple"},"jetpack_sharing_enabled":true,"_links":{"self":[{"href":"https:\/\/bestoptika.eu\/sk\/wp-json\/wp\/v2\/product\/4746","targetHints":{"allow":["GET"]}}],"collection":[{"href":"https:\/\/bestoptika.eu\/sk\/wp-json\/wp\/v2\/product"}],"about":[{"href":"https:\/\/bestoptika.eu\/sk\/wp-json\/wp\/v2\/types\/product"}],"replies":[{"embeddable":true,"href":"https:\/\/bestoptika.eu\/sk\/wp-json\/wp\/v2\/comments?post=4746"}],"wp:featuredmedia":[{"embeddable":true,"href":"https:\/\/bestoptika.eu\/sk\/wp-json\/wp\/v2\/media\/4679"}],"wp:attachment":[{"href":"https:\/\/bestoptika.eu\/sk\/wp-json\/wp\/v2\/media?parent=4746"}],"wp:term":[{"taxonomy":"product_brand","embeddable":true,"href":"https:\/\/bestoptika.eu\/sk\/wp-json\/wp\/v2\/product_brand?post=4746"},{"taxonomy":"product_cat","embeddable":true,"href":"https:\/\/bestoptika.eu\/sk\/wp-json\/wp\/v2\/product_cat?post=4746"},{"taxonomy":"product_tag","embeddable":true,"href":"https:\/\/bestoptika.eu\/sk\/wp-json\/wp\/v2\/product_tag?post=4746"}],"curies":[{"name":"wp","href":"https:\/\/api.w.org\/{rel}","templated":true}]}}