{"id":4761,"date":"2025-08-22T15:13:37","date_gmt":"2025-08-22T13:13:37","guid":{"rendered":"https:\/\/bestoptika.eu\/?post_type=product&#038;p=4761"},"modified":"2026-01-17T08:45:35","modified_gmt":"2026-01-17T07:45:35","slug":"nocpix-ace-h50r-rail-hokamera-celtavcso-tavolsagmerovel-zeiss-sinnel","status":"publish","type":"product","link":"https:\/\/bestoptika.eu\/sk\/product\/nocpix-ace-h50r-rail-hokamera-celtavcso-tavolsagmerovel-zeiss-sinnel\/","title":{"rendered":"Nocpix ACE H50R RAIL termov\u00edzny pu\u0161koh\u013ead s dia\u013ekomerom a li\u0161tou Zeiss"},"content":{"rendered":"<p><strong>Nocpix ACE H50R RAIL termov\u00edzny pu\u0161koh\u013ead s dia\u013ekomerom a li\u0161tou Zeiss<\/strong><\/p>\n<p data-start=\"38\" data-end=\"383\"><strong data-start=\"38\" data-end=\"92\">Reality+ AI : algoritmus umelej inteligencie<\/strong><br data-start=\"92\" data-end=\"95\" \/>Novo vyvinut\u00fd algoritmus spracovania obrazu Reality+ AI \u00fa\u010dinne eliminuje \u0161um sp\u00f4soben\u00fd okolitou teplotou, zlep\u0161uje kontrast a ostros\u0165 detailov. Technol\u00f3gia zalo\u017een\u00e1 na umelej inteligencii, ktor\u00e1 pom\u00e1ha vytv\u00e1ra\u0165 jasn\u00e9 a kvalitn\u00e9 sn\u00edmky.<\/p>\n<p data-start=\"385\" data-end=\"703\"><strong data-start=\"385\" data-end=\"433\">Novo vyvinut\u00fd senzor 2. GENER\u00c1CIE<\/strong><br data-start=\"433\" data-end=\"436\" \/>Termov\u00edzne \u010falekoh\u013eady ACE s\u00fa vybaven\u00e9 na\u0161\u00edm najnov\u0161\u00edm sn\u00edma\u010dom 2. GENER\u00c1CIE, ktor\u00fd je k dispoz\u00edcii v rozl\u00ed\u0161en\u00ed od 384 \u00d7 288 px do 1280 \u00d7 1024 px a m\u00e1 citlivos\u0165 menej ako 15 mK. Tento sn\u00edma\u010d poskytuje nekompromisn\u00fd v\u00fdkon vo v\u0161etk\u00fdch situ\u00e1ci\u00e1ch.<\/p>\n<p data-start=\"705\" data-end=\"1098\"><strong data-start=\"705\" data-end=\"755\">Syst\u00e9m Vision+ : Ponorte sa do diania<\/strong><br data-start=\"755\" data-end=\"758\" \/>Nov\u00fd syst\u00e9m Vision+ m\u00e1 okr\u00fahly displej AMOLED s priemerom 1,03 palca a rozl\u00ed\u0161en\u00edm 2560 \u00d7 2560 px. Pon\u00faka optick\u00fd zoom, ktor\u00fd na rozdiel od tradi\u010dn\u00e9ho digit\u00e1lneho zoomu poskytuje priame optick\u00e9 zv\u00e4\u010d\u0161enie a eliminuje rozmazanie, skreslenie a \u0161um obrazu. Vychutnajte si pohlcuj\u00faci z\u00e1\u017eitok z lovu.<\/p>\n<p data-start=\"1100\" data-end=\"1361\"><strong data-start=\"1100\" data-end=\"1133\">Zv\u00fd\u0161en\u00e1 \u017eivotnos\u0165 bat\u00e9rie<\/strong><br data-start=\"1133\" data-end=\"1136\" \/>Model ACE je vybaven\u00fd du\u00e1lnym bat\u00e9riov\u00fdm syst\u00e9mom, ktor\u00fd zah\u0155\u0148a vstavan\u00fa bat\u00e9riu s kapacitou 4000 mAh a \u010fal\u0161iu vymenite\u013en\u00fa bat\u00e9riu 18650. Tento syst\u00e9m sp\u013a\u0148a potreby dlh\u00fdch stalkingov\u00fdch ciest.<\/p>\n<p data-start=\"1363\" data-end=\"1685\"><strong data-start=\"1363\" data-end=\"1424\">Integrovan\u00fd laserov\u00fd dia\u013ekomer a balistick\u00e1 kalkula\u010dka<\/strong><br data-start=\"1424\" data-end=\"1427\" \/>Model ACE m\u00e1 zabudovan\u00fd laserov\u00fd dia\u013ekomer s dosahom a\u017e 1200 metrov. V\u010faka jeho vyrovnaniu s optickou osou je meranie vzdialenosti mimoriadne presn\u00e9. Kombinuje to so \u0161t\u00fdlov\u00fdm dizajnom, ktor\u00fd sa bude p\u00e1\u010di\u0165 v\u0161etk\u00fdm pou\u017e\u00edvate\u013eom.<\/p>\n<p data-start=\"1687\" data-end=\"1887\"><strong data-start=\"1687\" data-end=\"1718\">Pr\u00edjem ove\u013ea viac svetla<\/strong><br data-start=\"1718\" data-end=\"1721\" \/>V\u00e4\u010d\u0161\u00ed objekt\u00edv (60 mm\/F1,0, 50 mm\/F0,9) umo\u017e\u0148uje, aby sa k sn\u00edma\u010du 20% dostalo viac svetla. V kombin\u00e1cii s ostatn\u00fdmi prvkami je v\u00fdsledkom jemn\u00fd a ostr\u00fd obraz.<\/p>\n<p data-start=\"1889\" data-end=\"1970\"><strong data-start=\"1889\" data-end=\"1910\">Aplik\u00e1cia NOCPIX<\/strong><br data-start=\"1910\" data-end=\"1913\" \/>Profesion\u00e1lna a z\u00e1rove\u0148 jednoduch\u00e1 aplik\u00e1cia NOCPIX!<\/p>\n<p data-start=\"1972\" data-end=\"2354\">Po\u013eovn\u00edkom pon\u00faka nov\u00e9 mo\u017enosti. V\u010faka pripojeniu Wi-Fi m\u00f4\u017eete zariadenie sp\u00e1rova\u0165 s telef\u00f3nom a aktualizova\u0165 firmv\u00e9r, s\u0165ahova\u0165 a prezera\u0165 fotografie alebo vide\u00e1. Z\u00e1\u017eitky si m\u00f4\u017eete prehra\u0165 aj ihne\u010f po skon\u010den\u00ed lovu - dokonca aj v hust\u00fdch lesoch bez sign\u00e1lu. Aplik\u00e1cia sa neust\u00e1le vyv\u00edja, tak\u017ee \u010doskoro o\u010dak\u00e1vajte mno\u017estvo nov\u00fdch funkci\u00ed.<\/p>\n<table dir=\"ltr\" border=\"1\" cellspacing=\"0\" cellpadding=\"0\" data-sheets-root=\"1\" data-sheets-baot=\"1\">\n<colgroup>\n<col width=\"100\" \/>\n<col width=\"100\" \/><\/colgroup>\n<tbody>\n<tr>\n<td>Rozl\u00ed\u0161enie senzora<\/td>\n<td>\n<div>\n<div>640\u00d7512 px - 2. gener\u00e1cia<\/div>\n<\/div>\n<\/td>\n<\/tr>\n<tr>\n<td>Ve\u013ekos\u0165 pixelov<\/td>\n<td>12 \u00b5m<\/td>\n<\/tr>\n<tr>\n<td>NETD - citlivos\u0165 sn\u00edma\u010da na teplotn\u00e9 rozdiely<\/td>\n<td>&lt;15 mK<\/td>\n<\/tr>\n<tr>\n<td>Obnovovacia frekvencia obrazu<\/td>\n<td>60 Hz<\/td>\n<\/tr>\n<tr>\n<td>Objekt\u00edv<\/td>\n<td>50 mm \/ F0,9<\/td>\n<\/tr>\n<tr>\n<td>Zorn\u00e9 pole<\/td>\n<td>8,8\u00b0 \u00d7 7,0\u00b0<\/td>\n<\/tr>\n<tr>\n<td>Digit\u00e1lny zoom<\/td>\n<td>3x - 24x<\/td>\n<\/tr>\n<tr>\n<td>Optick\u00fd zoom<\/td>\n<td>3x - 9x<\/td>\n<\/tr>\n<tr>\n<td>Eyelines<\/td>\n<td>50 mm<\/td>\n<\/tr>\n<tr>\n<td>Priemer v\u00fdstupnej zrenice<\/td>\n<td>8 mm<\/td>\n<\/tr>\n<tr>\n<td>Dioptrick\u00e1 korekcia<\/td>\n<td>-5 - +5<\/td>\n<\/tr>\n<tr>\n<td>Detek\u010dn\u00e1 vzdialenos\u0165<\/td>\n<td>2600 m<\/td>\n<\/tr>\n<tr>\n<td>Typ displeja<\/td>\n<td>AMOLED 1,03\u2033<\/td>\n<\/tr>\n<tr>\n<td>Rozl\u00ed\u0161enie displeja<\/td>\n<td>2560 \u00d7 2560 px<\/td>\n<\/tr>\n<tr>\n<td>Typ bat\u00e9rie<\/td>\n<td>\n<div>\n<div>1\u00d7 vstavan\u00fd (4000 mAh) + 2\u00d7 vymenite\u013en\u00fd 18650<\/div>\n<\/div>\n<\/td>\n<\/tr>\n<tr>\n<td>Prev\u00e1dzkov\u00fd \u010das bat\u00e9rie<\/td>\n<td>\n<div>\n<div>7 hod\u00edn (intern\u00e9 + extern\u00e9)<\/div>\n<\/div>\n<\/td>\n<\/tr>\n<tr>\n<td>Wi-Fi \/ Aplik\u00e1cie<\/td>\n<td>\u00c1no<\/td>\n<\/tr>\n<tr>\n<td>Foto \/ Video<\/td>\n<td>\u00c1no<\/td>\n<\/tr>\n<tr>\n<td>Nahr\u00e1vanie zvuku<\/td>\n<td>\u00c1no<\/td>\n<\/tr>\n<tr>\n<td>Video aktivovan\u00e9 na sp\u00e4tn\u00fd n\u00e1raz<\/td>\n<td>\u00c1no<\/td>\n<\/tr>\n<tr>\n<td>Balistick\u00e1 kalkula\u010dka<\/td>\n<td>\u00c1no<\/td>\n<\/tr>\n<tr>\n<td>Laserov\u00fd dia\u013ekomer<\/td>\n<td>\n<div>\n<div>\u00c1no, integrovan\u00fd v objekt\u00edve<\/div>\n<\/div>\n<\/td>\n<\/tr>\n<tr>\n<td>Prehr\u00e1vanie videa v zariaden\u00ed<\/td>\n<td>\u00c1no<\/td>\n<\/tr>\n<tr>\n<td>Mont\u00e1\u017e<\/td>\n<td>Ko\u013eajnice ZEISS<\/td>\n<\/tr>\n<tr>\n<td>Typ pripojenia<\/td>\n<td>USB-C<\/td>\n<\/tr>\n<tr>\n<td>Ukladanie<\/td>\n<td>64 GB<\/td>\n<\/tr>\n<tr>\n<td>Odolnos\u0165 vo\u010di vode<\/td>\n<td>IP67<\/td>\n<\/tr>\n<tr>\n<td>Hmotnos\u0165<\/td>\n<td>1120 g<\/td>\n<\/tr>\n<tr>\n<td>Rozmery<\/td>\n<td>\n<div>\n<div>365 \u00d7 90 \u00d7 68 mm<\/div>\n<\/div>\n<\/td>\n<\/tr>\n<\/tbody>\n<\/table>\n<p>Ofici\u00e1lna str\u00e1nka zna\u010dky: <a href=\"https:\/\/www.nocpix.com\/\">https:\/\/www.nocpix.com\/<\/a><\/p>","protected":false},"excerpt":{"rendered":"<p>Predstavujeme s\u00e9riu ACE, vlajkov\u00fa lo\u010f termov\u00edznych \u010falekoh\u013eadov ur\u010den\u00fdch pre v\u0161etky loveck\u00e9 situ\u00e1cie. Vybaven\u00fd nov\u00fdm sn\u00edma\u010dom 2. gener\u00e1cie, zabudovan\u00fdm laserov\u00fdm dia\u013ekomerom a pokro\u010dil\u00fdmi syst\u00e9mami Reality+ a Vision+. Pon\u00faka bezkonkuren\u010dn\u00fa kvalitu obrazu a v\u00fdkon.<\/p>","protected":false},"featured_media":4762,"comment_status":"open","ping_status":"closed","template":"","meta":[],"product_brand":[],"product_cat":[30,45,96],"product_tag":[203,32,18,183,97],"class_list":{"0":"post-4761","1":"product","2":"type-product","3":"status-publish","4":"has-post-thumbnail","6":"product_cat-celtavcso","7":"product_cat-hokamera","8":"product_cat-tavolsagmero","9":"product_tag-ace","10":"product_tag-celtavcso","11":"product_tag-hokamera","12":"product_tag-nocpix","13":"product_tag-tavolsagmero","15":"first","16":"instock","17":"taxable","18":"shipping-taxable","19":"purchasable","20":"product-type-simple"},"jetpack_sharing_enabled":true,"_links":{"self":[{"href":"https:\/\/bestoptika.eu\/sk\/wp-json\/wp\/v2\/product\/4761","targetHints":{"allow":["GET"]}}],"collection":[{"href":"https:\/\/bestoptika.eu\/sk\/wp-json\/wp\/v2\/product"}],"about":[{"href":"https:\/\/bestoptika.eu\/sk\/wp-json\/wp\/v2\/types\/product"}],"replies":[{"embeddable":true,"href":"https:\/\/bestoptika.eu\/sk\/wp-json\/wp\/v2\/comments?post=4761"}],"wp:featuredmedia":[{"embeddable":true,"href":"https:\/\/bestoptika.eu\/sk\/wp-json\/wp\/v2\/media\/4762"}],"wp:attachment":[{"href":"https:\/\/bestoptika.eu\/sk\/wp-json\/wp\/v2\/media?parent=4761"}],"wp:term":[{"taxonomy":"product_brand","embeddable":true,"href":"https:\/\/bestoptika.eu\/sk\/wp-json\/wp\/v2\/product_brand?post=4761"},{"taxonomy":"product_cat","embeddable":true,"href":"https:\/\/bestoptika.eu\/sk\/wp-json\/wp\/v2\/product_cat?post=4761"},{"taxonomy":"product_tag","embeddable":true,"href":"https:\/\/bestoptika.eu\/sk\/wp-json\/wp\/v2\/product_tag?post=4761"}],"curies":[{"name":"wp","href":"https:\/\/api.w.org\/{rel}","templated":true}]}}