{"id":4773,"date":"2025-08-22T15:32:44","date_gmt":"2025-08-22T13:32:44","guid":{"rendered":"https:\/\/bestoptika.eu\/?post_type=product&#038;p=4773"},"modified":"2025-12-01T19:26:08","modified_gmt":"2025-12-01T18:26:08","slug":"nocpix-quest-h50r-ketszemes-betekintesu-hokamera-tavolsagmerovel","status":"publish","type":"product","link":"https:\/\/bestoptika.eu\/sk\/product\/nocpix-quest-h50r-ketszemes-betekintesu-hokamera-tavolsagmerovel\/","title":{"rendered":"Nocpix QUEST H50R termov\u00edzny binokul\u00e1r s dia\u013ekomerom"},"content":{"rendered":"<p><strong>Nocpix QUEST H50R termov\u00edzny binokul\u00e1r s dia\u013ekomerom<\/strong><\/p>\n<p>QUEST pon\u00faka \u013eahk\u00fd a prenosn\u00fd detektor s dosahom a\u017e 2600 metrov, ako aj zabudovan\u00fd skryt\u00fd laserov\u00fd dia\u013ekomer s dosahom 1000 metrov pre vynikaj\u00facu presnos\u0165 a vidite\u013enos\u0165. Jeho tradi\u010dn\u00e1 kon\u0161trukcia \u010falekoh\u013eadu je vybaven\u00e1 celopogumovan\u00fdm povrchom a kryt\u00edm IP67 pre odolnos\u0165 a pohodlie v n\u00e1ro\u010dn\u00fdch podmienkach. QUEST je vybaven\u00fd vysoko v\u00fdkonn\u00fdm sn\u00edma\u010dom s rozl\u00ed\u0161en\u00edm 640 \u00d7 512 (NETD \u226415 mK, 60 Hz), ktor\u00fd zaru\u010duje v\u00fdnimo\u010dn\u00fa ostros\u0165 obrazu, vynikaj\u00facu tepeln\u00fa citlivos\u0165 a plynul\u00fa prev\u00e1dzku aj v najn\u00e1ro\u010dnej\u0161\u00edch podmienkach.<\/p>\n<table dir=\"ltr\" border=\"1\" cellspacing=\"0\" cellpadding=\"0\" data-sheets-root=\"1\" data-sheets-baot=\"1\">\n<colgroup>\n<col width=\"100\" \/>\n<col width=\"100\" \/><\/colgroup>\n<tbody>\n<tr>\n<td>Rozl\u00ed\u0161enie senzora<\/td>\n<td>640\u00d7512 px<\/td>\n<\/tr>\n<tr>\n<td>Ve\u013ekos\u0165 pixelov<\/td>\n<td>12 \u00b5m<\/td>\n<\/tr>\n<tr>\n<td>NETD - citlivos\u0165 senzora (mK)<\/td>\n<td>&lt;15 mK<\/td>\n<\/tr>\n<tr>\n<td>Obnovovacia frekvencia obrazu<\/td>\n<td>60 Hz<\/td>\n<\/tr>\n<tr>\n<td>Objekt\u00edv<\/td>\n<td>50 mm F0,9<\/td>\n<\/tr>\n<tr>\n<td>Zv\u00e4\u010d\u0161i\u0165<\/td>\n<td>4x - 32x<\/td>\n<\/tr>\n<tr>\n<td>Zorn\u00e9 pole<\/td>\n<td>8,8\u00b0 \u00d7 7,0\u00b0<\/td>\n<\/tr>\n<tr>\n<td>Eyelines<\/td>\n<td>25 mm<\/td>\n<\/tr>\n<tr>\n<td>Priemer v\u00fdstupnej zrenice<\/td>\n<td>10 mm<\/td>\n<\/tr>\n<tr>\n<td>Dioptrick\u00e1 korekcia<\/td>\n<td>-5D \/ +5D<\/td>\n<\/tr>\n<tr>\n<td>Detek\u010dn\u00e1 vzdialenos\u0165<\/td>\n<td>2600 m<\/td>\n<\/tr>\n<tr>\n<td>Typ displeja<\/td>\n<td>AMOLED 0,72\u2033<\/td>\n<\/tr>\n<tr>\n<td>Rozl\u00ed\u0161enie displeja<\/td>\n<td>-<\/td>\n<\/tr>\n<tr>\n<td>Typ bat\u00e9rie<\/td>\n<td>\n<div>\n<div>Intern\u00e1 bat\u00e9ria 4200 mAh \/ extern\u00e1 bat\u00e9ria 18650<\/div>\n<\/div>\n<\/td>\n<\/tr>\n<tr>\n<td>Prev\u00e1dzkov\u00fd \u010das bat\u00e9rie<\/td>\n<td>6 hod\u00edn<\/td>\n<\/tr>\n<tr>\n<td>Wi-Fi<\/td>\n<td>\u00c1no<\/td>\n<\/tr>\n<tr>\n<td>Aplik\u00e1cia<\/td>\n<td>\u00c1no<\/td>\n<\/tr>\n<tr>\n<td>Foto \/ Video<\/td>\n<td>\u00c1no<\/td>\n<\/tr>\n<tr>\n<td>Nahr\u00e1vanie zvuku<\/td>\n<td>\u00c1no<\/td>\n<\/tr>\n<tr>\n<td>Balistick\u00fd v\u00fdpo\u010det<\/td>\n<td>\u00c1no<\/td>\n<\/tr>\n<tr>\n<td>Laserov\u00fd dia\u013ekomer<\/td>\n<td>\u00c1no, do 1000 m<\/td>\n<\/tr>\n<tr>\n<td>Reality+<\/td>\n<td>\u00c1no<\/td>\n<\/tr>\n<tr>\n<td>Vision+<\/td>\n<td>\u00c1no<\/td>\n<\/tr>\n<tr>\n<td>Digit\u00e1lna stabiliz\u00e1cia obrazu<\/td>\n<td>\u00c1no<\/td>\n<\/tr>\n<tr>\n<td>Pripojenie N-Link<\/td>\n<td>\u00c1no<\/td>\n<\/tr>\n<tr>\n<td>Typ pripojenia<\/td>\n<td>USB-C<\/td>\n<\/tr>\n<tr>\n<td>Odolnos\u0165 vo\u010di vode<\/td>\n<td>IP67<\/td>\n<\/tr>\n<tr>\n<td>Rozmery<\/td>\n<td>\n<div>\n<div>160 \u00d7 137 \u00d7 60 mm<\/div>\n<\/div>\n<\/td>\n<\/tr>\n<\/tbody>\n<\/table>\n<p>Ofici\u00e1lna str\u00e1nka zna\u010dky: <a href=\"https:\/\/www.nocpix.com\/quest-series\/\">https:\/\/www.nocpix.com\/quest-series\/<\/a><\/p>","protected":false},"excerpt":{"rendered":"<p>Termov\u00edzny binokular QUEST s rozl\u00ed\u0161en\u00edm sn\u00edma\u010da 640 \u00d7 512 px, NETD pod 15 mK, frekvenciou sn\u00edmania 60 Hz, algoritmom REALITY+, digit\u00e1lnou stabiliz\u00e1ciou obrazu, balistickou v\u00fdpo\u010dtovou spojkou N-Link a laserov\u00fdm dia\u013ekomerom.<\/p>","protected":false},"featured_media":4774,"comment_status":"open","ping_status":"closed","template":"","meta":[],"product_brand":[],"product_cat":[45,96],"product_tag":[125,18,183,253,97],"class_list":{"0":"post-4773","1":"product","2":"type-product","3":"status-publish","4":"has-post-thumbnail","6":"product_cat-hokamera","7":"product_cat-tavolsagmero","8":"product_tag-binokular","9":"product_tag-hokamera","10":"product_tag-nocpix","11":"product_tag-quest","12":"product_tag-tavolsagmero","14":"first","15":"instock","16":"taxable","17":"shipping-taxable","18":"purchasable","19":"product-type-simple"},"jetpack_sharing_enabled":true,"_links":{"self":[{"href":"https:\/\/bestoptika.eu\/sk\/wp-json\/wp\/v2\/product\/4773","targetHints":{"allow":["GET"]}}],"collection":[{"href":"https:\/\/bestoptika.eu\/sk\/wp-json\/wp\/v2\/product"}],"about":[{"href":"https:\/\/bestoptika.eu\/sk\/wp-json\/wp\/v2\/types\/product"}],"replies":[{"embeddable":true,"href":"https:\/\/bestoptika.eu\/sk\/wp-json\/wp\/v2\/comments?post=4773"}],"wp:featuredmedia":[{"embeddable":true,"href":"https:\/\/bestoptika.eu\/sk\/wp-json\/wp\/v2\/media\/4774"}],"wp:attachment":[{"href":"https:\/\/bestoptika.eu\/sk\/wp-json\/wp\/v2\/media?parent=4773"}],"wp:term":[{"taxonomy":"product_brand","embeddable":true,"href":"https:\/\/bestoptika.eu\/sk\/wp-json\/wp\/v2\/product_brand?post=4773"},{"taxonomy":"product_cat","embeddable":true,"href":"https:\/\/bestoptika.eu\/sk\/wp-json\/wp\/v2\/product_cat?post=4773"},{"taxonomy":"product_tag","embeddable":true,"href":"https:\/\/bestoptika.eu\/sk\/wp-json\/wp\/v2\/product_tag?post=4773"}],"curies":[{"name":"wp","href":"https:\/\/api.w.org\/{rel}","templated":true}]}}