{"id":4804,"date":"2025-08-24T17:27:53","date_gmt":"2025-08-24T15:27:53","guid":{"rendered":"https:\/\/bestoptika.eu\/?post_type=product&#038;p=4804"},"modified":"2025-11-27T13:09:55","modified_gmt":"2025-11-27T12:09:55","slug":"nocpix-rico-2-h75r-hokamera-celtavcso","status":"publish","type":"product","link":"https:\/\/bestoptika.eu\/sk\/product\/nocpix-rico-2-h75r-hokamera-celtavcso\/","title":{"rendered":"Nocpix RICO 2 H75R termov\u00edzny pu\u0161koh\u013ead"},"content":{"rendered":"<p><strong>Nocpix RICO 2 H75R termov\u00edzny pu\u0161koh\u013ead<\/strong><\/p>\n<p><span style=\"font-weight: 400\">A <\/span><b>Termov\u00edzny pu\u0161koh\u013ead s\u00e9rie RICO 2<\/b><span style=\"font-weight: 400\"> navrhnut\u00e9 pre lovcov, ktor\u00ed chc\u00fa \u010do najlep\u0161iu ostros\u0165, dosah a pohodlie. V\u010faka \u0161pi\u010dkov\u00e9mu termov\u00edznemu sn\u00edma\u010du na trhu a vysokej sn\u00edmkovej frekvencii <\/span><b>ultrapr\u00e9miov\u00e1 kvalita obrazu<\/b><span style=\"font-weight: 400\"> \u010do u\u013eah\u010duje identifik\u00e1ciu a monitorovanie cie\u013ea.<\/span><\/p>\n<p><span style=\"font-weight: 400\">Jeho dlh\u00e1 ohniskov\u00e1 vzdialenos\u0165 a zabudovan\u00fd laserov\u00fd dia\u013ekomer v\u00e1m umo\u017enia presne dosiahnu\u0165 vzdialen\u00e9 ciele, zatia\u013e \u010do pokro\u010dil\u00e1 optick\u00e1 kon\u0161trukcia zaru\u010duje realistick\u00e9 zobrazenie bez skreslenia. P\u00e1\u010dka plynul\u00e9ho zoomu a v\u00fdnimo\u010dn\u00fd o\u010dn\u00fd reli\u00e9f umo\u017e\u0148uj\u00fa plynul\u00e9 nastavenie zv\u00e4\u010d\u0161enia a pohodln\u00e9 pou\u017e\u00edvanie aj pri dlh\u0161\u00edch po\u013eova\u010dk\u00e1ch.<\/span><\/p>\n<p><span style=\"font-weight: 400\">V\u010faka inovat\u00edvnym technol\u00f3gi\u00e1m a dizajnu orientovan\u00e9mu na pou\u017e\u00edvate\u013ea v\u00e1m s\u00e9ria RICO2 skuto\u010dne umo\u017e\u0148uje. <\/span><b>\"prekra\u010dova\u0165 hranice pri love\"<\/b><span style=\"font-weight: 400\">.<\/span><\/p>\n<p><b>High-tech - sn\u00edma\u010d 2. gener\u00e1cie 1280<\/b><\/p>\n<p><span style=\"font-weight: 400\">Vyu\u017eite v\u00fdhody \u0161pi\u010dkov\u00fdch sn\u00edma\u010dov druhej gener\u00e1cie s NETD \u226415 mK. Tieto sn\u00edma\u010de poskytuj\u00fa mimoriadne ostr\u00fd obraz s vysok\u00fdm kontrastom, \u010do v\u00fdrazne u\u013eah\u010duje identifik\u00e1ciu cie\u013eov.<\/span><\/p>\n<p><b>V\u00e4\u010d\u0161\u00ed objekt\u00edv, jasnej\u0161\u00ed obraz<\/b><\/p>\n<p><span style=\"font-weight: 400\">A <\/span><b>RICO 2<\/b><span style=\"font-weight: 400\"> je vybaven\u00fd objekt\u00edvmi s v\u00e4\u010d\u0161\u00edm priemerom (75 mm\/F1,0, 50 mm\/F1,0, 42 mm\/F1,0), ktor\u00e9 poskytuj\u00fa v\u00e4\u010d\u0161iu schopnos\u0165 zhroma\u017e\u010fovania svetla. V\u00fdsledkom je v\u00fdnimo\u010dn\u00e1 \u010distota obrazu a v\u00fdrazne zv\u00fd\u0161en\u00e1 detek\u010dn\u00e1 vzdialenos\u0165.<\/span><\/p>\n<p><b>P\u00e1ka plynul\u00e9ho zoomu v \u0161t\u00fdle LPVO<\/b><\/p>\n<p><span style=\"font-weight: 400\">A <\/span><b>S\u00e9ria RICO 2<\/b><span style=\"font-weight: 400\"> umo\u017e\u0148uje jemne nastavi\u0165 zv\u00e4\u010d\u0161enie <\/span><b>s plynulou p\u00e1kou zoomu v \u0161t\u00fdle LPVO<\/b><span style=\"font-weight: 400\">, ktor\u00fd pon\u00faka r\u00fdchle a bezprobl\u00e9mov\u00e9 nastavenie. V\u010faka tomu m\u00f4\u017eete s istotou a presne zamera\u0165 pozorovan\u00fd objekt z akejko\u013evek vzdialenosti.<\/span><\/p>\n<p><b>Zroden\u00fd pre lov na dlh\u00e9 vzdialenosti<\/b><\/p>\n<p><span style=\"font-weight: 400\">A <\/span><b>RICO 2<\/b><span style=\"font-weight: 400\"> s\u00e9rie a\u017e do <\/span><b>S dosahom detekcie 3896 metrov<\/b><span style=\"font-weight: 400\"> \u010do mu d\u00e1va zna\u010dn\u00fa v\u00fdhodu pri love na ve\u013ek\u00fa vzdialenos\u0165 a presnom mieren\u00ed.<\/span><\/p>\n<p><b>R\u00fdchly a presn\u00fd - zabudovan\u00fd LRF<\/b><\/p>\n<p><span style=\"font-weight: 400\">A <\/span><b>RICO 2<\/b><span style=\"font-weight: 400\"> integrovan\u00fd <\/span><b>s laserov\u00fdm dia\u013ekomerom (LRF)<\/b><span style=\"font-weight: 400\"> ktor\u00e1 m\u00e1 <\/span><b>do 1200 metrov<\/b><span style=\"font-weight: 400\"> merac\u00ed rozsah s kon\u0161trukciou zarovnanou so skuto\u010dnou optickou osou. To zaru\u010duje presn\u00e9 meranie vzdialenosti pri zachovan\u00ed elegantn\u00e9ho a \u0161t\u00fdlov\u00e9ho vzh\u013eadu pr\u00edstroja.<\/span><\/p>\n<p><b>Zabudovan\u00fd balistick\u00fd v\u00fdpo\u010det<\/b><\/p>\n<p><span style=\"font-weight: 400\">Zjednodu\u0161te si cielenie pomocou <\/span><b>s automatick\u00fdm balistick\u00fdm v\u00fdpo\u010dtom<\/b><span style=\"font-weight: 400\">, ktor\u00fd vyu\u017e\u00edva vstavan\u00fd LRF na z\u00edskanie presn\u00fdch a dlhodob\u00fdch v\u00fdsledkov - bez n\u00e1mahy.<\/span><\/p>\n<table dir=\"ltr\" border=\"1\" cellspacing=\"0\" cellpadding=\"0\" data-sheets-root=\"1\" data-sheets-baot=\"1\">\n<colgroup>\n<col width=\"100\" \/>\n<col width=\"100\" \/><\/colgroup>\n<tbody>\n<tr>\n<td>Rozl\u00ed\u0161enie sn\u00edma\u010da<\/td>\n<td>640\u00d7512 px<\/td>\n<\/tr>\n<tr>\n<td>Ve\u013ekos\u0165 pixelov<\/td>\n<td>12 \u00b5m<\/td>\n<\/tr>\n<tr>\n<td>NETD - citlivos\u0165 senzora (mK)<\/td>\n<td>&lt;15 mK<\/td>\n<\/tr>\n<tr>\n<td>Obnovovacia frekvencia obrazu (Hz)<\/td>\n<td>60 Hz<\/td>\n<\/tr>\n<tr>\n<td>Objekt\u00edv (mm)<\/td>\n<td>75 mm F1,0<\/td>\n<\/tr>\n<tr>\n<td>Zv\u00e4\u010d\u0161i\u0165<\/td>\n<td>4x<\/td>\n<\/tr>\n<tr>\n<td>Zorn\u00e9 pole<\/td>\n<td>5,9\u00b0 \u00d7 4,7\u00b0<\/td>\n<\/tr>\n<tr>\n<td>O\u010dn\u00fd reli\u00e9f (O\u010dn\u00fd reli\u00e9f)<\/td>\n<td>60 mm<\/td>\n<\/tr>\n<tr>\n<td>Dioptrick\u00e1 korekcia<\/td>\n<td>-5D \/ +5D<\/td>\n<\/tr>\n<tr>\n<td>Detek\u010dn\u00e1 vzdialenos\u0165<\/td>\n<td>3896 m<\/td>\n<\/tr>\n<tr>\n<td>Typ displeja<\/td>\n<td>AMOLED<\/td>\n<\/tr>\n<tr>\n<td>Rozl\u00ed\u0161enie displeja<\/td>\n<td>2560 \u00d7 2560 px<\/td>\n<\/tr>\n<tr>\n<td>Typ bat\u00e9rie<\/td>\n<td>\n<div>\n<div>2\u00d7 dr\u017eiak bat\u00e9rie 4400 mAh<\/div>\n<\/div>\n<\/td>\n<\/tr>\n<tr>\n<td>V\u00fddr\u017e bat\u00e9rie<\/td>\n<td>2 \u00d7 5,5 hodiny<\/td>\n<\/tr>\n<tr>\n<td>Wi-Fi<\/td>\n<td>\u00c1no<\/td>\n<\/tr>\n<tr>\n<td>Aplik\u00e1cia<\/td>\n<td>\u00c1no<\/td>\n<\/tr>\n<tr>\n<td>Foto\/video<\/td>\n<td>\u00c1no<\/td>\n<\/tr>\n<tr>\n<td>Zvukov\u00fd z\u00e1znam<\/td>\n<td>\u00c1no<\/td>\n<\/tr>\n<tr>\n<td>Balistick\u00e1 kalkula\u010dka<\/td>\n<td>\u00c1no<\/td>\n<\/tr>\n<tr>\n<td>Reality+<\/td>\n<td>\u00c1no<\/td>\n<\/tr>\n<tr>\n<td>Vision+<\/td>\n<td>\u00c1no<\/td>\n<\/tr>\n<tr>\n<td>Laserov\u00fd dia\u013ekomer<\/td>\n<td>\u00c1no, do 1200 m<\/td>\n<\/tr>\n<tr>\n<td>Typ pripojenia<\/td>\n<td>USB-C<\/td>\n<\/tr>\n<tr>\n<td>Odolnos\u0165 vo\u010di vode<\/td>\n<td>IP67<\/td>\n<\/tr>\n<tr>\n<td>Hmotnos\u0165<\/td>\n<td>1250 g<\/td>\n<\/tr>\n<tr>\n<td>Rozmery<\/td>\n<td>\n<div>\n<div>336 \u00d7 116 \u00d7 90 mm<\/div>\n<\/div>\n<\/td>\n<\/tr>\n<\/tbody>\n<\/table>\n<p>Ofici\u00e1lna str\u00e1nka zna\u010dky: <a href=\"https:\/\/www.nocpix.com\/rico2-series\/\">https:\/\/www.nocpix.com\/rico2-series\/<\/a><\/p>","protected":false},"excerpt":{"rendered":"<p>Termov\u00edzny pu\u0161koh\u013ead RICO s rozl\u00ed\u0161en\u00edm sn\u00edma\u010da 640 \u00d7 512 px, NETD pod 15 mK, frekvenciou sn\u00edmok 60 Hz, algoritmom REALITY+, balistickou kalkula\u010dkou a efekt\u00edvnym dia\u013ekomerom do 1200 metrov.<\/p>","protected":false},"featured_media":4805,"comment_status":"open","ping_status":"closed","template":"","meta":[],"product_brand":[],"product_cat":[30,45],"product_tag":[32,18,183,118],"class_list":{"0":"post-4804","1":"product","2":"type-product","3":"status-publish","4":"has-post-thumbnail","6":"product_cat-celtavcso","7":"product_cat-hokamera","8":"product_tag-celtavcso","9":"product_tag-hokamera","10":"product_tag-nocpix","11":"product_tag-rico","13":"first","14":"instock","15":"taxable","16":"shipping-taxable","17":"purchasable","18":"product-type-simple"},"jetpack_sharing_enabled":true,"_links":{"self":[{"href":"https:\/\/bestoptika.eu\/sk\/wp-json\/wp\/v2\/product\/4804","targetHints":{"allow":["GET"]}}],"collection":[{"href":"https:\/\/bestoptika.eu\/sk\/wp-json\/wp\/v2\/product"}],"about":[{"href":"https:\/\/bestoptika.eu\/sk\/wp-json\/wp\/v2\/types\/product"}],"replies":[{"embeddable":true,"href":"https:\/\/bestoptika.eu\/sk\/wp-json\/wp\/v2\/comments?post=4804"}],"wp:featuredmedia":[{"embeddable":true,"href":"https:\/\/bestoptika.eu\/sk\/wp-json\/wp\/v2\/media\/4805"}],"wp:attachment":[{"href":"https:\/\/bestoptika.eu\/sk\/wp-json\/wp\/v2\/media?parent=4804"}],"wp:term":[{"taxonomy":"product_brand","embeddable":true,"href":"https:\/\/bestoptika.eu\/sk\/wp-json\/wp\/v2\/product_brand?post=4804"},{"taxonomy":"product_cat","embeddable":true,"href":"https:\/\/bestoptika.eu\/sk\/wp-json\/wp\/v2\/product_cat?post=4804"},{"taxonomy":"product_tag","embeddable":true,"href":"https:\/\/bestoptika.eu\/sk\/wp-json\/wp\/v2\/product_tag?post=4804"}],"curies":[{"name":"wp","href":"https:\/\/api.w.org\/{rel}","templated":true}]}}