{"id":4875,"date":"2025-08-28T18:03:06","date_gmt":"2025-08-28T16:03:06","guid":{"rendered":"https:\/\/bestoptika.eu\/?post_type=product&#038;p=4875"},"modified":"2026-02-14T16:19:29","modified_gmt":"2026-02-14T15:19:29","slug":"hikmicro-thunder-pro-tq50c-hokamera-elotet","status":"publish","type":"product","link":"https:\/\/bestoptika.eu\/sk\/product\/hikmicro-thunder-pro-tq50c-hokamera-elotet\/","title":{"rendered":"Hikmicro THUNDER PRO TQ50C termov\u00edzna preds\u00e1dka"},"content":{"rendered":"<p><strong>Hikmicro THUNDER PRO TQ50C termov\u00edzna preds\u00e1dka<\/strong><\/p>\n<p><span style=\"font-weight: 400\">A <\/span><b>Predradn\u00edk termokamery Hikmicro Thunder TQ50C<\/b><span style=\"font-weight: 400\"> Rozl\u00ed\u0161enie 640 \u00d7 512 px, citlivos\u0165 &lt; 35 mK <\/span><b>so senzorom<\/b><span style=\"font-weight: 400\"> s displejom OLED s rozl\u00ed\u0161en\u00edm 1024 \u00d7 768 px a kvalitn\u00fdm objekt\u00edvom s ohniskovou vzdialenos\u0165ou 50 mm a dia\u013ekomerom.<\/span><span style=\"font-weight: 400\"><br \/>\n<\/span><span style=\"font-weight: 400\"> Tieto parametre zabezpe\u010duj\u00fa jasn\u00fd obraz aj v n\u00e1ro\u010dn\u00fdch podmienkach prostredia, ako je tma, hmla, dym, prach, d\u00e1\u017e\u010f, sneh, lesn\u00e9 oblasti at\u010f.<\/span><span style=\"font-weight: 400\"><br \/>\n<\/span><span style=\"font-weight: 400\"> To v\u0161etko prispieva k dokonal\u00e9mu miereniu pri love.<\/span><\/p>\n<p><span style=\"font-weight: 400\">V\u00fdhoda spolo\u010dnosti Hikmicro oproti konkurencii <\/span><b>n\u00edzka hmotnos\u0165 (menej ako 480 g), kompaktn\u00e9 rozmery (187,2 \u00d7 62,5 \u00d7 59,2 mm) a citliv\u00fd senzor (&lt; 35 mK)<\/b><span style=\"font-weight: 400\"> vynik\u00e1.<\/span><span style=\"font-weight: 400\"><br \/>\n<\/span><span style=\"font-weight: 400\"> \u010c\u00edm ni\u017e\u0161ia je hodnota NETD, t\u00fdm lep\u0161ie dok\u00e1\u017ee sn\u00edma\u010d zachyti\u0165 najmen\u0161ie teplotn\u00e9 rozdiely s ostr\u00fdm obrazom!<\/span><span style=\"font-weight: 400\"><br \/>\n<\/span><span style=\"font-weight: 400\"> Kryt je vyroben\u00fd z hor\u010d\u00edka (pevn\u00e1 hlin\u00edkov\u00e1 zliatina).<\/span><span style=\"font-weight: 400\"><br \/>\n<\/span><span style=\"font-weight: 400\"> A <\/span><b>Odolnos\u0165 vo\u010di vode IPX7<\/b><span style=\"font-weight: 400\"> poskytuje ochranu pred da\u017e\u010fom, snehom a vodou a\u017e do h\u013abky 1 metra po\u010das 30 min\u00fat.<\/span><\/p>\n<p><b>TQ50C je vybaven\u00fd najnov\u0161\u00edmi technol\u00f3giami spracovania obrazu:<\/b><\/p>\n<ul>\n<li style=\"font-weight: 400\"><b>Automatick\u00e9 riadenie zosilnenia (AGC: Auto Gain Control):<\/b><b><br \/>\n<\/b><span style=\"font-weight: 400\"> Technol\u00f3gia AGC automaticky upravuje dynamick\u00fd rozsah obrazu.<\/span><span style=\"font-weight: 400\"><br \/>\n<\/span><span style=\"font-weight: 400\"> Termokamery Hikvision pou\u017e\u00edvaj\u00fa jedine\u010dn\u00fa adapt\u00edvnu technol\u00f3giu AGC, ktor\u00e1 je ove\u013ea pokro\u010dilej\u0161ia ako tradi\u010dn\u00e1 line\u00e1rna AGC pou\u017e\u00edvan\u00e1 in\u00fdmi v\u00fdrobcami.<\/span>&nbsp;<\/li>\n<li style=\"font-weight: 400\"><b>Sn\u00edma\u010d s vysok\u00fdm rozl\u00ed\u0161en\u00edm (640 \u00d7 512 px, 12 \u00b5m VOx):<\/b><b><br \/>\n<\/b><span style=\"font-weight: 400\"> Zabezpe\u010duje, \u017ee obraz zostane ostr\u00fd aj po zv\u00e4\u010d\u0161en\u00ed bez pixel\u00e1cie.<\/span><\/li>\n<\/ul>\n<p><span style=\"font-weight: 400\"><b>Digit\u00e1lne vylep\u0161enie detailov (DDE):<\/b><\/span><\/p>\n<p><span style=\"font-weight: 400\"> Technol\u00f3gia DDE vyu\u017e\u00edva pokro\u010dil\u00e9 algoritmy na dosiahnutie ostrej\u0161\u00edch detailov aj v oblastiach s n\u00edzkym kontrastom (napr\u00edklad tepl\u00e9\/studen\u00e9 objekty).<\/span><\/p>\n<table dir=\"ltr\" border=\"1\" cellspacing=\"0\" cellpadding=\"0\" data-sheets-root=\"1\" data-sheets-baot=\"1\">\n<colgroup>\n<col width=\"100\" \/>\n<col width=\"100\" \/><\/colgroup>\n<tbody>\n<tr>\n<td>Rozl\u00ed\u0161enie sn\u00edma\u010da<\/td>\n<td>\n<div>\n<div>640 \u00d7 512, 12 \u00b5m<\/div>\n<\/div>\n<\/td>\n<\/tr>\n<tr>\n<td>NETD<\/td>\n<td>\n<div>\n<div>&lt; 35 mK (pri 25 \u00b0C, F# = 1,0)<\/div>\n<\/div>\n<\/td>\n<\/tr>\n<tr>\n<td>Lencse<\/td>\n<td>\n<div>\n<div>50 mm + manu\u00e1lne zaostrovanie<\/div>\n<\/div>\n<\/td>\n<\/tr>\n<tr>\n<td>Optick\u00e9 zv\u00e4\u010d\u0161enie<\/td>\n<td>1\u00d7<\/td>\n<\/tr>\n<tr>\n<td>Digit\u00e1lny zoom<\/td>\n<td>1\u00d7, 2\u00d7, 4\u00d7, 8\u00d7<\/td>\n<\/tr>\n<tr>\n<td>Zorn\u00e9 pole<\/td>\n<td>8,8\u00b0 \u00d7 7\u00b0<\/td>\n<\/tr>\n<tr>\n<td>Vzdialenos\u0165 detekcie vozidla<\/td>\n<td>6389 m<\/td>\n<\/tr>\n<tr>\n<td>Vzdialenos\u0165 detekcie \u010dloveka<\/td>\n<td>2600 m<\/td>\n<\/tr>\n<tr>\n<td>Zobrazenie<\/td>\n<td>\n<div>\n<div>0,39\" OLED, 1024 \u00d7 768, 50 Hz<\/div>\n<\/div>\n<\/td>\n<\/tr>\n<tr>\n<td>Palety<\/td>\n<td>\n<div>\n<div>Gay ako \u010dierna, \u010derven\u00e1, biela alebo Fusion<\/div>\n<\/div>\n<\/td>\n<\/tr>\n<tr>\n<td>Dioptrick\u00e1 korekcia<\/td>\n<td>-5D - +3D<\/td>\n<\/tr>\n<tr>\n<td>Wi-Fi<\/td>\n<td>\u00c1no<\/td>\n<\/tr>\n<tr>\n<td>Dia\u013ekomer<\/td>\n<td>\u00c1no, proporcion\u00e1lne<\/td>\n<\/tr>\n<tr>\n<td>Po\u010det typov prie\u010dok<\/td>\n<td>\n<div>\n<div>5 (a\u017e 5 zbran\u00ed)<\/div>\n<\/div>\n<\/td>\n<\/tr>\n<tr>\n<td>Po\u010det farieb kr\u00ed\u017ea<\/td>\n<td>3<\/td>\n<\/tr>\n<tr>\n<td>Mo\u017enos\u0165 nahr\u00e1vania videa<\/td>\n<td>\u00c1no<\/td>\n<\/tr>\n<tr>\n<td>Mo\u017enos\u0165 fotografovania<\/td>\n<td>\u00c1no<\/td>\n<\/tr>\n<tr>\n<td>Nastavenie kontrastu<\/td>\n<td>\u00c1no<\/td>\n<\/tr>\n<tr>\n<td>Nastavenie jasu<\/td>\n<td>\u00c1no<\/td>\n<\/tr>\n<tr>\n<td>\u00dalo\u017eisko<\/td>\n<td>\n<div>\n<div>Vstavan\u00e1 karta Micro SD (max. 16 GB)<\/div>\n<\/div>\n<\/td>\n<\/tr>\n<tr>\n<td>Z\u00e1sobovanie potravinami<\/td>\n<td>\n<div>\n<div>Dve bat\u00e9rie CR123 \/ 3,0 V<\/div>\n<\/div>\n<\/td>\n<\/tr>\n<tr>\n<td>Prev\u00e1dzkov\u00fd \u010das bat\u00e9rie<\/td>\n<td>\u2265 3,5 hodiny<\/td>\n<\/tr>\n<tr>\n<td>Prep\u00e4\u0165ov\u00e1 ochrana<\/td>\n<td>\u00c1no<\/td>\n<\/tr>\n<tr>\n<td>Konektory<\/td>\n<td>\n<div>\n<div>USB-C, anal\u00f3gov\u00fd video v\u00fdstup<\/div>\n<\/div>\n<\/td>\n<\/tr>\n<tr>\n<td>Prev\u00e1dzkov\u00e1 teplota<\/td>\n<td>\n<div>\n<div>-20 \u00b0C ~ 55 \u00b0C (&lt;22 \u00b0F ~ 131 \u00b0F)<\/div>\n<\/div>\n<\/td>\n<\/tr>\n<tr>\n<td>Stupe\u0148 imunity<\/td>\n<td>\n<div>\n<div>IP67 (ochrana proti ponoreniu do vody; 30 min\u00fat do h\u013abky 1 m)<\/div>\n<\/div>\n<\/td>\n<\/tr>\n<tr>\n<td>Elektrostatick\u00e1 ochrana<\/td>\n<td>15 kV<\/td>\n<\/tr>\n<tr>\n<td>Ve\u013ekos\u0165 (V \u00d7 \u0160 \u00d7 H)<\/td>\n<td>\n<div>\n<div>187,2 \u00d7 62,5 \u00d7 59,2 mm<\/div>\n<\/div>\n<\/td>\n<\/tr>\n<tr>\n<td>Hmotnos\u0165<\/td>\n<td>&lt; 0,48 kg<\/td>\n<\/tr>\n<\/tbody>\n<\/table>\n<p data-start=\"31\" data-end=\"53\"><strong data-start=\"31\" data-end=\"53\">Obsah balenia:<\/strong><\/p>\n<ul data-start=\"55\" data-end=\"320\" data-is-last-node=\"\" data-is-only-node=\"\">\n<li data-start=\"55\" data-end=\"111\">\n<p data-start=\"57\" data-end=\"111\">Termov\u00edzny predradn\u00edk 3 v 1 Hikmicro Thunder TQ50C<\/p>\n<\/li>\n<li data-start=\"112\" data-end=\"159\">\n<p data-start=\"114\" data-end=\"159\">Kvalitn\u00e1 prenosn\u00e1 ta\u0161ka s logom Hikmicro Thunder<\/p>\n<\/li>\n<li data-start=\"160\" data-end=\"193\">\n<p data-start=\"162\" data-end=\"193\">Ramenn\u00fd popruh na nosenie ta\u0161ky<\/p>\n<\/li>\n<li data-start=\"194\" data-end=\"219\">\n<p data-start=\"196\" data-end=\"219\">Pripojovac\u00ed k\u00e1bel USB-C<\/p>\n<\/li>\n<li data-start=\"220\" data-end=\"256\">\n<p data-start=\"222\" data-end=\"256\">N\u00e1vod na pou\u017eitie<\/p>\n<\/li>\n<li data-start=\"220\" data-end=\"256\">\n<p data-start=\"222\" data-end=\"256\">\u010cistiaca handri\u010dka na optiku<\/p>\n<\/li>\n<li data-start=\"282\" data-end=\"320\" data-is-last-node=\"\">\n<p data-start=\"284\" data-end=\"320\" data-is-last-node=\"\">2 bat\u00e9rie CR123 (nenab\u00edjate\u013en\u00e9)<\/p>\n<\/li>\n<\/ul>\n<p>Ofici\u00e1lna str\u00e1nka zna\u010dky: <a href=\"https:\/\/www.hikmicrotech.com\/hu\/\">https:\/\/www.hikmicrotech.com\/hu\/<\/a><\/p>","protected":false},"excerpt":{"rendered":"<ul>\n<li style=\"font-weight: 400\"><span style=\"font-weight: 400\">Objekt\u00edv: 50 mm.<\/span><\/li>\n<li style=\"font-weight: 400\"><span style=\"font-weight: 400\">Optick\u00e9 zv\u00e4\u010d\u0161enie: 1\u00d7. Digit\u00e1lne zv\u00e4\u010d\u0161enie: a\u017e 8\u00d7. Celkov\u00e9 zv\u00e4\u010d\u0161enie: 8\u00d7.<\/span><\/li>\n<li style=\"font-weight: 400\"><span style=\"font-weight: 400\">Detek\u010dn\u00e1 vzdialenos\u0165: do 2600 m.<\/span><\/li>\n<li style=\"font-weight: 400\"><span style=\"font-weight: 400\">Displej: OLED 1024 \u00d7 768 px.<\/span><\/li>\n<li style=\"font-weight: 400\"><span style=\"font-weight: 400\">Re\u017eim \u00faspory energie (re\u017eim sp\u00e1nku).<\/span><\/li>\n<li style=\"font-weight: 400\"><span style=\"font-weight: 400\">Nap\u00e1janie: 2 bat\u00e9rie CR123 (nab\u00edjate\u013en\u00e9 alebo jednorazov\u00e9).<\/span><\/li>\n<li style=\"font-weight: 400\"><span style=\"font-weight: 400\">Prev\u00e1dzkov\u00fd \u010das s bat\u00e9riami: \u2265 3,5 hodiny.<\/span><\/li>\n<li style=\"font-weight: 400\"><span style=\"font-weight: 400\">Hmotnos\u0165: menej ako 480 g.<\/span><\/li>\n<\/ul>","protected":false},"featured_media":4876,"comment_status":"open","ping_status":"closed","template":"","meta":[],"product_brand":[],"product_cat":[36],"product_tag":[31,37,261],"class_list":{"0":"post-4875","1":"product","2":"type-product","3":"status-publish","4":"has-post-thumbnail","6":"product_cat-hokamera-elotet","7":"product_tag-hikmicro","8":"product_tag-hokamera-elotet","9":"product_tag-thunder","11":"first","12":"instock","13":"taxable","14":"shipping-taxable","15":"purchasable","16":"product-type-simple"},"jetpack_sharing_enabled":true,"_links":{"self":[{"href":"https:\/\/bestoptika.eu\/sk\/wp-json\/wp\/v2\/product\/4875","targetHints":{"allow":["GET"]}}],"collection":[{"href":"https:\/\/bestoptika.eu\/sk\/wp-json\/wp\/v2\/product"}],"about":[{"href":"https:\/\/bestoptika.eu\/sk\/wp-json\/wp\/v2\/types\/product"}],"replies":[{"embeddable":true,"href":"https:\/\/bestoptika.eu\/sk\/wp-json\/wp\/v2\/comments?post=4875"}],"wp:featuredmedia":[{"embeddable":true,"href":"https:\/\/bestoptika.eu\/sk\/wp-json\/wp\/v2\/media\/4876"}],"wp:attachment":[{"href":"https:\/\/bestoptika.eu\/sk\/wp-json\/wp\/v2\/media?parent=4875"}],"wp:term":[{"taxonomy":"product_brand","embeddable":true,"href":"https:\/\/bestoptika.eu\/sk\/wp-json\/wp\/v2\/product_brand?post=4875"},{"taxonomy":"product_cat","embeddable":true,"href":"https:\/\/bestoptika.eu\/sk\/wp-json\/wp\/v2\/product_cat?post=4875"},{"taxonomy":"product_tag","embeddable":true,"href":"https:\/\/bestoptika.eu\/sk\/wp-json\/wp\/v2\/product_tag?post=4875"}],"curies":[{"name":"wp","href":"https:\/\/api.w.org\/{rel}","templated":true}]}}