{"id":4885,"date":"2025-08-28T18:27:50","date_gmt":"2025-08-28T16:27:50","guid":{"rendered":"https:\/\/bestoptika.eu\/?post_type=product&#038;p=4885"},"modified":"2026-02-07T17:00:30","modified_gmt":"2026-02-07T16:00:30","slug":"tenosight-infraveto-l-dual-940-850-nm-laser","status":"publish","type":"product","link":"https:\/\/bestoptika.eu\/sk\/product\/tenosight-infraveto-l-dual-940-850-nm-laser\/","title":{"rendered":"TenoSight L-DUAL 940+850nm Laserov\u00fd pr\u00edsvit"},"content":{"rendered":"<p data-start=\"33\" data-end=\"171\"><strong>TenoSight infravet\u0151 L-DUAL 940 + 850 nm Laser<\/strong><\/p>\n<p data-start=\"33\" data-end=\"171\"><strong data-start=\"33\" data-end=\"169\">K\u00e9t hull\u00e1mhossz egyetlen infravet\u0151ben \u2013 ez a TenoSight L-DUAL 940 + 850 nm l\u00e9zer, amelyet pontosan az \u00d6n ig\u00e9nyei szerint terveztek.<\/strong><\/p>\n<ul data-start=\"173\" data-end=\"257\">\n<li data-start=\"173\" data-end=\"212\">\n<p data-start=\"175\" data-end=\"212\">\u00c1ll\u00edthat\u00f3 hull\u00e1mhossz: 940 \/ 850 nm<\/p>\n<\/li>\n<li data-start=\"213\" data-end=\"238\">\n<p data-start=\"215\" data-end=\"238\">\u00dczemid\u0151: ak\u00e1r 2,5 \u00f3ra<\/p>\n<\/li>\n<li data-start=\"239\" data-end=\"257\">\n<p data-start=\"241\" data-end=\"257\">Strapab\u00edr\u00f3 h\u00e1z<\/p>\n<\/li>\n<\/ul>\n<p data-start=\"259\" data-end=\"700\">A vez\u00e9rl\u00e9s rendk\u00edv\u00fcl egyszer\u0171 a f\u0151- \u00e9s a forgathat\u00f3 gombnak k\u00f6sz\u00f6nhet\u0151en. A f\u0151 gombbal kapcsolhatja be \u00e9s ki a k\u00e9sz\u00fcl\u00e9ket, forgat\u00e1s\u00e1val pedig be\u00e1ll\u00edthatja az infravet\u0151 intenzit\u00e1s\u00e1t. A forgat\u00f3ker\u00e9k szolg\u00e1l a 940 vagy 850 nm-es hull\u00e1mhossz kiv\u00e1laszt\u00e1s\u00e1ra, amely ak\u00e1r 220 m\u00e9teres hat\u00f3t\u00e1vols\u00e1got biztos\u00edt. A sug\u00e1r sz\u00e9less\u00e9ge szint\u00e9n \u00e1ll\u00edthat\u00f3 a forgathat\u00f3 fejnek k\u00f6sz\u00f6nhet\u0151en. A h\u00e1z ellen\u00e1ll\u00f3 anyagb\u00f3l k\u00e9sz\u00fclt, \u00e9s v\u00edz\u00e1ll\u00f3s\u00e1ggal is rendelkezik.<\/p>\n<p data-start=\"702\" data-end=\"827\">Az infravet\u0151 t\u00e1pell\u00e1t\u00e1s\u00e1t egy darab 18650 Li-ion akkumul\u00e1tor biztos\u00edtja (nem tartoz\u00e9k), amely ak\u00e1r 2,5 \u00f3r\u00e1s \u00fczemid\u0151t ny\u00fajt.<\/p>\n<table dir=\"ltr\" border=\"1\" cellspacing=\"0\" cellpadding=\"0\" data-sheets-root=\"1\" data-sheets-baot=\"1\">\n<colgroup>\n<col width=\"100\" \/>\n<col width=\"100\" \/><\/colgroup>\n<tbody>\n<tr>\n<td>Hull\u00e1mhossz<\/td>\n<td>940 \/ 850 nm<\/td>\n<\/tr>\n<tr>\n<td>Maxim\u00e1lis teljes\u00edtm\u00e9ny<\/td>\n<td>980 mW<\/td>\n<\/tr>\n<tr>\n<td>Lencse \u00e1tm\u00e9r\u0151<\/td>\n<td>36 mm<\/td>\n<\/tr>\n<tr>\n<td>Hat\u00f3t\u00e1vols\u00e1g<\/td>\n<td>220 m<\/td>\n<\/tr>\n<tr>\n<td>Anyag<\/td>\n<td>\n<div>\n<div>T6061 rep\u00fcl\u0151g\u00e9pipari alum\u00ednium kem\u00e9ny elox\u00e1lt fel\u00fclettel (v\u00e9d\u0151 oxidr\u00e9teg)<\/div>\n<\/div>\n<\/td>\n<\/tr>\n<tr>\n<td>V\u00e9detts\u00e9gi szint<\/td>\n<td>IPX6<\/td>\n<\/tr>\n<tr>\n<td>Akkumul\u00e1tor<\/td>\n<td>1\u00d7 18650 Li-ion<\/td>\n<\/tr>\n<tr>\n<td>Akkumul\u00e1tor \u00fczemid\u0151<\/td>\n<td>2,5 \u00f3ra<\/td>\n<\/tr>\n<tr>\n<td>S\u00faly<\/td>\n<td>163 g<\/td>\n<\/tr>\n<tr>\n<td>M\u00e9retek<\/td>\n<td>\n<div>\n<div>38 \u00d7 25,4 \u00d7 175 mm (fej \u00e1tm\u00e9r\u0151 \u00d7 tubus \u00e1tm\u00e9r\u0151 \u00d7 teljes hossz)<\/div>\n<\/div>\n<\/td>\n<\/tr>\n<\/tbody>\n<\/table>\n<article class=\"text-token-text-primary w-full focus:outline-none scroll-mt-[calc(var(--header-height)+min(200px,max(70px,20svh)))]\" dir=\"auto\" data-turn-id=\"request-WEB:f403d832-8a39-4787-a5a8-3f4fb524a94c-6\" data-testid=\"conversation-turn-14\" data-scroll-anchor=\"true\" data-turn=\"assistant\">\n<div class=\"text-base my-auto mx-auto pb-10 [--thread-content-margin:--spacing(4)] @[37rem]:[--thread-content-margin:--spacing(6)] @[72rem]:[--thread-content-margin:--spacing(16)] px-(--thread-content-margin)\">\n<div class=\"[--thread-content-max-width:32rem] @[34rem]:[--thread-content-max-width:40rem] @[64rem]:[--thread-content-max-width:48rem] mx-auto max-w-(--thread-content-max-width) flex-1 group\/turn-messages focus-visible:outline-hidden relative flex w-full min-w-0 flex-col agent-turn\" tabindex=\"-1\">\n<div class=\"flex max-w-full flex-col grow\">\n<div class=\"min-h-8 text-message relative flex w-full flex-col items-end gap-2 text-start break-words whitespace-normal [.text-message+&amp;]:mt-5\" dir=\"auto\" data-message-author-role=\"assistant\" data-message-id=\"f4ca0396-91bf-4bc6-abb3-fdf8837a61a6\" data-message-model-slug=\"gpt-5\">\n<div class=\"flex w-full flex-col gap-1 empty:hidden first:pt-[3px]\">\n<div class=\"markdown prose dark:prose-invert w-full break-words light markdown-new-styling\">\n<p data-start=\"33\" data-end=\"57\"><strong data-start=\"33\" data-end=\"55\">A csomag tartalma:<\/strong><\/p>\n<ul data-start=\"59\" data-end=\"200\" data-is-last-node=\"\" data-is-only-node=\"\">\n<li data-start=\"59\" data-end=\"110\">\n<p data-start=\"61\" data-end=\"110\">TenoSight L-DUAL 940 + 850 nm l\u00e9zeres infravet\u0151<\/p>\n<\/li>\n<li data-start=\"59\" data-end=\"110\">\n<p data-start=\"61\" data-end=\"110\">1\u00d7 akkumul\u00e1tort\u00f6lt\u0151<\/p>\n<\/li>\n<li data-start=\"135\" data-end=\"152\">\n<p data-start=\"137\" data-end=\"152\">1\u00d7 csukl\u00f3p\u00e1nt<\/p>\n<\/li>\n<li data-start=\"153\" data-end=\"200\" data-is-last-node=\"\">\n<p data-start=\"155\" data-end=\"200\" data-is-last-node=\"\">Haszn\u00e1lati \u00fatmutat\u00f3<\/p>\n<\/li>\n<\/ul>\n<\/div>\n<\/div>\n<\/div>\n<\/div>\n<\/div>\n<\/div>\n<\/article>\n","protected":false},"excerpt":{"rendered":"<p>Laserov\u00fd pr\u00edsvit.<\/p>\n<ul>\n<li>Vlnov\u00e1 d\u013a\u017eka: 940 \/ 850 nm.<\/li>\n<li>Priemer hlavy: 38 mm.<\/li>\n<li>Jednoduch\u00e9 pou\u017e\u00edvanie.<\/li>\n<li>Nap\u00e1janie: 1 l\u00edtium-i\u00f3nov\u00e1 bat\u00e9ria 18650 (nie je s\u00fa\u010das\u0165ou balenia).<\/li>\n<li>V\u00fddr\u017e bat\u00e9rie: 2,5 hodiny.<\/li>\n<\/ul>","protected":false},"featured_media":4886,"comment_status":"open","ping_status":"closed","template":"","meta":[],"product_brand":[],"product_cat":[148],"product_tag":[151,150],"class_list":{"0":"post-4885","1":"product","2":"type-product","3":"status-publish","4":"has-post-thumbnail","6":"product_cat-infraveto","7":"product_tag-infraveto","8":"product_tag-tenosight","10":"first","11":"instock","12":"sale","13":"taxable","14":"shipping-taxable","15":"purchasable","16":"product-type-simple"},"jetpack_sharing_enabled":true,"_links":{"self":[{"href":"https:\/\/bestoptika.eu\/sk\/wp-json\/wp\/v2\/product\/4885","targetHints":{"allow":["GET"]}}],"collection":[{"href":"https:\/\/bestoptika.eu\/sk\/wp-json\/wp\/v2\/product"}],"about":[{"href":"https:\/\/bestoptika.eu\/sk\/wp-json\/wp\/v2\/types\/product"}],"replies":[{"embeddable":true,"href":"https:\/\/bestoptika.eu\/sk\/wp-json\/wp\/v2\/comments?post=4885"}],"wp:featuredmedia":[{"embeddable":true,"href":"https:\/\/bestoptika.eu\/sk\/wp-json\/wp\/v2\/media\/4886"}],"wp:attachment":[{"href":"https:\/\/bestoptika.eu\/sk\/wp-json\/wp\/v2\/media?parent=4885"}],"wp:term":[{"taxonomy":"product_brand","embeddable":true,"href":"https:\/\/bestoptika.eu\/sk\/wp-json\/wp\/v2\/product_brand?post=4885"},{"taxonomy":"product_cat","embeddable":true,"href":"https:\/\/bestoptika.eu\/sk\/wp-json\/wp\/v2\/product_cat?post=4885"},{"taxonomy":"product_tag","embeddable":true,"href":"https:\/\/bestoptika.eu\/sk\/wp-json\/wp\/v2\/product_tag?post=4885"}],"curies":[{"name":"wp","href":"https:\/\/api.w.org\/{rel}","templated":true}]}}