{"id":4984,"date":"2025-09-06T08:52:03","date_gmt":"2025-09-06T06:52:03","guid":{"rendered":"https:\/\/bestoptika.eu\/?post_type=product&#038;p=4984"},"modified":"2025-09-06T13:28:27","modified_gmt":"2025-09-06T11:28:27","slug":"night-pearl-np-22-gen2-dep-onyx","status":"publish","type":"product","link":"https:\/\/bestoptika.eu\/sk\/product\/night-pearl-np-22-gen2-dep-onyx\/","title":{"rendered":"Night Pearl NP-22 gen2+ DEP ONYX"},"content":{"rendered":"<p>Ob\u013e\u00faben\u00fd denn\u00fd\/no\u010dn\u00fd syst\u00e9m Night Pearl NP-22 je vybaven\u00fd jedine\u010dnou technol\u00f3giou. Za 30 sek\u00fand premen\u00ed denn\u00fd \u010falekoh\u013ead na syst\u00e9m no\u010dn\u00e9ho videnia. Zn\u00e1ma technol\u00f3gia katadioptrick\u00e9ho syst\u00e9mu v\u00fdmeny \u0161o\u0161oviek zaru\u010duje n\u00edzku hmotnos\u0165 a kompaktn\u00e9 rozmery pr\u00edstroja. \u010ealekoh\u013ead no\u010dn\u00e9ho videnia Night Pearl NP-22 pou\u017e\u00edva sn\u00edma\u010de 2+-3+ gener\u00e1cie skon\u0161truovan\u00e9 pod\u013ea najnov\u0161\u00edch technol\u00f3gi\u00ed, ktor\u00e9 zaru\u010duj\u00fa vynikaj\u00face rozl\u00ed\u0161enie a v\u00fdkon. Syst\u00e9m DEN\/NOC umo\u017e\u0148uje prepnutie z dennej optiky na optiku no\u010dn\u00e9ho videnia za menej ako tridsa\u0165 sek\u00fand bez pou\u017eitia n\u00e1strojov a bez zmeny vzdialenosti medzi okul\u00e1rom a okom, \u010do umo\u017e\u0148uje nepretr\u017eit\u00e9 zameriavanie. In\u0161tal\u00e1cia NP-22 je bezhlu\u010dn\u00e1!<br \/>\nZ\u00e1ruka 24 + 24 mesiacov.<\/p>\n<p>Vlastnosti:<\/p>\n<p>Nie je potrebn\u00e9 \u017eiadne \u0161peci\u00e1lne upevnenie.<br \/>\nJednoduch\u00e1 a bezhlu\u010dn\u00e1 premena dennej optiky na no\u010dn\u00fa.<br \/>\nOptiku po in\u0161tal\u00e1cii NIE JE mo\u017en\u00e9 odp\u00e1li\u0165<br \/>\nCelosklenen\u00e1 optika s r\u00f4znymi antireflexn\u00fdmi vrstvami pou\u017e\u00edvan\u00fdmi v najnov\u0161ej optike<br \/>\nPou\u017eite zv\u00e4\u010d\u0161enie dennej optiky (odpor\u00fa\u010dan\u00e9 optikom, pribli\u017ene 4x max. 5x).<br \/>\n\u0160irok\u00e1 \u0161k\u00e1la aplik\u00e1ci\u00ed (\u010falekoh\u013eady, teleskopy, kamery, fotoapar\u00e1ty...)<br \/>\nMal\u00e9 rozmery a n\u00edzka hmotnos\u0165<br \/>\nAutomatick\u00e9 ovl\u00e1danie jasu<br \/>\nR\u00fdchla in\u0161tal\u00e1cia a demont\u00e1\u017e<\/p>\n<p>\u0160pecifik\u00e1cie:<\/p>\n<table dir=\"ltr\" border=\"1\" cellspacing=\"0\" cellpadding=\"0\" data-sheets-root=\"1\" data-sheets-baot=\"1\">\n<colgroup>\n<col width=\"204\" \/>\n<col width=\"274\" \/><\/colgroup>\n<tbody>\n<tr>\n<td>\u0160pecifik\u00e1cia<\/td>\n<td>Hodnota<\/td>\n<\/tr>\n<tr>\n<td>Zv\u00e4\u010d\u0161i\u0165<\/td>\n<td>1x optick\u00fd<\/td>\n<\/tr>\n<tr>\n<td>\u0160o\u0161ovka<\/td>\n<td>70 mm<\/td>\n<\/tr>\n<tr>\n<td>Syst\u00e9m v\u00fdmeny \u0161o\u0161ovice<\/td>\n<td>F 1:1,44<\/td>\n<\/tr>\n<tr>\n<td>Zorn\u00e9 pole (FOV)<\/td>\n<td>13\u00b0<\/td>\n<\/tr>\n<tr>\n<td>Odch\u00e1dzaj\u00faci \u017eiak<\/td>\n<td>21 mm<\/td>\n<\/tr>\n<tr>\n<td>Minim\u00e1lna ohniskov\u00e1 vzdialenos\u0165<\/td>\n<td>10 m<\/td>\n<\/tr>\n<tr>\n<td>E-mail<\/td>\n<td>1x \/ CR123<\/td>\n<\/tr>\n<tr>\n<td>V\u00fddr\u017e bat\u00e9rie<\/td>\n<td>a\u017e 60 hod\u00edn<\/td>\n<\/tr>\n<tr>\n<td>Prev\u00e1dzkov\u00e1 teplota<\/td>\n<td>-40\u00b0C \/ +50\u00b0C<\/td>\n<\/tr>\n<tr>\n<td>Rozmery<\/td>\n<td>140 mm x 77 mm x 86 mm<\/td>\n<\/tr>\n<tr>\n<td>Hmotnos\u0165<\/td>\n<td>670 g<\/td>\n<\/tr>\n<\/tbody>\n<\/table>\n<p>&nbsp;<\/p>\n<table dir=\"ltr\" style=\"width: 636px;\" border=\"1\" cellspacing=\"0\" cellpadding=\"0\" data-sheets-root=\"1\" data-sheets-baot=\"1\">\n<colgroup>\n<col width=\"204\" \/>\n<col width=\"274\" \/>\n<col width=\"363\" \/><\/colgroup>\n<tbody>\n<tr>\n<td style=\"width: 164.489px;\">MKZJO<\/td>\n<td style=\"width: 202.716px;\">DEP Gen 2+<\/td>\n<td style=\"width: 262.977px;\">Jednotky<\/td>\n<\/tr>\n<tr>\n<td style=\"width: 164.489px;\">Rozl\u00ed\u0161enie<\/td>\n<td style=\"width: 202.716px;\">57-69<\/td>\n<td style=\"width: 262.977px;\">lp\/mm<\/td>\n<\/tr>\n<tr>\n<td style=\"width: 164.489px;\">Citlivos\u0165<\/td>\n<td style=\"width: 202.716px;\">450-700<\/td>\n<td style=\"width: 262.977px;\">\u00b5A<\/td>\n<\/tr>\n<tr>\n<td style=\"width: 164.489px;\">Typ k\u00f3du fotografie<\/td>\n<td style=\"width: 202.716px;\">S-25<\/td>\n<td style=\"width: 262.977px;\"><\/td>\n<\/tr>\n<tr>\n<td style=\"width: 164.489px;\">Pomer sign\u00e1lu k \u0161umu<\/td>\n<td style=\"width: 202.716px;\">20-25<\/td>\n<td style=\"width: 262.977px;\">s\/n<\/td>\n<\/tr>\n<tr>\n<td style=\"width: 164.489px;\">Farba obalu fotografie<\/td>\n<td style=\"width: 202.716px;\">ZELEN\u00c1 P22\/P43 (zelen\u00e1)<br \/>\nONYX P45 (\u010diernobiely)<\/td>\n<td style=\"width: 262.977px;\"><\/td>\n<\/tr>\n<tr>\n<td style=\"width: 164.489px;\">\u017divotnos\u0165<\/td>\n<td style=\"width: 202.716px;\">10<\/td>\n<td style=\"width: 262.977px;\">hodiny<\/td>\n<\/tr>\n<tr>\n<td style=\"width: 164.489px;\">Dod\u00e1vate\u013e<\/td>\n<td style=\"width: 202.716px;\">Photonis (NL)<\/td>\n<td style=\"width: 262.977px;\"><\/td>\n<\/tr>\n<\/tbody>\n<\/table>\n<p>&nbsp;<\/p>\n<p>Obsah balenia:<\/p>\n<p>NP-22<br \/>\nOchrann\u00e9 puzdro<br \/>\n1 bat\u00e9ria CR123A<br \/>\n1 o\u010dko<br \/>\nPou\u017e\u00edvate\u013esk\u00e1 pr\u00edru\u010dka<\/p>\n<p>N\u00e1\u0161 t\u00edm odborn\u00edkov s desa\u0165ro\u010diami overen\u00fdch sk\u00fasenost\u00ed so zariadeniami no\u010dn\u00e9ho videnia je denne k dispoz\u00edcii pre z\u00e1ru\u010dn\u00fd a poz\u00e1ru\u010dn\u00fd servis. Ak potrebujete poradi\u0165 s v\u00fdberom zariadenia no\u010dn\u00e9ho videnia, obr\u00e1\u0165te sa na n\u00e1s.<\/p>","protected":false},"excerpt":{"rendered":"<p>A n\u00e9pszer\u0171 Night Pearl NP-22 nappali\/\u00e9jszakai rendszer egyed\u00fcl\u00e1ll\u00f3 technol\u00f3gi\u00e1val rendelkezik. A nappali c\u00e9lt\u00e1vcs\u00f6vet 30 m\u00e1sodperc alatt \u00e9jjell\u00e1t\u00f3 rendszerr\u00e9 alak\u00edtja. A katadioptri\u00e1s lencserendszer j\u00f3l ismert technol\u00f3gi\u00e1ja garant\u00e1lja a m\u0171szer kis s\u00faly\u00e1t \u00e9s kompakt m\u00e9ret\u00e9t. A Night Pearl NP-22 \u00e9jjell\u00e1t\u00f3 c\u00e9lt\u00e1vcs\u0151 a leg\u00fajabb technol\u00f3gi\u00e1k szerint meg\u00e9p\u00edtett 2+-3+ gener\u00e1ci\u00f3s jel\u00e1talak\u00edt\u00f3kat haszn\u00e1l, \u00edgy garant\u00e1lva a kiv\u00e1l\u00f3 felbont\u00e1st \u00e9s teljes\u00edtm\u00e9nyt. [&hellip;]<\/p>\n","protected":false},"featured_media":4953,"comment_status":"open","ping_status":"closed","template":"","meta":[],"product_brand":[],"product_cat":[39],"product_tag":[81,256,266],"class_list":{"0":"post-4984","1":"product","2":"type-product","3":"status-publish","4":"has-post-thumbnail","6":"product_cat-digitalis-ejjellato","7":"product_tag-ejjellato-elotet","8":"product_tag-night-pearl","9":"product_tag-np-22","11":"first","12":"instock","13":"taxable","14":"shipping-taxable","15":"purchasable","16":"product-type-simple"},"jetpack_sharing_enabled":true,"_links":{"self":[{"href":"https:\/\/bestoptika.eu\/sk\/wp-json\/wp\/v2\/product\/4984","targetHints":{"allow":["GET"]}}],"collection":[{"href":"https:\/\/bestoptika.eu\/sk\/wp-json\/wp\/v2\/product"}],"about":[{"href":"https:\/\/bestoptika.eu\/sk\/wp-json\/wp\/v2\/types\/product"}],"replies":[{"embeddable":true,"href":"https:\/\/bestoptika.eu\/sk\/wp-json\/wp\/v2\/comments?post=4984"}],"wp:featuredmedia":[{"embeddable":true,"href":"https:\/\/bestoptika.eu\/sk\/wp-json\/wp\/v2\/media\/4953"}],"wp:attachment":[{"href":"https:\/\/bestoptika.eu\/sk\/wp-json\/wp\/v2\/media?parent=4984"}],"wp:term":[{"taxonomy":"product_brand","embeddable":true,"href":"https:\/\/bestoptika.eu\/sk\/wp-json\/wp\/v2\/product_brand?post=4984"},{"taxonomy":"product_cat","embeddable":true,"href":"https:\/\/bestoptika.eu\/sk\/wp-json\/wp\/v2\/product_cat?post=4984"},{"taxonomy":"product_tag","embeddable":true,"href":"https:\/\/bestoptika.eu\/sk\/wp-json\/wp\/v2\/product_tag?post=4984"}],"curies":[{"name":"wp","href":"https:\/\/api.w.org\/{rel}","templated":true}]}}