{"id":5005,"date":"2025-09-06T08:54:15","date_gmt":"2025-09-06T06:54:15","guid":{"rendered":"https:\/\/bestoptika.eu\/?post_type=product&#038;p=5005"},"modified":"2025-09-06T20:29:06","modified_gmt":"2025-09-06T18:29:06","slug":"night-pearl-buru-25-elite-lrf","status":"publish","type":"product","link":"https:\/\/bestoptika.eu\/sk\/product\/night-pearl-buru-25-elite-lrf\/","title":{"rendered":"Night Pearl BURU 25 ELITE LRF"},"content":{"rendered":"<p>Termov\u00edzny monokul\u00e1r Night Pearl BURU vynik\u00e1 vysok\u00fdm v\u00fdkonom, mnoh\u00fdmi integrovan\u00fdmi funkciami a predov\u0161etk\u00fdm malou vreckovou ve\u013ekos\u0165ou. V\u010faka tomu ho m\u00f4\u017eete ma\u0165 v\u017edy po ruke, \u010di u\u017e ste na love, pozorujete pr\u00edrodu alebo sk\u00famate objekty.<br \/>\nNight Pearl BURU 25 ELITE LRF m\u00e1 vysokokvalitn\u00e9 jadro s rozl\u00ed\u0161en\u00edm 384 \u00d7 288 px, integrovan\u00fd dia\u013ekomer a mno\u017estvo pou\u017e\u00edvate\u013esk\u00fdch funkci\u00ed, ktor\u00e9 ocenia aj profesion\u00e1lni lovci.<\/p>\n<p>Vlastnosti:<\/p>\n<p>term\u00e1lny monokul\u00e1r<br \/>\nkompaktn\u00e9 rozmery s n\u00edzkou hmotnos\u0165ou<br \/>\nintuit\u00edvne ovl\u00e1danie jednou rukou<br \/>\nzaostrovacia \u0161o\u0161ovka<br \/>\nVysoko v\u00fdkonn\u00fd detektor, ktor\u00fd poskytuje vysokokvalitn\u00e9 sn\u00edmky a lep\u0161iu detekciu cie\u013eov vo dne aj v noci<br \/>\n12 \u00b5m obrazov\u00fd sn\u00edma\u010d a vysoko v\u00fdkonn\u00fd objekt\u00edv, ktor\u00fd umo\u017e\u0148uje detekciu cie\u013ea a\u017e do vzdialenosti 1300 m<br \/>\nVysok\u00e1 sn\u00edmkov\u00e1 frekvencia zaru\u010duje zachytenie ka\u017ed\u00e9ho okamihu<br \/>\nDisplej s vysok\u00fdm rozl\u00ed\u0161en\u00edm HD pre ostr\u00fd obraz a \u017eiv\u00e9 farby<br \/>\nZabudovan\u00fd laserov\u00fd dia\u013ekomer s presnos\u0165ou +\/- 1 m do 600 m<br \/>\nRe\u017eim jednorazov\u00e9ho a kontinu\u00e1lneho merania vzdialenosti<br \/>\n4 palety farieb obr\u00e1zkov<br \/>\nmanu\u00e1lna\/automatick\u00e1 kalibr\u00e1cia<br \/>\nstabiln\u00fd v\u00fdkon<br \/>\nMo\u017enos\u0165 zachyt\u00e1va\u0165 vide\u00e1 a obr\u00e1zky, uklada\u0165 ich do internej pam\u00e4te a zdie\u013ea\u0165 ich s priate\u013emi a rodinou<br \/>\nvideo v\u00fdstup<br \/>\nPIP (obraz v obraze)<br \/>\ndigit\u00e1lny kompas<br \/>\nsenzor n\u00e1klonu (gyroskop)<br \/>\nfunkcia automatick\u00e9ho vypnutia<br \/>\nWi-Fi<br \/>\nAplik\u00e1cia pre Android alebo iOS, ktor\u00e1 pon\u00faka cel\u00fd rad jedine\u010dn\u00fdch funkci\u00ed, ako je napr\u00edklad streamovanie obr\u00e1zkov, zdie\u013eanie s\u00faborov at\u010f.<\/p>\n<p>\u0160pecifik\u00e1cie:<\/p>\n<table dir=\"ltr\" border=\"1\" cellspacing=\"0\" cellpadding=\"0\" data-sheets-root=\"1\" data-sheets-baot=\"1\">\n<colgroup>\n<col width=\"196\" \/>\n<col width=\"481\" \/><\/colgroup>\n<tbody>\n<tr>\n<td><strong>\u0160pecifik\u00e1cia<\/strong><\/td>\n<td><strong>Hodnota<\/strong><\/td>\n<\/tr>\n<tr>\n<td>Typ jadra<\/td>\n<td>Nechladen\u00e9, VOx<\/td>\n<\/tr>\n<tr>\n<td>Rozl\u00ed\u0161enie jadra<\/td>\n<td>384 \u00d7 288 px<\/td>\n<\/tr>\n<tr>\n<td>Ve\u013ekos\u0165 pixelov<\/td>\n<td>12 \u00b5m<\/td>\n<\/tr>\n<tr>\n<td>Obnovovacia frekvencia obrazu<\/td>\n<td>50 Hz (PAL), 60 Hz (NTSC)<\/td>\n<\/tr>\n<tr>\n<td>NETD<\/td>\n<td>&lt;40 mK<\/td>\n<\/tr>\n<tr>\n<td>Priemer objekt\u00edvu<\/td>\n<td>25 mm<\/td>\n<\/tr>\n<tr>\n<td>Zorn\u00e9 pole (stupne)<\/td>\n<td>10,5\u00b0 x 7,9\u00b0<\/td>\n<\/tr>\n<tr>\n<td>Zorn\u00e9 pole (m\/100 m)<\/td>\n<td>18,4 x 13,8<\/td>\n<\/tr>\n<tr>\n<td>Optick\u00e9 zv\u00e4\u010d\u0161enie<\/td>\n<td>2,5-10x<\/td>\n<\/tr>\n<tr>\n<td>Digit\u00e1lny zoom<\/td>\n<td>v krokoch 0,5x, x1-x4<\/td>\n<\/tr>\n<tr>\n<td>Minim\u00e1lna ohniskov\u00e1 vzdialenos\u0165<\/td>\n<td>1 m<\/td>\n<\/tr>\n<tr>\n<td>Priemer v\u00fdstupnej zrenice<\/td>\n<td>20 mm<\/td>\n<\/tr>\n<tr>\n<td>Dioptrick\u00e1 korekcia<\/td>\n<td>-4 \/ +5 dioptri\u00ed<\/td>\n<\/tr>\n<tr>\n<td>Detek\u010dn\u00e1 \/ identifika\u010dn\u00e1 vzdialenos\u0165 (1,7 m x 0,5 m, Pn 99%)<\/td>\n<td>1298 m \/ 507 m<\/td>\n<\/tr>\n<tr>\n<td>Typ displeja<\/td>\n<td>LCOS<\/td>\n<\/tr>\n<tr>\n<td>Rozl\u00ed\u0161enie displeja<\/td>\n<td>1280 x 960 px<\/td>\n<\/tr>\n<tr>\n<td>Wi-Fi<\/td>\n<td>\u00c1no<\/td>\n<\/tr>\n<tr>\n<td>Nahr\u00e1vanie fotografi\u00ed a vide\u00ed<\/td>\n<td>\u00c1no<\/td>\n<\/tr>\n<tr>\n<td>Typ bat\u00e9rie<\/td>\n<td>Vstavan\u00fd dob\u00edjac\u00ed akumul\u00e1tor Li-ion<\/td>\n<\/tr>\n<tr>\n<td>Maxim\u00e1lny prev\u00e1dzkov\u00fd \u010das (25 \u00b0C)<\/td>\n<td>6 hod\u00edn<\/td>\n<\/tr>\n<tr>\n<td>Laserov\u00fd dia\u013ekomer<\/td>\n<td>\u00c1no<\/td>\n<\/tr>\n<tr>\n<td>Rozsah laserov\u00e9ho dia\u013ekomeru<\/td>\n<td>600 m<\/td>\n<\/tr>\n<tr>\n<td>Presnos\u0165 merania<\/td>\n<td>#ERROR!<\/td>\n<\/tr>\n<tr>\n<td>Kompatibilita s APP<\/td>\n<td>\u00c1no<\/td>\n<\/tr>\n<tr>\n<td>Zabudovan\u00e1 pam\u00e4\u0165<\/td>\n<td>16 GB<\/td>\n<\/tr>\n<tr>\n<td>Rozmery<\/td>\n<td>130 x 70 x 52 mm<\/td>\n<\/tr>\n<tr>\n<td>Hmotnos\u0165<\/td>\n<td>320 g<\/td>\n<\/tr>\n<tr>\n<td>Z\u00e1ruka<\/td>\n<td>36 mesiacov<\/td>\n<\/tr>\n<\/tbody>\n<\/table>\n<p>*\u017divotnos\u0165 bat\u00e9rie je priamo ovplyvnen\u00e1 okolit\u00fdmi poveternostn\u00fdmi podmienkami a frekvenciou pou\u017e\u00edvania funkci\u00ed, ako je Wi-Fi, nahr\u00e1vanie videa, laserov\u00fd dia\u013ekomer at\u010f.<br \/>\n**Max. vzdialenos\u0165 za dobr\u00fdch poveternostn\u00fdch podmienok (bez da\u017e\u010fa, hmly at\u010f.).<br \/>\nTermov\u00edzny monokul\u00e1r Night Pearl BURU, pripojovac\u00ed k\u00e1bel, nap\u00e1jac\u00ed adapt\u00e9r, remienok na z\u00e1p\u00e4stie, remienok na krk, ochrann\u00e9 puzdro, n\u00e1vod na pou\u017eitie.<\/p>","protected":false},"excerpt":{"rendered":"<p>A Night Pearl BURU h\u0151kamer\u00e1s monokul\u00e1r kiemelkedik nagy teljes\u00edtm\u00e9ny\u00e9vel, sz\u00e1mos integr\u00e1lt funkci\u00f3j\u00e1val \u00e9s mindenekel\u0151tt kis s\u00faly\u00fa zsebm\u00e9ret\u00e9vel. Ez lehet\u0151v\u00e9 teszi, hogy mindig k\u00e9zn\u00e9l legyen, ak\u00e1r vad\u00e1szik, ak\u00e1r a term\u00e9szetet figyeli, ak\u00e1r t\u00e1rgyakat vizsg\u00e1l. A Night Pearl BURU 25 ELITE LRF kiv\u00e1l\u00f3 min\u0151s\u00e9g\u0171 384&#215;288 px felbont\u00e1s\u00fa maggal, integr\u00e1lt t\u00e1vols\u00e1gm\u00e9r\u0151vel \u00e9s sz\u00e1mos olyan felhaszn\u00e1l\u00f3i funkci\u00f3val rendelkezik, amelyet [&hellip;]<\/p>\n","protected":false},"featured_media":5004,"comment_status":"open","ping_status":"closed","template":"","meta":[],"product_brand":[],"product_cat":[45,17],"product_tag":[288,18,256],"class_list":{"0":"post-5005","1":"product","2":"type-product","3":"status-publish","4":"has-post-thumbnail","6":"product_cat-hokamera","7":"product_cat-hokamera-kereso","8":"product_tag-buru","9":"product_tag-hokamera","10":"product_tag-night-pearl","12":"first","13":"instock","14":"taxable","15":"shipping-taxable","16":"purchasable","17":"product-type-simple"},"jetpack_sharing_enabled":true,"_links":{"self":[{"href":"https:\/\/bestoptika.eu\/sk\/wp-json\/wp\/v2\/product\/5005","targetHints":{"allow":["GET"]}}],"collection":[{"href":"https:\/\/bestoptika.eu\/sk\/wp-json\/wp\/v2\/product"}],"about":[{"href":"https:\/\/bestoptika.eu\/sk\/wp-json\/wp\/v2\/types\/product"}],"replies":[{"embeddable":true,"href":"https:\/\/bestoptika.eu\/sk\/wp-json\/wp\/v2\/comments?post=5005"}],"wp:featuredmedia":[{"embeddable":true,"href":"https:\/\/bestoptika.eu\/sk\/wp-json\/wp\/v2\/media\/5004"}],"wp:attachment":[{"href":"https:\/\/bestoptika.eu\/sk\/wp-json\/wp\/v2\/media?parent=5005"}],"wp:term":[{"taxonomy":"product_brand","embeddable":true,"href":"https:\/\/bestoptika.eu\/sk\/wp-json\/wp\/v2\/product_brand?post=5005"},{"taxonomy":"product_cat","embeddable":true,"href":"https:\/\/bestoptika.eu\/sk\/wp-json\/wp\/v2\/product_cat?post=5005"},{"taxonomy":"product_tag","embeddable":true,"href":"https:\/\/bestoptika.eu\/sk\/wp-json\/wp\/v2\/product_tag?post=5005"}],"curies":[{"name":"wp","href":"https:\/\/api.w.org\/{rel}","templated":true}]}}