{"id":5013,"date":"2025-09-06T08:54:51","date_gmt":"2025-09-06T06:54:51","guid":{"rendered":"https:\/\/bestoptika.eu\/?post_type=product&#038;p=5013"},"modified":"2025-09-07T09:12:41","modified_gmt":"2025-09-07T07:12:41","slug":"night-pearl-fox-35-max-iii-hokamera-celtavcso","status":"publish","type":"product","link":"https:\/\/bestoptika.eu\/sk\/product\/night-pearl-fox-35-max-iii-hokamera-celtavcso\/","title":{"rendered":"Night Pearl FOX 35 MAX III termov\u00edzny zameriava\u010d"},"content":{"rendered":"<p><strong>Night Pearl FOX 35 MAX III termov\u00edzny zameriava\u010d<\/strong><\/p>\n<p>Termov\u00edzne \u010falekoh\u013eady s\u00e9rie Night Pearl FOX s\u00fa vynikaj\u00facou vo\u013ebou pre z\u00e1kazn\u00edkov, ktor\u00ed po\u017eaduj\u00fa vynikaj\u00facu kvalitu obrazu, osved\u010den\u00fa technol\u00f3giu a skvel\u00fa cenu. D\u00f4le\u017eitou v\u00fdhodou termov\u00edzneho \u010falekoh\u013eadu Night Pearl FOX je jeho kompaktn\u00fd dizajn tela pri zachovan\u00ed kon\u0161trukcie odolnej vo\u010di sp\u00e4tn\u00e9mu r\u00e1zu. Tieto vlastnosti sa v termov\u00edznych \u010falekoh\u013eadoch rovnakej triedy nenach\u00e1dzaj\u00fa \u010dasto. Optick\u00e9 zv\u00e4\u010d\u0161enie je dostato\u010dn\u00e9 na pou\u017eitie na v\u00e4\u010d\u0161ie vzdialenosti.<br \/>\nWi-Fi umo\u017e\u0148uje pripoji\u0165 zariadenie k po\u010d\u00edta\u010du a prevzia\u0165 zaznamenan\u00e9 s\u00fabory alebo pripoji\u0165 zariadenie k aplik\u00e1cii Night Pearl a upravova\u0165 zaznamenan\u00e9 fotografie a vide\u00e1, aktualizova\u0165 zariadenie alebo streamova\u0165 sn\u00edmky prostredn\u00edctvom aplik\u00e1cie.<\/p>\n<p>Vlastnosti:<\/p>\n<ul>\n<li>Jednoduch\u00e9 upevnenie pomocou svorky Weaver<\/li>\n<li>\u013dahk\u00e9, kompaktn\u00e9 telo odoln\u00e9 vo\u010di sp\u00e4tn\u00e9mu r\u00e1zu<\/li>\n<li>Pou\u017e\u00edvate\u013esky pr\u00edvetiv\u00e9 ovl\u00e1danie pomocou troch tla\u010didiel<\/li>\n<li>Re\u017eim Ultraclear pre maxim\u00e1lne detaily v zl\u00fdch poveternostn\u00fdch podmienkach<\/li>\n<li>\u0160tyri palety farieb obr\u00e1zkov<\/li>\n<li>Funkcia PIP - obraz v obraze<\/li>\n<li>Proporcion\u00e1lny vyh\u013ead\u00e1va\u010d rozsahu<\/li>\n<li>Jednoduch\u00e1 met\u00f3da One Shot Zero<\/li>\n<li>Ulo\u017eenie v\u00fdstrelu m\u00e1 4 r\u00f4zne mo\u017enosti v z\u00e1vislosti od vzdialenosti, typu zbrane, kalibru at\u010f.<\/li>\n<li>Chybn\u00e1 funkcia kompenz\u00e1cie pixelov<\/li>\n<li>Mo\u017enos\u0165 nahr\u00e1vania obr\u00e1zkov a vide\u00ed<\/li>\n<li>Video v\u00fdstup<\/li>\n<li>Wi-Fi na pripojenie zariadenia k po\u010d\u00edta\u010du alebo prenosn\u00e9mu po\u010d\u00edta\u010du<\/li>\n<li>Aplik\u00e1cia na monitorovanie obrazu v re\u00e1lnom \u010dase, pripojenie a ovl\u00e1danie termov\u00edzie prostredn\u00edctvom smartf\u00f3nu<\/li>\n<li>Digit\u00e1lny kompas<\/li>\n<li>Sn\u00edma\u010d n\u00e1klonu<\/li>\n<li>K dispoz\u00edcii je extern\u00e9 nap\u00e1janie<\/li>\n<\/ul>\n<p>\u0160pecifik\u00e1cie:<\/p>\n<table dir=\"ltr\" border=\"1\" cellspacing=\"0\" cellpadding=\"0\" data-sheets-root=\"1\" data-sheets-baot=\"1\">\n<colgroup>\n<col width=\"100\" \/>\n<col width=\"100\" \/><\/colgroup>\n<tbody>\n<tr>\n<td>Zv\u00e4\u010d\u0161i\u0165<\/td>\n<td>\n<div>\n<div>2\u00d7 optick\u00fd, digit\u00e1lny 2\u00d7, 4\u00d7, PIP<\/div>\n<\/div>\n<\/td>\n<\/tr>\n<tr>\n<td>Rozl\u00ed\u0161enie, typ sn\u00edma\u010da<\/td>\n<td>\n<div>\n<div>640\u00d7512 px, keramick\u00fd VOx, 12 \u03bcm<\/div>\n<\/div>\n<\/td>\n<\/tr>\n<tr>\n<td>Priemer objekt\u00edvu<\/td>\n<td>\u00d8 35 mm<\/td>\n<\/tr>\n<tr>\n<td>NETD<\/td>\n<td>\u2264 40 mK<\/td>\n<\/tr>\n<tr>\n<td>Obnovovacia frekvencia obrazu<\/td>\n<td>50 Hz<\/td>\n<\/tr>\n<tr>\n<td>Typ displeja<\/td>\n<td>\n<div>\n<div>1024 \u00d7 768 px, OLED<\/div>\n<\/div>\n<\/td>\n<\/tr>\n<tr>\n<td>Zorn\u00e9 pole (v stup\u0148och)<\/td>\n<td>12,6 \u00d7 9,4\u00b0<\/td>\n<\/tr>\n<tr>\n<td>Zorn\u00e9 pole na 100 m<\/td>\n<td>22,1 \u00d7 16,4 m<\/td>\n<\/tr>\n<tr>\n<td>Detek\u010dn\u00e1 vzdialenos\u0165<\/td>\n<td>\n<div>\n<div>1818 m (cie\u013e: 1,7 \u00d7 0,5 m, P(n)=99%)<\/div>\n<\/div>\n<\/td>\n<\/tr>\n<tr>\n<td>Palety farieb obr\u00e1zkov<\/td>\n<td>4 typ<\/td>\n<\/tr>\n<tr>\n<td>Nastavenia kr\u00ed\u017eov\u00e9ho poh\u013eadu<\/td>\n<td>8 typov \/ 4 farby<\/td>\n<\/tr>\n<tr>\n<td>Proporcion\u00e1lny vyh\u013ead\u00e1va\u010d rozsahu<\/td>\n<td>\u00c1no<\/td>\n<\/tr>\n<tr>\n<td>Fotografovanie\/videoz\u00e1znam<\/td>\n<td>\u00c1no<\/td>\n<\/tr>\n<tr>\n<td>Intern\u00e1 pam\u00e4\u0165<\/td>\n<td>32 GB<\/td>\n<\/tr>\n<tr>\n<td>Wi-Fi<\/td>\n<td>\u00c1no<\/td>\n<\/tr>\n<tr>\n<td>Dioptrick\u00e1 korekcia<\/td>\n<td>medzi -5 a +5<\/td>\n<\/tr>\n<tr>\n<td>Maxim\u00e1lny sp\u00e4tn\u00fd r\u00e1z<\/td>\n<td>1000 g\/s\u00b2<\/td>\n<\/tr>\n<tr>\n<td>Bat\u00e9ria<\/td>\n<td>\n<div>\n<div>2 CR123 (3,0 V alebo 3,7 V)<\/div>\n<\/div>\n<\/td>\n<\/tr>\n<tr>\n<td>V\u00fddr\u017e bat\u00e9rie<\/td>\n<td>\n<div>\n<div>A\u017e 3,5 hodiny (v z\u00e1vislosti od podmienok prostredia a funk\u010dn\u00e9ho pou\u017eitia)<\/div>\n<\/div>\n<\/td>\n<\/tr>\n<tr>\n<td>Prev\u00e1dzkov\u00e1 teplota<\/td>\n<td>-10 \u00b0C - +50 \u00b0C<\/td>\n<\/tr>\n<tr>\n<td>Odolnos\u0165 vo\u010di vode<\/td>\n<td>IP67<\/td>\n<\/tr>\n<tr>\n<td>Ve\u013ekos\u0165<\/td>\n<td>\n<div>\n<div>195 \u00d7 61 \u00d7 61 mm<\/div>\n<\/div>\n<\/td>\n<\/tr>\n<tr>\n<td>Hmotnos\u0165 (bez bat\u00e9rie)<\/td>\n<td>&lt; 450 g<\/td>\n<\/tr>\n<tr>\n<td>Z\u00e1ruka<\/td>\n<td>36 mesiacov<\/td>\n<\/tr>\n<\/tbody>\n<\/table>\n<p>Obsah balenia:<\/p>\n<ul>\n<li>Night Pearl FOX 35 MAX III<\/li>\n<li>Ochrann\u00e9 textiln\u00e9 puzdro<\/li>\n<li>Mini k\u00e1bel USB<\/li>\n<li>Video k\u00e1bel<\/li>\n<li>Mont\u00e1\u017e na ko\u013eajnicu Weaver<\/li>\n<li>2 bat\u00e9rie CR123 3V<\/li>\n<li>Pou\u017e\u00edvate\u013esk\u00e1 pr\u00edru\u010dka<\/li>\n<\/ul>","protected":false},"excerpt":{"rendered":"<p>Termov\u00edzny zameriava\u010d najvy\u0161\u0161ej kvality: \u013eahk\u00fd, s puzdrom odoln\u00fdm vo\u010di sp\u00e4tn\u00e9mu r\u00e1zu, senzorom VOx a jednoduchou manipul\u00e1ciou. 35 mm objekt\u00edv, sn\u00edma\u010d 640 \u00d7 512 px, 12 \u03bcm, Wi-Fi a \u010fal\u0161ie! Detekcia do 1800 m, 3 roky z\u00e1ruka!<\/p>","protected":false},"featured_media":5012,"comment_status":"open","ping_status":"closed","template":"","meta":[],"product_brand":[],"product_cat":[45,48],"product_tag":[296,18,50,256],"class_list":{"0":"post-5013","1":"product","2":"type-product","3":"status-publish","4":"has-post-thumbnail","6":"product_cat-hokamera","7":"product_cat-hokamera-keresotavcso","8":"product_tag-fox","9":"product_tag-hokamera","10":"product_tag-hokamera-keresotavcso","11":"product_tag-night-pearl","13":"first","14":"instock","15":"taxable","16":"shipping-taxable","17":"purchasable","18":"product-type-simple"},"jetpack_sharing_enabled":true,"_links":{"self":[{"href":"https:\/\/bestoptika.eu\/sk\/wp-json\/wp\/v2\/product\/5013","targetHints":{"allow":["GET"]}}],"collection":[{"href":"https:\/\/bestoptika.eu\/sk\/wp-json\/wp\/v2\/product"}],"about":[{"href":"https:\/\/bestoptika.eu\/sk\/wp-json\/wp\/v2\/types\/product"}],"replies":[{"embeddable":true,"href":"https:\/\/bestoptika.eu\/sk\/wp-json\/wp\/v2\/comments?post=5013"}],"wp:featuredmedia":[{"embeddable":true,"href":"https:\/\/bestoptika.eu\/sk\/wp-json\/wp\/v2\/media\/5012"}],"wp:attachment":[{"href":"https:\/\/bestoptika.eu\/sk\/wp-json\/wp\/v2\/media?parent=5013"}],"wp:term":[{"taxonomy":"product_brand","embeddable":true,"href":"https:\/\/bestoptika.eu\/sk\/wp-json\/wp\/v2\/product_brand?post=5013"},{"taxonomy":"product_cat","embeddable":true,"href":"https:\/\/bestoptika.eu\/sk\/wp-json\/wp\/v2\/product_cat?post=5013"},{"taxonomy":"product_tag","embeddable":true,"href":"https:\/\/bestoptika.eu\/sk\/wp-json\/wp\/v2\/product_tag?post=5013"}],"curies":[{"name":"wp","href":"https:\/\/api.w.org\/{rel}","templated":true}]}}