{"id":5017,"date":"2025-09-06T08:54:53","date_gmt":"2025-09-06T06:54:53","guid":{"rendered":"https:\/\/bestoptika.eu\/?post_type=product&#038;p=5017"},"modified":"2025-11-30T10:51:32","modified_gmt":"2025-11-30T09:51:32","slug":"night-pearl-scops-35-max-iv-hokamera","status":"publish","type":"product","link":"https:\/\/bestoptika.eu\/sk\/product\/night-pearl-scops-35-max-iv-hokamera\/","title":{"rendered":"Night Pearl SCOPS 35 MAX IV termov\u00edzny monokul\u00e1r"},"content":{"rendered":"<p><strong>Night Pearl SCOPS 35 MAX IV termov\u00edzny monokul\u00e1r<\/strong><\/p>\n<p>Night Pearl Scops 35 MAX IV je term\u00e1lny monokul\u00e1r ur\u010den\u00fd pre v\u0161etk\u00fdch lovcov, ktor\u00ed potrebuj\u00fa ve\u013emi vysok\u00fa kvalitu obrazu. Termov\u00edzny \u010falekoh\u013ead je vybaven\u00fd sn\u00edma\u010dom s rozl\u00ed\u0161en\u00edm 640 \u00d7 512 px a 35 mm zaostrovac\u00edm objekt\u00edvom, v\u010faka ktor\u00e9mu bude v\u00e1\u0161 lov dokonalej\u0161\u00ed a presnej\u0161\u00ed. Night Pearl Scops 35 MAX IV pon\u00faka \u0161irok\u00fd farebn\u00fd gamut obrazu, nov\u00fd 12 ohmov\u00fd sn\u00edma\u010d s technol\u00f3giou VOx, 2\u00d7\/4\u00d7 digit\u00e1lny zoom, dia\u013ekomer, re\u017eim sledovania vysokoteplotn\u00e9ho bodu a \u010fal\u0161ie ob\u013e\u00faben\u00e9 funkcie, ako je sn\u00edmanie obrazu, zdie\u013eanie videa a obrazu prostredn\u00edctvom Wi-Fi s priate\u013emi, re\u017eim PIP obraz v obraze at\u010f. Night Pearl Scops 35 MAX IV je najlep\u0161ou vo\u013ebou pre v\u0161etk\u00fdch lovcov, ktor\u00ed potrebuj\u00fa vidie\u0165 na ve\u013ek\u00e9 vzdialenosti.<\/p>\n<p>Vlastnosti:<\/p>\n<ul>\n<li>Odoln\u00e9 telo s kompaktn\u00fdmi rozmermi<\/li>\n<li>Intuit\u00edvne, jednoduch\u00e9 pou\u017e\u00edvanie<\/li>\n<li>Ve\u013emi dobr\u00e1 kvalita obrazu aj na ve\u013ek\u00e9 vzdialenosti<\/li>\n<li>35 mm zaostrovac\u00ed objekt\u00edv<\/li>\n<li>Sledovanie hor\u00facich bodov - sledovanie najvy\u0161\u0161ieho teplotn\u00e9ho bodu<\/li>\n<li>Laserov\u00e9 ukazovadlo (na vybran\u00fdch modeloch)<\/li>\n<li>Zabudovan\u00fd dia\u013ekomer<\/li>\n<li>Mo\u017enos\u0165 fotografovania a preberania vide\u00ed do po\u010d\u00edta\u010da\/notebooku<\/li>\n<li>\u0160irok\u00fd v\u00fdber re\u017eimov farebn\u00e9ho zobrazenia<\/li>\n<li>Video v\u00fdstup na zobrazenie pozorovan\u00e9ho obrazu na externom monitore<\/li>\n<li>Zdie\u013eanie obr\u00e1zkov cez Wi-Fi<\/li>\n<li>Pripojenie k mobiln\u00e9mu telef\u00f3nu prostredn\u00edctvom aplik\u00e1cie<\/li>\n<li>PIP - obraz v obraze s 2-n\u00e1sobn\u00fdm zv\u00e4\u010d\u0161en\u00edm<\/li>\n<li>Zabudovan\u00fd digit\u00e1lny kompas<\/li>\n<li>Sn\u00edma\u010d n\u00e1klonu<\/li>\n<li>Re\u017eim Ultraclear pre lep\u0161ie rozl\u00ed\u0161enie detailov aj v zl\u00fdch poveternostn\u00fdch podmienkach (d\u00e1\u017e\u010f, hmla at\u010f.)<\/li>\n<li>Nastavenie re\u017eimu bielej (tepl\u00e1 biela \/ studen\u00e1 biela)<\/li>\n<li>Nastavite\u013en\u00fd jas, kontrast a ostros\u0165<\/li>\n<li>Zabudovan\u00e1 bat\u00e9ria dob\u00edjate\u013en\u00e1 prostredn\u00edctvom powerbanky<\/li>\n<li>Nov\u00fd softv\u00e9r<\/li>\n<\/ul>\n<p>Z\u00e1kladn\u00e9 \u0161pecifik\u00e1cie:<\/p>\n<table dir=\"ltr\" style=\"width: 555px\" border=\"1\" cellspacing=\"0\" cellpadding=\"0\" data-sheets-root=\"1\" data-sheets-baot=\"1\">\n<colgroup>\n<col width=\"100\" \/>\n<col width=\"100\" \/><\/colgroup>\n<tbody>\n<tr>\n<td style=\"width: 195.211px\">Zv\u00e4\u010d\u0161i\u0165<\/td>\n<td style=\"width: 356.672px\">\n<div>\n<div>2x optick\u00fd; 2x, 4x digit\u00e1lny; PIP<\/div>\n<\/div>\n<\/td>\n<\/tr>\n<tr>\n<td style=\"width: 195.211px\">Rozl\u00ed\u0161enie sn\u00edma\u010da, typ<\/td>\n<td style=\"width: 356.672px\">\n<div>\n<div>640\u00d7512 px, keramick\u00fd VOx, 12 \u03bcm<\/div>\n<\/div>\n<\/td>\n<\/tr>\n<tr>\n<td style=\"width: 195.211px\">Citlivos\u0165 na teplo (NETD)<\/td>\n<td style=\"width: 356.672px\">&lt; 25 mK<\/td>\n<\/tr>\n<tr>\n<td style=\"width: 195.211px\">Priemer objekt\u00edvu<\/td>\n<td style=\"width: 356.672px\">35 mm<\/td>\n<\/tr>\n<tr>\n<td style=\"width: 195.211px\">Zaostrovanie objekt\u00edvu<\/td>\n<td style=\"width: 356.672px\">Manu\u00e1lne<\/td>\n<\/tr>\n<tr>\n<td style=\"width: 195.211px\">Zorn\u00e9 pole (stupne)<\/td>\n<td style=\"width: 356.672px\">12,5\u00b0 \u00d7 10,0\u00b0<\/td>\n<\/tr>\n<tr>\n<td style=\"width: 195.211px\">Zorn\u00e9 pole (m\/100 m)<\/td>\n<td style=\"width: 356.672px\">21,9 \u00d7 17,5 m<\/td>\n<\/tr>\n<tr>\n<td style=\"width: 195.211px\">Syst\u00e9m objekt\u00edvov<\/td>\n<td style=\"width: 356.672px\">F1:0<\/td>\n<\/tr>\n<tr>\n<td style=\"width: 195.211px\">Obnovovacia frekvencia obrazu<\/td>\n<td style=\"width: 356.672px\">\n<div>\n<div>50 Hz (PAL) \/ 60 Hz (NTSC)<\/div>\n<\/div>\n<\/td>\n<\/tr>\n<tr>\n<td style=\"width: 195.211px\">Typ displeja<\/td>\n<td style=\"width: 356.672px\">\n<div>\n<div>OLED, 1024\u00d7768 px<\/div>\n<\/div>\n<\/td>\n<\/tr>\n<tr>\n<td style=\"width: 195.211px\">Farebn\u00e1 paleta<\/td>\n<td style=\"width: 356.672px\">\n<div>\n<div>Tepl\u00e1 \u010dierna, tepl\u00e1 biela, tepl\u00e1 \u010derven\u00e1, re\u017eim farieb, re\u017eim zv\u00fdraznenia<\/div>\n<\/div>\n<\/td>\n<\/tr>\n<tr>\n<td style=\"width: 195.211px\">HotTrack<\/td>\n<td style=\"width: 356.672px\">\u00c1no<\/td>\n<\/tr>\n<tr>\n<td style=\"width: 195.211px\">Video v\u00fdstup pre extern\u00fd monitor<\/td>\n<td style=\"width: 356.672px\">\u00c1no<\/td>\n<\/tr>\n<tr>\n<td style=\"width: 195.211px\">Wi-Fi<\/td>\n<td style=\"width: 356.672px\">\u00c1no<\/td>\n<\/tr>\n<tr>\n<td style=\"width: 195.211px\">Kontakt cez aplik\u00e1ciu<\/td>\n<td style=\"width: 356.672px\">\u00c1no<\/td>\n<\/tr>\n<tr>\n<td style=\"width: 195.211px\">Intern\u00e1 pam\u00e4\u0165<\/td>\n<td style=\"width: 356.672px\">32 GB<\/td>\n<\/tr>\n<tr>\n<td style=\"width: 195.211px\">Nahr\u00e1vanie obr\u00e1zkov a vide\u00ed<\/td>\n<td style=\"width: 356.672px\">\u00c1no<\/td>\n<\/tr>\n<tr>\n<td style=\"width: 195.211px\">LED baterka<\/td>\n<td style=\"width: 356.672px\">\u017diadne<\/td>\n<\/tr>\n<tr>\n<td style=\"width: 195.211px\">PIP (obraz v obraze)<\/td>\n<td style=\"width: 356.672px\">\n<div>\n<div>\u00c1no (zv\u00e4\u010d\u0161enie 2x)<\/div>\n<\/div>\n<\/td>\n<\/tr>\n<tr>\n<td style=\"width: 195.211px\">Detek\u010dn\u00e1 vzdialenos\u0165<\/td>\n<td style=\"width: 356.672px\">\n<div>\n<div>1818 m (ve\u013ekos\u0165 cie\u013ea: 1,7 \u00d7 0,5 m, P(n) 99%)<\/div>\n<\/div>\n<\/td>\n<\/tr>\n<tr>\n<td style=\"width: 195.211px\">Odolnos\u0165 vo\u010di vode<\/td>\n<td style=\"width: 356.672px\">IP66<\/td>\n<\/tr>\n<tr>\n<td style=\"width: 195.211px\">Typ bat\u00e9rie<\/td>\n<td style=\"width: 356.672px\">\n<div>\n<div>Vstavan\u00fd akumul\u00e1tor Li-Ion 3,7 V, 3600 mAh<\/div>\n<\/div>\n<\/td>\n<\/tr>\n<tr>\n<td style=\"width: 195.211px\">V\u00fddr\u017e bat\u00e9rie<\/td>\n<td style=\"width: 356.672px\">\n<div>\n<div>A\u017e 6 hod\u00edn (v z\u00e1vislosti od klimatick\u00fdch podmienok a pou\u017e\u00edvania funkci\u00ed)<\/div>\n<\/div>\n<\/td>\n<\/tr>\n<tr>\n<td style=\"width: 195.211px\">Prev\u00e1dzkov\u00e1 teplota<\/td>\n<td style=\"width: 356.672px\">-10 \u00b0C \/ +50 \u00b0C<\/td>\n<\/tr>\n<tr>\n<td style=\"width: 195.211px\">Ve\u013ekos\u0165<\/td>\n<td style=\"width: 356.672px\">\n<div>\n<div>188 \u00d7 65 \u00d7 64 mm<\/div>\n<\/div>\n<\/td>\n<\/tr>\n<tr>\n<td style=\"width: 195.211px\">Hmotnos\u0165<\/td>\n<td style=\"width: 356.672px\">450 g<\/td>\n<\/tr>\n<tr>\n<td style=\"width: 195.211px\">Z\u00e1ruka<\/td>\n<td style=\"width: 356.672px\">36 mesiacov<\/td>\n<\/tr>\n<\/tbody>\n<\/table>\n<p>Balenie obsahuje Night Pearl Scops 35 MAX IV, pou\u017e\u00edvate\u013esk\u00fa pr\u00edru\u010dku, tenk\u00e9 ochrann\u00e9 puzdro, ochrann\u00e9 puzdro Night Pearl, nab\u00edja\u010dku, k\u00e1bel USB, video k\u00e1bel.<\/p>","protected":false},"excerpt":{"rendered":"<p>\u0160pi\u010dkov\u00e1 termokamera s 35 mm objekt\u00edvom a 12 \u03bcm sn\u00edma\u010dom s rozl\u00ed\u0161en\u00edm 640 \u00d7 512 px, ktor\u00fd poskytuje najlep\u0161iu kvalitu obrazu s presn\u00fdm zobrazen\u00edm detailov a mno\u017estvom praktick\u00fdch funkci\u00ed, ako je zabudovan\u00fd proporcion\u00e1lny dia\u013ekomer a pripojenie Wi-Fi.<\/p>","protected":false},"featured_media":5016,"comment_status":"open","ping_status":"closed","template":"","meta":[],"product_brand":[],"product_cat":[45],"product_tag":[18,256,292],"class_list":{"0":"post-5017","1":"product","2":"type-product","3":"status-publish","4":"has-post-thumbnail","6":"product_cat-hokamera","7":"product_tag-hokamera","8":"product_tag-night-pearl","9":"product_tag-scops","11":"first","12":"outofstock","13":"taxable","14":"shipping-taxable","15":"purchasable","16":"product-type-simple"},"jetpack_sharing_enabled":true,"_links":{"self":[{"href":"https:\/\/bestoptika.eu\/sk\/wp-json\/wp\/v2\/product\/5017","targetHints":{"allow":["GET"]}}],"collection":[{"href":"https:\/\/bestoptika.eu\/sk\/wp-json\/wp\/v2\/product"}],"about":[{"href":"https:\/\/bestoptika.eu\/sk\/wp-json\/wp\/v2\/types\/product"}],"replies":[{"embeddable":true,"href":"https:\/\/bestoptika.eu\/sk\/wp-json\/wp\/v2\/comments?post=5017"}],"wp:featuredmedia":[{"embeddable":true,"href":"https:\/\/bestoptika.eu\/sk\/wp-json\/wp\/v2\/media\/5016"}],"wp:attachment":[{"href":"https:\/\/bestoptika.eu\/sk\/wp-json\/wp\/v2\/media?parent=5017"}],"wp:term":[{"taxonomy":"product_brand","embeddable":true,"href":"https:\/\/bestoptika.eu\/sk\/wp-json\/wp\/v2\/product_brand?post=5017"},{"taxonomy":"product_cat","embeddable":true,"href":"https:\/\/bestoptika.eu\/sk\/wp-json\/wp\/v2\/product_cat?post=5017"},{"taxonomy":"product_tag","embeddable":true,"href":"https:\/\/bestoptika.eu\/sk\/wp-json\/wp\/v2\/product_tag?post=5017"}],"curies":[{"name":"wp","href":"https:\/\/api.w.org\/{rel}","templated":true}]}}